{"id":264,"date":"2026-02-26T18:44:00","date_gmt":"2026-02-26T10:44:00","guid":{"rendered":"https:\/\/www.kurzvape.de\/?page_id=264"},"modified":"2026-02-26T18:44:02","modified_gmt":"2026-02-26T10:44:02","slug":"ueber-uns","status":"publish","type":"page","link":"https:\/\/www.kurzvape.de\/es\/ueber-uns\/","title":{"rendered":"Qui\u00e9nes somos"},"content":{"rendered":"<h1 class=\"wp-block-heading\">Qui\u00e9nes somos<\/h1>\n\n\n\n<p>Bienvenido a kurzvape, su socio de confianza para cigarrillos electr\u00f3nicos desechables de primera calidad. Nuestra marca es sin\u00f3nimo de calidad de primera clase, desarrollo continuo y una experiencia de vapeo inigualable. En kurzvape, nos comprometemos a combinar la m\u00e1s alta calidad de producto con la tecnolog\u00eda m\u00e1s avanzada para ofrecerle una experiencia de sabor excepcional.<\/p>\n\n\n\n<p>Nuestra gama incluye una cuidada selecci\u00f3n de marcas l\u00edderes de cigarrillos electr\u00f3nicos, incluyendo Fumot\/Randm Tornado, Bang Vape, JNR Vape, Vapme Vape, Elf Box Vape, AL FAKHER VAPE, UWIN VAPE, Waspe Vape y Vozol Vape. Nuestros clientes se benefician de atractivas condiciones de venta al por mayor. Todos los productos que ofrecemos son art\u00edculos originales certificados, para una m\u00e1xima garant\u00eda de calidad y una experiencia de compra sin preocupaciones. Tanto si es un minorista como un comprador al por mayor: kurzvape es el socio en el que puede confiar.<\/p>\n\n\n\n<p>Nuestro \u00e9xito se basa en un profundo conocimiento de las expectativas y deseos de nuestros clientes y en una voluntad constante de seguir desarroll\u00e1ndonos. Nuestros equipos de investigaci\u00f3n y desarrollo trabajan constantemente para dise\u00f1ar productos que cumplan los requisitos de calidad y seguridad m\u00e1s estrictos. Nos tomamos muy en serio las opiniones de nuestros clientes: son la base sobre la que perfeccionamos constantemente nuestra gama y la adaptamos a las necesidades cambiantes del mercado.<\/p>\n\n\n\n<p>kurzvape se ve a s\u00ed mismo como algo m\u00e1s que un fabricante de dispositivos de vapeo - estamos a favor de una experiencia de vapeo hol\u00edstica. Nuestros vaporizadores desechables han sido desarrollados con sumo cuidado para garantizarle un disfrute al m\u00e1s alto nivel. Ya sean refrescantes sabores frutales o notas cl\u00e1sicas de tabaco, en nuestra vers\u00e1til gama encontrar\u00e1 el producto adecuado que no s\u00f3lo satisfar\u00e1 sus expectativas, sino que las superar\u00e1.<\/p>\n\n\n\n<p>Nuestros est\u00e1ndares de calidad tambi\u00e9n se reflejan en nuestras vanguardistas instalaciones de producci\u00f3n, donde todos los vapeadores cortos se fabrican con la m\u00e1xima precisi\u00f3n y esmero. La sostenibilidad y un enfoque responsable con el medio ambiente no son cuestiones marginales para nosotros: nuestros vapeadores desechables est\u00e1n dise\u00f1ados para ser respetuosos con el medio ambiente y cumplir las normas actuales de protecci\u00f3n medioambiental.<\/p>\n\n\n\n<p>Valoramos su confianza en kurzvape y esperamos acompa\u00f1arle en su viaje personal de vapeo. Descubra el mundo de kurzvape, donde la calidad, el progreso y las experiencias de sabor inolvidables forman una unidad.<\/p>\n\n\n\n<p>Su equipo kurzvape E-Mail: kurzvape@proton.me<\/p>","protected":false},"excerpt":{"rendered":"<p>\u00dcber uns Herzlich willkommen bei kurzvape \u2013 Ihrem vertrauensw\u00fcrdigen Ansprechpartner rund um Premium-Einweg-E-Zigaretten. Unsere Marke steht f\u00fcr erstklassige Qualit\u00e4t, kontinuierliche Weiterentwicklung und ein Dampferlebnis, das seinesgleichen sucht. Bei kurzvape haben wir uns dem Ziel verschrieben, h\u00f6chste Produktqualit\u00e4t mit modernster Technologie zu vereinen und Ihnen damit ein au\u00dfergew\u00f6hnliches Geschmackserlebnis zu bieten. Unser Sortiment umfasst eine sorgf\u00e4ltig [&#8230;]\n","protected":false},"author":1,"featured_media":0,"parent":0,"menu_order":0,"comment_status":"closed","ping_status":"closed","template":"","meta":{"_acf_changed":false,"footnotes":""},"class_list":["post-264","page","type-page","status-publish","hentry"],"acf":[],"_links":{"self":[{"href":"https:\/\/www.kurzvape.de\/es\/wp-json\/wp\/v2\/pages\/264","targetHints":{"allow":["GET"]}}],"collection":[{"href":"https:\/\/www.kurzvape.de\/es\/wp-json\/wp\/v2\/pages"}],"about":[{"href":"https:\/\/www.kurzvape.de\/es\/wp-json\/wp\/v2\/types\/page"}],"author":[{"embeddable":true,"href":"https:\/\/www.kurzvape.de\/es\/wp-json\/wp\/v2\/users\/1"}],"replies":[{"embeddable":true,"href":"https:\/\/www.kurzvape.de\/es\/wp-json\/wp\/v2\/comments?post=264"}],"version-history":[{"count":0,"href":"https:\/\/www.kurzvape.de\/es\/wp-json\/wp\/v2\/pages\/264\/revisions"}],"wp:attachment":[{"href":"https:\/\/www.kurzvape.de\/es\/wp-json\/wp\/v2\/media?parent=264"}],"curies":[{"name":"wp","href":"https:\/\/api.w.org\/{rel}","templated":true}]}}