{"id":266,"date":"2026-02-26T18:47:44","date_gmt":"2026-02-26T10:47:44","guid":{"rendered":"https:\/\/www.kurzvape.de\/?page_id=266"},"modified":"2026-02-26T18:47:46","modified_gmt":"2026-02-26T10:47:46","slug":"versand-und-lieferung","status":"publish","type":"page","link":"https:\/\/www.kurzvape.de\/es\/versand-und-lieferung\/","title":{"rendered":"Env\u00edo y entrega"},"content":{"rendered":"<h1 class=\"wp-block-heading\">Env\u00edo y entrega - kurzvape<\/h1>\n\n\n\n<p><strong>Tiempo de tramitaci\u00f3n y env\u00edo del pedido:<\/strong> Los pedidos recibidos se tramitan y env\u00edan en un plazo de 1 a 3 d\u00edas laborables. El plazo de entrega estimado es de 10 a 15 d\u00edas laborables. Los s\u00e1bados y domingos no se realizan env\u00edos.<\/p>\n\n\n\n<p><strong>Seguimiento de paquetes:<\/strong> En cuanto se haya enviado su pedido, le enviaremos un correo electr\u00f3nico con los datos de seguimiento correspondientes. Tenga en cuenta que la informaci\u00f3n de seguimiento puede tardar de 1 a 2 d\u00edas en actualizarse en el sitio web de seguimiento correspondiente.<\/p>\n\n\n\n<p><strong>Cancelaciones y cambios de direcci\u00f3n:<\/strong> Mientras su pedido no haya sido enviado, puede anularlo en cualquier momento o cambiar la direcci\u00f3n de entrega. Una vez enviado el pedido, no se admitir\u00e1n devoluciones ni cambios de direcci\u00f3n posteriores.<\/p>\n\n\n\n<p><strong>Env\u00edo DDP (derechos de entrega pagados):<\/strong> Ofrecemos env\u00edos DDP para varios pa\u00edses. Para usted, esto significa: sin despacho de aduanas independiente, sin incurrir en derechos de importaci\u00f3n. Las siguientes regiones se suministran de esta forma:<\/p>\n\n\n\n<ul class=\"wp-block-list\">\n<li><strong>Gran Breta\u00f1a:<\/strong> Local DPD Express - plazo de entrega 7-12 d\u00edas<\/li>\n\n\n\n<li><strong>Europa:<\/strong> UPS \/ DPD \/ DHL Express - plazo de entrega 10-15 d\u00edas<\/li>\n<\/ul>\n\n\n\n<p><strong>Pa\u00edses europeos con env\u00edo DDP:<\/strong> Alemania, B\u00e9lgica, Luxemburgo, Pa\u00edses Bajos, Rep\u00fablica Checa, Polonia, Croacia, Eslovaquia, Eslovenia, Finlandia, Dinamarca, Suecia, Austria, Francia, Italia, Hungr\u00eda, Bulgaria, Lituania, Estonia, Letonia, Grecia, Irlanda, Portugal y Espa\u00f1a.<\/p>\n\n\n\n<p>El plazo de entrega real depende del pa\u00eds de destino y del m\u00e9todo de env\u00edo seleccionado. Se aplica un plazo de entrega est\u00e1ndar de 8 a 13 d\u00edas a todos los pa\u00edses europeos de la lista.<\/p>","protected":false},"excerpt":{"rendered":"<p>Versand und Lieferung \u2013 kurzvape Auftragsbearbeitung und Versanddauer: Eingegangene Bestellungen werden innerhalb von 1 bis 3 Werktagen bearbeitet und auf den Weg gebracht. Die voraussichtliche Zustelldauer liegt bei 10 bis 15 Werktagen. An Samstagen und Sonntagen findet kein Versand statt. Paketnachverfolgung: Sobald Ihre Bestellung versandt wurde, schicken wir Ihnen eine E-Mail mit den entsprechenden Tracking-Daten [&#8230;]\n","protected":false},"author":1,"featured_media":0,"parent":0,"menu_order":0,"comment_status":"closed","ping_status":"closed","template":"","meta":{"_acf_changed":false,"footnotes":""},"class_list":["post-266","page","type-page","status-publish","hentry"],"acf":[],"_links":{"self":[{"href":"https:\/\/www.kurzvape.de\/es\/wp-json\/wp\/v2\/pages\/266","targetHints":{"allow":["GET"]}}],"collection":[{"href":"https:\/\/www.kurzvape.de\/es\/wp-json\/wp\/v2\/pages"}],"about":[{"href":"https:\/\/www.kurzvape.de\/es\/wp-json\/wp\/v2\/types\/page"}],"author":[{"embeddable":true,"href":"https:\/\/www.kurzvape.de\/es\/wp-json\/wp\/v2\/users\/1"}],"replies":[{"embeddable":true,"href":"https:\/\/www.kurzvape.de\/es\/wp-json\/wp\/v2\/comments?post=266"}],"version-history":[{"count":0,"href":"https:\/\/www.kurzvape.de\/es\/wp-json\/wp\/v2\/pages\/266\/revisions"}],"wp:attachment":[{"href":"https:\/\/www.kurzvape.de\/es\/wp-json\/wp\/v2\/media?parent=266"}],"curies":[{"name":"wp","href":"https:\/\/api.w.org\/{rel}","templated":true}]}}