{"id":271,"date":"2026-02-26T18:54:24","date_gmt":"2026-02-26T10:54:24","guid":{"rendered":"https:\/\/www.kurzvape.de\/?page_id=271"},"modified":"2026-02-26T18:54:25","modified_gmt":"2026-02-26T10:54:25","slug":"datenschutzerklaerung","status":"publish","type":"page","link":"https:\/\/www.kurzvape.de\/es\/datenschutzerklaerung\/","title":{"rendered":"Pol\u00edtica de privacidad"},"content":{"rendered":"<h1 class=\"wp-block-heading\">Pol\u00edtica de privacidad - kurzvape<\/h1>\n\n\n\n<p>El tratamiento responsable de sus datos personales es muy importante para kurzvape. En esta pol\u00edtica de privacidad, explicamos de forma transparente qu\u00e9 datos recopilamos cuando utiliza nuestro sitio web, con qu\u00e9 fin los utilizamos y c\u00f3mo garantizamos su protecci\u00f3n.<\/p>\n\n\n\n<h2 class=\"wp-block-heading\">Recogida de datos<\/h2>\n\n\n\n<p>Cuando visita nuestro sitio web, es posible que se recopilen y almacenen diversos tipos de informaci\u00f3n:<\/p>\n\n\n\n<ul class=\"wp-block-list\">\n<li>Datos personales como nombre, direcci\u00f3n de correo electr\u00f3nico y otros datos de contacto que nos proporcione en el curso de un pedido o consulta<\/li>\n\n\n\n<li>Datos t\u00e9cnicos de uso e informaci\u00f3n del dispositivo recopilados mediante el uso de cookies y tecnolog\u00edas similares<\/li>\n\n\n\n<li>Otra informaci\u00f3n que nos facilite voluntariamente<\/li>\n<\/ul>\n\n\n\n<h2 class=\"wp-block-heading\">Finalidad del uso de los datos<\/h2>\n\n\n\n<p>Los datos que recopilamos se utilizan exclusivamente para los siguientes fines:<\/p>\n\n\n\n<ul class=\"wp-block-list\">\n<li>Tramitaci\u00f3n y cumplimiento de los pedidos recibidos a trav\u00e9s de nuestro sitio web<\/li>\n\n\n\n<li>Comunicaci\u00f3n con usted en relaci\u00f3n con pedidos, consultas de clientes y ofertas especiales<\/li>\n\n\n\n<li>Seguir desarrollando y optimizando nuestro sitio web y nuestros servicios en funci\u00f3n de su comportamiento como usuario y de sus comentarios.<\/li>\n\n\n\n<li>Garantizar la seguridad de nuestro sitio web y evitar actividades abusivas<\/li>\n<\/ul>\n\n\n\n<h2 class=\"wp-block-heading\">Divulgaci\u00f3n a terceros<\/h2>\n\n\n\n<p>Sus datos personales no se transmitir\u00e1n a terceros sin su consentimiento expreso. S\u00f3lo se aplicar\u00e1n excepciones cuando sea absolutamente necesario para satisfacer su solicitud -por ejemplo, a proveedores de servicios de env\u00edo- o cuando exista una obligaci\u00f3n legal de transmitir los datos. Sus datos no se vender\u00e1n en ning\u00fan momento.<\/p>\n\n\n\n<h2 class=\"wp-block-heading\">Medidas de seguridad de los datos<\/h2>\n\n\n\n<p>Para proteger sus datos almacenados, nos basamos en un concepto de seguridad multinivel que incluye el cifrado de datos, la tecnolog\u00eda SSL (Secure Socket Layer) y controles de seguridad peri\u00f3dicos.<\/p>\n\n\n\n<h2 class=\"wp-block-heading\">Sus derechos como interesado<\/h2>\n\n\n\n<p>Usted tiene derecho a obtener en cualquier momento informaci\u00f3n sobre sus datos personales almacenados por nosotros, a corregirlos o a eliminarlos por completo. Tambi\u00e9n puede oponerse en cualquier momento a que le enviemos comunicaciones comerciales.<\/p>\n\n\n\n<h2 class=\"wp-block-heading\">Modificaciones de esta declaraci\u00f3n<\/h2>\n\n\n\n<p>Esta pol\u00edtica de privacidad se actualizar\u00e1 cuando sea necesario para reflejar cambios en las pr\u00e1cticas de tratamiento o nuevos requisitos legales. Le recomendamos que visite esta p\u00e1gina con regularidad para estar siempre informado de la situaci\u00f3n actual.<\/p>\n\n\n\n<p>Al utilizar nuestro sitio web, usted acepta los principios descritos en esta pol\u00edtica de privacidad. Si tiene alguna pregunta o comentario sobre nuestro tratamiento de los datos personales, no dude en ponerse en contacto con nosotros en kurzvape@proton.me.<\/p>\n\n\n\n<p>Le agradecemos su confianza y esperamos poder darle la bienvenida como cliente de kurzvape para cigarrillos electr\u00f3nicos desechables.<\/p>","protected":false},"excerpt":{"rendered":"<p>Datenschutzerkl\u00e4rung \u2013 kurzvape Der verantwortungsvolle Umgang mit Ihren pers\u00f6nlichen Daten hat bei kurzvape einen sehr hohen Stellenwert. In dieser Datenschutzerkl\u00e4rung erl\u00e4utern wir transparent, welche Daten wir im Rahmen der Nutzung unserer Website erfassen, zu welchem Zweck wir sie einsetzen und wie wir deren Schutz sicherstellen. Erhebung von Daten Beim Besuch unserer Website k\u00f6nnen verschiedene Arten [&#8230;]\n","protected":false},"author":1,"featured_media":0,"parent":0,"menu_order":0,"comment_status":"closed","ping_status":"closed","template":"","meta":{"_acf_changed":false,"footnotes":""},"class_list":["post-271","page","type-page","status-publish","hentry"],"acf":[],"_links":{"self":[{"href":"https:\/\/www.kurzvape.de\/es\/wp-json\/wp\/v2\/pages\/271","targetHints":{"allow":["GET"]}}],"collection":[{"href":"https:\/\/www.kurzvape.de\/es\/wp-json\/wp\/v2\/pages"}],"about":[{"href":"https:\/\/www.kurzvape.de\/es\/wp-json\/wp\/v2\/types\/page"}],"author":[{"embeddable":true,"href":"https:\/\/www.kurzvape.de\/es\/wp-json\/wp\/v2\/users\/1"}],"replies":[{"embeddable":true,"href":"https:\/\/www.kurzvape.de\/es\/wp-json\/wp\/v2\/comments?post=271"}],"version-history":[{"count":0,"href":"https:\/\/www.kurzvape.de\/es\/wp-json\/wp\/v2\/pages\/271\/revisions"}],"wp:attachment":[{"href":"https:\/\/www.kurzvape.de\/es\/wp-json\/wp\/v2\/media?parent=271"}],"curies":[{"name":"wp","href":"https:\/\/api.w.org\/{rel}","templated":true}]}}