{"id":273,"date":"2026-02-26T18:59:12","date_gmt":"2026-02-26T10:59:12","guid":{"rendered":"https:\/\/www.kurzvape.de\/?page_id=273"},"modified":"2026-02-26T18:59:14","modified_gmt":"2026-02-26T10:59:14","slug":"nutzungsbedingungen","status":"publish","type":"page","link":"https:\/\/www.kurzvape.de\/es\/nutzungsbedingungen\/","title":{"rendered":"Condiciones de uso"},"content":{"rendered":"<h1 class=\"wp-block-heading\">Condiciones de uso - kurzvape<\/h1>\n\n\n\n<p>\u00a1Bienvenido a kurzvape! Antes de utilizar nuestro sitio web, lea atentamente estas condiciones. Al acceder y utilizar nuestro sitio web, acepta cumplir las siguientes normas y todas las disposiciones legales aplicables. Si no est\u00e1 de acuerdo con estos t\u00e9rminos y condiciones, abst\u00e9ngase de utilizar nuestro sitio web. Al completar una compra, usted acepta quedar vinculado por estos t\u00e9rminos y condiciones junto con nuestras pol\u00edticas de env\u00edo, devoluciones y garant\u00eda.<\/p>\n\n\n\n<h2 class=\"wp-block-heading\">Pedidos internacionales<\/h2>\n\n\n\n<p>kurzvape opera en todo el mundo con sede en Hong Kong. Los clientes que residen fuera de Hong Kong se clasifican como compradores internacionales. Le recomendamos que compruebe la normativa de su pa\u00eds relativa a la posesi\u00f3n, importaci\u00f3n y uso de productos vaporizadores antes de realizar un pedido. T\u00e9rminos y condiciones adicionales pueden aplicarse a ciertos pa\u00edses y se detallan en nuestra Pol\u00edtica de Env\u00edos, Devoluciones y Garant\u00eda.<\/p>\n\n\n\n<h2 class=\"wp-block-heading\">Copyright<\/h2>\n\n\n\n<p>Todos los contenidos de este sitio web -incluidos textos, gr\u00e1ficos y c\u00f3digo de programa- son obra colectiva protegida por derechos de autor de kurzvape. Copyright 2022, kurzvape. Todos los derechos reservados. La copia electr\u00f3nica o impresi\u00f3n de partes del sitio web s\u00f3lo est\u00e1 permitida con el fin de realizar un pedido o comprar productos de kurzvape. Cualquier otro uso - incluyendo la reproducci\u00f3n, distribuci\u00f3n o transmisi\u00f3n del contenido - est\u00e1 prohibido sin el permiso expreso por escrito de kurzvape Inc.<\/p>\n\n\n\n<h2 class=\"wp-block-heading\">Derechos de marca<\/h2>\n\n\n\n<p>Todas las marcas comerciales, marcas de servicio y nombres comerciales que aparecen en este sitio web son propiedad exclusiva de kurzvape.<\/p>\n\n\n\n<h2 class=\"wp-block-heading\">Exclusi\u00f3n de responsabilidad por garant\u00edas<\/h2>\n\n\n\n<p>Nuestro sitio web y todos los materiales y productos ofrecidos en \u00e9l se proporcionan \"tal cual\", sin garant\u00eda de ning\u00fan tipo, ni expresa ni impl\u00edcita. kurzvape rechaza expresamente todas las garant\u00edas, incluidas, entre otras, las garant\u00edas impl\u00edcitas de comerciabilidad, idoneidad para un fin determinado y no infracci\u00f3n. No garantizamos que las funciones contenidas en el sitio web sean ininterrumpidas o est\u00e9n libres de errores, que los defectos sean corregidos o que el sitio web est\u00e9 libre de virus u otros componentes da\u00f1inos. Del mismo modo, no se garantiza la exactitud, integridad o fiabilidad de la informaci\u00f3n facilitada.<\/p>\n\n\n\n<h2 class=\"wp-block-heading\">Limitaci\u00f3n de responsabilidad<\/h2>\n\n\n\n<p>kurzvape no ser\u00e1 responsable de ning\u00fan da\u00f1o especial o consecuente que resulte del uso o de la incapacidad de usar los materiales o productos disponibles en este sitio web, incluso si se avisa de la posibilidad de tales da\u00f1os. Algunas jurisdicciones no permiten la exclusi\u00f3n o limitaci\u00f3n de responsabilidad por da\u00f1os consecuenciales o incidentales, por lo que es posible que la limitaci\u00f3n anterior no se aplique en su caso.<\/p>\n\n\n\n<h2 class=\"wp-block-heading\">Terminaci\u00f3n<\/h2>\n\n\n\n<p>Estos t\u00e9rminos y condiciones se aplican a todos los usuarios que visiten, se registren o compren en el sitio web. kurzvape se reserva el derecho de rescindir estos t\u00e9rminos y condiciones en su totalidad o en parte en cualquier momento y sin previo aviso. Las disposiciones sobre derechos de autor, derechos de marca, exclusi\u00f3n de garant\u00edas, limitaci\u00f3n de responsabilidad, indemnizaci\u00f3n y las dem\u00e1s disposiciones generales no se ver\u00e1n afectadas por dicha rescisi\u00f3n y mantendr\u00e1n su validez.<\/p>\n\n\n\n<h2 class=\"wp-block-heading\">Notificaciones<\/h2>\n\n\n\n<p>kurzvape est\u00e1 autorizada a enviarle notificaciones por correo electr\u00f3nico, mediante anuncios generales en el sitio web o a trav\u00e9s de otros canales de comunicaci\u00f3n fiables utilizando los datos de contacto que nos ha facilitado.<\/p>\n\n\n\n<h2 class=\"wp-block-heading\">Disposiciones generales<\/h2>\n\n\n\n<p>Las presentes Condiciones se regir\u00e1n por la legislaci\u00f3n de Hong Kong, con exclusi\u00f3n de sus disposiciones en materia de conflicto de leyes. Todos los litigios derivados de las presentes Condiciones se someter\u00e1n a los tribunales competentes de Hong Kong. Las reclamaciones deber\u00e1n presentarse ante los tribunales en el plazo de un a\u00f1o desde su devengo. La renuncia por parte de kurzvape a su derecho a hacer cumplir cualquier disposici\u00f3n de estos T\u00e9rminos no constituir\u00e1 una renuncia continuada. kurzvape podr\u00e1 ceder sus derechos y obligaciones en virtud de estos T\u00e9rminos a cualquier tercero sin previo aviso.<\/p>\n\n\n\n<h2 class=\"wp-block-heading\">Uso del sitio web<\/h2>\n\n\n\n<p>El acoso o comportamiento inapropiado hacia otros usuarios est\u00e1 expresamente prohibido en nuestro sitio web. Los usuarios no est\u00e1n autorizados a subir contenidos ofensivos ni a publicitar servicios comerciales de terceros en la plataforma. kurzvape se reserva el derecho a bloquear o eliminar contenidos que infrinjan estas condiciones.<\/p>\n\n\n\n<h2 class=\"wp-block-heading\">Descargo de responsabilidad sobre los contenidos generados por los usuarios<\/h2>\n\n\n\n<p>kurzvape no asume responsabilidad alguna por los contenidos generados por los usuarios que aparezcan en el sitio web. En este contexto, nos limitamos a actuar como plataforma de difusi\u00f3n y nos reservamos el derecho a eliminar contenidos inapropiados seg\u00fan nuestro propio criterio.<\/p>\n\n\n\n<h2 class=\"wp-block-heading\">Utilizaci\u00f3n de los productos<\/h2>\n\n\n\n<p>kurzvape no hace ninguna afirmaci\u00f3n sobre la eficacia de sus productos para aplicaciones espec\u00edficas. El uso de todos los productos corre exclusivamente por cuenta y riesgo del comprador. Los productos que contienen nicotina est\u00e1n destinados exclusivamente a adultos. Antes de utilizar productos que contengan nicotina, se recomienda consultar a un m\u00e9dico.<\/p>\n\n\n\n<h2 class=\"wp-block-heading\">Exenci\u00f3n<\/h2>\n\n\n\n<p>Al utilizar nuestro sitio web, usted acepta indemnizar a kurzvape y a sus proveedores de servicios por todas las p\u00e9rdidas, da\u00f1os, costes y gastos derivados de cualquier incumplimiento de estas condiciones de uso o actividades relacionadas a trav\u00e9s de su cuenta de usuario.<\/p>\n\n\n\n<h2 class=\"wp-block-heading\">Referencias a terceros proveedores<\/h2>\n\n\n\n<p>Para mejorar la experiencia del usuario, kurzvape puede proporcionar enlaces a sitios web externos. Estos sitios no est\u00e1n bajo el control de kurzvape; por lo tanto, no aceptamos ninguna responsabilidad por su contenido o pr\u00e1cticas.<\/p>\n\n\n\n<h2 class=\"wp-block-heading\">Exclusiones relacionadas con el producto<\/h2>\n\n\n\n<p>Determinados productos pueden estar sujetos a exclusiones espec\u00edficas en cuanto a la posibilidad de devoluci\u00f3n o cambio. Le recomendamos que revise detenidamente todas las restricciones espec\u00edficas del producto antes de la compra. Al aceptar estos T\u00e9rminos y Condiciones en el momento de la compra, reconoce haber le\u00eddo y comprendido todas las exclusiones aplicables a su compra.<\/p>\n\n\n\n<p>\u00a1Gracias por confiar en kurzvape!<\/p>","protected":false},"excerpt":{"rendered":"<p>Nutzungsbedingungen \u2013 kurzvape Herzlich willkommen bei kurzvape! Bevor Sie unsere Website in Anspruch nehmen, bitten wir Sie, diese Allgemeinen Gesch\u00e4ftsbedingungen aufmerksam zu lesen. Indem Sie auf unsere Website zugreifen und sie nutzen, erkl\u00e4ren Sie sich damit einverstanden, die nachfolgenden Regelungen sowie alle anwendbaren gesetzlichen Bestimmungen zu befolgen. Sollten Sie mit diesen Bedingungen nicht einverstanden sein, [&#8230;]\n","protected":false},"author":1,"featured_media":0,"parent":0,"menu_order":0,"comment_status":"closed","ping_status":"closed","template":"","meta":{"_acf_changed":false,"footnotes":""},"class_list":["post-273","page","type-page","status-publish","hentry"],"acf":[],"_links":{"self":[{"href":"https:\/\/www.kurzvape.de\/es\/wp-json\/wp\/v2\/pages\/273","targetHints":{"allow":["GET"]}}],"collection":[{"href":"https:\/\/www.kurzvape.de\/es\/wp-json\/wp\/v2\/pages"}],"about":[{"href":"https:\/\/www.kurzvape.de\/es\/wp-json\/wp\/v2\/types\/page"}],"author":[{"embeddable":true,"href":"https:\/\/www.kurzvape.de\/es\/wp-json\/wp\/v2\/users\/1"}],"replies":[{"embeddable":true,"href":"https:\/\/www.kurzvape.de\/es\/wp-json\/wp\/v2\/comments?post=273"}],"version-history":[{"count":0,"href":"https:\/\/www.kurzvape.de\/es\/wp-json\/wp\/v2\/pages\/273\/revisions"}],"wp:attachment":[{"href":"https:\/\/www.kurzvape.de\/es\/wp-json\/wp\/v2\/media?parent=273"}],"curies":[{"name":"wp","href":"https:\/\/api.w.org\/{rel}","templated":true}]}}