{"id":1146,"date":"2026-03-11T00:51:30","date_gmt":"2026-03-10T16:51:30","guid":{"rendered":"https:\/\/www.kurzvape.de\/?post_type=product&#038;p=1146"},"modified":"2026-03-11T00:51:30","modified_gmt":"2026-03-10T16:51:30","slug":"fumot-tornado-20000-mr-blue","status":"publish","type":"product","link":"https:\/\/www.kurzvape.de\/es\/product\/fumot-tornado-20000-mr-blue\/","title":{"rendered":"Fumot Tornado 20000 Mr Azul"},"content":{"rendered":"<h2><strong>Vapeador desechable Fumot Tornado 20000 Mr Blue<\/strong><\/h2>\n<p>Mr Blue es un sabor con un car\u00e1cter inconfundible y un aura misteriosa. La fresca combinaci\u00f3n de sabor a bayas frescas se despliega con una elegante ligereza al vapear: \u00e1cido, refrescante y con una suave profundidad dulce que convierte la experiencia de vapeo en algo muy especial y realza cada calada con un toque de frescor.<\/p>\n<h2><strong>Fumot Tornado 20000 - Vapeador del futuro con pantalla inteligente y doble bobina de malla<\/strong><\/h2>\n<p>El Fumot Tornado 20000 contin\u00faa la impresionante historia de \u00e9xito de la serie RandM Tornado con un salto innovador en el rendimiento. Excelencia t\u00e9cnica, dise\u00f1o intuitivo y una gu\u00eda de usuario bien pensada hacen de este dispositivo la primera elecci\u00f3n, tanto para vapeadores experimentados como para cualquiera que se inicie en el mundo de los cigarrillos electr\u00f3nicos.<\/p>\n<p>Con un volumen de l\u00edquido de 20 ml y una capacidad de hasta 20.000 caladas, este modelo ofrece una experiencia de vapor dif\u00edcil de superar en t\u00e9rminos de resistencia y fiabilidad. La tecnolog\u00eda de doble bobina de malla integrada garantiza un vapor denso y arom\u00e1ticamente puro en cada calada. La pantalla LED integrada le informa con precisi\u00f3n sobre el nivel de bater\u00eda y l\u00edquido en todo momento, de forma clara, fiable y sin rodeos.<\/p>\n<p>La pantalla inteligente del Fumot Tornado 20000 Mr Blue crea una nueva dimensi\u00f3n de control para el usuario. La informaci\u00f3n en tiempo real sobre la capacidad de la bater\u00eda y el volumen de l\u00edquido restante est\u00e1 siempre disponible, para que tu elegante experiencia de vapeo con Mr Blue nunca termine de forma inesperada.<\/p>\n<h2><strong>Fumot Tornado 20000 Mr Azul - Caracter\u00edsticas t\u00e9cnicas:<\/strong><\/h2>\n<ul>\n<li>\u26a1 <strong>Potencia de nicotina<\/strong> - 0 %, 2 %, 3 % o 5 % - ajustables individualmente seg\u00fan las necesidades<\/li>\n<li>\ud83e\uddea <strong>E-l\u00edquido<\/strong> - 20 ml, rellenados en f\u00e1brica y listos para su uso inmediato<\/li>\n<li>\ud83d\udd0b <strong>Bater\u00eda<\/strong> - 850 mAh, carga r\u00e1pida y sencilla mediante conexi\u00f3n Type-C<\/li>\n<li>\ud83d\udca8 <strong>Capacidad del tren<\/strong> - Hasta 20.000 caladas para disfrutar del vapor sin interrupciones<\/li>\n<li>\ud83c\udf9b\ufe0f <strong>Pantalla OLED<\/strong> - Visi\u00f3n completa en tiempo real del nivel de bater\u00eda y l\u00edquido<\/li>\n<li>\ud83c\udf00 <strong>Bobina de malla doble<\/strong> - Vapor denso y con cuerpo de principio a fin<\/li>\n<li>\ud83d\udc99 <strong>Variedad de sabores<\/strong> - 30 sabores para todos los gustos<\/li>\n<\/ul>\n<h2><strong>\u00bfQu\u00e9 hace que el Fumot Tornado 20000 Mr Blue sea indiscutiblemente el mejor de su clase?<\/strong><\/h2>\n<ul>\n<li><strong>Control exhaustivo en tiempo real:<\/strong> La avanzada pantalla OLED le proporciona continuamente informaci\u00f3n precisa sobre el nivel de la bater\u00eda y la cantidad de l\u00edquido, para una experiencia de vapeo transparente y sin preocupaciones.<\/li>\n<li><strong>Resistencia inigualable del dispositivo:<\/strong> Con 20 ml de e-l\u00edquido preinstalado y hasta 20.000 caladas, este dispositivo marca la pauta en su categor\u00eda: m\u00e1ximo disfrute con m\u00ednimo mantenimiento.<\/li>\n<li><strong>Tecnolog\u00eda de bobinas altamente desarrollada:<\/strong> Gracias a su precisa regulaci\u00f3n del calor, la Dual Mesh Coil produce un vapor arom\u00e1ticamente intenso y con cuerpo en cada calada: consistente, potente y sin adulterar.<\/li>\n<li><strong>Calidad de marca sin concesiones:<\/strong> Como original certificado de la l\u00ednea Fumot Tornado, este dispositivo es sin\u00f3nimo de calidad de fabricaci\u00f3n probada, innovaci\u00f3n tecnol\u00f3gica y una promesa de uso en la que puede confiar incondicionalmente.<\/li>\n<\/ul>\n<h2><strong>Fresco, misterioso e irresistiblemente fresco<\/strong><\/h2>\n<p>El Fumot Tornado 20000 Mr Blue es la elecci\u00f3n perfecta para todos los vapeadores que buscan un sabor elegante y refrescante con un toque misterioso en un dispositivo potente. Mr Blue le da al vapeo un ambiente especial - fresco, lleno de car\u00e1cter y con un perfil inconfundible que te hace querer dar la siguiente calada.<\/p>\n<h3><strong>M\u00e1s informaci\u00f3n y categor\u00edas de productos<\/strong><\/h3>\n<p>Descubra nuestra gama completa de productos de vapor de primera calidad en <strong><a class=\"underline underline underline-offset-2 decoration-1 decoration-current\/40 hover:decoration-current focus:decoration-current\" href=\"https:\/\/www.kurzvape.de\/es\/\">el punto de contacto central para principiantes y profesionales del vapeo<\/a><\/strong>. Si est\u00e1 buscando espec\u00edficamente otros dispositivos de una de las principales marcas de vaping del mundo, el <strong><a class=\"underline underline underline-offset-2 decoration-1 decoration-current\/40 hover:decoration-current focus:decoration-current\" href=\"https:\/\/www.kurzvape.de\/es\/product-category\/fumot-vape\/\">mundo exclusivo de la marca Fumot<\/a><\/strong> una selecci\u00f3n variada y de alta calidad. Todos los modelos, sabores y caracter\u00edsticas disponibles de esta serie premium se enumeran claramente en el <strong><a class=\"underline underline underline-offset-2 decoration-1 decoration-current\/40 hover:decoration-current focus:decoration-current\" href=\"https:\/\/www.kurzvape.de\/es\/product-category\/fumot-vape\/fumot-tornado-20000\/\">directorio completo de la serie Tornado 20000<\/a><\/strong> compilado.<\/p>","protected":false},"excerpt":{"rendered":"<p>El Fumot Tornado 20000 Mr Blue es un cigarrillo electr\u00f3nico desechable de alta calidad con un fresco sabor a bayas frescas, 20 ml de e-l\u00edquido y hasta 20.000 caladas. Con doble bobina de malla, pantalla OLED y bater\u00eda recargable de 850 mAh - disponible en 0 %, 2 %, 3 % y 5 % nicotina.<\/p>","protected":false},"featured_media":1147,"comment_status":"open","ping_status":"closed","template":"","meta":{"_acf_changed":false},"product_brand":[],"product_cat":[24],"product_tag":[],"class_list":{"0":"post-1146","1":"product","2":"type-product","3":"status-publish","4":"has-post-thumbnail","6":"product_cat-fumot-tornado-20000","8":"first","9":"instock","10":"sale","11":"shipping-taxable","12":"purchasable","13":"product-type-variable"},"acf":[],"_links":{"self":[{"href":"https:\/\/www.kurzvape.de\/es\/wp-json\/wp\/v2\/product\/1146","targetHints":{"allow":["GET"]}}],"collection":[{"href":"https:\/\/www.kurzvape.de\/es\/wp-json\/wp\/v2\/product"}],"about":[{"href":"https:\/\/www.kurzvape.de\/es\/wp-json\/wp\/v2\/types\/product"}],"replies":[{"embeddable":true,"href":"https:\/\/www.kurzvape.de\/es\/wp-json\/wp\/v2\/comments?post=1146"}],"wp:featuredmedia":[{"embeddable":true,"href":"https:\/\/www.kurzvape.de\/es\/wp-json\/wp\/v2\/media\/1147"}],"wp:attachment":[{"href":"https:\/\/www.kurzvape.de\/es\/wp-json\/wp\/v2\/media?parent=1146"}],"wp:term":[{"taxonomy":"product_brand","embeddable":true,"href":"https:\/\/www.kurzvape.de\/es\/wp-json\/wp\/v2\/product_brand?post=1146"},{"taxonomy":"product_cat","embeddable":true,"href":"https:\/\/www.kurzvape.de\/es\/wp-json\/wp\/v2\/product_cat?post=1146"},{"taxonomy":"product_tag","embeddable":true,"href":"https:\/\/www.kurzvape.de\/es\/wp-json\/wp\/v2\/product_tag?post=1146"}],"curies":[{"name":"wp","href":"https:\/\/api.w.org\/{rel}","templated":true}]}}