{"id":1161,"date":"2026-03-11T01:00:46","date_gmt":"2026-03-10T17:00:46","guid":{"rendered":"https:\/\/www.kurzvape.de\/?post_type=product&#038;p=1161"},"modified":"2026-03-11T01:00:46","modified_gmt":"2026-03-10T17:00:46","slug":"fumot-tornado-20000-peach-mango-watermelon","status":"publish","type":"product","link":"https:\/\/www.kurzvape.de\/es\/product\/fumot-tornado-20000-peach-mango-watermelon\/","title":{"rendered":"Fumot Tornado 20000 Melocot\u00f3n Mango Sand\u00eda"},"content":{"rendered":"<h2><strong>Fumot Tornado 20000 Melocot\u00f3n Mango Sand\u00eda Vape Desechable<\/strong><\/h2>\n<p>Melocot\u00f3n Mango Sand\u00eda es una experiencia de sabor tropical veraniega \u00fanica en su clase. La delicada dulzura de los melocotones maduros se mezcla con la ex\u00f3tica plenitud del mango y el refrescante car\u00e1cter acuoso de la jugosa sand\u00eda: un sabor frutal en tres partes que transmite pura ligereza veraniega al vapear y transforma cada calada en un momento de vacaciones.<\/p>\n<h2><strong>Fumot Tornado 20000 - Potente dispositivo de vapeo con pantalla inteligente y doble bobina de malla<\/strong><\/h2>\n<p>El Fumot Tornado 20000 encarna el progreso tecnol\u00f3gico de la familia de productos RandM Tornado en su forma m\u00e1s pura. Este dispositivo combina un rendimiento de vapor impresionante con un funcionamiento sofisticado y un dise\u00f1o moderno - atractivo tanto para los entusiastas del vapeo experimentados como para los principiantes curiosos.<\/p>\n<p>Con un volumen de dep\u00f3sito de 20 ml y una capacidad de calada de 20.000 caladas, este modelo pertenece a la \u00e9lite absoluta de los vapeadores desechables. La tecnolog\u00eda de doble bobina de malla integrada garantiza un vapor siempre denso y arom\u00e1ticamente intenso, de forma fiable y constante con cada calada. La pantalla LED integrada proporciona informaci\u00f3n precisa en tiempo real sobre la bater\u00eda y el nivel de l\u00edquido: transparente, clara y siempre a mano.<\/p>\n<p>La pantalla inteligente del Fumot Tornado 20000 Peach Mango Watermelon permite una utilizaci\u00f3n predictiva del dispositivo al m\u00e1s alto nivel. La capacidad de la bater\u00eda y el volumen de l\u00edquido restante se pueden ver siempre de un vistazo, para que el veraniego sabor a tres frutas nunca se acabe de repente y puedas disfrutar al m\u00e1ximo de tu placer.<\/p>\n<h2><strong>Fumot Tornado 20000 Melocot\u00f3n Mango Sand\u00eda - Caracter\u00edsticas t\u00e9cnicas:<\/strong><\/h2>\n<ul>\n<li>\u26a1 <strong>Potencia de nicotina<\/strong> - 0 %, 2 %, 3 % o 5 % - personalizable y seleccionable individualmente seg\u00fan las necesidades<\/li>\n<li>\ud83e\uddea <strong>E-l\u00edquido<\/strong> - 20 ml, envasados de f\u00e1brica y listos para su uso inmediato<\/li>\n<li>\ud83d\udd0b <strong>Bater\u00eda<\/strong> - 850 mAh, f\u00e1cilmente recargable mediante conexi\u00f3n Type-C<\/li>\n<li>\ud83d\udca8 <strong>Capacidad del tren<\/strong> - Hasta 20.000 caladas para disfrutar al m\u00e1ximo sin interrupciones<\/li>\n<li>\ud83c\udf9b\ufe0f <strong>Pantalla OLED<\/strong> - Indicaci\u00f3n precisa del estado de la bater\u00eda y del nivel de l\u00edquido en tiempo real<\/li>\n<li>\ud83c\udf00 <strong>Bobina de malla doble<\/strong> - Vapor consistentemente denso y con cuerpo en cada calada<\/li>\n<li>\ud83c\udf49 <strong>Variedad de sabores<\/strong> - 30 sabores para todos los gustos<\/li>\n<\/ul>\n<h2><strong>\u00bfQu\u00e9 hace que el Fumot Tornado 20000 Peach Mango Watermelon sea el mejor modelo de su clase?<\/strong><\/h2>\n<ul>\n<li><strong>Control de estado sin fisuras:<\/strong> La pantalla OLED inteligente le proporciona datos precisos en tiempo real sobre el estado de la bater\u00eda y la cantidad de l\u00edquido en todo momento, para una experiencia de vapeo totalmente controlada y sin interrupciones.<\/li>\n<li><strong>Resistencia inigualable del dispositivo:<\/strong> 20 ml de e-l\u00edquido preinstalado combinado con hasta 20.000 caladas hacen de este dispositivo el campe\u00f3n absoluto a largo plazo: m\u00e1ximo disfrute con el m\u00ednimo esfuerzo.<\/li>\n<li><strong>Bobina tecnol\u00f3gicamente superior:<\/strong> Gracias a su avanzado dise\u00f1o de calentamiento, la Dual Mesh Coil proporciona un vapor arom\u00e1ticamente intenso y con cuerpo en cada calada, sin fluctuaciones ni compromisos.<\/li>\n<li><strong>Autoridad de marca demostrada:<\/strong> Como original certificado de la serie Fumot Tornado, este dispositivo garantiza la m\u00e1xima calidad de fabricaci\u00f3n, innovaci\u00f3n tecnol\u00f3gica y una promesa de uso que no deja nada que desear.<\/li>\n<\/ul>\n<h2><strong>Veraniego, tropical e irresistiblemente fresco<\/strong><\/h2>\n<p>El Fumot Tornado 20000 Melocot\u00f3n Mango Sand\u00eda es la elecci\u00f3n perfecta para todos los vapers que quieren lo mejor del verano en un solo dispositivo. La acertada triple combinaci\u00f3n de melocot\u00f3n, mango y sand\u00eda convierte cada calada en una aut\u00e9ntica delicia veraniega: fresca, tropical y con una ligereza que inspira de inmediato.<\/p>\n<h3><strong>M\u00e1s informaci\u00f3n y categor\u00edas de productos<\/strong><\/h3>\n<p>Descubra toda nuestra gama de productos vaping de primera clase en <strong><a href=\"https:\/\/www.kurzvape.de\/es\/\">nuestra tienda especializada en cigarrillos electr\u00f3nicos de alta calidad<\/a><\/strong>. Cualquiera que desee explorar la variada gama de electrodom\u00e9sticos de una marca de vapor de renombre internacional encontrar\u00e1 lo que busca en el <strong><a href=\"https:\/\/www.kurzvape.de\/es\/product-category\/fumot-vape\/\">Categor\u00eda de la marca Fumot<\/a><\/strong> hallazgo completo. Encontrar\u00e1 un resumen completo de todas las variantes, sabores y detalles de los productos de esta gama de alto rendimiento en la secci\u00f3n <strong><a href=\"https:\/\/www.kurzvape.de\/es\/product-category\/fumot-vape\/fumot-tornado-20000\/\">Directorio central de la familia de dispositivos Tornado 20000<\/a><\/strong>.<\/p>","protected":false},"excerpt":{"rendered":"<p>El Fumot Tornado 20000 Peach Mango Watermelon es un cigarrillo electr\u00f3nico desechable de alta calidad con sabor a melocot\u00f3n tropical-mango-sand\u00eda, 20 ml de e-l\u00edquido y hasta 20.000 caladas. Con doble bobina de malla, pantalla OLED y bater\u00eda recargable de 850 mAh - disponible en 0 %, 2 %, 3 % y 5 % nicotina.<\/p>","protected":false},"featured_media":1164,"comment_status":"open","ping_status":"closed","template":"","meta":{"_acf_changed":false},"product_brand":[],"product_cat":[24],"product_tag":[],"class_list":{"0":"post-1161","1":"product","2":"type-product","3":"status-publish","4":"has-post-thumbnail","6":"product_cat-fumot-tornado-20000","8":"first","9":"instock","10":"sale","11":"shipping-taxable","12":"purchasable","13":"product-type-variable"},"acf":[],"_links":{"self":[{"href":"https:\/\/www.kurzvape.de\/es\/wp-json\/wp\/v2\/product\/1161","targetHints":{"allow":["GET"]}}],"collection":[{"href":"https:\/\/www.kurzvape.de\/es\/wp-json\/wp\/v2\/product"}],"about":[{"href":"https:\/\/www.kurzvape.de\/es\/wp-json\/wp\/v2\/types\/product"}],"replies":[{"embeddable":true,"href":"https:\/\/www.kurzvape.de\/es\/wp-json\/wp\/v2\/comments?post=1161"}],"wp:featuredmedia":[{"embeddable":true,"href":"https:\/\/www.kurzvape.de\/es\/wp-json\/wp\/v2\/media\/1164"}],"wp:attachment":[{"href":"https:\/\/www.kurzvape.de\/es\/wp-json\/wp\/v2\/media?parent=1161"}],"wp:term":[{"taxonomy":"product_brand","embeddable":true,"href":"https:\/\/www.kurzvape.de\/es\/wp-json\/wp\/v2\/product_brand?post=1161"},{"taxonomy":"product_cat","embeddable":true,"href":"https:\/\/www.kurzvape.de\/es\/wp-json\/wp\/v2\/product_cat?post=1161"},{"taxonomy":"product_tag","embeddable":true,"href":"https:\/\/www.kurzvape.de\/es\/wp-json\/wp\/v2\/product_tag?post=1161"}],"curies":[{"name":"wp","href":"https:\/\/api.w.org\/{rel}","templated":true}]}}