{"id":1193,"date":"2026-03-11T20:01:59","date_gmt":"2026-03-11T12:01:59","guid":{"rendered":"https:\/\/www.kurzvape.de\/?post_type=product&#038;p=1193"},"modified":"2026-03-11T20:01:59","modified_gmt":"2026-03-11T12:01:59","slug":"fumot-tornado-20000-pineapple-lemon-green-apple","status":"publish","type":"product","link":"https:\/\/www.kurzvape.de\/es\/product\/fumot-tornado-20000-pineapple-lemon-green-apple\/","title":{"rendered":"Fumot Tornado 20000 Pi\u00f1a Lim\u00f3n Manzana Verde"},"content":{"rendered":"<h2><strong>Fumot Tornado 20000 Pi\u00f1a Lim\u00f3n Manzana Verde Vape Desechable<\/strong><\/h2>\n<p>Pi\u00f1a Lim\u00f3n Manzana Verde es un tr\u00edo de frutas \u00e1cidas para aquellos a los que les gusta lo vivo y refrescante. El ex\u00f3tico y dulce poder de la pi\u00f1a madura se une a la hormigueante acidez del lim\u00f3n fresco y a la frescura crujiente de la manzana verde: una combinaci\u00f3n de sabores viva y de m\u00faltiples capas que libera una energ\u00eda electrizante y fresca al vapear y convierte cada calada en una experiencia vigorizante.<\/p>\n<h2><strong>Fumot Tornado 20000 - Dispositivo de vapeo innovador con pantalla inteligente y bobina de malla doble<\/strong><\/h2>\n<p>El Fumot Tornado 20000 marca un nuevo hito en el desarrollo de la serie RandM Tornado. Este dispositivo combina un rendimiento tecnol\u00f3gico superior con una facilidad de uso diario bien pensada, y convence as\u00ed a una amplia gama de vapeadores, desde usuarios ocasionales hasta apasionados aficionados al vapeo.<\/p>\n<p>Con un dep\u00f3sito de 20 ml y una capacidad de hasta 20.000 caladas, este modelo se sit\u00faa en lo m\u00e1s alto de su categor\u00eda. La tecnolog\u00eda integrada de doble bobina de malla proporciona continuamente un vapor denso y sabroso, sin p\u00e9rdida de calidad hasta la \u00faltima calada. La pantalla LED integrada le informa con precisi\u00f3n y en tiempo real sobre el nivel de bater\u00eda y l\u00edquido: pr\u00e1ctico, fiable y f\u00e1cil de leer en todo momento.<\/p>\n<p>El Smart Display del Fumot Tornado 20000 Pi\u00f1a Lim\u00f3n Manzana Verde permite un uso del dispositivo totalmente transparente. Los datos actualizados sobre la capacidad de la bater\u00eda y el volumen de l\u00edquido restante est\u00e1n siempre disponibles, para que el sabor \u00e1cido de tres frutas nunca se detenga abruptamente y puedas disfrutar al m\u00e1ximo de tu placer de vapear.<\/p>\n<h2><strong>Fumot Tornado 20000 Pi\u00f1a Lim\u00f3n Manzana Verde - Caracter\u00edsticas t\u00e9cnicas:<\/strong><\/h2>\n<ul>\n<li>\u26a1 <strong>Potencia de nicotina<\/strong> - 0 %, 2 %, 3 % o 5 % - flexible y personalizable<\/li>\n<li>\ud83e\uddea <strong>E-l\u00edquido<\/strong> - 20 ml, rellenados en f\u00e1brica y listos para su uso inmediato<\/li>\n<li>\ud83d\udd0b <strong>Bater\u00eda<\/strong> - 850 mAh, f\u00e1cil de cargar mediante conexi\u00f3n Type-C<\/li>\n<li>\ud83d\udca8 <strong>Capacidad del tren<\/strong> - Hasta 20.000 caladas para disfrutar del vapor sin interrupciones y durante mucho tiempo<\/li>\n<li>\ud83c\udf9b\ufe0f <strong>Pantalla OLED<\/strong> - Visi\u00f3n general en tiempo real del nivel de bater\u00eda y l\u00edquido<\/li>\n<li>\ud83c\udf00 <strong>Bobina de malla doble<\/strong> - Vapor denso y arom\u00e1ticamente intenso en cada calada<\/li>\n<li>\ud83c\udf4d <strong>Variedad de sabores<\/strong> - 30 sabores para todos los gustos<\/li>\n<\/ul>\n<h2><strong>\u00bfEn qu\u00e9 se diferencia el Fumot Tornado 20000 Pi\u00f1a Lim\u00f3n Manzana Verde de otros aparatos?<\/strong><\/h2>\n<ul>\n<li><strong>Total transparencia de la situaci\u00f3n:<\/strong> La pantalla OLED inteligente le proporciona toda la informaci\u00f3n relevante del dispositivo sobre el estado de la bater\u00eda y la cantidad de l\u00edquido en tiempo real, para una experiencia de vapeo controlada e ininterrumpida en todo momento.<\/li>\n<li><strong>Alcance excepcional:<\/strong> La combinaci\u00f3n de 20 ml de e-l\u00edquido y hasta 20.000 caladas convierte a este dispositivo en el campe\u00f3n indiscutible a largo plazo de su clase: menos pausas, m\u00e1s disfrute.<\/li>\n<li><strong>Tecnolog\u00eda de calefacci\u00f3n avanzada:<\/strong> La Dual Mesh Coil garantiza una distribuci\u00f3n \u00f3ptima del calor gracias a su doble bobina de dise\u00f1o preciso y proporciona un vapor arom\u00e1ticamente consistente y con cuerpo en cada calada.<\/li>\n<li><strong>Calidad original incuestionable:<\/strong> Como producto probado de la l\u00ednea Fumot Tornado, este aparato encarna los m\u00e1s altos est\u00e1ndares de calidad, innovaci\u00f3n tecnol\u00f3gica y una promesa de uso que no conoce compromisos.<\/li>\n<\/ul>\n<h2><strong>Espumoso, fresco y lleno de energ\u00eda<\/strong><\/h2>\n<p>El Fumot Tornado 20000 Pi\u00f1a Lim\u00f3n Manzana Verde es la elecci\u00f3n perfecta para todos los vapeadores que buscan un sabor frutal vibrante y de m\u00faltiples capas en un dispositivo t\u00e9cnicamente superior. La combinaci\u00f3n \u00fanica de pi\u00f1a, lim\u00f3n y manzana verde convierte cada calada en una verdadera patada de frescura - intensa, \u00e1cida y con una energ\u00eda que inspira al instante.<\/p>\n<h3><strong>M\u00e1s informaci\u00f3n y categor\u00edas de productos<\/strong><\/h3>\n<p>Eche un vistazo a toda nuestra gama de productos de vapeo de primera clase en <strong><a href=\"https:\/\/www.kurzvape.de\/es\/\">nuestro comercio especializado en soluciones modernas de vapor<\/a><\/strong>. Si desea descubrir la gama completa de electrodom\u00e9sticos de una marca premium reconocida en todo el mundo, el <strong><a href=\"https:\/\/www.kurzvape.de\/es\/product-category\/fumot-vape\/\">Cat\u00e1logo de dispositivos Fumot<\/a><\/strong> una colecci\u00f3n cuidadosamente recopilada. Todas las variantes disponibles, perfiles de sabor y especificaciones t\u00e9cnicas de esta gama de alto rendimiento se enumeran de forma completa y estructurada en el <strong><a href=\"https:\/\/www.kurzvape.de\/es\/product-category\/fumot-vape\/fumot-tornado-20000\/\">Lista de referencia de la l\u00ednea de productos Tornado 20000<\/a><\/strong> listado.<\/p>","protected":false},"excerpt":{"rendered":"<p>El Fumot Tornado 20000 Pi\u00f1a Lim\u00f3n Manzana Verde es un e-cigarrillo desechable de alta calidad con sabor a pi\u00f1a-lim\u00f3n manzana verde, 20 ml de e-l\u00edquido y hasta 20.000 caladas. Con doble bobina de malla, pantalla OLED y bater\u00eda recargable de 850 mAh - disponible en nicotina 0 %, 2 %, 3 % y 5 %.<\/p>","protected":false},"featured_media":1196,"comment_status":"open","ping_status":"closed","template":"","meta":{"_acf_changed":false},"product_brand":[],"product_cat":[24],"product_tag":[],"class_list":{"0":"post-1193","1":"product","2":"type-product","3":"status-publish","4":"has-post-thumbnail","6":"product_cat-fumot-tornado-20000","8":"first","9":"instock","10":"sale","11":"shipping-taxable","12":"purchasable","13":"product-type-variable"},"acf":[],"_links":{"self":[{"href":"https:\/\/www.kurzvape.de\/es\/wp-json\/wp\/v2\/product\/1193","targetHints":{"allow":["GET"]}}],"collection":[{"href":"https:\/\/www.kurzvape.de\/es\/wp-json\/wp\/v2\/product"}],"about":[{"href":"https:\/\/www.kurzvape.de\/es\/wp-json\/wp\/v2\/types\/product"}],"replies":[{"embeddable":true,"href":"https:\/\/www.kurzvape.de\/es\/wp-json\/wp\/v2\/comments?post=1193"}],"wp:featuredmedia":[{"embeddable":true,"href":"https:\/\/www.kurzvape.de\/es\/wp-json\/wp\/v2\/media\/1196"}],"wp:attachment":[{"href":"https:\/\/www.kurzvape.de\/es\/wp-json\/wp\/v2\/media?parent=1193"}],"wp:term":[{"taxonomy":"product_brand","embeddable":true,"href":"https:\/\/www.kurzvape.de\/es\/wp-json\/wp\/v2\/product_brand?post=1193"},{"taxonomy":"product_cat","embeddable":true,"href":"https:\/\/www.kurzvape.de\/es\/wp-json\/wp\/v2\/product_cat?post=1193"},{"taxonomy":"product_tag","embeddable":true,"href":"https:\/\/www.kurzvape.de\/es\/wp-json\/wp\/v2\/product_tag?post=1193"}],"curies":[{"name":"wp","href":"https:\/\/api.w.org\/{rel}","templated":true}]}}