{"id":1201,"date":"2026-03-11T20:11:09","date_gmt":"2026-03-11T12:11:09","guid":{"rendered":"https:\/\/www.kurzvape.de\/?post_type=product&#038;p=1201"},"modified":"2026-03-11T20:11:09","modified_gmt":"2026-03-11T12:11:09","slug":"fumot-tornado-20000-skittles","status":"publish","type":"product","link":"https:\/\/www.kurzvape.de\/es\/product\/fumot-tornado-20000-skittles\/","title":{"rendered":"Tornado Fumot 20000 bolos"},"content":{"rendered":"<h2><strong>Vapeador desechable Fumot Tornado 20000 Skittles<\/strong><\/h2>\n<p>Skittles desata toda la variedad de la legendaria experiencia de los caramelos de frutas al vapear. La caracter\u00edstica mezcla de fresa, naranja, lim\u00f3n, manzana y uva se combina para crear un colorido y vibrante fuego artificial de sabores: dulce, afrutado y con un inconfundible valor de reconocimiento que transforma cada calada en una colorida explosi\u00f3n de sabor.<\/p>\n<h2><strong>Fumot Tornado 20000 - Dispositivo de vapeo que marca tendencia con Smart Display y Dual Mesh Coil<\/strong><\/h2>\n<p>El Fumot Tornado 20000 encarna la cumbre actual del desarrollo de la estimada familia de productos RandM Tornado. Precisi\u00f3n t\u00e9cnica, un concepto ergon\u00f3mico bien pensado y un manejo sin esfuerzo se fusionan en este dispositivo para formar un conjunto coherente: una elecci\u00f3n convincente tanto para vapeadores experimentados como para principiantes.<\/p>\n<p>Un volumen de l\u00edquido de 20 ml combinado con una capacidad de calada de hasta 20.000 caladas hacen de este modelo uno de los representantes m\u00e1s duraderos de su clase. La tecnolog\u00eda de doble bobina de malla integrada proporciona un vapor denso y arom\u00e1ticamente puro, calada tras calada, sin concesiones. La pantalla LED integrada le mantiene informado con precisi\u00f3n sobre el nivel de bater\u00eda y l\u00edquido en todo momento: transparente, clara y f\u00e1cil de leer.<\/p>\n<p>La pantalla inteligente del Fumot Tornado 20000 Skittles permite un control perfecto del dispositivo al m\u00e1s alto nivel. En todo momento dispondr\u00e1 de informaci\u00f3n en tiempo real sobre la capacidad de la bater\u00eda y el volumen de l\u00edquido restante, para que la colorida experiencia de sabor de los Skittles nunca termine antes de tiempo.<\/p>\n<h2><strong>Fumot Tornado 20000 Bolos - Caracter\u00edsticas t\u00e9cnicas:<\/strong><\/h2>\n<ul>\n<li>\u26a1 <strong>Potencia de nicotina<\/strong> - 0 %, 2 %, 3 % o 5 % - adaptable a las necesidades personales<\/li>\n<li>\ud83e\uddea <strong>E-l\u00edquido<\/strong> - 20 ml, envasado en f\u00e1brica y listo para su uso inmediato<\/li>\n<li>\ud83d\udd0b <strong>Bater\u00eda<\/strong> - 850 mAh, carga c\u00f3moda y fiable mediante conexi\u00f3n Type-C<\/li>\n<li>\ud83d\udca8 <strong>Capacidad del tren<\/strong> - Hasta 20.000 caladas para disfrutar del vapor sin interrupciones<\/li>\n<li>\ud83c\udf9b\ufe0f <strong>Pantalla OLED<\/strong> - Visualizaci\u00f3n completa del estado de la bater\u00eda y del nivel de l\u00edquido en tiempo real<\/li>\n<li>\ud83c\udf00 <strong>Bobina de malla doble<\/strong> - Vapor denso y arom\u00e1ticamente intenso en cada calada<\/li>\n<li>\ud83c\udf08 <strong>Variedad de sabores<\/strong> - 30 sabores para todos los gustos<\/li>\n<\/ul>\n<h2><strong>\u00bfQu\u00e9 hace que el Fumot Tornado 20000 Skittles sea la primera opci\u00f3n para los vaporizadores exigentes?<\/strong><\/h2>\n<ul>\n<li><strong>Control preciso del dispositivo:<\/strong> La pantalla OLED inteligente le proporciona datos actualizados en tiempo real sobre el estado de la bater\u00eda y la cantidad de l\u00edquido en todo momento, para una experiencia de vapeo totalmente transparente y sin interrupciones.<\/li>\n<li><strong>Vida \u00fatil inigualable:<\/strong> 20 ml de e-l\u00edquido preinstalado combinado con hasta 20.000 caladas hacen de este dispositivo el compa\u00f1ero ideal a largo plazo - m\u00e1ximo disfrute con el m\u00ednimo esfuerzo.<\/li>\n<li><strong>Bobina tecnol\u00f3gicamente puntera:<\/strong> Gracias a su avanzado dise\u00f1o de calentamiento, la Dual Mesh Coil proporciona un vapor arom\u00e1ticamente intenso y con cuerpo en cada calada: consistente, potente y sin adulterar.<\/li>\n<li><strong>Autoridad de marca demostrada:<\/strong> Como original certificado de la l\u00ednea Fumot Tornado, este dispositivo encarna los m\u00e1s altos est\u00e1ndares de calidad, innovaci\u00f3n tecnol\u00f3gica y una promesa de uso que no deja nada que desear.<\/li>\n<\/ul>\n<h2><strong>Colorido, afrutado e irresistiblemente diverso<\/strong><\/h2>\n<p>El Fumot Tornado 20000 Skittles es la elecci\u00f3n ideal para todos los vapeadores que quieren experimentar el colorido mundo de los caramelos de frutas en un dispositivo potente y duradero. La caracter\u00edstica mezcla de sabores Skittles hace que cada calada sea una experiencia colorida, viva, variada y con un valor de reconocimiento adictivo.<\/p>\n<h3><strong>M\u00e1s informaci\u00f3n y categor\u00edas de productos<\/strong><\/h3>\n<p>Descubra nuestra gama completa de vapores y las \u00faltimas innovaciones de productos en <strong><a class=\"underline underline underline-offset-2 decoration-1 decoration-current\/40 hover:decoration-current focus:decoration-current\" href=\"https:\/\/www.kurzvape.de\/es\/\">el principal destino de compras para los aficionados al vapeo<\/a><\/strong>. Cualquiera que busque m\u00e1s electrodom\u00e9sticos de una marca de prestigio internacional encontrar\u00e1 lo que busca en el <strong><a class=\"underline underline underline-offset-2 decoration-1 decoration-current\/40 hover:decoration-current focus:decoration-current\" href=\"https:\/\/www.kurzvape.de\/es\/product-category\/fumot-vape\/\">Tienda de la marca Fumot<\/a><\/strong> b\u00fasqueda exhaustiva. Todos los modelos, sabores y especificaciones de producto de esta serie de alto rendimiento se enumeran de forma completa y clara en el <strong><a class=\"underline underline underline-offset-2 decoration-1 decoration-current\/40 hover:decoration-current focus:decoration-current\" href=\"https:\/\/www.kurzvape.de\/es\/product-category\/fumot-vape\/fumot-tornado-20000\/\">Compendio de productos de la serie de dispositivos Tornado 20000<\/a><\/strong> documentado.<\/p>","protected":false},"excerpt":{"rendered":"<p>El Fumot Tornado 20000 Skittles es un cigarrillo electr\u00f3nico desechable de alta calidad con un colorido sabor a caramelo de fruta, 20 ml de e-l\u00edquido y hasta 20.000 caladas. Con doble bobina de malla, pantalla OLED y bater\u00eda recargable de 850 mAh - disponible en 0 %, 2 %, 3 % y 5 % nicotina.<\/p>","protected":false},"featured_media":1204,"comment_status":"open","ping_status":"closed","template":"","meta":{"_acf_changed":false},"product_brand":[],"product_cat":[24],"product_tag":[],"class_list":{"0":"post-1201","1":"product","2":"type-product","3":"status-publish","4":"has-post-thumbnail","6":"product_cat-fumot-tornado-20000","8":"first","9":"instock","10":"sale","11":"shipping-taxable","12":"purchasable","13":"product-type-variable"},"acf":[],"_links":{"self":[{"href":"https:\/\/www.kurzvape.de\/es\/wp-json\/wp\/v2\/product\/1201","targetHints":{"allow":["GET"]}}],"collection":[{"href":"https:\/\/www.kurzvape.de\/es\/wp-json\/wp\/v2\/product"}],"about":[{"href":"https:\/\/www.kurzvape.de\/es\/wp-json\/wp\/v2\/types\/product"}],"replies":[{"embeddable":true,"href":"https:\/\/www.kurzvape.de\/es\/wp-json\/wp\/v2\/comments?post=1201"}],"wp:featuredmedia":[{"embeddable":true,"href":"https:\/\/www.kurzvape.de\/es\/wp-json\/wp\/v2\/media\/1204"}],"wp:attachment":[{"href":"https:\/\/www.kurzvape.de\/es\/wp-json\/wp\/v2\/media?parent=1201"}],"wp:term":[{"taxonomy":"product_brand","embeddable":true,"href":"https:\/\/www.kurzvape.de\/es\/wp-json\/wp\/v2\/product_brand?post=1201"},{"taxonomy":"product_cat","embeddable":true,"href":"https:\/\/www.kurzvape.de\/es\/wp-json\/wp\/v2\/product_cat?post=1201"},{"taxonomy":"product_tag","embeddable":true,"href":"https:\/\/www.kurzvape.de\/es\/wp-json\/wp\/v2\/product_tag?post=1201"}],"curies":[{"name":"wp","href":"https:\/\/api.w.org\/{rel}","templated":true}]}}