{"id":1209,"date":"2026-03-11T20:17:40","date_gmt":"2026-03-11T12:17:40","guid":{"rendered":"https:\/\/www.kurzvape.de\/?post_type=product&#038;p=1209"},"modified":"2026-03-11T20:17:40","modified_gmt":"2026-03-11T12:17:40","slug":"fumot-tornado-20000-strawberry-ice","status":"publish","type":"product","link":"https:\/\/www.kurzvape.de\/es\/product\/fumot-tornado-20000-strawberry-ice\/","title":{"rendered":"Fumot Tornado 20000 Fresa Helada"},"content":{"rendered":"<h2><strong>Vapeador desechable Fumot Tornado 20000 Strawberry Ice<\/strong><\/h2>\n<p>Strawberry Ice combina lo mejor de dos mundos: La jugosa dulzura de las fresas maduras se combina con una refrescante nota mentolada que lleva la experiencia de vapear a un nuevo nivel. El intenso sabor a fresa se despliega c\u00e1lido y afrutado, antes de que un vigorizante toque de helado redondee la experiencia gustativa con un agradable frescor: un d\u00fao armonioso que deleita con cada calada.<\/p>\n<h2><strong>Fumot Tornado 20000 - Vapeador sofisticado con pantalla inteligente y doble bobina de malla<\/strong><\/h2>\n<p>El Fumot Tornado 20000 representa la culminaci\u00f3n l\u00f3gica de la historia de desarrollo del RandM Tornado. Este dispositivo combina el m\u00e1ximo rendimiento tecnol\u00f3gico con la facilidad de uso diario intuitivo - la creaci\u00f3n de una experiencia vaping que har\u00e1 las delicias de los entusiastas vaping experimentados y principiantes por igual.<\/p>\n<p>Con un volumen de l\u00edquido preinstalado de 20 ml y una capacidad de extracci\u00f3n de hasta 20.000 caladas, este modelo establece nuevos est\u00e1ndares de resistencia y fiabilidad en su categor\u00eda. La tecnolog\u00eda de doble bobina de malla integrada garantiza un vapor consistentemente denso y arom\u00e1ticamente intenso. La pantalla LED integrada proporciona informaci\u00f3n fiable en tiempo real sobre los niveles de bater\u00eda y l\u00edquido: transparente, precisa y f\u00e1cil de leer de un vistazo.<\/p>\n<p>La pantalla inteligente del Fumot Tornado 20000 Strawberry Ice permite un control perfecto del estado del dispositivo. Ya sea la bater\u00eda restante o la cantidad de l\u00edquido restante, toda la informaci\u00f3n relevante est\u00e1 disponible en todo momento para que pueda planificar conscientemente su experiencia de vapeo y evitar interrupciones inesperadas.<\/p>\n<h2><strong>Fumot Tornado 20000 Strawberry Ice - Caracter\u00edsticas t\u00e9cnicas:<\/strong><\/h2>\n<ul>\n<li>\u26a1 <strong>Potencia de nicotina<\/strong> - 0 %, 2 %, 3 % o 5 % - personalizable con precisi\u00f3n seg\u00fan las necesidades personales<\/li>\n<li>\ud83e\uddea <strong>E-l\u00edquido<\/strong> - 20 ml, rellenados en f\u00e1brica y listos para su uso inmediato<\/li>\n<li>\ud83d\udd0b <strong>Bater\u00eda<\/strong> - 850 mAh, carga c\u00f3moda y fiable mediante conexi\u00f3n Type-C<\/li>\n<li>\ud83d\udca8 <strong>Capacidad del tren<\/strong> - Hasta 20.000 caladas para disfrutar del vapor sin interrupciones<\/li>\n<li>\ud83c\udf9b\ufe0f <strong>Pantalla OLED<\/strong> - Visualizaci\u00f3n completa del estado de la bater\u00eda y del nivel de l\u00edquido en tiempo real<\/li>\n<li>\ud83c\udf00 <strong>Bobina de malla doble<\/strong> - Vapor denso y arom\u00e1ticamente puro en cada calada<\/li>\n<li>\ud83c\udf53 <strong>Variedad de sabores<\/strong> - 30 sabores para todos los gustos<\/li>\n<\/ul>\n<h2><strong>\u00bfQu\u00e9 hace que el Fumot Tornado 20000 Strawberry Ice sea la primera elecci\u00f3n entre los vapers?<\/strong><\/h2>\n<ul>\n<li><strong>Control exhaustivo de los dispositivos:<\/strong> La pantalla OLED inteligente le proporciona datos precisos en tiempo real sobre el estado de la bater\u00eda y la cantidad de l\u00edquido en todo momento, para una experiencia de vapeo totalmente transparente y sin interrupciones.<\/li>\n<li><strong>Durabilidad excepcional:<\/strong> 20 ml de e-l\u00edquido preinstalado y hasta 20.000 caladas hacen de este dispositivo el compa\u00f1ero ideal a largo plazo: m\u00e1ximo disfrute con m\u00ednimo mantenimiento.<\/li>\n<li><strong>Tecnolog\u00eda de vapor superior:<\/strong> Gracias a su avanzado dise\u00f1o de calentamiento, la Dual Mesh Coil proporciona un vapor arom\u00e1ticamente intenso y con cuerpo en cada calada: consistente, potente y sin adulterar.<\/li>\n<li><strong>Excelencia de marca demostrada:<\/strong> Como original certificado de la l\u00ednea Fumot Tornado, este dispositivo encarna los m\u00e1s altos est\u00e1ndares de calidad, innovaci\u00f3n tecnol\u00f3gica y una promesa de uso en la que puede confiar incondicionalmente.<\/li>\n<\/ul>\n<h2><strong>Intensivo Afrutado, Fresco y Refrescante<\/strong><\/h2>\n<p>El Fumot Tornado 20000 Strawberry Ice es la elecci\u00f3n perfecta para todos los vapeadores que buscan un cl\u00e1sico sabor a fresa con un vigorizante toque fresco en un dispositivo t\u00e9cnicamente superior. La irresistible combinaci\u00f3n de calidez afrutada y refrescante sabor helado hace de este modelo un verdadero favorito diario - intenso, fresco y con un sabor que te deja con ganas de m\u00e1s.<\/p>\n<h3><strong>M\u00e1s informaci\u00f3n y categor\u00edas de productos<\/strong><\/h3>\n<p>Descubra nuestra amplia gama de productos de vapor de primera calidad en <strong><a class=\"underline underline underline-offset-2 decoration-1 decoration-current\/40 hover:decoration-current focus:decoration-current\" href=\"https:\/\/www.kurzvape.de\/es\/\">nuestro portal especial para principiantes y aficionados al vapeo<\/a><\/strong>. Si desea explorar la amplia gama de una marca l\u00edder mundial en vaping de forma selectiva, el <strong><a class=\"underline underline underline-offset-2 decoration-1 decoration-current\/40 hover:decoration-current focus:decoration-current\" href=\"https:\/\/www.kurzvape.de\/es\/product-category\/fumot-vape\/\">Visi\u00f3n general de todos los dispositivos de vapor y accesorios Fumot<\/a><\/strong> una selecci\u00f3n variada y de alta calidad. Todos los modelos disponibles, sabores y detalles t\u00e9cnicos de esta serie premium est\u00e1n estructurados y completamente explicados en el <strong><a class=\"underline underline underline-offset-2 decoration-1 decoration-current\/40 hover:decoration-current focus:decoration-current\" href=\"https:\/\/www.kurzvape.de\/es\/product-category\/fumot-vape\/fumot-tornado-20000\/\">Registro de dispositivos de la colecci\u00f3n Tornado 20000<\/a><\/strong> resumido.<\/p>","protected":false},"excerpt":{"rendered":"<p>El Fumot Tornado 20000 Strawberry Ice es un cigarrillo electr\u00f3nico desechable de alta calidad con sabor a fresa mentolada, 20 ml de e-l\u00edquido y hasta 20.000 caladas. Con doble bobina de malla, pantalla OLED y bater\u00eda recargable de 850 mAh - disponible en 0 %, 2 %, 3 % y 5 % nicotina.<\/p>","protected":false},"featured_media":1210,"comment_status":"open","ping_status":"closed","template":"","meta":{"_acf_changed":false},"product_brand":[],"product_cat":[24],"product_tag":[],"class_list":{"0":"post-1209","1":"product","2":"type-product","3":"status-publish","4":"has-post-thumbnail","6":"product_cat-fumot-tornado-20000","8":"first","9":"instock","10":"sale","11":"shipping-taxable","12":"purchasable","13":"product-type-variable"},"acf":[],"_links":{"self":[{"href":"https:\/\/www.kurzvape.de\/es\/wp-json\/wp\/v2\/product\/1209","targetHints":{"allow":["GET"]}}],"collection":[{"href":"https:\/\/www.kurzvape.de\/es\/wp-json\/wp\/v2\/product"}],"about":[{"href":"https:\/\/www.kurzvape.de\/es\/wp-json\/wp\/v2\/types\/product"}],"replies":[{"embeddable":true,"href":"https:\/\/www.kurzvape.de\/es\/wp-json\/wp\/v2\/comments?post=1209"}],"wp:featuredmedia":[{"embeddable":true,"href":"https:\/\/www.kurzvape.de\/es\/wp-json\/wp\/v2\/media\/1210"}],"wp:attachment":[{"href":"https:\/\/www.kurzvape.de\/es\/wp-json\/wp\/v2\/media?parent=1209"}],"wp:term":[{"taxonomy":"product_brand","embeddable":true,"href":"https:\/\/www.kurzvape.de\/es\/wp-json\/wp\/v2\/product_brand?post=1209"},{"taxonomy":"product_cat","embeddable":true,"href":"https:\/\/www.kurzvape.de\/es\/wp-json\/wp\/v2\/product_cat?post=1209"},{"taxonomy":"product_tag","embeddable":true,"href":"https:\/\/www.kurzvape.de\/es\/wp-json\/wp\/v2\/product_tag?post=1209"}],"curies":[{"name":"wp","href":"https:\/\/api.w.org\/{rel}","templated":true}]}}