{"id":1217,"date":"2026-03-11T20:22:04","date_gmt":"2026-03-11T12:22:04","guid":{"rendered":"https:\/\/www.kurzvape.de\/?post_type=product&#038;p=1217"},"modified":"2026-03-11T20:22:05","modified_gmt":"2026-03-11T12:22:05","slug":"fumot-tornado-20000-strawberry-ice-cream","status":"publish","type":"product","link":"https:\/\/www.kurzvape.de\/es\/product\/fumot-tornado-20000-strawberry-ice-cream\/","title":{"rendered":"Fumot Tornado 20000 Helado de fresa"},"content":{"rendered":"<h2><strong>Vapeador desechable Fumot Tornado 20000 Helado de Fresa<\/strong><\/h2>\n<p>Strawberry Ice Cream te transporta al cremoso mundo del cl\u00e1sico helado de fresa con cada calada. El sabor con cuerpo de las fresas frescas se mezcla armoniosamente con una nota aterciopelada de helado dulce como la leche: c\u00e1lido, redondo e irresistiblemente tentador. Una experiencia de placer nost\u00e1lgico que recuerda a las soleadas tardes de verano y hace que vapear sea un verdadero momento de bienestar.<\/p>\n<h2><strong>Fumot Tornado 20000 - Innovador dispositivo de vapeo con pantalla inteligente y doble bobina de malla<\/strong><\/h2>\n<p>El Fumot Tornado 20000 lleva la serie RandM Tornado a un nuevo nivel de rendimiento. Cualquiera que busque un dispositivo de vapeo que combine la excelencia t\u00e9cnica con la idoneidad sin complicaciones para el uso diario encontrar\u00e1 la respuesta perfecta en este modelo, tanto si acaba de empezar a vapear como si ya tiene a\u00f1os de experiencia.<\/p>\n<p>El volumen de l\u00edquido generosamente dimensionado de 20 ml, junto con hasta 20.000 caladas, permite una experiencia de vapor inigualable. La tecnolog\u00eda de doble bobina de malla integrada mantiene el vapor intenso y arom\u00e1tico en todo momento. El dispositivo se complementa con una pantalla LED integrada que muestra la bater\u00eda y el nivel de llenado de forma transparente y en tiempo real: preciso, pr\u00e1ctico y f\u00e1cil de leer en todo momento.<\/p>\n<p>La pantalla inteligente del Fumot Tornado 20000 Strawberry Ice Cream ofrece mucho m\u00e1s que una simple visualizaci\u00f3n de estado. Permite un uso predictivo del dispositivo comunicando con precisi\u00f3n la capacidad de la bater\u00eda y la cantidad de l\u00edquido restante, para que puedas controlar conscientemente tu cremoso disfrute del vapor en todo momento sin interrupciones.<\/p>\n<h2><strong>Fumot Tornado 20000 Helado de Fresa - Caracter\u00edsticas t\u00e9cnicas:<\/strong><\/h2>\n<ul>\n<li>\u26a1 <strong>Potencia de nicotina<\/strong> - 0 %, 2 %, 3 % o 5 % - seleccionable seg\u00fan las necesidades personales<\/li>\n<li>\ud83e\uddea <strong>E-l\u00edquido<\/strong> - 20 ml, envasados de f\u00e1brica y listos para su uso inmediato<\/li>\n<li>\ud83d\udd0b <strong>Bater\u00eda<\/strong> - 850 mAh, carga r\u00e1pida y sencilla mediante conexi\u00f3n Type-C<\/li>\n<li>\ud83d\udca8 <strong>Capacidad del tren<\/strong> - Hasta 20.000 caladas para disfrutar al m\u00e1ximo sin interrupciones<\/li>\n<li>\ud83c\udf9b\ufe0f <strong>Pantalla OLED<\/strong> - Visi\u00f3n completa en tiempo real del nivel de bater\u00eda y l\u00edquido<\/li>\n<li>\ud83c\udf00 <strong>Bobina de malla doble<\/strong> - Vapor consistentemente denso y arom\u00e1ticamente intenso<\/li>\n<li>\ud83c\udf66 <strong>Variedad de sabores<\/strong> - 30 sabores para todos los gustos<\/li>\n<\/ul>\n<h2><strong>\u00bfPor qu\u00e9 convence tanto el helado de fresa Fumot Tornado 20000?<\/strong><\/h2>\n<ul>\n<li><strong>Control predictivo de dispositivos:<\/strong> La pantalla OLED inteligente te mantiene informado en todo momento con datos precisos en tiempo real sobre el estado de la bater\u00eda y la cantidad de l\u00edquido, para que puedas vapear sin preocupaciones ni interrupciones.<\/li>\n<li><strong>Vida \u00fatil inmejorable:<\/strong> 20 ml de e-l\u00edquido preinstalado combinado con una capacidad de hasta 20.000 caladas significa una resistencia m\u00e1xima - ideal para cualquiera que simplemente quiera disfrutar de su dispositivo de vapor sin tener que rellenarlo constantemente.<\/li>\n<li><strong>Tecnolog\u00eda avanzada de bobinas:<\/strong> Gracias a su precisa tecnolog\u00eda de calentamiento, la Dual Mesh Coil produce un vapor uniforme y con cuerpo en cada calada, con un aroma puro de principio a fin.<\/li>\n<li><strong>Calidad de marca sin concesiones:<\/strong> Como producto original certificado de la gama Fumot Tornado, este dispositivo es sin\u00f3nimo de los m\u00e1s altos est\u00e1ndares de fabricaci\u00f3n, fiabilidad tecnol\u00f3gica y una conciencia de marca que no conoce compromisos.<\/li>\n<\/ul>\n<h2><strong>Cremoso, dulce e irresistiblemente nost\u00e1lgico<\/strong><\/h2>\n<p>El Fumot Tornado 20000 Fresa Helada es la elecci\u00f3n ideal para todos los vapeadores que quieren disfrutar de un sabor cremoso, inspirado en los postres, en un dispositivo potente y duradero. La irresistible combinaci\u00f3n de sabor afrutado a fresa y aterciopelada nota de helado convierte cada calada en un aut\u00e9ntico momento de bienestar: c\u00e1lido, dulce y con un toque de nostalgia.<\/p>\n<h3><strong>M\u00e1s informaci\u00f3n y categor\u00edas de productos<\/strong><\/h3>\n<p>Descubra lo m\u00e1s destacado del vaping y toda nuestra gama de productos en <strong><a href=\"https:\/\/www.kurzvape.de\/es\/\">nuestra tienda central para vapers<\/a><\/strong>. Si busca espec\u00edficamente otros modelos de una marca consolidada en el sector de los cigarrillos electr\u00f3nicos, encontrar\u00e1 el <strong><a href=\"https:\/\/www.kurzvape.de\/es\/product-category\/fumot-vape\/\">Visi\u00f3n completa de la marca Fumot<\/a><\/strong> una cuidada selecci\u00f3n de aparatos de alta calidad. Todas las versiones, perfiles de sabor y especificaciones t\u00e9cnicas de esta serie premium est\u00e1n disponibles en su totalidad en el <strong><a href=\"https:\/\/www.kurzvape.de\/es\/product-category\/fumot-vape\/fumot-tornado-20000\/\">Cat\u00e1logo completo de la l\u00ednea de productos Tornado 20000<\/a><\/strong> listado.<\/p>","protected":false},"excerpt":{"rendered":"<p>El Fumot Tornado 20000 Strawberry Ice Cream es un cigarrillo electr\u00f3nico desechable de alta calidad con un cremoso sabor a helado de fresa, 20 ml de e-l\u00edquido y hasta 20.000 caladas. Con doble bobina de malla, pantalla OLED y bater\u00eda recargable de 850 mAh - disponible en 0 %, 2 %, 3 % y 5 % nicotina.<\/p>","protected":false},"featured_media":1220,"comment_status":"open","ping_status":"closed","template":"","meta":{"_acf_changed":false},"product_brand":[],"product_cat":[24],"product_tag":[],"class_list":{"0":"post-1217","1":"product","2":"type-product","3":"status-publish","4":"has-post-thumbnail","6":"product_cat-fumot-tornado-20000","8":"first","9":"instock","10":"sale","11":"shipping-taxable","12":"purchasable","13":"product-type-variable"},"acf":[],"_links":{"self":[{"href":"https:\/\/www.kurzvape.de\/es\/wp-json\/wp\/v2\/product\/1217","targetHints":{"allow":["GET"]}}],"collection":[{"href":"https:\/\/www.kurzvape.de\/es\/wp-json\/wp\/v2\/product"}],"about":[{"href":"https:\/\/www.kurzvape.de\/es\/wp-json\/wp\/v2\/types\/product"}],"replies":[{"embeddable":true,"href":"https:\/\/www.kurzvape.de\/es\/wp-json\/wp\/v2\/comments?post=1217"}],"wp:featuredmedia":[{"embeddable":true,"href":"https:\/\/www.kurzvape.de\/es\/wp-json\/wp\/v2\/media\/1220"}],"wp:attachment":[{"href":"https:\/\/www.kurzvape.de\/es\/wp-json\/wp\/v2\/media?parent=1217"}],"wp:term":[{"taxonomy":"product_brand","embeddable":true,"href":"https:\/\/www.kurzvape.de\/es\/wp-json\/wp\/v2\/product_brand?post=1217"},{"taxonomy":"product_cat","embeddable":true,"href":"https:\/\/www.kurzvape.de\/es\/wp-json\/wp\/v2\/product_cat?post=1217"},{"taxonomy":"product_tag","embeddable":true,"href":"https:\/\/www.kurzvape.de\/es\/wp-json\/wp\/v2\/product_tag?post=1217"}],"curies":[{"name":"wp","href":"https:\/\/api.w.org\/{rel}","templated":true}]}}