{"id":1265,"date":"2026-03-11T23:37:48","date_gmt":"2026-03-11T15:37:48","guid":{"rendered":"https:\/\/www.kurzvape.de\/?post_type=product&#038;p=1265"},"modified":"2026-03-11T23:37:48","modified_gmt":"2026-03-11T15:37:48","slug":"fumot-digital-box-12000-love-66","status":"publish","type":"product","link":"https:\/\/www.kurzvape.de\/es\/product\/fumot-digital-box-12000-love-66\/","title":{"rendered":"Fumot Digital Box 12000 Love 66"},"content":{"rendered":"<h2><strong>Fumot Digital Box 12000 Love 66 vape desechable<\/strong><\/h2>\n<p>Algunos sabores cuentan una historia, y Love 66 lo hace con cada calada. El <strong>Fumot Digital Box 12000 Love 66<\/strong> es m\u00e1s que un aparato desechable: es un sentimiento en forma de vapor. Seductoramente dulce, rom\u00e1nticamente juguet\u00f3n y con un car\u00e1cter inconfundible que se graba a fuego en tu memoria. Una vez que haya probado Love 66, volver\u00e1 una y otra vez, porque este sabor llega directamente al coraz\u00f3n.<\/p>\n<h2><strong>\ud83d\udc95 Fumot Digital Box 12000 Love 66 - Todas las caracter\u00edsticas de un vistazo<\/strong><\/h2>\n<ul>\n<li>Sabor seductoramente dulce y con car\u00e1cter, con el inconfundible perfil de Love 66<\/li>\n<li>Exuberante <strong>20 ml de capacidad de e-l\u00edquido<\/strong> para un disfrute ininterrumpido y duradero<\/li>\n<li>Hasta <strong>12.000 trenes<\/strong> - Duradero y fiable para el uso diario<\/li>\n<li>Integrado <strong>Indicador LED de estado<\/strong> para obtener informaci\u00f3n clara sobre el dispositivo en todo momento<\/li>\n<li>M\u00e1s robusto <strong>Bater\u00eda de 550 mAh<\/strong> - Totalmente recargable<\/li>\n<li>Potencia de nicotina de libre elecci\u00f3n: <strong>0 % \/ 2 % \/ 3 % \/ 5 %<\/strong><\/li>\n<\/ul>\n<h2><strong>Seductor e inconfundible: el perfil arom\u00e1tico de Love 66<\/strong><\/h2>\n<ul>\n<li>Love 66 se despliega con un atractivo y dulce sabor afrutado que provoca inmediatamente una sensaci\u00f3n de calidez y bienestar. La primera calada es suave y con cuerpo, un sabor que se siente como un abrazo familiar y envuelve suavemente el paladar.<\/li>\n<li>A medida que avanza, se revelan finos matices de m\u00faltiples capas que confieren al perfil una agradable complejidad. El dulzor permanece presente sin ser abrumador, siempre equilibrado y armoniosamente redondeado.<\/li>\n<li>El final es duradero y deja un regusto agradable que invita a dar la siguiente calada. Love 66 es un sabor para momentos especiales y para todos aquellos que consideran el vapeo un peque\u00f1o lujo cotidiano.<\/li>\n<\/ul>\n<h2><strong>\u00bfPor qu\u00e9 convence tanto el Fumot Digital Box 12000 Love 66?<\/strong><\/h2>\n<ul>\n<li><strong>Resistencia constante:<\/strong> El voluminoso dep\u00f3sito de 20 ml en combinaci\u00f3n con hasta 12.000 caladas convierte a este dispositivo en un fiel compa\u00f1ero, mucho m\u00e1s duradero que las soluciones desechables convencionales.<\/li>\n<li><strong>Transparencia total:<\/strong> La ingeniosa pantalla LED le mantiene siempre informado del estado actual del dispositivo: de uso intuitivo e indispensable en la vida cotidiana.<\/li>\n<li><strong>Libertad individual:<\/strong> Cuatro niveles de nicotina seleccionables permiten una experiencia de vapeo personalizada: sin nicotina o con una potencia espec\u00edfica, la decisi\u00f3n depende de ti.<\/li>\n<li><strong>Entrega fiable:<\/strong> El env\u00edo directo desde un almac\u00e9n alem\u00e1n garantiza rutas de entrega cortas: su pedido suele llegar en 10-15 d\u00edas laborables.<\/li>\n<\/ul>\n<h2><strong>Comparaci\u00f3n de sabores: Love 66 en comparaci\u00f3n directa<\/strong><\/h2>\n<ul>\n<li><strong>Enfrente Uva Menta:<\/strong> Sin acento refrescante de menta: Love 66 se basa en un dulzor frutal puro y c\u00e1lido sin componente refrescante, lo que da como resultado un sabor redondo y autosuficiente.<\/li>\n<li><strong>Comparado con Fruity Fusion:<\/strong> Menos amplio y multidimensional, pero m\u00e1s centrado y con un car\u00e1cter m\u00e1s fuerte, Love 66 impresiona por su inconfundible independencia.<\/li>\n<li><strong>Comparado con Bingo Crush:<\/strong> Ambas variedades son dulces y juguetonas, pero Love 66 es m\u00e1s madura y elegante, menos acaramelada, pero con una sofisticaci\u00f3n arom\u00e1tica m\u00e1s profunda.<\/li>\n<li><strong>Comparado con Banana Ice:<\/strong> En lugar de una cremosa fruta tropical con efecto helado, Love 66 ofrece un perfil m\u00e1s c\u00e1lido y afrutado sin componente refrescante: dos momentos de vapor completamente independientes.<\/li>\n<\/ul>\n<h2><strong>FAQ - Fumot Digital Box 12000 Love 66<\/strong><\/h2>\n<p><strong>1. \u00bfqu\u00e9 hace que Love 66 sea tan especial?<\/strong><\/p>\n<p>\u27a1\ufe0f Love 66 impresiona por su inconfundible perfil frutal, seductoramente dulce, que se desmarca de los sabores habituales: con cuerpo, c\u00e1lido y con una agradable profundidad arom\u00e1tica.<\/p>\n<p><strong>2. \u00bfcu\u00e1nto dura el Fumot Digital Box 12000 Love 66?<\/strong><\/p>\n<p>\u27a1\ufe0f Con hasta 12.000 caladas y una capacidad de llenado de 20 ml, el dispositivo dura de varios d\u00edas a varias semanas, dependiendo del comportamiento de uso personal.<\/p>\n<p><strong>3. \u00bfExiste tambi\u00e9n una versi\u00f3n sin nicotina de Love 66?<\/strong><\/p>\n<p>\u27a1\ufe0f S\u00ed. Puede elegir f\u00e1cilmente entre 0 %, 2 %, 3 % y 5 % de contenido de nicotina al comprar.<\/p>\n<p><strong>4. \u00bfc\u00f3mo se organiza el env\u00edo?<\/strong><\/p>\n<p>\u27a1\ufe0f El pedido se env\u00eda directamente desde un almac\u00e9n alem\u00e1n. La entrega suele tardar entre 10 y 15 d\u00edas laborables.<\/p>\n<h2><strong>\ud83d\ude80 Vuelve a enamorarte - Love 66 hace que cada tren sea inolvidable<\/strong><\/h2>\n<p>El Fumot Digital Box 12000 Love 66 es la elecci\u00f3n ideal para cualquiera que quiera llevar su experiencia de vapeo al siguiente nivel con un sabor seductor y con car\u00e1cter. Dulce, duradero y con una personalidad que inspira - este dispositivo ser\u00e1 recordado.<\/p>\n<h3><strong>D\u00e9jese inspirar a\u00fan m\u00e1s<\/strong><\/h3>\n<p>Descubra sabores y aparatos a\u00fan m\u00e1s ins\u00f3litos en <a href=\"https:\/\/www.kurzvape.de\/es\/\"><strong>kurzvape.de - Tienda online de vapes y cigarrillos electr\u00f3nicos desechables de alta calidad<\/strong><\/a>. Todas las innovaciones y los cl\u00e1sicos probados de Fumot se pueden encontrar juntos en el <a href=\"https:\/\/www.kurzvape.de\/es\/product-category\/fumot-vape\/\"><strong>Categor\u00eda de productos Fumot Vape - Descubra el mundo completo de la marca<\/strong><\/a>. Si desea ver de un vistazo todas las versiones y sabores disponibles de este modelo, encontrar\u00e1 todo lo que necesita en la p\u00e1gina <a href=\"https:\/\/www.kurzvape.de\/es\/product-category\/fumot-vape\/fumot-digital-box-12000\/\"><strong>P\u00e1gina de la serie Fumot Digital Box 12000 - Todas las variantes y sabores de un vistazo<\/strong><\/a> encontrado.<\/p>","protected":false},"excerpt":{"rendered":"<p>El Fumot Digital Box 12000 Love 66 es un cigarrillo electr\u00f3nico desechable con un seductor y dulce sabor a fruta, 20 ml de capacidad del dep\u00f3sito y hasta 12.000 caladas. Con bater\u00eda recargable de 550 mAh, pantalla LED y potencia de nicotina seleccionable (0-5 %) - entregado r\u00e1pidamente desde un almac\u00e9n alem\u00e1n.<\/p>","protected":false},"featured_media":1268,"comment_status":"open","ping_status":"closed","template":"","meta":{"_acf_changed":false},"product_brand":[],"product_cat":[22],"product_tag":[],"class_list":{"0":"post-1265","1":"product","2":"type-product","3":"status-publish","4":"has-post-thumbnail","6":"product_cat-fumot-digital-box-12000","8":"first","9":"instock","10":"sale","11":"shipping-taxable","12":"purchasable","13":"product-type-variable"},"acf":[],"_links":{"self":[{"href":"https:\/\/www.kurzvape.de\/es\/wp-json\/wp\/v2\/product\/1265","targetHints":{"allow":["GET"]}}],"collection":[{"href":"https:\/\/www.kurzvape.de\/es\/wp-json\/wp\/v2\/product"}],"about":[{"href":"https:\/\/www.kurzvape.de\/es\/wp-json\/wp\/v2\/types\/product"}],"replies":[{"embeddable":true,"href":"https:\/\/www.kurzvape.de\/es\/wp-json\/wp\/v2\/comments?post=1265"}],"wp:featuredmedia":[{"embeddable":true,"href":"https:\/\/www.kurzvape.de\/es\/wp-json\/wp\/v2\/media\/1268"}],"wp:attachment":[{"href":"https:\/\/www.kurzvape.de\/es\/wp-json\/wp\/v2\/media?parent=1265"}],"wp:term":[{"taxonomy":"product_brand","embeddable":true,"href":"https:\/\/www.kurzvape.de\/es\/wp-json\/wp\/v2\/product_brand?post=1265"},{"taxonomy":"product_cat","embeddable":true,"href":"https:\/\/www.kurzvape.de\/es\/wp-json\/wp\/v2\/product_cat?post=1265"},{"taxonomy":"product_tag","embeddable":true,"href":"https:\/\/www.kurzvape.de\/es\/wp-json\/wp\/v2\/product_tag?post=1265"}],"curies":[{"name":"wp","href":"https:\/\/api.w.org\/{rel}","templated":true}]}}