{"id":1348,"date":"2026-03-13T23:52:28","date_gmt":"2026-03-13T15:52:28","guid":{"rendered":"https:\/\/www.kurzvape.de\/?post_type=product&#038;p=1348"},"modified":"2026-03-13T23:52:29","modified_gmt":"2026-03-13T15:52:29","slug":"fumot-leopard-40000-blueberry-raspberry","status":"publish","type":"product","link":"https:\/\/www.kurzvape.de\/es\/product\/fumot-leopard-40000-blueberry-raspberry\/","title":{"rendered":"Fumot Leopard 40000 Ar\u00e1ndano Frambuesa"},"content":{"rendered":"<h2><strong>Fumot Leopard 40000 Blueberry Raspberry - e-cigarrillo desechable<\/strong><\/h2>\n<p>Sum\u00e9rjase en la interacci\u00f3n afrutada de la <strong>Fumot Leopard 40000 Ar\u00e1ndano Frambuesa<\/strong>. Los ar\u00e1ndanos completamente maduros y las frambuesas \u00e1cidas se funden en un vibrante sabor a bayas: dulce, ligeramente \u00e1cido e incre\u00edblemente fresco. Cada calada despliega una variedad natural de frutas que mima el paladar y lleva la experiencia de vapear a un nuevo nivel.<\/p>\n<p>En <strong>Fumot Leopard 40000 Ar\u00e1ndano Frambuesa<\/strong> no s\u00f3lo impresiona por su sabor, sino tambi\u00e9n por su aspecto inconfundible. La carcasa transparente con el caracter\u00edstico dibujo de leopardo representa una acertada combinaci\u00f3n de tecnolog\u00eda moderna y est\u00e9tica natural: un aparato que a\u00fana estilo y sustancia.<\/p>\n<p>El indicador de nivel de aceite y la pantalla de encendido le permiten controlar el estado del aparato en todo momento. Los vistosos efectos de iluminaci\u00f3n RGB ponen el acento en cada calada y hacen que el <strong>Fumot Leopard 40000 Ar\u00e1ndano Frambuesa<\/strong> un verdadero punto de atracci\u00f3n, tanto de d\u00eda como de noche.<\/p>\n<h2><strong>Caracter\u00edsticas del producto<\/strong><\/h2>\n<ul>\n<li>Hasta 40.000 tirones: m\u00e1xima autonom\u00eda para usuarios exigentes<\/li>\n<li>Intensidades de nicotina - 0% \/ 2% \/ 3% \/ 5% de selecci\u00f3n flexible<\/li>\n<li>Puerto de carga USB-C: carga r\u00e1pida que ahorra tiempo<\/li>\n<li>Bater\u00eda de 700 mAh: alimentaci\u00f3n estable y duradera<\/li>\n<li>Iluminaci\u00f3n LED RGB: efectos de colores vivos con cada movimiento<\/li>\n<li>Pantalla digital: estado de la bater\u00eda y contador de caladas de un vistazo<\/li>\n<li>Bobina de malla doble: vaporizaci\u00f3n uniforme para un sabor intenso<\/li>\n<li>Variaciones crom\u00e1ticas de moda: expresivas y con estilo<\/li>\n<\/ul>\n<h2><strong>\u00bfQu\u00e9 hace tan especial al Fumot Leopard 40000 Blueberry Raspberry?<\/strong><\/h2>\n<p>\ud83e\uded0 <strong>D\u00fao de bayas afrutadas<\/strong> El ar\u00e1ndano y la frambuesa se complementan para crear un perfil de sabor natural y vibrante: el dulzor del ar\u00e1ndano armoniza perfectamente con la nota \u00e1cida de la frambuesa para un aroma redondo y satisfactorio.<\/p>\n<p>\ud83d\ude80 <strong>Vida \u00fatil inmejorable<\/strong> 40.000 caladas garantizan semanas de disfrute ininterrumpido, ideal para cualquiera que busque una compa\u00f1era fiable para el d\u00eda a d\u00eda y los viajes.<\/p>\n<p>\ud83d\udd0b <strong>Potente bater\u00eda con USB-C<\/strong> La robusta bater\u00eda de 700 mAh ofrece un rendimiento constante durante toda la vida \u00fatil; gracias a la conexi\u00f3n USB-C, la carga es r\u00e1pida y sencilla.<\/p>\n<p>\ud83c\udf2c\ufe0f <strong>Tecnolog\u00eda Dual Mesh Coil<\/strong> La tecnolog\u00eda de doble n\u00facleo calefactor calienta el l\u00edquido de forma precisa y uniforme: el resultado son densas nubes de vapor y un sabor que impresiona de principio a fin.<\/p>\n<p>\ud83d\udca1 <strong>Iluminaci\u00f3n RGB de colores<\/strong> El sistema LED integrado ilumina cada tren con un rico juego de colores, una experiencia visual que hace inconfundible al Fumot Leopard 40K.<\/p>\n<p>\ud83e\udde0 <strong>Sistema de visualizaci\u00f3n digital inteligente<\/strong> La informaci\u00f3n en tiempo real sobre el estado de la bater\u00eda y las caladas restantes hace que el uso sea transparente y c\u00f3modo: siempre sabr\u00e1s lo que est\u00e1 haciendo tu dispositivo.<\/p>\n<h2><strong>Sus ventajas en la vida cotidiana<\/strong><\/h2>\n<ul>\n<li>Listo para usar desde el primer momento, sin necesidad de preparaci\u00f3n<\/li>\n<li>Relleno de f\u00e1brica: no es necesario rellenar ni cambiar el cartucho<\/li>\n<li>Carga r\u00e1pida USB-C: r\u00e1pida, eficiente y adecuada para el uso diario.<\/li>\n<li>Calidad de vapor y sabor constante de principio a fin<\/li>\n<li>Dise\u00f1o compacto y ligero: el compa\u00f1ero perfecto para cualquier ocasi\u00f3n<\/li>\n<li>Rendimiento de alta calidad sin esfuerzo t\u00e9cnico<\/li>\n<\/ul>\n<h2><strong>\u00bfPara qui\u00e9n es adecuado el Fumot Leopard 40000 Blueberry Raspberry?<\/strong><\/h2>\n<ul>\n<li>Amantes de la fruta - Los amantes de los sabores naturales a bayas estar\u00e1n encantados<\/li>\n<li>Principiante - Funcionamiento intuitivo, sin necesidad de configuraci\u00f3n ni mantenimiento<\/li>\n<li>Viajeros: compacta, duradera y siempre lista para usar<\/li>\n<li>Dejar el tabaco: diferentes concentraciones de nicotina para una transici\u00f3n suave<\/li>\n<li>Usuarios frecuentes: 40.000 caladas para disfrutar al m\u00e1ximo sin tener que cambiar de dispositivo con frecuencia.<\/li>\n<\/ul>\n<p><em>Nota: Conservar en lugar fresco y seco, protegido de la luz solar directa y del calor.<\/em><\/p>\n<h3><strong>M\u00e1s informaci\u00f3n<\/strong><\/h3>\n<p>Explore el mundo del vapeo moderno en <strong><a href=\"https:\/\/www.kurzvape.de\/es\/\">kurzvape.de - Vapes y m\u00e1s<\/a><\/strong> y encuentre su electrodom\u00e9stico ideal entre una amplia gama de marcas l\u00edderes. Una estructurada selecci\u00f3n de productos de alta calidad le espera en la <strong><a href=\"https:\/\/www.kurzvape.de\/es\/product-category\/fumot-vape\/\">Fumot Vape colecci\u00f3n completa<\/a><\/strong> - desde dispositivos para principiantes hasta profesionales. Todos los sabores y versiones del \u00e9xito de larga duraci\u00f3n con 40.000 caladas se resumen claramente en el <strong><a href=\"https:\/\/www.kurzvape.de\/es\/product-category\/fumot-vape\/fumot-leopard-40000\/\">Visi\u00f3n general de la variante Fumot Leopard 40000<\/a><\/strong>.<\/p>","protected":false},"excerpt":{"rendered":"<p>Fumot Leopard 40000 Blueberry Raspberry: el d\u00fao afrutado de ar\u00e1ndanos y frambuesas se une a la tecnolog\u00eda de vapor m\u00e1s avanzada. Con 40.000 caladas, doble bobina de malla, carga USB-C, LED RGB y pantalla digital. Disponible en nicotina 0%, 2%, 3% o 5%.<\/p>","protected":false},"featured_media":1351,"comment_status":"open","ping_status":"closed","template":"","meta":{"_acf_changed":false},"product_brand":[],"product_cat":[25],"product_tag":[],"class_list":{"0":"post-1348","1":"product","2":"type-product","3":"status-publish","4":"has-post-thumbnail","6":"product_cat-fumot-leopard-40000","8":"first","9":"instock","10":"sale","11":"shipping-taxable","12":"purchasable","13":"product-type-variable"},"acf":[],"_links":{"self":[{"href":"https:\/\/www.kurzvape.de\/es\/wp-json\/wp\/v2\/product\/1348","targetHints":{"allow":["GET"]}}],"collection":[{"href":"https:\/\/www.kurzvape.de\/es\/wp-json\/wp\/v2\/product"}],"about":[{"href":"https:\/\/www.kurzvape.de\/es\/wp-json\/wp\/v2\/types\/product"}],"replies":[{"embeddable":true,"href":"https:\/\/www.kurzvape.de\/es\/wp-json\/wp\/v2\/comments?post=1348"}],"wp:featuredmedia":[{"embeddable":true,"href":"https:\/\/www.kurzvape.de\/es\/wp-json\/wp\/v2\/media\/1351"}],"wp:attachment":[{"href":"https:\/\/www.kurzvape.de\/es\/wp-json\/wp\/v2\/media?parent=1348"}],"wp:term":[{"taxonomy":"product_brand","embeddable":true,"href":"https:\/\/www.kurzvape.de\/es\/wp-json\/wp\/v2\/product_brand?post=1348"},{"taxonomy":"product_cat","embeddable":true,"href":"https:\/\/www.kurzvape.de\/es\/wp-json\/wp\/v2\/product_cat?post=1348"},{"taxonomy":"product_tag","embeddable":true,"href":"https:\/\/www.kurzvape.de\/es\/wp-json\/wp\/v2\/product_tag?post=1348"}],"curies":[{"name":"wp","href":"https:\/\/api.w.org\/{rel}","templated":true}]}}