{"id":1518,"date":"2026-03-16T23:13:40","date_gmt":"2026-03-16T15:13:40","guid":{"rendered":"https:\/\/www.kurzvape.de\/?post_type=product&#038;p=1518"},"modified":"2026-03-16T23:13:40","modified_gmt":"2026-03-16T15:13:40","slug":"vozol-star-40000-cherry-cola","status":"publish","type":"product","link":"https:\/\/www.kurzvape.de\/es\/product\/vozol-star-40000-cherry-cola\/","title":{"rendered":"Vozol Star 40000 Cereza Cola"},"content":{"rendered":"<h2><strong>Vapeador desechable Vozol Star 40000 Cherry Cola<\/strong><\/h2>\n<p>El sabor Cherry Cola de Vozol Star 40000 combina el aroma cl\u00e1sico de las cerezas maduras y dulces con el inconfundible sabor \u00e1cido de la cola para crear una nost\u00e1lgica experiencia de placer. La dulzura familiar de la bebida de culto se mezcla con el sabor afrutado de la cereza para crear un perfil de vapor con cuerpo y hormigueo. Cada calada te trae recuerdos de tu bebida favorita: refrescante, dulce y absolutamente irresistible.<\/p>\n<h2><strong>Cherry Cola - Una nueva versi\u00f3n de un cl\u00e1sico de culto<\/strong><\/h2>\n<p>El Vozol Star 40000 Cherry Cola trae el inconfundible sabor de la cereza cola al mundo del vapeo. Con una autonom\u00eda de hasta 40.000 caladas, una fiable bater\u00eda de 1.000 mAh y la c\u00f3moda funci\u00f3n de carga r\u00e1pida USB-C, podr\u00e1s disfrutar de este sabor de culto sin molestas interrupciones. La elegante pantalla OLED ondulada muestra siempre con claridad el nivel actual de bater\u00eda y l\u00edquido.<\/p>\n<p>Las avanzadas bobinas de doble malla en combinaci\u00f3n con la tecnolog\u00eda S.i.L.C reproducen el caracter\u00edstico sabor a cereza y cola con notable precisi\u00f3n, para una experiencia de sabor intensa y constante desde el primer hasta el \u00faltimo uso. El sistema de vapor MTL ergon\u00f3mico permite una t\u00e9cnica de inhalaci\u00f3n natural, similar a la de un cigarrillo, y facilita enormemente el inicio.<\/p>\n<h2><strong>Resumen de datos t\u00e9cnicos<\/strong><\/h2>\n<ul>\n<li>Puffs: hasta 40.000 (dependiendo de la longitud del tren y la frecuencia)<\/li>\n<li>E-l\u00edquido: 20 ml, precargado<\/li>\n<li>Bater\u00eda: 1000 mAh, recargable mediante USB-C<\/li>\n<li>Nicotina: 50 mg\/ml (5 %)<\/li>\n<li>Bobina: Elementos calefactores de doble malla<\/li>\n<li>Pantalla: muestra el estado de la bater\u00eda, el l\u00edquido y el modo<\/li>\n<li>Modos: ECO | POWER<\/li>\n<li>Sabores: 24<\/li>\n<\/ul>\n<h2><strong>Vozol Star 40000 Cereza Cola <\/strong><strong>Configuraci\u00f3n de potencia de un vistazo<\/strong><\/h2>\n<ul>\n<li><strong>Capacidad de la bater\u00eda:<\/strong> Bater\u00eda de litio de alta capacidad de 1000 mAh con funci\u00f3n de carga r\u00e1pida Type-C para reducir al m\u00ednimo las interrupciones de carga.<\/li>\n<li><strong>Capacidad de e-l\u00edquido:<\/strong> 20 ml de e-l\u00edquido de sales de nicotina preinstalado con un contenido de nicotina de 5 % para un sabor intenso y duradero a cereza y cola<\/li>\n<li><strong>Sistema de bobina:<\/strong> Sofisticada tecnolog\u00eda de doble malla para una distribuci\u00f3n uniforme del calor y un aut\u00e9ntico desarrollo del sabor<\/li>\n<li><strong>Pantalla:<\/strong> Pantalla OLED curva con retroiluminaci\u00f3n para una visualizaci\u00f3n precisa de la capacidad de la bater\u00eda y las caladas restantes<\/li>\n<li><strong>Modos de tren:<\/strong> Modo ECO para hasta 40.000 caladas y modo POWER para hasta 25.000 caladas con mayor intensidad de vapor<\/li>\n<li><strong>Cambio de modo:<\/strong> Cambia f\u00e1cilmente entre el eficiente modo ECO y el potente modo POWER con s\u00f3lo pulsar un bot\u00f3n<\/li>\n<\/ul>\n<h3><strong>Cherry Cola vapour enjoyment - Ahora en Kurzvape<\/strong><\/h3>\n<p>\u00bfEnamorado del Vozol Star 40000 Cherry Cola? Visita <strong><a href=\"https:\/\/www.kurzvape.de\/es\/\">Kurzvape - la tienda de vapeo en l\u00ednea l\u00edder<\/a><\/strong> y descubra nuestra amplia gama de productos de vapor. Navegue por la <strong><a href=\"https:\/\/www.kurzvape.de\/es\/product-category\/vozol-vape\/\">toda la l\u00ednea de productos VOZOL<\/a><\/strong> y d\u00e9jese inspirar por la selecci\u00f3n de aparatos de primera clase. Encontrar\u00e1 una lista compacta de todos los sabores de esta potente serie en el <strong><a href=\"https:\/\/www.kurzvape.de\/es\/product-category\/vozol-vape\/vozol-star-40000\/\">Serie de modelos Vozol Star 40000<\/a><\/strong> - enviados r\u00e1pidamente, directamente desde el almac\u00e9n de la UE.<\/p>","protected":false},"excerpt":{"rendered":"<p>El cigarrillo electr\u00f3nico desechable Vozol Star 40000 Cherry Cola combina el dulce sabor a cereza con la chispeante efervescencia de la cola. Con 40.000 caladas, bater\u00eda de 1.000 mAh, carga USB-C y doble bobina de malla, un nost\u00e1lgico placer de culto.<\/p>","protected":false},"featured_media":1519,"comment_status":"open","ping_status":"closed","template":"","meta":{"_acf_changed":false},"product_brand":[],"product_cat":[28],"product_tag":[],"class_list":{"0":"post-1518","1":"product","2":"type-product","3":"status-publish","4":"has-post-thumbnail","6":"product_cat-vozol-star-40000","8":"first","9":"instock","10":"sale","11":"shipping-taxable","12":"purchasable","13":"product-type-variable"},"acf":[],"_links":{"self":[{"href":"https:\/\/www.kurzvape.de\/es\/wp-json\/wp\/v2\/product\/1518","targetHints":{"allow":["GET"]}}],"collection":[{"href":"https:\/\/www.kurzvape.de\/es\/wp-json\/wp\/v2\/product"}],"about":[{"href":"https:\/\/www.kurzvape.de\/es\/wp-json\/wp\/v2\/types\/product"}],"replies":[{"embeddable":true,"href":"https:\/\/www.kurzvape.de\/es\/wp-json\/wp\/v2\/comments?post=1518"}],"wp:featuredmedia":[{"embeddable":true,"href":"https:\/\/www.kurzvape.de\/es\/wp-json\/wp\/v2\/media\/1519"}],"wp:attachment":[{"href":"https:\/\/www.kurzvape.de\/es\/wp-json\/wp\/v2\/media?parent=1518"}],"wp:term":[{"taxonomy":"product_brand","embeddable":true,"href":"https:\/\/www.kurzvape.de\/es\/wp-json\/wp\/v2\/product_brand?post=1518"},{"taxonomy":"product_cat","embeddable":true,"href":"https:\/\/www.kurzvape.de\/es\/wp-json\/wp\/v2\/product_cat?post=1518"},{"taxonomy":"product_tag","embeddable":true,"href":"https:\/\/www.kurzvape.de\/es\/wp-json\/wp\/v2\/product_tag?post=1518"}],"curies":[{"name":"wp","href":"https:\/\/api.w.org\/{rel}","templated":true}]}}