{"id":1742,"date":"2026-03-20T23:45:52","date_gmt":"2026-03-20T15:45:52","guid":{"rendered":"https:\/\/www.kurzvape.de\/?post_type=product&#038;p=1742"},"modified":"2026-03-20T23:45:53","modified_gmt":"2026-03-20T15:45:53","slug":"vozol-vista-40000-blueberry-ice","status":"publish","type":"product","link":"https:\/\/www.kurzvape.de\/es\/product\/vozol-vista-40000-blueberry-ice\/","title":{"rendered":"Vozol Vista 40000 Blueberry Ice"},"content":{"rendered":"<h2><strong>Vapeador desechable Vozol Vista 40000 Blueberry Ice<\/strong><\/h2>\n<p><strong>Vozol Vista 40000 Blueberry Ice<\/strong> - Los ar\u00e1ndanos maduros despliegan todo su sabor con una dulzura aterciopelada y un toque de frutado natural, mientras que un frescor mentolado helado redondea el sabor. Cada calada combina un intenso sabor afrutado con un vigorizante frescor y deja en la lengua una experiencia de sabor limpio y agradablemente fresco.<\/p>\n<h2><strong>Tecnolog\u00eda, rendimiento y personalizaci\u00f3n<\/strong><\/h2>\n<p>Descubre el Pod Desechable Vozol Vista 40K Puffs - equipado con una potente bater\u00eda de 1000 mAh con soporte de carga r\u00e1pida USB-C. Gracias a la innovadora bobina de doble malla (tecnolog\u00eda S.i.L.C), proporciona hasta 40.000 caladas y ofrece 4 niveles de vataje, as\u00ed como 2 niveles de flujo de aire ajustables individualmente. La pantalla LED integrada muestra el n\u00famero de caladas, el estado de la bater\u00eda, el nivel de l\u00edquido y los efectos de luz interactivos en tiempo real.<\/p>\n<p>En <strong>Vozol Vista 40000 Blueberry Ice<\/strong> El Pod desechable ofrece una experiencia de vapeo excepcional con hasta 40.000 caladas y est\u00e1 disponible en las concentraciones de nicotina 2 % y 5 %. El caracter\u00edstico elemento giratorio permite un control intuitivo directamente a trav\u00e9s de la pantalla integrada - h\u00e1pticamente preciso y visualmente atractivo al mismo tiempo. Tanto para principiantes como para usuarios experimentados, este dispositivo combina el m\u00e1ximo control con una experiencia de uso \u00fanica.<\/p>\n<p>Adem\u00e1s, el <strong>Vozol Vista 40000 Blueberry Ice<\/strong> Con sus 4 modos de potencia y 2 niveles de flujo de aire, ofrece un total de 8 combinaciones de sabores individuales en un solo dispositivo. S\u00f3lo tienes que cambiar entre los ajustes para descubrir nuevos matices de sabor - para una calada que es siempre exactamente lo que quieres.<\/p>\n<h2><strong>Propiedades<\/strong><\/h2>\n<ul>\n<li>L\u00edquido precargado de 20 ml<\/li>\n<li>Bater\u00eda recargable de alto rendimiento de 1000 mAh<\/li>\n<li>N\u00famero de trenes: Hasta 40.000 trenes<\/li>\n<li>4 modos de potencia de salida: Soft, Norm, Surge y Turbo<\/li>\n<li>2 niveles de flujo de aire ajustables con control de aire del suelo<\/li>\n<li>Giro giratorio para controlar la potencia<\/li>\n<li>Pantalla digital curva en el lateral para el nivel de bater\u00eda, el nivel de l\u00edquido y el modo de alimentaci\u00f3n<\/li>\n<li>Potencia de nicotina: 5 % (50 mg\/ml)<\/li>\n<li>Carga por USB tipo C (cable no incluido)<\/li>\n<li>Tren activado<\/li>\n<li>Vapeo MTL<\/li>\n<\/ul>\n<h2><strong>Preguntas m\u00e1s frecuentes<\/strong><\/h2>\n<p><strong>\u00bfQu\u00e9 hace que Vozol Vista 40K Desechable sea tan especial?<\/strong><\/p>\n<p>La Vozol Vista impresiona con su enorme capacidad de 40.000 caladas y un dise\u00f1o de carcasa transparente que deja visible la tecnolog\u00eda interna de alta calidad.<\/p>\n<p><strong>\u00bfSe pueden ajustar los niveles de potencia del Vozol Vista 40K?<\/strong><\/p>\n<p>S\u00ed, el Vozol Vista 40K tiene varios ajustes de potencia que permiten a los usuarios ajustar la cantidad de vapor y la intensidad del sabor a su gusto.<\/p>\n<p><strong>\u00bfCu\u00e1ntos trenes ofrece el Vozol Vista 40K?<\/strong><\/p>\n<p>El aparato est\u00e1 dise\u00f1ado para dar hasta 40.000 caladas, dependiendo del nivel de potencia seleccionado.<\/p>\n<p><strong>\u00bfQu\u00e9 tecnolog\u00eda de bobina utiliza el Vozol Vista 40K?<\/strong><\/p>\n<p>El Vozol 40000 utiliza la tecnolog\u00eda SiLC en combinaci\u00f3n con bobinas de malla duales para una experiencia de vapor arom\u00e1tico uniforme, puro y duradero.<\/p>\n<p><strong>\u00bfEs el Vozol Vista 40000 f\u00e1cil de transportar?<\/strong><\/p>\n<p>S\u00ed, a pesar de su gran capacidad, el <strong>Vozol Vista 40000 Blueberry Ice<\/strong> con un dise\u00f1o ergon\u00f3mico y compacto que lo convierte en el compa\u00f1ero ideal para viajar.<\/p>\n<h3><strong>Vozol Vista 40K Blueberry Ice - Desc\u00fabrelo ahora en nuestra tienda<\/strong><\/h3>\n<p>Puede adquirir vaporizadores desechables de calidad probada directamente en <strong><a href=\"https:\/\/www.kurzvape.de\/es\/\">kurzvape.de - su empresa de venta por correo de vapeadores<\/a><\/strong>, donde la elecci\u00f3n y la fiabilidad son primordiales. Quien busque espec\u00edficamente productos de un fabricante concreto encontrar\u00e1 una visi\u00f3n completa en la secci\u00f3n <strong><a href=\"https:\/\/www.kurzvape.de\/es\/product-category\/vozol-vape\/\">El mundo de los vaporizadores VOZOL<\/a><\/strong>. En <strong>Vozol Vista 40000 Blueberry Ice<\/strong> y todos los dem\u00e1s dispositivos de esta potente serie se pueden encontrar agrupados en el <strong><a href=\"https:\/\/www.kurzvape.de\/es\/product-category\/vozol-vape\/vozol-vista-40000\/\">L\u00ednea de productos Vozol Vista 40000<\/a><\/strong> - Pr\u00e1ctico para quien quiera comparar modelos y sabores directamente entre s\u00ed.<\/p>","protected":false},"excerpt":{"rendered":"<p>El cigarrillo electr\u00f3nico desechable Vozol Vista 40000 Blueberry Ice impresiona con su jugoso sabor a ar\u00e1ndanos y su nota mentolada helada y fresca. Con hasta 40.000 caladas, 4 modos de potencia, 2 niveles de flujo de aire y carga r\u00e1pida USB-C, ofrece la m\u00e1xima flexibilidad: compacto, potente e ideal para viajar.<\/p>","protected":false},"featured_media":1744,"comment_status":"open","ping_status":"closed","template":"","meta":{"_acf_changed":false},"product_brand":[],"product_cat":[29],"product_tag":[],"class_list":{"0":"post-1742","1":"product","2":"type-product","3":"status-publish","4":"has-post-thumbnail","6":"product_cat-vozol-vista-40000","8":"first","9":"instock","10":"sale","11":"shipping-taxable","12":"purchasable","13":"product-type-variable"},"acf":[],"_links":{"self":[{"href":"https:\/\/www.kurzvape.de\/es\/wp-json\/wp\/v2\/product\/1742","targetHints":{"allow":["GET"]}}],"collection":[{"href":"https:\/\/www.kurzvape.de\/es\/wp-json\/wp\/v2\/product"}],"about":[{"href":"https:\/\/www.kurzvape.de\/es\/wp-json\/wp\/v2\/types\/product"}],"replies":[{"embeddable":true,"href":"https:\/\/www.kurzvape.de\/es\/wp-json\/wp\/v2\/comments?post=1742"}],"wp:featuredmedia":[{"embeddable":true,"href":"https:\/\/www.kurzvape.de\/es\/wp-json\/wp\/v2\/media\/1744"}],"wp:attachment":[{"href":"https:\/\/www.kurzvape.de\/es\/wp-json\/wp\/v2\/media?parent=1742"}],"wp:term":[{"taxonomy":"product_brand","embeddable":true,"href":"https:\/\/www.kurzvape.de\/es\/wp-json\/wp\/v2\/product_brand?post=1742"},{"taxonomy":"product_cat","embeddable":true,"href":"https:\/\/www.kurzvape.de\/es\/wp-json\/wp\/v2\/product_cat?post=1742"},{"taxonomy":"product_tag","embeddable":true,"href":"https:\/\/www.kurzvape.de\/es\/wp-json\/wp\/v2\/product_tag?post=1742"}],"curies":[{"name":"wp","href":"https:\/\/api.w.org\/{rel}","templated":true}]}}