{"id":1776,"date":"2026-03-22T19:13:15","date_gmt":"2026-03-22T11:13:15","guid":{"rendered":"https:\/\/www.kurzvape.de\/?post_type=product&#038;p=1776"},"modified":"2026-03-22T19:13:15","modified_gmt":"2026-03-22T11:13:15","slug":"vozol-vista-40000-mango-passion-fruit","status":"publish","type":"product","link":"https:\/\/www.kurzvape.de\/es\/product\/vozol-vista-40000-mango-passion-fruit\/","title":{"rendered":"Vozol Vista 40000 Mango Fruta de la Pasi\u00f3n"},"content":{"rendered":"<h2><strong>Vapeador desechable Vozol Vista 40000 Mango Fruta de la Pasi\u00f3n<\/strong><\/h2>\n<p>Vozol Vista 40000 Mango Fruta de la Pasi\u00f3n - el ex\u00f3tico encuentro entre el cremoso mango y la hormigueante intensidad de la fruta de la pasi\u00f3n madura da como resultado un d\u00fao de sabores irresistible. Cada calada transmite la calidez de la fruta tropical, viva, de m\u00faltiples capas y con un final seductoramente largo, afrutado y arom\u00e1tico que deja una impresi\u00f3n duradera en el paladar.<\/p>\n<h2><strong>Tecnolog\u00eda punta, manejo intuitivo y sabores tropicales<\/strong><\/h2>\n<p>El Pod Desechable Vozol Vista 40000 Mango Passion Fruit tiene una bater\u00eda fiable de 1000 mAh con funci\u00f3n de carga r\u00e1pida USB-C - para un disfrute ininterrumpido en el d\u00eda a d\u00eda. La avanzada tecnolog\u00eda de doble bobina de malla (S.i.L.C) garantiza hasta 40.000 caladas de sabor constante sin p\u00e9rdida de calidad. Cuatro niveles de potencia seleccionables y dos variantes de flujo de aire permiten un ajuste preciso de la experiencia de vapeo, mientras que la pantalla LED integrada proporciona toda la informaci\u00f3n importante de forma clara y en tiempo real.<\/p>\n<p>Vozol Vista 40000 Mango Passion Fruit combina el sabor tropical con la precisi\u00f3n t\u00e9cnica y est\u00e1 disponible en concentraciones de nicotina de 2 % y 5 %. La caracter\u00edstica rueda giratoria permite un control directo y agradable al tacto de todas las funciones del dispositivo, complementado con una pantalla sensible para una experiencia de usuario \u00f3ptima. Este dispositivo est\u00e1 dirigido a cualquier persona que desee combinar un perfil de sabor excepcional con una tecnolog\u00eda de alta calidad, independientemente de su nivel de experiencia.<\/p>\n<p>Con 4 modos de potencia y 2 ajustes de flujo de aire, el Vozol Vista 40000 Mango Passion Fruit ofrece un total de 8 configuraciones de sabor individuales en un \u00fanico dispositivo compacto. El cambio sin esfuerzo entre las configuraciones permite que el d\u00fao de sabores tropicales se ilumine con matices siempre nuevos: desde suavemente afrutado hasta intensamente ex\u00f3tico, justo como a ti te gusta.<\/p>\n<h2><strong>Propiedades<\/strong><\/h2>\n<ul>\n<li>L\u00edquido precargado de 20 ml<\/li>\n<li>Bater\u00eda recargable de alto rendimiento de 1000 mAh<\/li>\n<li>N\u00famero de trenes: Hasta 40.000 trenes<\/li>\n<li>4 modos de potencia de salida: Soft, Norm, Surge y Turbo<\/li>\n<li>2 niveles de flujo de aire ajustables con control de aire del suelo<\/li>\n<li>Giro giratorio para controlar la potencia<\/li>\n<li>Pantalla digital curva en el lateral para el nivel de bater\u00eda, el nivel de l\u00edquido y el modo de alimentaci\u00f3n<\/li>\n<li>Potencia de nicotina: 5 % (50 mg\/ml)<\/li>\n<li>Carga por USB tipo C (cable no incluido)<\/li>\n<li>Tren activado<\/li>\n<li>Vapeo MTL<\/li>\n<\/ul>\n<h2><strong>Preguntas m\u00e1s frecuentes<\/strong><\/h2>\n<p><strong>\u00bfQu\u00e9 hace que Vozol Vista 40K Desechable sea tan especial?<\/strong><\/p>\n<p>El Vozol Vista 40000 Mango Passion Fruit destaca por su excepcional capacidad de 40.000 caladas y su carcasa transparente, que revela la tecnolog\u00eda interna de alta calidad.<\/p>\n<p><strong>\u00bfSe pueden ajustar los niveles de potencia del Vozol Vista 40K?<\/strong><\/p>\n<p>S\u00ed, los cuatro niveles de potencia espec\u00edficos le permiten ajustar la cantidad de vapor y la intensidad del aroma para disfrutar de una experiencia de vapor totalmente personalizada.<\/p>\n<p><strong>\u00bfCu\u00e1ntos trenes ofrece el Vozol Vista 40K?<\/strong><\/p>\n<p>Dependiendo del nivel de potencia seleccionado, el aparato puede proporcionar hasta 40.000 caladas, lo que lo sit\u00faa en lo m\u00e1s alto de su categor\u00eda de producto.<\/p>\n<p><strong>\u00bfQu\u00e9 tecnolog\u00eda de bobina utiliza el Vozol Vista 40K?<\/strong><\/p>\n<p>El Vozol Vista 40000 utiliza bobinas de doble malla en combinaci\u00f3n con la tecnolog\u00eda SiLC - para un disfrute del vapor consistentemente puro, arom\u00e1ticamente estable y de larga duraci\u00f3n.<\/p>\n<p><strong>\u00bfEs el Vozol Vista 40000 f\u00e1cil de transportar?<\/strong><\/p>\n<p>S\u00ed, la carcasa ergon\u00f3mica y compacta del Vozol Vista 40K lo convierte en un pr\u00e1ctico compa\u00f1ero diario a pesar de su gran capacidad, siempre a mano y f\u00e1cil de guardar.<\/p>\n<h3><strong>Vozol Vista 40000 Mango Fruta de la Pasi\u00f3n - Compre ahora<\/strong><\/h3>\n<p>Vapes desechables de primera calidad y con un servicio de atenci\u00f3n al cliente fiable disponibles en <strong><a href=\"https:\/\/www.kurzvape.de\/es\/\">kurzvape - la tienda online de vapeo con experiencia<\/a><\/strong> - uno de los primeros puertos de escala para los vapers en Alemania. Cualquiera que desee familiarizarse con la variada gama de productos de este fabricante encontrar\u00e1 toda la informaci\u00f3n en el <strong><a href=\"https:\/\/www.kurzvape.de\/es\/product-category\/vozol-vape\/\">\u00c1rea del fabricante VOZOL en kurzvape.de<\/a><\/strong> - claramente organizados para una selecci\u00f3n r\u00e1pida y selectiva. Todos los sabores y variantes t\u00e9cnicas de esta gama figuran en el <strong><a href=\"https:\/\/www.kurzvape.de\/es\/product-category\/vozol-vape\/vozol-vista-40000\/\">Vozol Vista 40000 mundo tem\u00e1tico<\/a><\/strong> El punto de partida ideal para una comparaci\u00f3n de productos bien fundamentada.<\/p>","protected":false},"excerpt":{"rendered":"<p>El cigarrillo electr\u00f3nico desechable Vozol Vista 40000 Mango Passion Fruit impresiona con su cremoso sabor a mango y la intensidad cosquilleante de la fruta de la pasi\u00f3n madura. Con hasta 40.000 caladas, 4 modos de potencia, 2 niveles de flujo de aire y carga r\u00e1pida USB-C, ofrece la m\u00e1xima flexibilidad: compacto, potente e ideal para viajar.<\/p>","protected":false},"featured_media":1778,"comment_status":"open","ping_status":"closed","template":"","meta":{"_acf_changed":false},"product_brand":[],"product_cat":[29],"product_tag":[],"class_list":{"0":"post-1776","1":"product","2":"type-product","3":"status-publish","4":"has-post-thumbnail","6":"product_cat-vozol-vista-40000","8":"first","9":"instock","10":"sale","11":"shipping-taxable","12":"purchasable","13":"product-type-variable"},"acf":[],"_links":{"self":[{"href":"https:\/\/www.kurzvape.de\/es\/wp-json\/wp\/v2\/product\/1776","targetHints":{"allow":["GET"]}}],"collection":[{"href":"https:\/\/www.kurzvape.de\/es\/wp-json\/wp\/v2\/product"}],"about":[{"href":"https:\/\/www.kurzvape.de\/es\/wp-json\/wp\/v2\/types\/product"}],"replies":[{"embeddable":true,"href":"https:\/\/www.kurzvape.de\/es\/wp-json\/wp\/v2\/comments?post=1776"}],"wp:featuredmedia":[{"embeddable":true,"href":"https:\/\/www.kurzvape.de\/es\/wp-json\/wp\/v2\/media\/1778"}],"wp:attachment":[{"href":"https:\/\/www.kurzvape.de\/es\/wp-json\/wp\/v2\/media?parent=1776"}],"wp:term":[{"taxonomy":"product_brand","embeddable":true,"href":"https:\/\/www.kurzvape.de\/es\/wp-json\/wp\/v2\/product_brand?post=1776"},{"taxonomy":"product_cat","embeddable":true,"href":"https:\/\/www.kurzvape.de\/es\/wp-json\/wp\/v2\/product_cat?post=1776"},{"taxonomy":"product_tag","embeddable":true,"href":"https:\/\/www.kurzvape.de\/es\/wp-json\/wp\/v2\/product_tag?post=1776"}],"curies":[{"name":"wp","href":"https:\/\/api.w.org\/{rel}","templated":true}]}}