{"id":1789,"date":"2026-03-22T19:28:22","date_gmt":"2026-03-22T11:28:22","guid":{"rendered":"https:\/\/www.kurzvape.de\/?post_type=product&#038;p=1789"},"modified":"2026-03-22T19:28:22","modified_gmt":"2026-03-22T11:28:22","slug":"vozol-vista-40000-peach-berry","status":"publish","type":"product","link":"https:\/\/www.kurzvape.de\/es\/product\/vozol-vista-40000-peach-berry\/","title":{"rendered":"Vozol Vista 40000 Melocot\u00f3n Baya"},"content":{"rendered":"<h2><strong>Vapeador desechable Vozol Vista 40000 Peach Berry<\/strong><\/h2>\n<p>Vozol Vista 40000 Peach Berry: la dulzura aterciopelada de los melocotones maduros se une a la viva acidez frutal de las bayas frescas y crea un perfil de sabor armonioso y de m\u00faltiples capas. Cada calada combina la suave calidez del melocot\u00f3n con la vibrante sensaci\u00f3n de la mezcla de bayas: equilibrado, afrutado y con un final arom\u00e1tico y refrescante.<\/p>\n<h2><strong>Tecnolog\u00eda fiable, control preciso y variedad de sabores de bayas<\/strong><\/h2>\n<p>El Pod Desechable Vozol Vista 40000 Peach Berry est\u00e1 equipado con una potente bater\u00eda de 1000 mAh y funci\u00f3n de carga r\u00e1pida USB-C - para una m\u00e1xima disponibilidad de uso sin largos tiempos de carga. La tecnolog\u00eda de doble bobina de malla altamente desarrollada (S.i.L.C) garantiza hasta 40.000 caladas uniformes con una alta calidad de sabor constante. Dos niveles de flujo de aire ajustables y cuatro niveles de potencia permiten personalizar la experiencia de vapeo, mientras que la pantalla LED integrada muestra todos los valores relevantes del dispositivo de forma clara y en tiempo real.<\/p>\n<p>Vozol Vista 40000 Peach Berry combina la variedad afrutada con la fiabilidad t\u00e9cnica y est\u00e1 disponible en concentraciones de nicotina de 2 % y 5 %. La caracter\u00edstica rueda giratoria garantiza un manejo intuitivo y agradable al tacto de todas las funciones del dispositivo, que se complementa con una pantalla sensible para una experiencia de usuario \u00f3ptima. Tanto para el uso diario como para momentos especiales, este dispositivo ofrece la configuraci\u00f3n adecuada para cada necesidad.<\/p>\n<p>Con 4 modos de potencia y 2 ajustes de flujo de aire, el Vozol Vista 40000 Peach Berry ofrece un total de 8 configuraciones de sabor individuales en un \u00fanico dispositivo compacto. Alternar entre las configuraciones permite que el sabor de melocot\u00f3n y baya se ilumine en nuevas facetas - desde melocot\u00f3n suave a baya intensa, dependiendo de su gusto personal y estado de \u00e1nimo.<\/p>\n<h2><strong>Propiedades<\/strong><\/h2>\n<ul>\n<li>L\u00edquido precargado de 20 ml<\/li>\n<li>Bater\u00eda recargable de alto rendimiento de 1000 mAh<\/li>\n<li>N\u00famero de trenes: Hasta 40.000 trenes<\/li>\n<li>4 modos de potencia de salida: Soft, Norm, Surge y Turbo<\/li>\n<li>2 niveles de flujo de aire ajustables con control de aire del suelo<\/li>\n<li>Giro giratorio para controlar la potencia<\/li>\n<li>Pantalla digital curva en el lateral para el nivel de bater\u00eda, el nivel de l\u00edquido y el modo de alimentaci\u00f3n<\/li>\n<li>Potencia de nicotina: 5 % (50 mg\/ml)<\/li>\n<li>Carga por USB tipo C (cable no incluido)<\/li>\n<li>Tren activado<\/li>\n<li>Vapeo MTL<\/li>\n<\/ul>\n<h2><strong>Preguntas m\u00e1s frecuentes<\/strong><\/h2>\n<p><strong>\u00bfQu\u00e9 hace que Vozol Vista 40K Desechable sea tan especial?<\/strong><\/p>\n<p>La Vozol Vista 40000 Peach Berry impresiona por su excepcional capacidad de 40.000 caladas y una carcasa transparente que deja a la vista de todos la tecnolog\u00eda interna de alta calidad.<\/p>\n<p><strong>\u00bfSe pueden ajustar los niveles de potencia del Vozol Vista 40K?<\/strong><\/p>\n<p>S\u00ed, cuatro niveles de potencia espec\u00edficos le permiten ajustar individualmente la cantidad de vapor y la intensidad del sabor a melocot\u00f3n y ar\u00e1ndanos, para una experiencia de vapeo totalmente personalizada.<\/p>\n<p><strong>\u00bfCu\u00e1ntos trenes ofrece el Vozol Vista 40K?<\/strong><\/p>\n<p>Dependiendo del nivel de potencia seleccionado, el dispositivo proporciona hasta 40.000 caladas, lo que lo convierte en uno de los mejores vaporizadores desechables del mercado.<\/p>\n<p><strong>\u00bfQu\u00e9 tecnolog\u00eda de bobina utiliza el Vozol Vista 40K?<\/strong><\/p>\n<p>El Vozol Vista 40000 utiliza bobinas de doble malla en combinaci\u00f3n con la tecnolog\u00eda SiLC - para un disfrute del vapor consistentemente puro, arom\u00e1ticamente intenso y de larga duraci\u00f3n.<\/p>\n<p><strong>\u00bfEs el Vozol Vista 40000 f\u00e1cil de transportar?<\/strong><\/p>\n<p>S\u00ed, a pesar de su impresionante capacidad, el Vozol Vista 40K impresiona por su carcasa delgada y ergon\u00f3mica, lo suficientemente compacta como para caber en el bolsillo y estar siempre a mano.<\/p>\n<h2><strong>Vozol Vista 40000 Peach Berry - Encargar directamente en la tienda<\/strong><\/h2>\n<p>Para todos los vapers que valoran la calidad probada y una amplia gama de productos, el <strong><a href=\"https:\/\/www.kurzvape.de\/es\/\">kurzvape - la empresa de venta por correo de cigarrillos electr\u00f3nicos de eficacia probada<\/a><\/strong> el punto de contacto ideal, con un env\u00edo r\u00e1pido y una gama en constante crecimiento. Encontrar\u00e1 una visi\u00f3n general completa y estructurada de todos los productos de este fabricante en la secci\u00f3n <strong><a href=\"https:\/\/www.kurzvape.de\/es\/product-category\/vozol-vape\/\">Gama de productos VOZOL en kurzvape.de<\/a><\/strong> - f\u00e1cil de navegar y siempre actualizada. Todas las versiones y sabores de esta popular serie de electrodom\u00e9sticos se encuentran en el centro de la p\u00e1gina web. <strong><a href=\"https:\/\/www.kurzvape.de\/es\/product-category\/vozol-vape\/vozol-vista-40000\/\">P\u00e1gina de ofertas de los modelos Vozol Vista 40000<\/a><\/strong> resumida - para una comparaci\u00f3n r\u00e1pida y completa de los productos.<\/p>","protected":false},"excerpt":{"rendered":"<p>El cigarrillo electr\u00f3nico desechable Vozol Vista 40000 Peach Berry impresiona con su aterciopelada dulzura de melocot\u00f3n y la frescura cosquilleante de las bayas mixtas. Con hasta 40.000 caladas, 4 modos de potencia, 2 niveles de flujo de aire y carga r\u00e1pida USB-C, ofrece la m\u00e1xima flexibilidad: compacto, potente e ideal para viajar.<\/p>","protected":false},"featured_media":1791,"comment_status":"open","ping_status":"closed","template":"","meta":{"_acf_changed":false},"product_brand":[],"product_cat":[29],"product_tag":[],"class_list":{"0":"post-1789","1":"product","2":"type-product","3":"status-publish","4":"has-post-thumbnail","6":"product_cat-vozol-vista-40000","8":"first","9":"instock","10":"sale","11":"shipping-taxable","12":"purchasable","13":"product-type-variable"},"acf":[],"_links":{"self":[{"href":"https:\/\/www.kurzvape.de\/es\/wp-json\/wp\/v2\/product\/1789","targetHints":{"allow":["GET"]}}],"collection":[{"href":"https:\/\/www.kurzvape.de\/es\/wp-json\/wp\/v2\/product"}],"about":[{"href":"https:\/\/www.kurzvape.de\/es\/wp-json\/wp\/v2\/types\/product"}],"replies":[{"embeddable":true,"href":"https:\/\/www.kurzvape.de\/es\/wp-json\/wp\/v2\/comments?post=1789"}],"wp:featuredmedia":[{"embeddable":true,"href":"https:\/\/www.kurzvape.de\/es\/wp-json\/wp\/v2\/media\/1791"}],"wp:attachment":[{"href":"https:\/\/www.kurzvape.de\/es\/wp-json\/wp\/v2\/media?parent=1789"}],"wp:term":[{"taxonomy":"product_brand","embeddable":true,"href":"https:\/\/www.kurzvape.de\/es\/wp-json\/wp\/v2\/product_brand?post=1789"},{"taxonomy":"product_cat","embeddable":true,"href":"https:\/\/www.kurzvape.de\/es\/wp-json\/wp\/v2\/product_cat?post=1789"},{"taxonomy":"product_tag","embeddable":true,"href":"https:\/\/www.kurzvape.de\/es\/wp-json\/wp\/v2\/product_tag?post=1789"}],"curies":[{"name":"wp","href":"https:\/\/api.w.org\/{rel}","templated":true}]}}