{"id":1793,"date":"2026-03-22T19:33:08","date_gmt":"2026-03-22T11:33:08","guid":{"rendered":"https:\/\/www.kurzvape.de\/?post_type=product&#038;p=1793"},"modified":"2026-03-22T19:33:08","modified_gmt":"2026-03-22T11:33:08","slug":"vozol-vista-40000-peach-ice","status":"publish","type":"product","link":"https:\/\/www.kurzvape.de\/es\/product\/vozol-vista-40000-peach-ice\/","title":{"rendered":"Vozol Vista 40000 Melocot\u00f3n Hielo"},"content":{"rendered":"<h2><strong>Vapeador desechable Vozol Vista 40000 Peach Ice<\/strong><\/h2>\n<p>Vozol Vista 40000 Peach Ice - la irresistible dulzura de los melocotones madurados al sol se une a una penetrante frescura helada y transforma cada calada en una refrescante experiencia de placer. El afrutado natural del melocot\u00f3n se despliega en perfecta armon\u00eda con el refrescante sabor mentolado: jugoso, vigorizante y con un final agradablemente fresco y duradero.<\/p>\n<h2><strong>Tecnolog\u00eda de alta calidad, ajustes vers\u00e1tiles y un fresco sabor a melocot\u00f3n<\/strong><\/h2>\n<p>El Pod Desechable Vozol Vista 40000 Peach Ice tiene una bater\u00eda fiable de 1000 mAh con funci\u00f3n de carga r\u00e1pida USB-C - para un uso diario ininterrumpido sin largos tiempos de carga. La avanzada tecnolog\u00eda de doble bobina de malla (S.i.L.C) garantiza hasta 40.000 caladas uniformes con una alta calidad de sabor constante. Cuatro niveles de vataje seleccionables individualmente y dos variantes de flujo de aire ofrecen opciones de personalizaci\u00f3n precisas, mientras que la pantalla LED integrada mantiene un ojo en el estado de la bater\u00eda, el nivel de l\u00edquido y el modo de alimentaci\u00f3n en todo momento.<\/p>\n<p>Vozol Vista 40000 Peach Ice combina el refrescante sabor a fruta con la precisi\u00f3n t\u00e9cnica y est\u00e1 disponible en concentraciones de nicotina de 2 % y 5 %. La rueda giratoria ergon\u00f3mica permite un control directo y agradable al tacto de todas las funciones del dispositivo, con el apoyo de una pantalla en tiempo real de respuesta suave. Este dispositivo atrae tanto a principiantes como a vapeadores experimentados que desean experimentar un cl\u00e1sico sabor a fruta y hielo de la m\u00e1s alta calidad.<\/p>\n<p>Con 4 modos de potencia y 2 ajustes de flujo de aire, el Vozol Vista 40000 Peach Ice ofrece un total de 8 configuraciones de sabor individuales en un \u00fanico dispositivo compacto. Cambiando sin esfuerzo entre los ajustes le permite experimentar el sabor Peach Ice en intensidades siempre cambiantes - desde ligeramente afrutado y fresco a intensamente refrescante, dependiendo de su preferencia personal.<\/p>\n<h2><strong>Propiedades<\/strong><\/h2>\n<ul>\n<li>L\u00edquido precargado de 20 ml<\/li>\n<li>Bater\u00eda recargable de alto rendimiento de 1000 mAh<\/li>\n<li>N\u00famero de trenes: Hasta 40.000 trenes<\/li>\n<li>4 modos de potencia de salida: Soft, Norm, Surge y Turbo<\/li>\n<li>2 niveles de flujo de aire ajustables con control de aire del suelo<\/li>\n<li>Giro giratorio para controlar la potencia<\/li>\n<li>Pantalla digital curva en el lateral para el nivel de bater\u00eda, el nivel de l\u00edquido y el modo de alimentaci\u00f3n<\/li>\n<li>Potencia de nicotina: 5 % (50 mg\/ml)<\/li>\n<li>Carga por USB tipo C (cable no incluido)<\/li>\n<li>Tren activado<\/li>\n<li>Vapeo MTL<\/li>\n<\/ul>\n<h2><strong>Preguntas m\u00e1s frecuentes<\/strong><\/h2>\n<p><strong>\u00bfQu\u00e9 hace que Vozol Vista 40K Desechable sea tan especial?<\/strong><\/p>\n<p>La Vozol Vista 40000 Peach Ice destaca por su notable capacidad de 40.000 caladas y una carcasa transparente que hace directamente visible la tecnolog\u00eda interna de alta calidad.<\/p>\n<p><strong>\u00bfSe pueden ajustar los niveles de potencia del Vozol Vista 40K?<\/strong><\/p>\n<p>S\u00ed, cuatro niveles de potencia seleccionables le permiten ajustar la cantidad de vapor y la intensidad del aroma Peach Ice, para una experiencia de vapeo personalizada.<\/p>\n<p><strong>\u00bfCu\u00e1ntos trenes ofrece el Vozol Vista 40K?<\/strong><\/p>\n<p>Dependiendo del nivel de potencia seleccionado, el dispositivo proporciona hasta 40.000 caladas, lo que lo convierte en uno de los vaporizadores desechables m\u00e1s duraderos del mercado.<\/p>\n<p><strong>\u00bfQu\u00e9 tecnolog\u00eda de bobina utiliza el Vozol Vista 40K?<\/strong><\/p>\n<p>El Vozol Vista 40000 utiliza bobinas de malla dual con tecnolog\u00eda SiLC - para un disfrute del vapor consistentemente puro, arom\u00e1ticamente estable y duradero.<\/p>\n<p><strong>\u00bfEs el Vozol Vista 40000 f\u00e1cil de transportar?<\/strong><\/p>\n<p>S\u00ed, la carcasa delgada y ergon\u00f3mica del Vozol Vista 40K lo convierte en un compa\u00f1ero pr\u00e1ctico para cualquier ocasi\u00f3n a pesar de su gran capacidad.<\/p>\n<h3><strong>Vozol Vista 40000 Peach Ice - Mira ahora<\/strong><\/h3>\n<p>Vapes desechables de primera clase de fuentes probadas est\u00e1n disponibles en <strong><a href=\"https:\/\/www.kurzvape.de\/es\/\">kurzvape - Su destino de compras digital para productos de vapour<\/a><\/strong> - con una variada selecci\u00f3n de productos y una experiencia de compra fiable. Si desea explorar la gama completa de este fabricante, encontrar\u00e1 todos los modelos y l\u00edneas de productos claramente expuestos en el <strong><a href=\"https:\/\/www.kurzvape.de\/es\/product-category\/vozol-vape\/\">Cartera de marcas VOZOL en kurzvape<\/a><\/strong> - estructurada y f\u00e1cil de encontrar. Todos los sabores y variantes disponibles de esta gama de alto rendimiento est\u00e1n agrupados en la secci\u00f3n <strong><a href=\"https:\/\/www.kurzvape.de\/es\/product-category\/vozol-vape\/vozol-vista-40000\/\">Selecci\u00f3n del modelo Vozol Vista 40000<\/a><\/strong> - pr\u00e1cticamente preparado para una comparaci\u00f3n de productos espec\u00edfica y que le ahorrar\u00e1 tiempo.<\/p>","protected":false},"excerpt":{"rendered":"<p>El e-cigarrillo desechable Vozol Vista 40000 Peach Ice impresiona con su jugosa dulzura de melocot\u00f3n y su penetrante frescor helado. Con hasta 40.000 caladas, 4 modos de potencia, 2 niveles de flujo de aire y carga r\u00e1pida USB-C, ofrece la m\u00e1xima flexibilidad: compacto, potente e ideal para viajar.<\/p>","protected":false},"featured_media":1794,"comment_status":"open","ping_status":"closed","template":"","meta":{"_acf_changed":false},"product_brand":[],"product_cat":[29],"product_tag":[],"class_list":{"0":"post-1793","1":"product","2":"type-product","3":"status-publish","4":"has-post-thumbnail","6":"product_cat-vozol-vista-40000","8":"first","9":"instock","10":"sale","11":"shipping-taxable","12":"purchasable","13":"product-type-variable"},"acf":[],"_links":{"self":[{"href":"https:\/\/www.kurzvape.de\/es\/wp-json\/wp\/v2\/product\/1793","targetHints":{"allow":["GET"]}}],"collection":[{"href":"https:\/\/www.kurzvape.de\/es\/wp-json\/wp\/v2\/product"}],"about":[{"href":"https:\/\/www.kurzvape.de\/es\/wp-json\/wp\/v2\/types\/product"}],"replies":[{"embeddable":true,"href":"https:\/\/www.kurzvape.de\/es\/wp-json\/wp\/v2\/comments?post=1793"}],"wp:featuredmedia":[{"embeddable":true,"href":"https:\/\/www.kurzvape.de\/es\/wp-json\/wp\/v2\/media\/1794"}],"wp:attachment":[{"href":"https:\/\/www.kurzvape.de\/es\/wp-json\/wp\/v2\/media?parent=1793"}],"wp:term":[{"taxonomy":"product_brand","embeddable":true,"href":"https:\/\/www.kurzvape.de\/es\/wp-json\/wp\/v2\/product_brand?post=1793"},{"taxonomy":"product_cat","embeddable":true,"href":"https:\/\/www.kurzvape.de\/es\/wp-json\/wp\/v2\/product_cat?post=1793"},{"taxonomy":"product_tag","embeddable":true,"href":"https:\/\/www.kurzvape.de\/es\/wp-json\/wp\/v2\/product_tag?post=1793"}],"curies":[{"name":"wp","href":"https:\/\/api.w.org\/{rel}","templated":true}]}}