{"id":1801,"date":"2026-03-22T19:42:31","date_gmt":"2026-03-22T11:42:31","guid":{"rendered":"https:\/\/www.kurzvape.de\/?post_type=product&#038;p=1801"},"modified":"2026-03-22T19:42:31","modified_gmt":"2026-03-22T11:42:31","slug":"vozol-vista-40000-strawberry-kiwi","status":"publish","type":"product","link":"https:\/\/www.kurzvape.de\/es\/product\/vozol-vista-40000-strawberry-kiwi\/","title":{"rendered":"Vozol Vista 40000 Fresa Kiwi"},"content":{"rendered":"<h2><strong>Vapeador desechable Vozol Vista 40000 Fresa Kiwi<\/strong><\/h2>\n<p>Vozol Vista 40000 Fresa Kiwi: la acidez acidulada de los kiwis frescos se une a la dulce plenitud de las fresas maduras, dando como resultado un d\u00fao frutal vivo y refrescante con un car\u00e1cter inconfundible. Cada calada combina la frescura tropical con la calidez afrutada: equilibrado, arom\u00e1tico y con un regusto agradablemente largo y vigorizante que invita a dar otra calada.<\/p>\n<h2><strong>Tecnolog\u00eda avanzada, personalizaci\u00f3n y disfrute del vapor afrutado<\/strong><\/h2>\n<p>El Pod Desechable Vozol Vista 40000 Strawberry Kiwi est\u00e1 equipado con una potente bater\u00eda de 1000 mAh que se puede cargar r\u00e1pida y f\u00e1cilmente a trav\u00e9s de USB-C - para una m\u00e1xima idoneidad para el uso diario. La tecnolog\u00eda de doble bobina de malla altamente desarrollada (S.i.L.C) garantiza hasta 40.000 caladas uniformes con una alta calidad de sabor constante. Cuatro niveles de vataje seleccionables y dos ajustes de flujo de aire ofrecen amplias opciones de personalizaci\u00f3n, mientras que la pantalla LED integrada muestra claramente todos los par\u00e1metros relevantes del dispositivo en todo momento.<\/p>\n<p>Vozol Vista 40000 Strawberry Kiwi combina la ligereza de la fruta tropical con la fiabilidad t\u00e9cnica y est\u00e1 disponible en concentraciones de nicotina de 2 % y 5 %. La rueda giratoria ergon\u00f3mica permite un control preciso y agradable al tacto de todas las funciones del dispositivo, con el apoyo de una pantalla sensible en tiempo real. Este dispositivo est\u00e1 dirigido a cualquiera que desee combinar un perfil de sabor fresco y vivo con una tecnolog\u00eda de dispositivo de alta calidad.<\/p>\n<p>Con 4 modos de potencia y 2 variantes de flujo de aire, el Vozol Vista 40000 Strawberry Kiwi ofrece un total de 8 configuraciones de sabor individuales en un \u00fanico dispositivo compacto. El cambio entre las configuraciones permite que el sabor de Strawberry Kiwi se ilumine en nuevas facetas - desde delicadamente afrutado a intensamente tropical, dependiendo de su gusto personal y estado de \u00e1nimo.<\/p>\n<h2><strong>Propiedades<\/strong><\/h2>\n<ul>\n<li>L\u00edquido precargado de 20 ml<\/li>\n<li>Bater\u00eda recargable de alto rendimiento de 1000 mAh<\/li>\n<li>N\u00famero de trenes: Hasta 40.000 trenes<\/li>\n<li>4 modos de potencia de salida: Soft, Norm, Surge y Turbo<\/li>\n<li>2 niveles de flujo de aire ajustables con control de aire del suelo<\/li>\n<li>Giro giratorio para controlar la potencia<\/li>\n<li>Pantalla digital curva en el lateral para el nivel de bater\u00eda, el nivel de l\u00edquido y el modo de alimentaci\u00f3n<\/li>\n<li>Potencia de nicotina: 5 % (50 mg\/ml)<\/li>\n<li>Carga por USB tipo C (cable no incluido)<\/li>\n<li>Tren activado<\/li>\n<li>Vapeo MTL<\/li>\n<\/ul>\n<h2><strong>Preguntas m\u00e1s frecuentes<\/strong><\/h2>\n<p><strong>\u00bfQu\u00e9 hace que Vozol Vista 40K Desechable sea tan especial?<\/strong><\/p>\n<p>El Vozol Vista 40000 Strawberry Kiwi impresiona con su excepcional capacidad de 40.000 caladas y una carcasa transparente que revela la tecnolog\u00eda interna de alta calidad.<\/p>\n<p><strong>\u00bfSe pueden ajustar los niveles de potencia del Vozol Vista 40K?<\/strong><\/p>\n<p>S\u00ed, cuatro niveles de potencia dedicados le permiten ajustar con precisi\u00f3n la cantidad de vapor y la intensidad del sabor de Strawberry Kiwi, para una experiencia de vaporizaci\u00f3n personalizada.<\/p>\n<p><strong>\u00bfCu\u00e1ntos trenes ofrece el Vozol Vista 40K?<\/strong><\/p>\n<p>Dependiendo del nivel de potencia seleccionado, el aparato proporciona hasta 40.000 caladas, lo que lo sit\u00faa en lo m\u00e1s alto de su categor\u00eda de producto.<\/p>\n<p><strong>\u00bfQu\u00e9 tecnolog\u00eda de bobina utiliza el Vozol Vista 40K?<\/strong><\/p>\n<p>El Vozol Vista 40000 utiliza bobinas de doble malla en combinaci\u00f3n con la tecnolog\u00eda SiLC - para un disfrute del vapor consistentemente puro, arom\u00e1ticamente estable y de larga duraci\u00f3n.<\/p>\n<p><strong>\u00bfEs el Vozol Vista 40000 f\u00e1cil de transportar?<\/strong><\/p>\n<p>S\u00ed, la carcasa delgada y ergon\u00f3mica del Vozol Vista 40K lo convierte en un compa\u00f1ero pr\u00e1ctico y manejable para el d\u00eda a d\u00eda a pesar de su gran capacidad.<\/p>\n<h3><strong>Vozol Vista 40000 Fresa Kiwi - Ver la gama ahora<\/strong><\/h3>\n<p>Vapes desechables de alta calidad con env\u00edo r\u00e1pido y una amplia gama de productos est\u00e1n disponibles en <strong><a href=\"https:\/\/www.kurzvape.de\/es\/\">kurzvape - Su primera direcci\u00f3n para productos de vapor en Alemania<\/a><\/strong> - siempre centr\u00e1ndose en la satisfacci\u00f3n del cliente y la calidad del producto. Cualquiera que busque espec\u00edficamente electrodom\u00e9sticos y accesorios de este fabricante encontrar\u00e1 lo que busca en el <strong><a href=\"https:\/\/www.kurzvape.de\/es\/product-category\/vozol-vape\/\">El mundo de los productos VOZOL en kurzvape<\/a><\/strong> claramente estructurada y de f\u00e1cil navegaci\u00f3n. Todas las variantes y versiones disponibles de esta potente serie de aparatos pueden seleccionarse c\u00f3modamente a trav\u00e9s de la secci\u00f3n <strong><a href=\"https:\/\/www.kurzvape.de\/es\/product-category\/vozol-vape\/vozol-vista-40000\/\">Gama completa de productos del Vozol Vista 40000<\/a><\/strong> para una visi\u00f3n r\u00e1pida e informativa antes de comprar.<\/p>","protected":false},"excerpt":{"rendered":"<p>El cigarrillo electr\u00f3nico desechable Vozol Vista 40000 Strawberry Kiwi impresiona con la \u00e1cida acidez de los kiwis frescos y la dulce plenitud de las fresas maduras. Con hasta 40.000 caladas, 4 modos de potencia, 2 niveles de flujo de aire y carga r\u00e1pida USB-C, ofrece la m\u00e1xima flexibilidad: compacto, potente e ideal para viajar.<\/p>","protected":false},"featured_media":1803,"comment_status":"open","ping_status":"closed","template":"","meta":{"_acf_changed":false},"product_brand":[],"product_cat":[29],"product_tag":[],"class_list":{"0":"post-1801","1":"product","2":"type-product","3":"status-publish","4":"has-post-thumbnail","6":"product_cat-vozol-vista-40000","8":"first","9":"instock","10":"sale","11":"shipping-taxable","12":"purchasable","13":"product-type-variable"},"acf":[],"_links":{"self":[{"href":"https:\/\/www.kurzvape.de\/es\/wp-json\/wp\/v2\/product\/1801","targetHints":{"allow":["GET"]}}],"collection":[{"href":"https:\/\/www.kurzvape.de\/es\/wp-json\/wp\/v2\/product"}],"about":[{"href":"https:\/\/www.kurzvape.de\/es\/wp-json\/wp\/v2\/types\/product"}],"replies":[{"embeddable":true,"href":"https:\/\/www.kurzvape.de\/es\/wp-json\/wp\/v2\/comments?post=1801"}],"wp:featuredmedia":[{"embeddable":true,"href":"https:\/\/www.kurzvape.de\/es\/wp-json\/wp\/v2\/media\/1803"}],"wp:attachment":[{"href":"https:\/\/www.kurzvape.de\/es\/wp-json\/wp\/v2\/media?parent=1801"}],"wp:term":[{"taxonomy":"product_brand","embeddable":true,"href":"https:\/\/www.kurzvape.de\/es\/wp-json\/wp\/v2\/product_brand?post=1801"},{"taxonomy":"product_cat","embeddable":true,"href":"https:\/\/www.kurzvape.de\/es\/wp-json\/wp\/v2\/product_cat?post=1801"},{"taxonomy":"product_tag","embeddable":true,"href":"https:\/\/www.kurzvape.de\/es\/wp-json\/wp\/v2\/product_tag?post=1801"}],"curies":[{"name":"wp","href":"https:\/\/api.w.org\/{rel}","templated":true}]}}