{"id":1805,"date":"2026-03-22T19:47:04","date_gmt":"2026-03-22T11:47:04","guid":{"rendered":"https:\/\/www.kurzvape.de\/?post_type=product&#038;p=1805"},"modified":"2026-03-22T19:47:04","modified_gmt":"2026-03-22T11:47:04","slug":"vozol-vista-40000-strawberry-mango","status":"publish","type":"product","link":"https:\/\/www.kurzvape.de\/es\/product\/vozol-vista-40000-strawberry-mango\/","title":{"rendered":"Vozol Vista 40000 Fresa Mango"},"content":{"rendered":"<h2><strong>Vapeador Desechable Vozol Vista 40000 Fresa Mango<\/strong><\/h2>\n<p>Vozol Vista 40000 Fresa Mango - la vibrante dulzura afrutada de las fresas maduras se mezcla con la ex\u00f3tica y cremosa riqueza de los mangos tropicales para crear un d\u00fao frutal irresistible. Cada calada trae consigo un radiante sabor afrutado ba\u00f1ado por el sol - fresco, con cuerpo y con un final seductoramente largo y arom\u00e1tico que transporta los sentidos a climas tropicales.<\/p>\n<h2><strong>Tecnolog\u00eda de primera clase, control preciso y disfrute del vapor con sabor a fruta tropical<\/strong><\/h2>\n<p>El Pod Desechable Vozol Vista 40000 Strawberry Mango est\u00e1 equipado con una potente bater\u00eda de 1000 mAh y funci\u00f3n de carga r\u00e1pida USB-C - para un uso diario fiable sin molestas interrupciones de carga. La avanzada tecnolog\u00eda de doble bobina de malla (S.i.L.C) garantiza hasta 40.000 caladas uniformes con una alta calidad de sabor constante. Cuatro niveles de vataje seleccionables individualmente y dos variantes de flujo de aire permiten un ajuste preciso, mientras que la pantalla LED integrada muestra todos los valores importantes del dispositivo de forma clara y en tiempo real.<\/p>\n<p>Vozol Vista 40000 Strawberry Mango combina la ligereza tropical con la precisi\u00f3n t\u00e9cnica y est\u00e1 disponible en concentraciones de nicotina de 2 % y 5 %. La caracter\u00edstica rueda giratoria permite un control directo y h\u00e1pticamente satisfactorio de todas las funciones del dispositivo, complementado por una pantalla sensible para una experiencia de usuario optimizada. Ya sea para el disfrute diario o como una experiencia de sabor especial, este dispositivo ofrece la configuraci\u00f3n adecuada para cada vapeador.<\/p>\n<p>Con 4 modos de potencia y 2 ajustes de flujo de aire, el Vozol Vista 40000 Strawberry Mango ofrece un total de 8 configuraciones de sabor individuales en un \u00fanico dispositivo compacto. Cambiando sin esfuerzo entre los modos permite que el sabor Strawberry Mango se ilumine en nuevos matices - desde delicadamente afrutado a intensamente tropical, para adaptarse a su gusto personal y estado de \u00e1nimo.<\/p>\n<h2><strong>Propiedades<\/strong><\/h2>\n<ul>\n<li>L\u00edquido precargado de 20 ml<\/li>\n<li>Bater\u00eda recargable de alto rendimiento de 1000 mAh<\/li>\n<li>N\u00famero de trenes: Hasta 40.000 trenes<\/li>\n<li>4 modos de potencia de salida: Soft, Norm, Surge y Turbo<\/li>\n<li>2 niveles de flujo de aire ajustables con control de aire del suelo<\/li>\n<li>Giro giratorio para controlar la potencia<\/li>\n<li>Pantalla digital curva en el lateral para el nivel de bater\u00eda, el nivel de l\u00edquido y el modo de alimentaci\u00f3n<\/li>\n<li>Potencia de nicotina: 5 % (50 mg\/ml)<\/li>\n<li>Carga por USB tipo C (cable no incluido)<\/li>\n<li>Tren activado<\/li>\n<li>Vapeo MTL<\/li>\n<\/ul>\n<h2><strong>Preguntas m\u00e1s frecuentes<\/strong><\/h2>\n<p><strong>\u00bfQu\u00e9 hace que Vozol Vista 40K Desechable sea tan especial?<\/strong><\/p>\n<p>El Vozol Vista 40000 Strawberry Mango impresiona con su impresionante capacidad de 40.000 caladas y una carcasa transparente que deja a la vista de todos la tecnolog\u00eda interna de alta calidad.<\/p>\n<p><strong>\u00bfSe pueden ajustar los niveles de potencia del Vozol Vista 40K?<\/strong><\/p>\n<p>S\u00ed, el volumen de vapor y la intensidad del sabor Strawberry Mango se pueden ajustar con precisi\u00f3n a sus propias preferencias a trav\u00e9s de cuatro niveles de potencia independientes, para una experiencia de vapeo totalmente personalizada.<\/p>\n<p><strong>\u00bfCu\u00e1ntos trenes ofrece el Vozol Vista 40K?<\/strong><\/p>\n<p>Dependiendo del nivel de potencia seleccionado, el dispositivo proporciona hasta 40.000 caladas, lo que lo convierte en uno de los mejores vaporizadores desechables del mercado.<\/p>\n<p><strong>\u00bfQu\u00e9 tecnolog\u00eda de bobina utiliza el Vozol Vista 40K?<\/strong><\/p>\n<p>El Vozol Vista 40000 funciona con doble bobina de malla y tecnolog\u00eda SiLC - una combinaci\u00f3n probada para un disfrute del vapor consistentemente puro, arom\u00e1ticamente intenso y duradero.<\/p>\n<p><strong>\u00bfEs el Vozol Vista 40000 f\u00e1cil de transportar?<\/strong><\/p>\n<p>S\u00ed, a pesar de su gran capacidad, la Vozol Vista 40K impresiona por su formato delgado y manejable: una compa\u00f1era fiable tanto para viajar como para el uso diario.<\/p>\n<h3><strong>Vozol Vista 40000 Fresa Mango - Compre ahora online<\/strong><\/h3>\n<p>Para los vapers que priorizan la fiabilidad y la calidad del producto a la hora de comprar, el <strong><a href=\"https:\/\/www.kurzvape.de\/es\/\">kurzvape - la tienda en l\u00ednea de referencia en cigarrillos electr\u00f3nicos y vapes<\/a><\/strong> es la elecci\u00f3n correcta, con una gama en constante crecimiento y un servicio atento al cliente. Quien desee profundizar en la gama de productos de este renombrado fabricante encontrar\u00e1 todos los aparatos y accesorios organizados en la <strong><a href=\"https:\/\/www.kurzvape.de\/es\/product-category\/vozol-vape\/\">Perfil del proveedor de VOZOL en kurzvape<\/a><\/strong> - f\u00e1cil de navegar y siempre actualizada. Todos los sabores y versiones de esta popular gama de alto rendimiento est\u00e1n disponibles en el <strong><a href=\"https:\/\/www.kurzvape.de\/es\/product-category\/vozol-vape\/vozol-vista-40000\/\">Selecci\u00f3n de la serie Vozol Vista 40000<\/a><\/strong> est\u00e1n disponibles, claramente organizados para una decisi\u00f3n de compra r\u00e1pida y bien fundamentada.<\/p>","protected":false},"excerpt":{"rendered":"<p>El cigarrillo electr\u00f3nico desechable Vozol Vista 40000 Strawberry Mango impresiona con la vibrante dulzura de las fresas maduras y la ex\u00f3tica cremosidad de los mangos tropicales. Con hasta 40.000 caladas, 4 modos de potencia, 2 niveles de flujo de aire y carga r\u00e1pida USB-C, ofrece la m\u00e1xima flexibilidad: compacto, potente e ideal para viajar.<\/p>","protected":false},"featured_media":1806,"comment_status":"open","ping_status":"closed","template":"","meta":{"_acf_changed":false},"product_brand":[],"product_cat":[29],"product_tag":[],"class_list":{"0":"post-1805","1":"product","2":"type-product","3":"status-publish","4":"has-post-thumbnail","6":"product_cat-vozol-vista-40000","8":"first","9":"instock","10":"sale","11":"shipping-taxable","12":"purchasable","13":"product-type-variable"},"acf":[],"_links":{"self":[{"href":"https:\/\/www.kurzvape.de\/es\/wp-json\/wp\/v2\/product\/1805","targetHints":{"allow":["GET"]}}],"collection":[{"href":"https:\/\/www.kurzvape.de\/es\/wp-json\/wp\/v2\/product"}],"about":[{"href":"https:\/\/www.kurzvape.de\/es\/wp-json\/wp\/v2\/types\/product"}],"replies":[{"embeddable":true,"href":"https:\/\/www.kurzvape.de\/es\/wp-json\/wp\/v2\/comments?post=1805"}],"wp:featuredmedia":[{"embeddable":true,"href":"https:\/\/www.kurzvape.de\/es\/wp-json\/wp\/v2\/media\/1806"}],"wp:attachment":[{"href":"https:\/\/www.kurzvape.de\/es\/wp-json\/wp\/v2\/media?parent=1805"}],"wp:term":[{"taxonomy":"product_brand","embeddable":true,"href":"https:\/\/www.kurzvape.de\/es\/wp-json\/wp\/v2\/product_brand?post=1805"},{"taxonomy":"product_cat","embeddable":true,"href":"https:\/\/www.kurzvape.de\/es\/wp-json\/wp\/v2\/product_cat?post=1805"},{"taxonomy":"product_tag","embeddable":true,"href":"https:\/\/www.kurzvape.de\/es\/wp-json\/wp\/v2\/product_tag?post=1805"}],"curies":[{"name":"wp","href":"https:\/\/api.w.org\/{rel}","templated":true}]}}