{"id":1809,"date":"2026-03-22T19:51:23","date_gmt":"2026-03-22T11:51:23","guid":{"rendered":"https:\/\/www.kurzvape.de\/?post_type=product&#038;p=1809"},"modified":"2026-03-22T19:51:24","modified_gmt":"2026-03-22T11:51:24","slug":"vozol-vista-40000-strawberry-watermelon","status":"publish","type":"product","link":"https:\/\/www.kurzvape.de\/es\/product\/vozol-vista-40000-strawberry-watermelon\/","title":{"rendered":"Vozol Vista 40000 Fresa Sand\u00eda"},"content":{"rendered":"<h2><strong>Vapeador Desechable Vozol Vista 40000 Sand\u00eda Fresa<\/strong><\/h2>\n<p>Vozol Vista 40000 Fresa Sand\u00eda - la jugosa y refrescante ligereza de las sand\u00edas maduras se une a la vivaz dulzura afrutada de las fresas completamente maduras, dando como resultado un d\u00fao de fruta fresca y veraniega con un encanto inconfundible. Cada calada aporta un ligero y jugoso sabor afrutado, fresco, desenfadado y con un final agradablemente largo y veraniego que recuerda los d\u00edas c\u00e1lidos y los momentos refrescantes.<\/p>\n<h2><strong>Tecnolog\u00eda probada, ajustes flexibles y un placer de vapor veraniego y afrutado<\/strong><\/h2>\n<p>El vapeador desechable Vozol Vista 40000 Strawberry Watermelon tiene una bater\u00eda fiable de 1000 mAh con funci\u00f3n de carga r\u00e1pida USB-C, para un uso diario sin largos tiempos de espera. La tecnolog\u00eda de doble bobina de malla de alta calidad (S.i.L.C) proporciona hasta 40.000 caladas uniformes con una alta calidad de sabor constante. Cuatro niveles de potencia seleccionables y dos ajustes de flujo de aire te permiten personalizar tu experiencia de vapeo, mientras que la pantalla LED integrada muestra claramente el nivel de bater\u00eda, el nivel de l\u00edquido y el modo de alimentaci\u00f3n en todo momento.<\/p>\n<p>Vozol Vista 40000 Strawberry Watermelon combina la frescura veraniega con la fiabilidad t\u00e9cnica y est\u00e1 disponible en potencias de nicotina 2 % y 5 %. El dial ergon\u00f3mico garantiza un manejo intuitivo y t\u00e1ctil de todas las funciones del dispositivo, complementado con una pantalla sensible en tiempo real para una experiencia de usuario \u00f3ptima. Este dispositivo atrae tanto a principiantes como a vapeadores experimentados que buscan un perfil de sabor ligero y refrescante con un acabado de alta calidad.<\/p>\n<p>Con 4 modos de potencia y 2 variantes de flujo de aire, el Vozol Vista 40000 Strawberry Watermelon ofrece un total de 8 configuraciones de sabor individuales en un \u00fanico dispositivo compacto. El sencillo cambio entre las configuraciones te invita a experimentar el sabor Strawberry Watermelon en nuevas intensidades - desde delicadamente veraniego hasta jugoso y afrutado, seg\u00fan tu gusto personal.<\/p>\n<h2><strong>Propiedades<\/strong><\/h2>\n<ul>\n<li>L\u00edquido precargado de 20 ml<\/li>\n<li>Bater\u00eda recargable de alto rendimiento de 1000 mAh<\/li>\n<li>N\u00famero de trenes: Hasta 40.000 trenes<\/li>\n<li>4 modos de potencia de salida: Soft, Norm, Surge y Turbo<\/li>\n<li>2 niveles de flujo de aire ajustables con control de aire del suelo<\/li>\n<li>Giro giratorio para controlar la potencia<\/li>\n<li>Pantalla digital curva en el lateral para el nivel de bater\u00eda, el nivel de l\u00edquido y el modo de alimentaci\u00f3n<\/li>\n<li>Potencia de nicotina: 5 % (50 mg\/ml)<\/li>\n<li>Carga por USB tipo C (cable no incluido)<\/li>\n<li>Tren activado<\/li>\n<li>Vapeo MTL<\/li>\n<\/ul>\n<h2><strong>Preguntas m\u00e1s frecuentes<\/strong><\/h2>\n<p><strong>\u00bfQu\u00e9 hace que Vozol Vista 40K Desechable sea tan especial?<\/strong><\/p>\n<p>La Vozol Vista 40000 Strawberry Watermelon destaca por su excepcional capacidad de 40.000 caladas y una carcasa transparente que permite ver directamente la tecnolog\u00eda interna de alta calidad.<\/p>\n<p><strong>\u00bfSe pueden ajustar los niveles de potencia del Vozol Vista 40K?<\/strong><\/p>\n<p>S\u00ed, cuatro niveles de potencia seleccionables le permiten ajustar con precisi\u00f3n la cantidad de vapor y la intensidad del sabor a Sand\u00eda y Fresa, para una experiencia de vapeo personalizada.<\/p>\n<p><strong>\u00bfCu\u00e1ntos trenes ofrece el Vozol Vista 40K?<\/strong><\/p>\n<p>Dependiendo del nivel de potencia seleccionado, el dispositivo proporciona hasta 40.000 caladas, lo que lo convierte en uno de los vaporizadores desechables m\u00e1s duraderos del mercado.<\/p>\n<p><strong>\u00bfQu\u00e9 tecnolog\u00eda de bobina utiliza el Vozol Vista 40K?<\/strong><\/p>\n<p>El Vozol Vista 40000 utiliza bobinas de malla dual con tecnolog\u00eda SiLC - para un disfrute del vapor consistentemente puro, arom\u00e1ticamente estable y duradero.<\/p>\n<p><strong>\u00bfEs el Vozol Vista 40000 f\u00e1cil de transportar?<\/strong><\/p>\n<p>S\u00ed, la carcasa delgada y ergon\u00f3mica del Vozol Vista 40K lo convierte en un compa\u00f1ero pr\u00e1ctico para cualquier ocasi\u00f3n a pesar de su impresionante capacidad.<\/p>\n<h3><strong>Vozol Vista 40000 Fresa Sand\u00eda - Desc\u00fabrelo ahora<\/strong><\/h3>\n<p>Si busca vapes desechables fiables de calidad probada, los encontrar\u00e1 en <strong><a href=\"https:\/\/www.kurzvape.de\/es\/\">kurzvape - Su socio competente para productos de vapor<\/a><\/strong> siempre el electrodom\u00e9stico adecuado - con una gama vers\u00e1til y una experiencia de compra orientada al cliente. Todos los productos e innovaciones de este fabricante est\u00e1n organizados en la <strong><a href=\"https:\/\/www.kurzvape.de\/es\/product-category\/vozol-vape\/\">Gama de productos VOZOL en kurzvape<\/a><\/strong> resumido: claramente estructurado para una b\u00fasqueda de productos r\u00e1pida y espec\u00edfica. Quien busque espec\u00edficamente esta serie de electrodom\u00e9sticos, encontrar\u00e1 todos los modelos y variantes disponibles en la secci\u00f3n <strong><a href=\"https:\/\/www.kurzvape.de\/es\/product-category\/vozol-vape\/vozol-vista-40000\/\">Vista general del veh\u00edculo de los dispositivos Vozol Vista 40000<\/a><\/strong> - pr\u00e1cticamente agrupados para tomar una decisi\u00f3n de compra informada y ahorrar tiempo.<\/p>","protected":false},"excerpt":{"rendered":"<p>El cigarrillo electr\u00f3nico desechable Vozol Vista 40000 Strawberry Watermelon impresiona con la jugosa frescura de la sand\u00eda madura y la vibrante dulzura de las fresas completamente maduras. Con hasta 40.000 caladas, 4 modos de potencia, 2 niveles de flujo de aire y carga r\u00e1pida USB-C, ofrece la m\u00e1xima flexibilidad: compacto, potente e ideal para viajar.<\/p>","protected":false},"featured_media":1811,"comment_status":"open","ping_status":"closed","template":"","meta":{"_acf_changed":false},"product_brand":[],"product_cat":[29],"product_tag":[],"class_list":{"0":"post-1809","1":"product","2":"type-product","3":"status-publish","4":"has-post-thumbnail","6":"product_cat-vozol-vista-40000","8":"first","9":"instock","10":"sale","11":"shipping-taxable","12":"purchasable","13":"product-type-variable"},"acf":[],"_links":{"self":[{"href":"https:\/\/www.kurzvape.de\/es\/wp-json\/wp\/v2\/product\/1809","targetHints":{"allow":["GET"]}}],"collection":[{"href":"https:\/\/www.kurzvape.de\/es\/wp-json\/wp\/v2\/product"}],"about":[{"href":"https:\/\/www.kurzvape.de\/es\/wp-json\/wp\/v2\/types\/product"}],"replies":[{"embeddable":true,"href":"https:\/\/www.kurzvape.de\/es\/wp-json\/wp\/v2\/comments?post=1809"}],"wp:featuredmedia":[{"embeddable":true,"href":"https:\/\/www.kurzvape.de\/es\/wp-json\/wp\/v2\/media\/1811"}],"wp:attachment":[{"href":"https:\/\/www.kurzvape.de\/es\/wp-json\/wp\/v2\/media?parent=1809"}],"wp:term":[{"taxonomy":"product_brand","embeddable":true,"href":"https:\/\/www.kurzvape.de\/es\/wp-json\/wp\/v2\/product_brand?post=1809"},{"taxonomy":"product_cat","embeddable":true,"href":"https:\/\/www.kurzvape.de\/es\/wp-json\/wp\/v2\/product_cat?post=1809"},{"taxonomy":"product_tag","embeddable":true,"href":"https:\/\/www.kurzvape.de\/es\/wp-json\/wp\/v2\/product_tag?post=1809"}],"curies":[{"name":"wp","href":"https:\/\/api.w.org\/{rel}","templated":true}]}}