{"id":1813,"date":"2026-03-22T19:55:45","date_gmt":"2026-03-22T11:55:45","guid":{"rendered":"https:\/\/www.kurzvape.de\/?post_type=product&#038;p=1813"},"modified":"2026-03-22T19:55:45","modified_gmt":"2026-03-22T11:55:45","slug":"vozol-vista-40000-watermelon-bubble-gum","status":"publish","type":"product","link":"https:\/\/www.kurzvape.de\/es\/product\/vozol-vista-40000-watermelon-bubble-gum\/","title":{"rendered":"Chicle Vozol Vista 40000 Sand\u00eda"},"content":{"rendered":"<h2><strong>Vapeador Desechable Vozol Vista 40000 Watermelon Bubble Gum<\/strong><\/h2>\n<p>Vozol Vista 40000 Watermelon Bubble Gum - la jugosa y refrescante ligereza de la sand\u00eda madura se combina con la juguetona y dulce nota del chicle para crear una experiencia de sabor despreocupada y \u00fanica. Cada calada trae consigo una dulzura ligera y ligera que combina la frescura del verano y los recuerdos de la infancia de una manera placentera - fresca, alegre y con un final agradablemente largo y arom\u00e1tico.<\/p>\n<h2><strong>Tecnolog\u00eda moderna, personalizaci\u00f3n vers\u00e1til y sabores divertidos<\/strong><\/h2>\n<p>El Pod Desechable Vozol Vista 40000 Watermelon Bubble Gum cuenta con una robusta bater\u00eda de 1000 mAh con funci\u00f3n de carga r\u00e1pida USB-C - para un uso diario fiable e ininterrumpido. La probada tecnolog\u00eda de doble bobina de malla (S.i.L.C) garantiza hasta 40.000 caladas uniformes con una alta calidad de sabor constante. Cuatro niveles de vataje seleccionables individualmente y dos variantes de flujo de aire ofrecen amplias opciones de personalizaci\u00f3n, mientras que la pantalla LED integrada proporciona toda la informaci\u00f3n relevante del dispositivo de forma clara y en tiempo real en todo momento.<\/p>\n<p>Vozol Vista 40000 Watermelon Bubble Gum combina sabores frutales con fiabilidad t\u00e9cnica y est\u00e1 disponible en concentraciones de nicotina de 2 % y 5 %. La precisa rueda giratoria permite un control directo y agradable al tacto de todas las funciones del dispositivo, con el apoyo de una pantalla en tiempo real de respuesta suave. Este dispositivo es adecuado tanto para principiantes como para vapeadores experimentados que deseen combinar un perfil de sabor afrutado y desenfadado con una tecnolog\u00eda de alta calidad.<\/p>\n<p>Con 4 modos de potencia y 2 ajustes de flujo de aire, el Vozol Vista 40000 Watermelon Bubble Gum ofrece un total de 8 configuraciones de sabor individuales en un \u00fanico dispositivo compacto. El cambio entre las configuraciones abre constantemente nuevas facetas del sabor a chicle de sand\u00eda, desde el delicado mel\u00f3n hasta el dulce intenso, para adaptarse a tu gusto personal y estado de \u00e1nimo.<\/p>\n<h2><strong>Propiedades<\/strong><\/h2>\n<ul>\n<li>L\u00edquido precargado de 20 ml<\/li>\n<li>Bater\u00eda recargable de alto rendimiento de 1000 mAh<\/li>\n<li>N\u00famero de trenes: Hasta 40.000 trenes<\/li>\n<li>4 modos de potencia de salida: Soft, Norm, Surge y Turbo<\/li>\n<li>2 niveles de flujo de aire ajustables con control de aire del suelo<\/li>\n<li>Giro giratorio para controlar la potencia<\/li>\n<li>Pantalla digital curva en el lateral para el nivel de bater\u00eda, el nivel de l\u00edquido y el modo de alimentaci\u00f3n<\/li>\n<li>Potencia de nicotina: 5 % (50 mg\/ml)<\/li>\n<li>Carga por USB tipo C (cable no incluido)<\/li>\n<li>Tren activado<\/li>\n<li>Vapeo MTL<\/li>\n<\/ul>\n<h2><strong>Preguntas m\u00e1s frecuentes<\/strong><\/h2>\n<p><strong>\u00bfQu\u00e9 hace que Vozol Vista 40K Desechable sea tan especial?<\/strong><\/p>\n<p>El chicle de sand\u00eda Vozol Vista 40000 impresiona con su notable capacidad de 40.000 caladas y una carcasa transparente que muestra abiertamente la tecnolog\u00eda interna de alta calidad.<\/p>\n<p><strong>\u00bfSe pueden ajustar los niveles de potencia del Vozol Vista 40K?<\/strong><\/p>\n<p>S\u00ed, cuatro niveles de potencia espec\u00edficos te permiten ajustar la cantidad de vapor y la intensidad del sabor a chicle de sand\u00eda, para una experiencia de vapeo personalizada.<\/p>\n<p><strong>\u00bfCu\u00e1ntos trenes ofrece el Vozol Vista 40K?<\/strong><\/p>\n<p>Dependiendo del nivel de potencia seleccionado, el dispositivo proporciona hasta 40.000 caladas, lo que lo convierte en uno de los vaporizadores desechables m\u00e1s duraderos y potentes de su clase.<\/p>\n<p><strong>\u00bfQu\u00e9 tecnolog\u00eda de bobina utiliza el Vozol Vista 40K?<\/strong><\/p>\n<p>El Vozol Vista 40000 funciona con doble bobina de malla y tecnolog\u00eda SiLC - una combinaci\u00f3n probada para un disfrute del vapor consistentemente puro, arom\u00e1ticamente estable y duradero.<\/p>\n<p><strong>\u00bfEs el Vozol Vista 40000 f\u00e1cil de transportar?<\/strong><\/p>\n<p>S\u00ed, la carcasa compacta y ergon\u00f3mica del Vozol Vista 40K lo convierte en un pr\u00e1ctico compa\u00f1ero diario, f\u00e1cil de guardar y siempre a mano.<\/p>\n<h3><strong>Chicle Vozol Vista 40000 Sand\u00eda - Ver ahora en la tienda<\/strong><\/h3>\n<p>Si no quieres hacer concesiones a la hora de vapear, encontrar\u00e1s <strong><a href=\"https:\/\/www.kurzvape.de\/es\/\">kurzvape - Tu tienda online de confianza para productos de vapeo<\/a><\/strong> una cuidada selecci\u00f3n de vapeadores desechables de alta calidad a precios justos. Encontrar\u00e1 una visi\u00f3n general estructurada y de f\u00e1cil navegaci\u00f3n de todos los productos de este fabricante en la p\u00e1gina web <strong><a href=\"https:\/\/www.kurzvape.de\/es\/product-category\/vozol-vape\/\">L\u00ednea de productos VOZOL en la tienda online de kurzvape<\/a><\/strong> - ideal para comparar productos de forma r\u00e1pida y espec\u00edfica. Todos los modelos y sabores disponibles de esta popular serie de alto rendimiento se enumeran de forma centralizada en la p\u00e1gina <strong><a href=\"https:\/\/www.kurzvape.de\/es\/product-category\/vozol-vape\/vozol-vista-40000\/\">P\u00e1gina tem\u00e1tica de la gama de productos Vozol Vista 40000<\/a><\/strong> Los resultados se resumen en un formato pr\u00e1ctico para que la decisi\u00f3n de compra est\u00e9 bien fundamentada y ahorre tiempo.<\/p>","protected":false},"excerpt":{"rendered":"<p>El cigarrillo electr\u00f3nico desechable Vozol Vista 40000 Watermelon Bubble Gum impresiona con la jugosa frescura de la sand\u00eda y la juguetona dulzura del chicle. Con hasta 40.000 caladas, 4 modos de potencia, 2 niveles de flujo de aire y carga r\u00e1pida USB-C, ofrece la m\u00e1xima flexibilidad: compacto, potente e ideal para viajar.<\/p>","protected":false},"featured_media":1815,"comment_status":"open","ping_status":"closed","template":"","meta":{"_acf_changed":false},"product_brand":[],"product_cat":[29],"product_tag":[],"class_list":{"0":"post-1813","1":"product","2":"type-product","3":"status-publish","4":"has-post-thumbnail","6":"product_cat-vozol-vista-40000","8":"first","9":"instock","10":"sale","11":"shipping-taxable","12":"purchasable","13":"product-type-variable"},"acf":[],"_links":{"self":[{"href":"https:\/\/www.kurzvape.de\/es\/wp-json\/wp\/v2\/product\/1813","targetHints":{"allow":["GET"]}}],"collection":[{"href":"https:\/\/www.kurzvape.de\/es\/wp-json\/wp\/v2\/product"}],"about":[{"href":"https:\/\/www.kurzvape.de\/es\/wp-json\/wp\/v2\/types\/product"}],"replies":[{"embeddable":true,"href":"https:\/\/www.kurzvape.de\/es\/wp-json\/wp\/v2\/comments?post=1813"}],"wp:featuredmedia":[{"embeddable":true,"href":"https:\/\/www.kurzvape.de\/es\/wp-json\/wp\/v2\/media\/1815"}],"wp:attachment":[{"href":"https:\/\/www.kurzvape.de\/es\/wp-json\/wp\/v2\/media?parent=1813"}],"wp:term":[{"taxonomy":"product_brand","embeddable":true,"href":"https:\/\/www.kurzvape.de\/es\/wp-json\/wp\/v2\/product_brand?post=1813"},{"taxonomy":"product_cat","embeddable":true,"href":"https:\/\/www.kurzvape.de\/es\/wp-json\/wp\/v2\/product_cat?post=1813"},{"taxonomy":"product_tag","embeddable":true,"href":"https:\/\/www.kurzvape.de\/es\/wp-json\/wp\/v2\/product_tag?post=1813"}],"curies":[{"name":"wp","href":"https:\/\/api.w.org\/{rel}","templated":true}]}}