{"id":1817,"date":"2026-03-22T19:59:55","date_gmt":"2026-03-22T11:59:55","guid":{"rendered":"https:\/\/www.kurzvape.de\/?post_type=product&#038;p=1817"},"modified":"2026-03-22T19:59:55","modified_gmt":"2026-03-22T11:59:55","slug":"vozol-vista-40000-watermelon-ice","status":"publish","type":"product","link":"https:\/\/www.kurzvape.de\/es\/product\/vozol-vista-40000-watermelon-ice\/","title":{"rendered":"Vozol Vista 40000 Sand\u00eda Helada"},"content":{"rendered":"<h2><strong>Vapeador desechable Vozol Vista 40000 Watermelon Ice<\/strong><\/h2>\n<p>Vozol Vista 40000 Watermelon Ice - la refrescante jugosidad de la sand\u00eda madura se une a una penetrante frescura helada y transforma cada calada en una vigorizante experiencia veraniega. El ligero y natural dulzor de la sand\u00eda se despliega en perfecta armon\u00eda con la refrescante nota mentolada: jugoso, claro y con un final agradablemente fresco y duradero que refresca el paladar.<\/p>\n<h2><strong>Potente tecnolog\u00eda, control espec\u00edfico y un refrescante helado de sand\u00eda<\/strong><\/h2>\n<p>El Pod Desechable Vozol Vista 40000 Watermelon Ice est\u00e1 equipado con una potente bater\u00eda de 1000 mAh que se puede cargar r\u00e1pida y f\u00e1cilmente a trav\u00e9s de USB-C - para una m\u00e1xima disponibilidad para el uso diario. La tecnolog\u00eda de doble bobina de malla altamente desarrollada (S.i.L.C) garantiza hasta 40.000 caladas uniformes con una alta calidad de sabor constante. Dos niveles de flujo de aire ajustables y cuatro niveles de vataje ofrecen opciones de personalizaci\u00f3n precisas, mientras que la pantalla LED integrada muestra todos los par\u00e1metros relevantes del dispositivo de forma clara y en tiempo real.<\/p>\n<p>Vozol Vista 40000 Watermelon Ice combina el refresco veraniego con la precisi\u00f3n t\u00e9cnica y est\u00e1 disponible en concentraciones de nicotina de 2 % y 5 %. La caracter\u00edstica rueda giratoria permite un control intuitivo y h\u00e1pticamente satisfactorio de todas las funciones del dispositivo, complementado por una pantalla sensible para una experiencia de usuario optimizada. Desde el vapeador ocasional hasta el usuario diario, este dispositivo ofrece la configuraci\u00f3n adecuada para cada necesidad.<\/p>\n<p>Con 4 modos de potencia y 2 ajustes de flujo de aire, el Vozol Vista 40000 Watermelon Ice ofrece un total de 8 configuraciones de sabor individuales en un \u00fanico dispositivo compacto. Alternar entre las configuraciones te permite experimentar el sabor a sand\u00eda helada en intensidades siempre cambiantes, desde suavemente meloso y refrescante hasta intensamente vigorizante, dependiendo de tus preferencias personales.<\/p>\n<h2><strong>Propiedades<\/strong><\/h2>\n<ul>\n<li>L\u00edquido precargado de 20 ml<\/li>\n<li>Bater\u00eda recargable de alto rendimiento de 1000 mAh<\/li>\n<li>N\u00famero de trenes: Hasta 40.000 trenes<\/li>\n<li>4 modos de potencia de salida: Soft, Norm, Surge y Turbo<\/li>\n<li>2 niveles de flujo de aire ajustables con control de aire del suelo<\/li>\n<li>Giro giratorio para controlar la potencia<\/li>\n<li>Pantalla digital curva en el lateral para el nivel de bater\u00eda, el nivel de l\u00edquido y el modo de alimentaci\u00f3n<\/li>\n<li>Potencia de nicotina: 5 % (50 mg\/ml)<\/li>\n<li>Carga por USB tipo C (cable no incluido)<\/li>\n<li>Tren activado<\/li>\n<li>Vapeo MTL<\/li>\n<\/ul>\n<h2><strong>Preguntas m\u00e1s frecuentes<\/strong><\/h2>\n<p><strong>\u00bfQu\u00e9 hace que Vozol Vista 40K Desechable sea tan especial?<\/strong><\/p>\n<p>La Vozol Vista 40000 Watermelon Ice impresiona por su excepcional capacidad de 40.000 caladas y una carcasa transparente que deja a la vista de todos la tecnolog\u00eda interna de alta calidad.<\/p>\n<p><strong>\u00bfSe pueden ajustar los niveles de potencia del Vozol Vista 40K?<\/strong><\/p>\n<p>S\u00ed, los cuatro niveles de potencia seleccionables le permiten ajustar la cantidad de vapor y la intensidad del sabor a hielo de sand\u00eda, para una experiencia de vapor totalmente personalizada.<\/p>\n<p><strong>\u00bfCu\u00e1ntos trenes ofrece el Vozol Vista 40K?<\/strong><\/p>\n<p>Dependiendo del nivel de potencia seleccionado, el dispositivo proporciona hasta 40.000 caladas, lo que lo sit\u00faa en la cima absoluta de la gama de vapeadores desechables del mercado.<\/p>\n<p><strong>\u00bfQu\u00e9 tecnolog\u00eda de bobina utiliza el Vozol Vista 40K?<\/strong><\/p>\n<p>El Vozol Vista 40000 utiliza bobinas de doble malla en combinaci\u00f3n con la tecnolog\u00eda SiLC - para un disfrute del vapor consistentemente puro, arom\u00e1ticamente intenso y de larga duraci\u00f3n.<\/p>\n<p><strong>\u00bfEs el Vozol Vista 40000 f\u00e1cil de transportar?<\/strong><\/p>\n<p>S\u00ed, a pesar de su gran capacidad, la Vozol Vista 40K impresiona por su carcasa delgada y ergon\u00f3mica, lo suficientemente compacta para llevarla en el bolsillo del pantal\u00f3n y lista para usar en cualquier momento.<\/p>\n<h3><strong>Vozol Vista 40000 Watermelon Ice - Ya a la venta<\/strong><\/h3>\n<p>Para todos aquellos que valoran la calidad de primera clase y una amplia gama a la hora de vapear, el <strong><a href=\"https:\/\/www.kurzvape.de\/es\/\">kurzvape - Su empresa con experiencia en la venta por correo de accesorios para vapear<\/a><\/strong> el punto de contacto ideal, con productos probados y una experiencia de compra fiable. La p\u00e1gina web de este fabricante ofrece una visi\u00f3n general completa y siempre actualizada de todos los aparatos y accesorios. <strong><a href=\"https:\/\/www.kurzvape.de\/es\/product-category\/vozol-vape\/\">Presencia de la marca VOZOL en kurzvape.de<\/a><\/strong> - claramente categorizados para una b\u00fasqueda de productos r\u00e1pida y espec\u00edfica. Si desea ver de un vistazo todas las variantes y sabores de esta gama de alto rendimiento, la secci\u00f3n <strong><a href=\"https:\/\/www.kurzvape.de\/es\/product-category\/vozol-vape\/vozol-vista-40000\/\">Visi\u00f3n general de todos los Vozol Vista 40000 productos<\/a><\/strong> encuentre lo que busca: recopilado de forma compacta para una decisi\u00f3n de compra bien fundamentada.<\/p>","protected":false},"excerpt":{"rendered":"<p>El cigarrillo electr\u00f3nico desechable Vozol Vista 40000 Watermelon Ice impresiona con la jugosa ligereza de las sand\u00edas maduras y un penetrante frescor helado. Con hasta 40.000 caladas, 4 modos de potencia, 2 niveles de flujo de aire y carga r\u00e1pida USB-C, ofrece la m\u00e1xima flexibilidad: compacto, potente e ideal para viajar.<\/p>","protected":false},"featured_media":1818,"comment_status":"open","ping_status":"closed","template":"","meta":{"_acf_changed":false},"product_brand":[],"product_cat":[29],"product_tag":[],"class_list":{"0":"post-1817","1":"product","2":"type-product","3":"status-publish","4":"has-post-thumbnail","6":"product_cat-vozol-vista-40000","8":"first","9":"instock","10":"sale","11":"shipping-taxable","12":"purchasable","13":"product-type-variable"},"acf":[],"_links":{"self":[{"href":"https:\/\/www.kurzvape.de\/es\/wp-json\/wp\/v2\/product\/1817","targetHints":{"allow":["GET"]}}],"collection":[{"href":"https:\/\/www.kurzvape.de\/es\/wp-json\/wp\/v2\/product"}],"about":[{"href":"https:\/\/www.kurzvape.de\/es\/wp-json\/wp\/v2\/types\/product"}],"replies":[{"embeddable":true,"href":"https:\/\/www.kurzvape.de\/es\/wp-json\/wp\/v2\/comments?post=1817"}],"wp:featuredmedia":[{"embeddable":true,"href":"https:\/\/www.kurzvape.de\/es\/wp-json\/wp\/v2\/media\/1818"}],"wp:attachment":[{"href":"https:\/\/www.kurzvape.de\/es\/wp-json\/wp\/v2\/media?parent=1817"}],"wp:term":[{"taxonomy":"product_brand","embeddable":true,"href":"https:\/\/www.kurzvape.de\/es\/wp-json\/wp\/v2\/product_brand?post=1817"},{"taxonomy":"product_cat","embeddable":true,"href":"https:\/\/www.kurzvape.de\/es\/wp-json\/wp\/v2\/product_cat?post=1817"},{"taxonomy":"product_tag","embeddable":true,"href":"https:\/\/www.kurzvape.de\/es\/wp-json\/wp\/v2\/product_tag?post=1817"}],"curies":[{"name":"wp","href":"https:\/\/api.w.org\/{rel}","templated":true}]}}