{"id":1821,"date":"2026-03-22T20:06:01","date_gmt":"2026-03-22T12:06:01","guid":{"rendered":"https:\/\/www.kurzvape.de\/?post_type=product&#038;p=1821"},"modified":"2026-03-22T20:06:02","modified_gmt":"2026-03-22T12:06:02","slug":"vozol-vista-40000-strawberry-ice","status":"publish","type":"product","link":"https:\/\/www.kurzvape.de\/es\/product\/vozol-vista-40000-strawberry-ice\/","title":{"rendered":"Vozol Vista 40000 Fresa Helada"},"content":{"rendered":"<h2><strong>Vapeador desechable Vozol Vista 40000 Strawberry Ice<\/strong><\/h2>\n<p>Vozol Vista 40000 Fresa Helada: la dulzura intensa y con cuerpo de las fresas maduras se une a la frescura vigorizante del hielo y crea una experiencia de sabor equilibrada y refrescante de un tipo especial. El afrutado natural de la fresa se despliega en armoniosa interacci\u00f3n con la refrescante nota mentolada: jugosa, viva y con un final agradablemente fresco y duradero que revitaliza los sentidos.<\/p>\n<h2><strong>Equipos de alta calidad, control preciso y refrescante sabor a helado de fresa<\/strong><\/h2>\n<p>El Pod Desechable Vozol Vista 40000 Strawberry Ice est\u00e1 equipado con una fiable bater\u00eda de 1000 mAh y funci\u00f3n de carga r\u00e1pida USB-C, para un uso diario sin molestas interrupciones de carga. La avanzada tecnolog\u00eda de doble bobina de malla (S.i.L.C) proporciona hasta 40.000 caladas uniformes con una alta calidad de sabor constante. Los cuatro niveles de potencia seleccionables y los dos ajustes de flujo de aire permiten personalizar la experiencia de vapeo, mientras que la pantalla LED integrada muestra claramente el nivel de bater\u00eda, el nivel de l\u00edquido y el modo de alimentaci\u00f3n en todo momento.<\/p>\n<p>Vozol Vista 40000 Strawberry Ice combina el placer cl\u00e1sico del hielo de frutas con la fiabilidad t\u00e9cnica y est\u00e1 disponible en concentraciones de nicotina de 2 % y 5 %. La rueda giratoria ergon\u00f3mica garantiza un manejo directo y agradable al tacto de todas las funciones del dispositivo, con el apoyo de una pantalla sensible en tiempo real para una experiencia de usuario optimizada. Este aparato est\u00e1 dirigido a todos los que aprecian un perfil de sabor cl\u00e1sico y refrescante con un dise\u00f1o t\u00e9cnico de alta calidad.<\/p>\n<p>Con 4 modos de potencia y 2 variantes de flujo de aire, el Vozol Vista 40000 Strawberry Ice ofrece un total de 8 configuraciones de sabor individuales en un \u00fanico dispositivo compacto. Cambiar sin esfuerzo entre las configuraciones te permite experimentar el sabor Strawberry Ice en nuevas facetas - desde suave, afrutado y fresco a intensamente refrescante, para adaptarse a tu gusto personal y estado de \u00e1nimo.<\/p>\n<h2><strong>Propiedades<\/strong><\/h2>\n<ul>\n<li>L\u00edquido precargado de 20 ml<\/li>\n<li>Bater\u00eda recargable de alto rendimiento de 1000 mAh<\/li>\n<li>N\u00famero de trenes: Hasta 40.000 trenes<\/li>\n<li>4 modos de potencia de salida: Soft, Norm, Surge y Turbo<\/li>\n<li>2 niveles de flujo de aire ajustables con control de aire del suelo<\/li>\n<li>Giro giratorio para controlar la potencia<\/li>\n<li>Pantalla digital curva en el lateral para el nivel de bater\u00eda, el nivel de l\u00edquido y el modo de alimentaci\u00f3n<\/li>\n<li>Potencia de nicotina: 5 % (50 mg\/ml)<\/li>\n<li>Carga por USB tipo C (cable no incluido)<\/li>\n<li>Tren activado<\/li>\n<li>Vapeo MTL<\/li>\n<\/ul>\n<h2><strong>Preguntas m\u00e1s frecuentes<\/strong><\/h2>\n<p><strong>\u00bfQu\u00e9 hace que Vozol Vista 40K Desechable sea tan especial?<\/strong><\/p>\n<p>La Vozol Vista 40000 Strawberry Ice destaca por su extraordinaria capacidad de 40.000 caladas y una carcasa transparente que deja ver directamente la tecnolog\u00eda interna de alta calidad.<\/p>\n<p><strong>\u00bfSe pueden ajustar los niveles de potencia del Vozol Vista 40K?<\/strong><\/p>\n<p>S\u00ed, cuatro niveles de potencia espec\u00edficos le permiten ajustar con precisi\u00f3n la cantidad de vapor y la intensidad del sabor Strawberry Ice, para una experiencia de vapeo personalizada.<\/p>\n<p><strong>\u00bfCu\u00e1ntos trenes ofrece el Vozol Vista 40K?<\/strong><\/p>\n<p>Dependiendo del nivel de potencia seleccionado, el dispositivo puede proporcionar hasta 40.000 caladas, lo que lo convierte en uno de los mejores vapeadores desechables del mercado.<\/p>\n<p><strong>\u00bfQu\u00e9 tecnolog\u00eda de bobina utiliza el Vozol Vista 40K?<\/strong><\/p>\n<p>El Vozol Vista 40000 utiliza bobinas de malla dual con tecnolog\u00eda SiLC - para un disfrute del vapor consistentemente puro, arom\u00e1ticamente estable y duradero.<\/p>\n<p><strong>\u00bfEs el Vozol Vista 40000 f\u00e1cil de transportar?<\/strong><\/p>\n<p>S\u00ed, la carcasa delgada y ergon\u00f3mica del Vozol Vista 40K lo convierte en un compa\u00f1ero pr\u00e1ctico y manejable para el d\u00eda a d\u00eda a pesar de su gran capacidad.<\/p>\n<h3><strong>Vozol Vista 40000 Fresa Helada - Compre ahora<\/strong><\/h3>\n<p>Si est\u00e1 buscando vaporizadores desechables de primera calidad de fabricantes de eficacia probada, entonces <strong><a href=\"https:\/\/www.kurzvape.de\/es\/\">kurzvape - Tu tienda online especializada en cigarrillos electr\u00f3nicos<\/a><\/strong> es la direcci\u00f3n adecuada, con una amplia gama de productos y un servicio de env\u00edo fiable. Encontrar\u00e1 una visi\u00f3n general estructurada de toda la gama de productos de este fabricante en la p\u00e1gina web <strong><a href=\"https:\/\/www.kurzvape.de\/es\/product-category\/vozol-vape\/\">Resumen de la oferta VOZOL en kurzvape<\/a><\/strong> - claramente organizados y de f\u00e1cil navegaci\u00f3n. Todas las versiones y sabores de esta popular serie de electrodom\u00e9sticos pueden seleccionarse c\u00f3modamente a trav\u00e9s de la secci\u00f3n <strong><a href=\"https:\/\/www.kurzvape.de\/es\/product-category\/vozol-vape\/vozol-vista-40000\/\">P\u00e1gina de producto de la serie Vozol Vista 40000<\/a><\/strong> El cat\u00e1logo de productos puede consultarse en Internet, lo que resulta ideal para quien desee hacerse una idea general antes de comprar.<\/p>","protected":false},"excerpt":{"rendered":"<p>El e-cigarrillo desechable Vozol Vista 40000 Strawberry Ice impresiona con su dulzura con cuerpo de fresas maduras y su vigorizante frescor helado. Con hasta 40.000 caladas, 4 modos de potencia, 2 niveles de flujo de aire y carga r\u00e1pida USB-C, ofrece la m\u00e1xima flexibilidad: compacto, potente e ideal para viajar.<\/p>","protected":false},"featured_media":1822,"comment_status":"open","ping_status":"closed","template":"","meta":{"_acf_changed":false},"product_brand":[],"product_cat":[29],"product_tag":[],"class_list":{"0":"post-1821","1":"product","2":"type-product","3":"status-publish","4":"has-post-thumbnail","6":"product_cat-vozol-vista-40000","8":"first","9":"instock","10":"sale","11":"shipping-taxable","12":"purchasable","13":"product-type-variable"},"acf":[],"_links":{"self":[{"href":"https:\/\/www.kurzvape.de\/es\/wp-json\/wp\/v2\/product\/1821","targetHints":{"allow":["GET"]}}],"collection":[{"href":"https:\/\/www.kurzvape.de\/es\/wp-json\/wp\/v2\/product"}],"about":[{"href":"https:\/\/www.kurzvape.de\/es\/wp-json\/wp\/v2\/types\/product"}],"replies":[{"embeddable":true,"href":"https:\/\/www.kurzvape.de\/es\/wp-json\/wp\/v2\/comments?post=1821"}],"wp:featuredmedia":[{"embeddable":true,"href":"https:\/\/www.kurzvape.de\/es\/wp-json\/wp\/v2\/media\/1822"}],"wp:attachment":[{"href":"https:\/\/www.kurzvape.de\/es\/wp-json\/wp\/v2\/media?parent=1821"}],"wp:term":[{"taxonomy":"product_brand","embeddable":true,"href":"https:\/\/www.kurzvape.de\/es\/wp-json\/wp\/v2\/product_brand?post=1821"},{"taxonomy":"product_cat","embeddable":true,"href":"https:\/\/www.kurzvape.de\/es\/wp-json\/wp\/v2\/product_cat?post=1821"},{"taxonomy":"product_tag","embeddable":true,"href":"https:\/\/www.kurzvape.de\/es\/wp-json\/wp\/v2\/product_tag?post=1821"}],"curies":[{"name":"wp","href":"https:\/\/api.w.org\/{rel}","templated":true}]}}