{"id":1883,"date":"2026-03-24T20:09:40","date_gmt":"2026-03-24T12:09:40","guid":{"rendered":"https:\/\/www.kurzvape.de\/?post_type=product&#038;p=1883"},"modified":"2026-03-24T20:09:41","modified_gmt":"2026-03-24T12:09:41","slug":"vozol-rave-40000-strawberry-ice","status":"publish","type":"product","link":"https:\/\/www.kurzvape.de\/es\/product\/vozol-rave-40000-strawberry-ice\/","title":{"rendered":"Vozol Rave 40000 Fresa Helada"},"content":{"rendered":"<h2><strong>Vozol Rave 40000 Strawberry Ice - Vaporizador desechable con sabor a fresa helada<\/strong><\/h2>\n<p>Vozol Rave 40000 Strawberry Ice combina el sabor cl\u00e1sico e inconfundible de las fresas maduras con un frescor mentolado claro y refrescante para crear una experiencia de sabor que es un \u00e9xito instant\u00e1neo. Desde el principio, la fresa despliega toda su vitalidad dulce y afrutada: brillante, jugosa y con una ligereza natural que hace que el perfil sea agradablemente accesible. El mentol le sigue de forma precisa y limpia, refrescando agradablemente el final y aportando al sabor a fresa una dimensi\u00f3n adicional de frescor. El resultado es un perfil atemporal y cotidiano de helado de fruta que impresiona por su sencillez y consistencia: familiar, refrescante y tan bueno a cada calada como a la primera.<\/p>\n<p>La serie Vozol Rave 40K Puffs tambi\u00e9n ofrece todo su potencial t\u00e9cnico con Strawberry Ice: la pantalla t\u00e1ctil de 270\u00b0, los efectos de luz acoplados al ritmo, dos niveles de potencia ajustables con precisi\u00f3n y una autonom\u00eda de hasta 40.000 caladas garantizan una experiencia de vapeo convincente en todos los sentidos: fiable, duradera y llena de placer.<\/p>\n<h2><strong>Datos t\u00e9cnicos del Vozol Rave 40000 Strawberry Ice<\/strong><\/h2>\n<ul>\n<li>El primer vaporizador desechable del mundo con pantalla a color sensible al ritmo en 270\u00ba.<\/li>\n<li>Hasta 40.000 movimientos (modo normal) \/ aprox. 25.000 movimientos (modo de sobrecarga)<\/li>\n<li>Bater\u00eda integrada recargable de 1.000 mAh<\/li>\n<li>Pantalla sensible al ritmo con efectos de iluminaci\u00f3n autom\u00e1ticos<\/li>\n<li>Pantalla en color de 270\u00b0 con funci\u00f3n de detecci\u00f3n del ritmo integrada<\/li>\n<li>Dos chips MCU de S.i.L.C Tech para una regulaci\u00f3n precisa de la potencia<\/li>\n<li>Suministro de aire regulable individualmente (Airflow Control)<\/li>\n<li>Bobinas de doble malla para una intensidad de sabor m\u00e1xima<\/li>\n<li>Potencia de nicotina: 5 % (50 mg\/ml)<\/li>\n<li>Puerto de carga: USB Tipo-C con funci\u00f3n de carga r\u00e1pida.<\/li>\n<\/ul>\n<h2><strong>\u00bfPor qu\u00e9 elegir Vozol Rave 40000 Strawberry Ice?<\/strong><\/h2>\n<ul>\n<li><strong>Perfil cl\u00e1sico de fresa y mentol sin concesiones:<\/strong> Strawberry Ice se basa en la interacci\u00f3n probada de fresa dulce y frescor mentolado claro: familiar, refrescante y con una consistencia que se mantiene completamente durante las 40.000 caladas gracias a las bobinas de malla dobles.<\/li>\n<li><strong>Modo Surge para un enfriamiento intensivo con fresas:<\/strong> En el modo Surge, el sabor a fresa es m\u00e1s intenso y jugoso, mientras que el frescor mentolado es notablemente m\u00e1s intenso: una experiencia de vapeo viva y refrescante para aquellos a los que les gusta m\u00e1s intenso.<\/li>\n<li><strong>Modo normal para disfrutar a diario:<\/strong> En modo normal, Strawberry Ice muestra su perfil m\u00e1s equilibrado: suavemente dulce, agradablemente fresco y de sabor uniforme. Ideal para uso diario y largas sesiones sin sobreestimulaci\u00f3n.<\/li>\n<li><strong>Animado dise\u00f1o de iluminaci\u00f3n:<\/strong> El dise\u00f1o de iluminaci\u00f3n de 270\u00b0 con efectos de color sincronizados con el ritmo subraya visualmente la energ\u00eda fresca y animada de Strawberry Ice: brillante, acogedora y con un car\u00e1cter inconfundible.<\/li>\n<li><strong>Visualizaci\u00f3n fiable del estado:<\/strong> La pantalla digital muestra el estado de la bater\u00eda y el nivel de llenado de forma clara y precisa en todo momento: f\u00e1cil de leer y siempre fiable.<\/li>\n<li><strong>E-l\u00edquido de 20 ml para un sabor duradero a fresa:<\/strong> El dep\u00f3sito de 20 ml garantiza que el perfil fresco y arom\u00e1tico de Strawberry Ice conserve toda su vitalidad y frescura desde la primera hasta la \u00faltima calada.<\/li>\n<\/ul>\n<h2><strong>Preguntas frecuentes<\/strong><\/h2>\n<p><strong>P1: \u00bfCu\u00e1ntas caladas ofrece el Vozol Rave 40000 Strawberry Ice?<\/strong><\/p>\n<p>A1: En modo normal, hasta 40.000 caladas, en modo de sobrecarga aprox. 25.000 - una de las duraciones m\u00e1s largas en el segmento de vapeadores desechables.<\/p>\n<p><strong>P2: \u00bfEs recargable el Vozol Rave 40000 Strawberry Ice?<\/strong><\/p>\n<p>A2: S\u00ed. La bater\u00eda integrada de 1.000 mAh puede cargarse r\u00e1pida y c\u00f3modamente a trav\u00e9s del puerto USB Type-C, en casa o fuera de ella.<\/p>\n<p><strong>P3: \u00bfQu\u00e9 diferencia a Strawberry Ice de otros vaporizadores de fresa?<\/strong><\/p>\n<p>A3: La combinaci\u00f3n de sabor a fresa de alta calidad, enfriamiento mentolado preciso y el exclusivo modo de doble potencia proporciona una experiencia de sabor que va mucho m\u00e1s all\u00e1 de los vaporizadores de fresa normales, complementada por la pantalla inteligente interactiva y los efectos de luz sincronizados con el ritmo.<\/p>\n<p><strong>P4: \u00bfQu\u00e9 otros sabores incluye la serie Vozol Rave 40000?<\/strong><\/p>\n<p>A4: La l\u00ednea de productos ofrece m\u00e1s de 20 sabores, entre ellos Peach Raspberry Lemonade, Peach Ice, Mango Peach y Mango Ice.<\/p>\n<h3><strong>Cl\u00e1sicos y novedades de un vistazo<\/strong><\/h3>\n<p>\u00bfBusca m\u00e1s favoritos de vapor? Nuestra <strong><a href=\"https:\/\/www.kurzvape.de\/es\/\">Tienda en l\u00ednea de cigarrillos electr\u00f3nicos y vapeadores<\/a><\/strong> tiene la gama completa lista para usted. Todos los productos y variantes de aparatos VOZOL est\u00e1n recogidos en el <strong><a href=\"https:\/\/www.kurzvape.de\/es\/product-category\/vozol-vape\/\">Gama de productos y marcas VOZOL<\/a><\/strong> encontrar. Si busca espec\u00edficamente otros sabores y modelos de la serie, los encontrar\u00e1 en la secci\u00f3n <strong><a href=\"https:\/\/www.kurzvape.de\/es\/product-category\/vozol-vape\/vozol-rave-40000\/\">Vozol Rave 40000 variedad de sabores y gu\u00eda de series<\/a><\/strong> hallazgo completo.<\/p>","protected":false},"excerpt":{"rendered":"<p>El Vozol Rave 40000 Strawberry Ice combina el sabor dulce y afrutado de la fresa con el frescor refrescante del mentol para crear un perfil de hielo de fruta atemporal. Hasta 40.000 caladas, pantalla a color de 270\u00b0, doble bobina de malla y puerto de carga USB-C: el cl\u00e1sico placer de la fresa en un vapeador desechable.<\/p>","protected":false},"featured_media":1885,"comment_status":"open","ping_status":"closed","template":"","meta":{"_acf_changed":false},"product_brand":[],"product_cat":[30],"product_tag":[],"class_list":{"0":"post-1883","1":"product","2":"type-product","3":"status-publish","4":"has-post-thumbnail","6":"product_cat-vozol-rave-40000","8":"first","9":"instock","10":"sale","11":"shipping-taxable","12":"purchasable","13":"product-type-variable"},"acf":[],"_links":{"self":[{"href":"https:\/\/www.kurzvape.de\/es\/wp-json\/wp\/v2\/product\/1883","targetHints":{"allow":["GET"]}}],"collection":[{"href":"https:\/\/www.kurzvape.de\/es\/wp-json\/wp\/v2\/product"}],"about":[{"href":"https:\/\/www.kurzvape.de\/es\/wp-json\/wp\/v2\/types\/product"}],"replies":[{"embeddable":true,"href":"https:\/\/www.kurzvape.de\/es\/wp-json\/wp\/v2\/comments?post=1883"}],"wp:featuredmedia":[{"embeddable":true,"href":"https:\/\/www.kurzvape.de\/es\/wp-json\/wp\/v2\/media\/1885"}],"wp:attachment":[{"href":"https:\/\/www.kurzvape.de\/es\/wp-json\/wp\/v2\/media?parent=1883"}],"wp:term":[{"taxonomy":"product_brand","embeddable":true,"href":"https:\/\/www.kurzvape.de\/es\/wp-json\/wp\/v2\/product_brand?post=1883"},{"taxonomy":"product_cat","embeddable":true,"href":"https:\/\/www.kurzvape.de\/es\/wp-json\/wp\/v2\/product_cat?post=1883"},{"taxonomy":"product_tag","embeddable":true,"href":"https:\/\/www.kurzvape.de\/es\/wp-json\/wp\/v2\/product_tag?post=1883"}],"curies":[{"name":"wp","href":"https:\/\/api.w.org\/{rel}","templated":true}]}}