{"id":1930,"date":"2026-03-25T21:11:07","date_gmt":"2026-03-25T13:11:07","guid":{"rendered":"https:\/\/www.kurzvape.de\/?post_type=product&#038;p=1930"},"modified":"2026-03-25T21:11:07","modified_gmt":"2026-03-25T13:11:07","slug":"elf-bar-gh-23000-cherry-cola","status":"publish","type":"product","link":"https:\/\/www.kurzvape.de\/es\/product\/elf-bar-gh-23000-cherry-cola\/","title":{"rendered":"ELF BAR GH 23000 Cereza Cola"},"content":{"rendered":"<h2><strong>Vapeador desechable ELF BAR GH 23000 Cherry Cola: el dulce sabor de la cereza se combina con la chispeante frescura de la cola<\/strong><\/h2>\n<p>Si busca una experiencia de vapor inusual pero absolutamente convincente, el ELF BAR GH 23000 Cherry Cola es la elecci\u00f3n perfecta. Este modelo no s\u00f3lo destaca por su extraordinario sabor, sino tambi\u00e9n por unas caracter\u00edsticas t\u00e9cnicas que no tienen parang\u00f3n en el segmento de los desechables. Con una capacidad de nada menos que 23.000 caladas, una pr\u00e1ctica pantalla LED y tres modos de vapor seleccionables individualmente, este dispositivo ofrece una experiencia premium completa para los vapeadores m\u00e1s exigentes.<\/p>\n<h2><strong>Cereza y cola: un d\u00fao nost\u00e1lgico para disfrutar del vapor moderno<\/strong><\/h2>\n<p>ELF BAR GH 23000 Cherry Cola transporta el paladar a un mundo de sabor familiar y excitante a la vez. Las cerezas maduras y dulces se funden con el caracter\u00edstico cosquilleo de un refresco de cola helado para crear un sabor que inmediatamente trae recuerdos. El resultado es un perfil de vapor con cuerpo, ligeramente dulce y con un agradable sabor \u00e1cido al final, como el de un refresco de cola y cereza reci\u00e9n abierto en un relajado d\u00eda de verano. Ideal para quienes prefieren sabores inusuales de bebidas dulces a los cl\u00e1sicos sabores frutales o mentolados.<\/p>\n<p>Con una capacidad de 23 ml de e-l\u00edquido y una bater\u00eda fiable de 850 mAh que se puede cargar f\u00e1cilmente a trav\u00e9s de USB-C, el GH 23000 est\u00e1 dise\u00f1ado para sesiones de vapeo intensivas y duraderas. Su formato pr\u00e1ctico y bien pensado hace que sea f\u00e1cil llevar el dispositivo a todas partes, ya sea de viaje, en la oficina o relaj\u00e1ndose en casa.<\/p>\n<p>La tecnolog\u00eda de triple bobina de malla integrada garantiza una alta calidad de vapor y un desarrollo preciso y detallado del sabor. La pantalla digital mantiene al usuario constantemente informado sobre la capacidad de la bater\u00eda y el suministro de l\u00edquido. Adem\u00e1s de los tres modos de potencia ajustables y el control flexible del flujo de aire, el dispositivo se puede adaptar con precisi\u00f3n al estilo de vapor personal del usuario.<\/p>\n<h2><strong>Caracter\u00edsticas t\u00e9cnicas de ELF BAR GH 23000 Cherry Cola:<\/strong><\/h2>\n<ul>\n<li><strong>23.000 trenes<\/strong> - Capacidad excepcionalmente alta para un dispositivo desechable<\/li>\n<li><strong>23 ml de e-l\u00edquido<\/strong> con una alta concentraci\u00f3n de nicotina<\/li>\n<li><strong>Bater\u00eda de 850 mAh<\/strong> - Recargable mediante USB-C<\/li>\n<li><strong>Pantalla LED<\/strong> con visualizaci\u00f3n en tiempo real del nivel de bater\u00eda y l\u00edquido<\/li>\n<li><strong>3 modos de vapor y flujo de aire ajustable<\/strong> - para una experiencia personalizada<\/li>\n<li><strong>Dise\u00f1o compacto y de alta calidad<\/strong> - Adecuado para el uso diario y c\u00f3modo de sujetar<\/li>\n<li><strong>Vapor con cuerpo y sabor a cereza y cola<\/strong> - gracias al sistema de bobina de triple malla<\/li>\n<\/ul>\n<h2><strong>\u00bfPor qu\u00e9 merece la pena la ELF BAR GH 23000 Cherry Cola?<\/strong><\/h2>\n<ul>\n<li><strong>Tecnolog\u00eda de pantalla inteligente:<\/strong> Una pantalla digital combinada con un control inteligente del tren no es algo obvio en el segmento de un solo sentido: la GH 23000 ofrece ambas cosas sin coste adicional.<\/li>\n<li><strong>Diferencia notable entre los modos:<\/strong> Cada uno de los tres niveles tiene un efecto notable tanto en la densidad del vapor como en la intensidad del aroma a cereza y cola; no se trata de una diferencia cosm\u00e9tica, sino de una diferencia funcional real.<\/li>\n<li><strong>Distribuci\u00f3n uniforme del calor:<\/strong> El sistema de triple bobina de malla minimiza los puntos de sobrecalentamiento, protege el aroma y garantiza que el caracter\u00edstico sabor a cereza cola se mantenga constante desde la primera hasta la \u00faltima calada.<\/li>\n<li><strong>No hay p\u00e9rdida de l\u00edquido:<\/strong> La bater\u00eda recargable garantiza que se pueda utilizar todo el volumen de 23 ml: sin fallos prematuros de la bater\u00eda ni desperdicio de e-l\u00edquido.<\/li>\n<li><strong>Paquete global coherente:<\/strong> El control del flujo de aire, el ajuste de la bobina y la gesti\u00f3n del sabor est\u00e1n perfectamente coordinados en el GH 23000: el resultado es un dispositivo desechable a un nivel verdaderamente premium.<\/li>\n<\/ul>\n<h3><strong>M\u00e1s modelos y sabores: consulte aqu\u00ed<\/strong><\/h3>\n<p>Toda la gama de productos de vapeo est\u00e1 disponible directamente en la <strong><a href=\"https:\/\/www.kurzvape.de\/es\/\">P\u00e1gina de entrada corta de vape<\/a><\/strong> - una tienda bien surtida con todo lo que el coraz\u00f3n de un vaper desea. Para todos aquellos que quieran comparar espec\u00edficamente los productos de esta marca, el <strong><a href=\"https:\/\/www.kurzvape.de\/es\/product-category\/elf-bar-vape\/\">P\u00e1gina de la gama ELF BAR<\/a><\/strong> es el punto de partida ideal: claramente organizado y siempre actualizado. Si siente curiosidad por otras versiones de este modelo, encontrar\u00e1 m\u00e1s informaci\u00f3n en la secci\u00f3n <strong><a href=\"https:\/\/www.kurzvape.de\/es\/product-category\/elf-bar-vape\/elf-bar-gh-23000\/\">Resumen de sabores de la serie GH 23000<\/a><\/strong> una lista completa de todas las opciones disponibles.<\/p>","protected":false},"excerpt":{"rendered":"<p>El ELF BAR GH 23000 Cherry Cola combina la dulce cereza con la \u00e1cida cola para crear una experiencia de vapor \u00fanica. Con hasta 23.000 caladas, una bater\u00eda recargable, pantalla LED y tres modos de vapor, ofrece un disfrute duradero y un rendimiento personalizable.<\/p>","protected":false},"featured_media":1931,"comment_status":"open","ping_status":"closed","template":"","meta":{"_acf_changed":false},"product_brand":[],"product_cat":[32],"product_tag":[],"class_list":{"0":"post-1930","1":"product","2":"type-product","3":"status-publish","4":"has-post-thumbnail","6":"product_cat-elf-bar-gh-23000","8":"first","9":"instock","10":"sale","11":"shipping-taxable","12":"purchasable","13":"product-type-variable"},"acf":[],"_links":{"self":[{"href":"https:\/\/www.kurzvape.de\/es\/wp-json\/wp\/v2\/product\/1930","targetHints":{"allow":["GET"]}}],"collection":[{"href":"https:\/\/www.kurzvape.de\/es\/wp-json\/wp\/v2\/product"}],"about":[{"href":"https:\/\/www.kurzvape.de\/es\/wp-json\/wp\/v2\/types\/product"}],"replies":[{"embeddable":true,"href":"https:\/\/www.kurzvape.de\/es\/wp-json\/wp\/v2\/comments?post=1930"}],"wp:featuredmedia":[{"embeddable":true,"href":"https:\/\/www.kurzvape.de\/es\/wp-json\/wp\/v2\/media\/1931"}],"wp:attachment":[{"href":"https:\/\/www.kurzvape.de\/es\/wp-json\/wp\/v2\/media?parent=1930"}],"wp:term":[{"taxonomy":"product_brand","embeddable":true,"href":"https:\/\/www.kurzvape.de\/es\/wp-json\/wp\/v2\/product_brand?post=1930"},{"taxonomy":"product_cat","embeddable":true,"href":"https:\/\/www.kurzvape.de\/es\/wp-json\/wp\/v2\/product_cat?post=1930"},{"taxonomy":"product_tag","embeddable":true,"href":"https:\/\/www.kurzvape.de\/es\/wp-json\/wp\/v2\/product_tag?post=1930"}],"curies":[{"name":"wp","href":"https:\/\/api.w.org\/{rel}","templated":true}]}}