{"id":1972,"date":"2026-03-27T00:08:52","date_gmt":"2026-03-26T16:08:52","guid":{"rendered":"https:\/\/www.kurzvape.de\/?post_type=product&#038;p=1972"},"modified":"2026-03-27T00:08:52","modified_gmt":"2026-03-26T16:08:52","slug":"vozol-neon-45000-berry-cherry-lime","status":"publish","type":"product","link":"https:\/\/www.kurzvape.de\/es\/product\/vozol-neon-45000-berry-cherry-lime\/","title":{"rendered":"Vozol Neon 45000 Baya Cereza Lima"},"content":{"rendered":"<h2><strong>Vaporizador desechable Vozol Neon 45000 Berry Cherry Lime - Afrutado, \u00e1cido y duradero<\/strong><\/h2>\n<p>En <strong>Aroma de bayas, cerezas y lima<\/strong> combina la dulce cereza con jugosas bayas y un \u00e1cido sabor a lima. Cada calada ofrece una armoniosa mezcla de sabor afrutado, ligera acidez y agradable dulzor que revitaliza al instante. Con hasta 45.000 caladas, la <strong>Vapeador desechable Vozol Neon 45000 Berry Cherry Lime<\/strong> una experiencia de vapor intensa y duradera sin necesidad de rellenar o cambiar las bobinas.<\/p>\n<h2><strong>Qu\u00e9 hace que la experiencia Berry Cherry Lime sea tan especial<\/strong><\/h2>\n<p>En <strong>Vozol Neon 45000 Baya Cereza Lima<\/strong> redefine el vapeo desechable. Combina la tecnolog\u00eda de doble bobina de malla con una bater\u00eda recargable de 800 mAh y ofrece sabores consistentemente ricos de principio a fin. Con un puerto de carga r\u00e1pida USB-C, el dispositivo est\u00e1 siempre listo para su uso sin necesidad de recargas frecuentes.<\/p>\n<p>Experimenta un vapeo personalizable con los controles ICE y NIC ajustables para regular la intensidad del enfriamiento y la potencia de nicotina hasta 5%. Elige entre 26 excitantes sabores, desde mezclas afrutadas a mentolados, para un sabor que se adapta a cada estado de \u00e1nimo.<\/p>\n<p>Para una m\u00e1xima portabilidad y f\u00e1cil manejo, el <strong>Vozol Ne\u00f3n 45000<\/strong> tiene una vaina precargada de 20 ml a prueba de fugas, una ventana transparente para el l\u00edquido para una visi\u00f3n r\u00e1pida y un elegante dise\u00f1o de color degradado. No hay necesidad de rellenar o cambiar las bobinas - la combinaci\u00f3n perfecta de estilo, comodidad y rendimiento de primera calidad.<\/p>\n<h2><strong>Vozol Neon 45000 Puffs Especificaciones:<\/strong><\/h2>\n<ul>\n<li>Gran n\u00famero de caladas - Hasta 45.000 caladas para un disfrute duradero.<\/li>\n<li>Refrigeraci\u00f3n regulable: 4 niveles para un equilibrio perfecto entre sabor y frescura.<\/li>\n<li>Ajuste la potencia y el flujo de aire: 3 niveles para la resistencia a la extracci\u00f3n y la densidad del vapor.<\/li>\n<li>Pantalla inteligente: muestra la bater\u00eda y el nivel de l\u00edquido en tiempo real.<\/li>\n<li>Potente bater\u00eda: 800 mAh, recargable mediante USB-C.<\/li>\n<li>Tecnolog\u00eda de bobina de malla - Proporciona un vapor rico y suave.<\/li>\n<\/ul>\n<h2><strong>Aprovechando la experiencia y la ingenier\u00eda de precisi\u00f3n<\/strong><\/h2>\n<p>En <strong>Vozol Neon 45000 Baya Cereza Lima<\/strong> ha sido desarrollado para los vapeadores que desean un control total sobre su experiencia sensorial.<\/p>\n<ul>\n<li><strong>Enfriamiento regulable en 4 niveles:<\/strong> Desde un enfriamiento sutil hasta niveles de hielo intensivos: usted elige.<\/li>\n<li><strong>Potencia y caudal de aire de 3 etapas:<\/strong> Ajusta la resistencia a la calada y la densidad del vapor seg\u00fan tus preferencias: desde una calada suave hasta un rendimiento que persigue la nube.<\/li>\n<li><strong>Bobina Dual Mesh de 0,65\u03a9:<\/strong> La arquitectura de doble n\u00facleo garantiza un sabor constante hasta 45.000 caladas.<\/li>\n<li><strong>Pantalla inteligente:<\/strong> Visualizaci\u00f3n del estado de la bater\u00eda y del l\u00edquido de 20 ml en tiempo real: nunca est\u00e9 desprevenido.<\/li>\n<\/ul>\n<h2><strong>Vozol Neon 45000 Berry Cereza Lima - FAQ<\/strong><\/h2>\n<p><strong>P: \u00bfC\u00f3mo funciona la refrigeraci\u00f3n?<\/strong><br \/>\nR: El interruptor permite elegir entre 4 niveles de refrigeraci\u00f3n sin cambiar el sabor.<\/p>\n<p><strong>P: \u00bfEs recargable el aparato?<\/strong><br \/>\nR: S\u00ed, la bater\u00eda de 800 mAh se carga r\u00e1pidamente a trav\u00e9s de USB-C.<\/p>\n<p><strong>P: \u00bfQu\u00e9 tiene de especial la bobina de doble malla?<\/strong><br \/>\nR: Garantiza un vapor uniforme, un sabor intenso y evita el sabor a quemado.<\/p>\n<h3 data-section-id=\"1uqmr9d\" data-start=\"3289\" data-end=\"3335\"><strong>M\u00e1s informaci\u00f3n y productos<\/strong><\/h3>\n<p data-start=\"3337\" data-end=\"3754\">Para m\u00e1s informaci\u00f3n y nuevos productos, visite <strong data-start=\"3411\" data-end=\"3468\"><a class=\"decorated-link\" href=\"https:\/\/www.kurzvape.de\/es\/\" target=\"_new\" rel=\"noopener\" data-start=\"3413\" data-end=\"3466\">nuestra p\u00e1gina principal<\/a><\/strong>. Descubre tambi\u00e9n <strong data-start=\"3490\" data-end=\"3584\"><a class=\"decorated-link\" href=\"https:\/\/www.kurzvape.de\/es\/product-category\/vozol-vape\/\" target=\"_new\" rel=\"noopener\" data-start=\"3492\" data-end=\"3582\">toda la gama VOZOL VAPE<\/a><\/strong> o navegar directamente en el <strong data-start=\"3616\" data-end=\"3715\"><a class=\"decorated-link\" href=\"https:\/\/www.kurzvape.de\/es\/product-category\/vozol-vape\/vozol-neon-45000\/\" target=\"_new\" rel=\"noopener\" data-start=\"3618\" data-end=\"3713\">Vozol Neon serie 45000<\/a><\/strong> para una experiencia de vapor de primera clase.<\/p>","protected":false},"excerpt":{"rendered":"<p>El vapeador desechable Vozol Neon 45000 Berry Cherry Lime ofrece hasta 45.000 caladas, doble bobina de malla, refrigeraci\u00f3n y flujo de aire ajustables y bater\u00eda de 800 mAh. La vaina precargada de 20 ml garantiza una experiencia de vapor fresco y afrutado de larga duraci\u00f3n.<\/p>","protected":false},"featured_media":1973,"comment_status":"open","ping_status":"closed","template":"","meta":{"_acf_changed":false},"product_brand":[],"product_cat":[33],"product_tag":[],"class_list":{"0":"post-1972","1":"product","2":"type-product","3":"status-publish","4":"has-post-thumbnail","6":"product_cat-vozol-neon-45000","8":"first","9":"instock","10":"sale","11":"shipping-taxable","12":"purchasable","13":"product-type-variable"},"acf":[],"_links":{"self":[{"href":"https:\/\/www.kurzvape.de\/es\/wp-json\/wp\/v2\/product\/1972","targetHints":{"allow":["GET"]}}],"collection":[{"href":"https:\/\/www.kurzvape.de\/es\/wp-json\/wp\/v2\/product"}],"about":[{"href":"https:\/\/www.kurzvape.de\/es\/wp-json\/wp\/v2\/types\/product"}],"replies":[{"embeddable":true,"href":"https:\/\/www.kurzvape.de\/es\/wp-json\/wp\/v2\/comments?post=1972"}],"wp:featuredmedia":[{"embeddable":true,"href":"https:\/\/www.kurzvape.de\/es\/wp-json\/wp\/v2\/media\/1973"}],"wp:attachment":[{"href":"https:\/\/www.kurzvape.de\/es\/wp-json\/wp\/v2\/media?parent=1972"}],"wp:term":[{"taxonomy":"product_brand","embeddable":true,"href":"https:\/\/www.kurzvape.de\/es\/wp-json\/wp\/v2\/product_brand?post=1972"},{"taxonomy":"product_cat","embeddable":true,"href":"https:\/\/www.kurzvape.de\/es\/wp-json\/wp\/v2\/product_cat?post=1972"},{"taxonomy":"product_tag","embeddable":true,"href":"https:\/\/www.kurzvape.de\/es\/wp-json\/wp\/v2\/product_tag?post=1972"}],"curies":[{"name":"wp","href":"https:\/\/api.w.org\/{rel}","templated":true}]}}