{"id":1978,"date":"2026-03-27T00:21:02","date_gmt":"2026-03-26T16:21:02","guid":{"rendered":"https:\/\/www.kurzvape.de\/?post_type=product&#038;p=1978"},"modified":"2026-03-27T00:21:02","modified_gmt":"2026-03-26T16:21:02","slug":"vozol-neon-45000-blue-razz-ice","status":"publish","type":"product","link":"https:\/\/www.kurzvape.de\/es\/product\/vozol-neon-45000-blue-razz-ice\/","title":{"rendered":"Vozol Neon 45000 Azul Razz Hielo"},"content":{"rendered":"<h2><strong>Vaporizador desechable Vozol Neon 45000 Blue Razz Ice - Afrutado, fresco y refrescante<\/strong><\/h2>\n<p>En <strong data-start=\"81\" data-end=\"108\">Sabor a hielo Blue Razz<\/strong> combina el sabor agridulce de la frambuesa azul con un agradable frescor. El resultado es un sabor vivo y refrescante, intenso y equilibrado en infusi\u00f3n. En <strong data-start=\"296\" data-end=\"342\">Vaporizador desechable Vozol Neon 45000 Blue Razz Ice<\/strong> ofrece una experiencia de vapor de larga duraci\u00f3n con hasta 45.000 caladas, sin necesidad de rellenar o cambiar las bobinas.<\/p>\n<h2><strong>Por qu\u00e9 Blue Razz Ice es tan especial<\/strong><\/h2>\n<p data-start=\"494\" data-end=\"767\">En <strong data-start=\"498\" data-end=\"532\">Vozol Neon 45000 Azul Razz Hielo<\/strong> utiliza tecnolog\u00eda de doble malla para garantizar que el sabor se mantenga claro y fuerte desde la primera hasta la \u00faltima calada. La bater\u00eda recargable de 800 mAh permite un uso prolongado, mientras que el USB-C garantiza una carga r\u00e1pida y c\u00f3moda.<\/p>\n<p data-start=\"769\" data-end=\"1044\">Con las funciones ICE y NIC ajustables, se puede personalizar la intensidad del enfriamiento y ajustar con precisi\u00f3n la potencia de la nicotina. Tambi\u00e9n hay 26 sabores para elegir, por lo que siempre hay una opci\u00f3n adecuada para las diferentes preferencias.<\/p>\n<p data-start=\"1046\" data-end=\"1320\">El dispositivo es especialmente pr\u00e1ctico para el uso diario: la c\u00e1psula precargada de 20 ml, la ventana transparente para el l\u00edquido y el dise\u00f1o estilizado garantizan un control sencillo y una gran movilidad. As\u00ed es como el <strong data-start=\"1246\" data-end=\"1266\">Vozol Ne\u00f3n 45000<\/strong> Comodidad, estilo y prestaciones en un formato compacto.<\/p>\n<h2><strong>Vozol Neon 45000 Puffs Especificaciones:<\/strong><\/h2>\n<ul>\n<li>Hasta 45.000 caladas: disfrute duradero<\/li>\n<li>Refrigeraci\u00f3n regulable: 4 niveles para un equilibrio perfecto entre frescura y sabor<\/li>\n<li>Control de potencia y flujo de aire: 3 niveles para caladas suaves o densas nubes de vapor<\/li>\n<li>Pantalla inteligente: muestra el estado de la bater\u00eda y el nivel de l\u00edquido en tiempo real<\/li>\n<li>Bater\u00eda de 800 mAh recargable mediante USB-C<\/li>\n<li>Bobina de malla doble: garantiza un sabor intenso y uniforme<\/li>\n<\/ul>\n<h2><strong>Control preciso y sabor intenso<\/strong><\/h2>\n<p data-start=\"1775\" data-end=\"1891\">En <strong data-start=\"1779\" data-end=\"1813\">Vozol Neon 45000 Azul Razz Hielo<\/strong> se ha desarrollado para los usuarios que desean personalizar su experiencia de vapeo.<\/p>\n<ul>\n<li><strong data-start=\"1895\" data-end=\"1917\">Refrigeraci\u00f3n en 4 etapas:<\/strong> Elija entre un frescor suave y un fr\u00edo intenso.<\/li>\n<li><strong data-start=\"1977\" data-end=\"2014\">Potencia y caudal de aire de 3 etapas:<\/strong> Ajuste el comportamiento de extracci\u00f3n y la densidad del vapor seg\u00fan sea necesario.<\/li>\n<li><strong data-start=\"2075\" data-end=\"2101\">Bobina Dual Mesh de 0,65\u03a9:<\/strong> Favorece un desarrollo uniforme del sabor a lo largo de toda la vida \u00fatil.<\/li>\n<li><strong data-start=\"2189\" data-end=\"2207\">Pantalla inteligente:<\/strong> Bater\u00eda y nivel de l\u00edquido claramente visibles en todo momento.<\/li>\n<\/ul>\n<h2><strong>Vozol Neon 45000 Azul Razz Hielo <\/strong><strong style=\"font-size: 23.04px; color: #333333;\">FAQ - Preguntas m\u00e1s frecuentes<\/strong><\/h2>\n<h2><\/h2>\n<p data-start=\"2258\" data-end=\"2429\"><strong data-start=\"2287\" data-end=\"2327\">P: \u00bfC\u00f3mo se regula la refrigeraci\u00f3n?<\/strong><br data-start=\"2327\" data-end=\"2330\" \/>R: Puede utilizar el interruptor para cambiar entre cuatro niveles de refrigeraci\u00f3n sin cambiar el sabor.<\/p>\n<p data-start=\"2431\" data-end=\"2525\"><strong data-start=\"2431\" data-end=\"2462\">P: \u00bfEs recargable el aparato?<\/strong><br data-start=\"2462\" data-end=\"2465\" \/>R: S\u00ed, la bater\u00eda de 800 mAh se puede cargar r\u00e1pidamente a trav\u00e9s de USB-C.<\/p>\n<p data-start=\"2527\" data-end=\"2673\"><strong data-start=\"2527\" data-end=\"2565\">P: \u00bfQu\u00e9 ventajas tiene la bobina de doble malla?<\/strong><br data-start=\"2565\" data-end=\"2568\" \/>R: Garantiza un vapor uniforme, un sabor intenso y ayuda a evitar las notas quemadas.<\/p>\n<h3><strong>Descubra m\u00e1s productos y gamas<\/strong><\/h3>\n<p>Para m\u00e1s informaci\u00f3n y noticias sobre productos, visite <strong><a href=\"https:\/\/www.kurzvape.de\/es\/\">el sitio web oficial de KurzVape<\/a><\/strong>. Buscar tambi\u00e9n en <strong><a href=\"https:\/\/www.kurzvape.de\/es\/product-category\/vozol-vape\/\">de nuestra colecci\u00f3n VOZOL VAPE<\/a><\/strong> o inf\u00f3rmese directamente sobre <strong><a href=\"https:\/\/www.kurzvape.de\/es\/product-category\/vozol-vape\/vozol-neon-45000\/\">la serie Vozol Neon 45000<\/a><\/strong>, para encontrar su experiencia de vapeo perfecta.<\/p>","protected":false},"excerpt":{"rendered":"<p>El vapeador desechable Vozol Neon 45000 Blue Razz Ice combina frambuesa azul agridulce con un intenso frescor helado. Con hasta 45.000 caladas, doble bobina de malla, refrigeraci\u00f3n y flujo de aire ajustables y bater\u00eda de 800 mAh, ofrece una experiencia de vapor afrutado y fresco de larga duraci\u00f3n.<\/p>","protected":false},"featured_media":1979,"comment_status":"open","ping_status":"closed","template":"","meta":{"_acf_changed":false},"product_brand":[],"product_cat":[33],"product_tag":[],"class_list":{"0":"post-1978","1":"product","2":"type-product","3":"status-publish","4":"has-post-thumbnail","6":"product_cat-vozol-neon-45000","8":"first","9":"instock","10":"sale","11":"shipping-taxable","12":"purchasable","13":"product-type-variable"},"acf":[],"_links":{"self":[{"href":"https:\/\/www.kurzvape.de\/es\/wp-json\/wp\/v2\/product\/1978","targetHints":{"allow":["GET"]}}],"collection":[{"href":"https:\/\/www.kurzvape.de\/es\/wp-json\/wp\/v2\/product"}],"about":[{"href":"https:\/\/www.kurzvape.de\/es\/wp-json\/wp\/v2\/types\/product"}],"replies":[{"embeddable":true,"href":"https:\/\/www.kurzvape.de\/es\/wp-json\/wp\/v2\/comments?post=1978"}],"wp:featuredmedia":[{"embeddable":true,"href":"https:\/\/www.kurzvape.de\/es\/wp-json\/wp\/v2\/media\/1979"}],"wp:attachment":[{"href":"https:\/\/www.kurzvape.de\/es\/wp-json\/wp\/v2\/media?parent=1978"}],"wp:term":[{"taxonomy":"product_brand","embeddable":true,"href":"https:\/\/www.kurzvape.de\/es\/wp-json\/wp\/v2\/product_brand?post=1978"},{"taxonomy":"product_cat","embeddable":true,"href":"https:\/\/www.kurzvape.de\/es\/wp-json\/wp\/v2\/product_cat?post=1978"},{"taxonomy":"product_tag","embeddable":true,"href":"https:\/\/www.kurzvape.de\/es\/wp-json\/wp\/v2\/product_tag?post=1978"}],"curies":[{"name":"wp","href":"https:\/\/api.w.org\/{rel}","templated":true}]}}