{"id":1993,"date":"2026-03-27T22:11:09","date_gmt":"2026-03-27T14:11:09","guid":{"rendered":"https:\/\/www.kurzvape.de\/?post_type=product&#038;p=1993"},"modified":"2026-03-27T22:11:10","modified_gmt":"2026-03-27T14:11:10","slug":"vozol-neon-45000-dragon-fruit-banana-cherry","status":"publish","type":"product","link":"https:\/\/www.kurzvape.de\/es\/product\/vozol-neon-45000-dragon-fruit-banana-cherry\/","title":{"rendered":"Vozol Neon 45000 Fruta del drag\u00f3n Pl\u00e1tano Cereza"},"content":{"rendered":"<h2><strong>Vapeador desechable Vozol Neon 45000 Dragon Fruit Banana Cherry - ex\u00f3tico, cremoso y afrutado?<\/strong><\/h2>\n<p>En <strong>Fruta del drag\u00f3n, pl\u00e1tano y cereza<\/strong> combina la ex\u00f3tica ligereza de la fruta del drag\u00f3n con la cremosa dulzura del pl\u00e1tano maduro y un jugoso sabor a cereza. Esto crea un sabor de m\u00faltiples capas, afrutado, redondo y agradablemente equilibrado. En <strong>Vapeador desechable Vozol Neon 45000 Dragon Fruit Banana Cherry<\/strong> proporciona una experiencia de vapor de larga duraci\u00f3n con hasta 45.000 caladas sin necesidad de rellenar o cambiar las bobinas.<\/p>\n<h2><strong>Por qu\u00e9 la fruta del drag\u00f3n pl\u00e1tano cereza es tan especial<\/strong><\/h2>\n<p>En <strong>Vozol Neon 45000 Fruta del drag\u00f3n Pl\u00e1tano Cereza<\/strong> utiliza tecnolog\u00eda de doble malla para garantizar que el sabor se mantenga intenso y constante durante todo el periodo de uso. La bater\u00eda recargable de 800 mAh garantiza una resistencia fiable, mientras que el USB-C permite una carga r\u00e1pida y c\u00f3moda.<\/p>\n<p>Con las funciones ICE y NIC ajustables, la intensidad del enfriamiento puede regularse con la misma flexibilidad que la potencia de la nicotina. Tambi\u00e9n hay 26 sabores diferentes entre los que elegir, por lo que el dispositivo ofrece opciones adecuadas para diferentes preferencias y estados de \u00e1nimo.<\/p>\n<p>En el uso diario, el modelo impresiona por su vaina precargada de 20 ml, la ventana transparente para el l\u00edquido y el dise\u00f1o compacto. As\u00ed es como la <strong>Vozol Ne\u00f3n 45000<\/strong> Comodidad, movilidad y rendimiento en un formato moderno.<\/p>\n<h2><strong>Vozol Neon 45000 Puffs Especificaciones:<\/strong><\/h2>\n<ul>\n<li>Hasta 45.000 caladas: para disfrutar durante mucho tiempo sin interrupciones<\/li>\n<li>4 niveles de enfriamiento: de suavemente fresco a claramente helado<\/li>\n<li>3 niveles de potencia y flujo de aire: para un confort de tiro ajustado con precisi\u00f3n<\/li>\n<li>Pantalla inteligente: muestra la bater\u00eda y el nivel de l\u00edquido en tiempo real<\/li>\n<li>Bater\u00eda de 800 mAh recargable mediante USB-C<\/li>\n<li>Doble bobina de malla: para un sabor intenso y uniforme<\/li>\n<\/ul>\n<h2><strong>Ajuste fino para un sabor intenso<\/strong><\/h2>\n<p>En <strong>Vozol Neon 45000 Fruta del drag\u00f3n Pl\u00e1tano Cereza<\/strong> se ha desarrollado para los usuarios que desean personalizar su experiencia de vapeo.<\/p>\n<ul>\n<li><strong>Refrigeraci\u00f3n en 4 etapas:<\/strong> Elija entre frescor ligero y fr\u00edo fuerte.<\/li>\n<li><strong>Potencia y caudal de aire de 3 etapas:<\/strong> Ajuste el comportamiento de extracci\u00f3n y la densidad del vapor seg\u00fan sea necesario.<\/li>\n<li><strong>Bobina Dual Mesh de 0,65\u03a9:<\/strong> Permite un desarrollo uniforme del sabor hasta la \u00faltima calada.<\/li>\n<li><strong>Pantalla inteligente:<\/strong> Los niveles de bater\u00eda y l\u00edquido permanecen claramente visibles en todo momento.<\/li>\n<\/ul>\n<h2><strong>Vozol Neon 45000 Fruta del drag\u00f3n Pl\u00e1tano Cereza<\/strong><strong> - PREGUNTAS FRECUENTES<\/strong><\/h2>\n<p><strong>P: \u00bfC\u00f3mo se regula la refrigeraci\u00f3n?<\/strong><br \/>\nR: Puede utilizar el interruptor para cambiar entre cuatro niveles de refrigeraci\u00f3n sin cambiar el sabor.<\/p>\n<p><strong>P: \u00bfEs recargable el aparato?<\/strong><br \/>\nR: S\u00ed, la bater\u00eda de 800 mAh se puede cargar c\u00f3modamente a trav\u00e9s de USB-C.<\/p>\n<p><strong>P: \u00bfQu\u00e9 hace tan especial a la bobina de doble malla?<\/strong><br \/>\nR: Garantiza un vapor uniforme, un sabor intenso y ayuda a evitar las notas quemadas.<\/p>\n<h3><strong>Descubre m\u00e1s formas<\/strong><\/h3>\n<p>Navegar por <strong data-start=\"2797\" data-end=\"2859\"><a class=\"decorated-link\" href=\"https:\/\/www.kurzvape.de\/es\/\" target=\"_new\" rel=\"noopener\" data-start=\"2799\" data-end=\"2857\">el sitio web central de KurzVape<\/a><\/strong>, Eche un vistazo a <strong data-start=\"2876\" data-end=\"2971\"><a class=\"decorated-link\" href=\"https:\/\/www.kurzvape.de\/es\/product-category\/vozol-vape\/\" target=\"_new\" rel=\"noopener\" data-start=\"2878\" data-end=\"2969\">toda la gama VOZOL VAPE<\/a><\/strong> o desc\u00fabralo directamente <strong data-start=\"3001\" data-end=\"3119\"><a class=\"decorated-link\" href=\"https:\/\/www.kurzvape.de\/es\/product-category\/vozol-vape\/vozol-neon-45000\/\" target=\"_new\" rel=\"noopener\" data-start=\"3003\" data-end=\"3117\">toda la gama de productos Vozol Neon 45000<\/a><\/strong> para sabores m\u00e1s excitantes.<\/p>","protected":false},"excerpt":{"rendered":"<p>El vapeador desechable Vozol Neon 45000 Dragon Fruit Banana Cherry combina la ex\u00f3tica fruta del drag\u00f3n, el dulce pl\u00e1tano y la afrutada cereza. Con hasta 45.000 caladas, doble bobina de malla, refrigeraci\u00f3n y flujo de aire ajustables y bater\u00eda de 800 mAh, ofrece una experiencia de vapor intensa y duradera.<\/p>","protected":false},"featured_media":1994,"comment_status":"open","ping_status":"closed","template":"","meta":{"_acf_changed":false},"product_brand":[],"product_cat":[33],"product_tag":[],"class_list":{"0":"post-1993","1":"product","2":"type-product","3":"status-publish","4":"has-post-thumbnail","6":"product_cat-vozol-neon-45000","8":"first","9":"instock","10":"sale","11":"shipping-taxable","12":"purchasable","13":"product-type-variable"},"acf":[],"_links":{"self":[{"href":"https:\/\/www.kurzvape.de\/es\/wp-json\/wp\/v2\/product\/1993","targetHints":{"allow":["GET"]}}],"collection":[{"href":"https:\/\/www.kurzvape.de\/es\/wp-json\/wp\/v2\/product"}],"about":[{"href":"https:\/\/www.kurzvape.de\/es\/wp-json\/wp\/v2\/types\/product"}],"replies":[{"embeddable":true,"href":"https:\/\/www.kurzvape.de\/es\/wp-json\/wp\/v2\/comments?post=1993"}],"wp:featuredmedia":[{"embeddable":true,"href":"https:\/\/www.kurzvape.de\/es\/wp-json\/wp\/v2\/media\/1994"}],"wp:attachment":[{"href":"https:\/\/www.kurzvape.de\/es\/wp-json\/wp\/v2\/media?parent=1993"}],"wp:term":[{"taxonomy":"product_brand","embeddable":true,"href":"https:\/\/www.kurzvape.de\/es\/wp-json\/wp\/v2\/product_brand?post=1993"},{"taxonomy":"product_cat","embeddable":true,"href":"https:\/\/www.kurzvape.de\/es\/wp-json\/wp\/v2\/product_cat?post=1993"},{"taxonomy":"product_tag","embeddable":true,"href":"https:\/\/www.kurzvape.de\/es\/wp-json\/wp\/v2\/product_tag?post=1993"}],"curies":[{"name":"wp","href":"https:\/\/api.w.org\/{rel}","templated":true}]}}