{"id":2036,"date":"2026-03-28T12:04:23","date_gmt":"2026-03-28T04:04:23","guid":{"rendered":"https:\/\/www.kurzvape.de\/?post_type=product&#038;p=2036"},"modified":"2026-03-28T12:04:23","modified_gmt":"2026-03-28T04:04:23","slug":"vozol-neon-45000-strawberry-margarita","status":"publish","type":"product","link":"https:\/\/www.kurzvape.de\/es\/product\/vozol-neon-45000-strawberry-margarita\/","title":{"rendered":"Vozol Neon 45000 Fresa Margarita"},"content":{"rendered":"<h2 data-section-id=\"1x67454\" data-start=\"294\" data-end=\"385\"><strong>Vaporizador desechable Vozol Neon 45000 Strawberry Margarita - afrutado, \u00e1cido y refrescante<\/strong><\/h2>\n<p data-start=\"387\" data-end=\"872\">Experimente el extraordinario sabor de <strong data-start=\"430\" data-end=\"454\">Margarita de fresa<\/strong>, que combina la jugosidad dulce de las fresas maduras con una pizca de notas \u00e1cidas de margarita. El <strong data-start=\"553\" data-end=\"606\">Vapeador desechable Vozol Neon 45000 Fresa Margarita<\/strong> ofrece hasta 45.000 caladas y garantiza siempre una intensa experiencia de sabor. Sin recargas ni cambios de bobina: simplemente disfruta. Ideal para todos los vapeadores que buscan un dispositivo sencillo y duradero sobre la marcha y adoran los sabores afrutados y frescos.<\/p>\n<h2 data-section-id=\"ca4ye\" data-start=\"874\" data-end=\"923\"><strong>Por qu\u00e9 el Margarita de fresa es tan especial<\/strong><\/h2>\n<p data-start=\"925\" data-end=\"1244\">En <strong data-start=\"929\" data-end=\"970\">Vozol Neon 45000 Fresa Margarita<\/strong> se basa en la moderna tecnolog\u00eda de doble malla, que garantiza un vapor uniforme y un sabor intenso y duradero. La bater\u00eda integrada de 800 mAh proporciona una potencia duradera y se puede recargar r\u00e1pidamente mediante USB-C, por lo que las sesiones largas no son un problema.<\/p>\n<p data-start=\"1246\" data-end=\"1686\">Con las funciones ICE y NIC ajustables individualmente, la potencia de enfriamiento y la concentraci\u00f3n de nicotina pueden ajustarse seg\u00fan las preferencias personales. Un total de 26 excitantes sabores est\u00e1n disponibles, por lo que hay un sabor adecuado para cada estado de \u00e1nimo y gusto. La vaina precargada de 20 ml, la ventana transparente para el l\u00edquido y el dise\u00f1o compacto garantizan la m\u00e1xima movilidad y un f\u00e1cil manejo sobre la marcha.<\/p>\n<h2 data-section-id=\"1qmkr2l\" data-start=\"1688\" data-end=\"1736\"><strong>Vozol Neon 45000 - Resumen de funciones<\/strong><\/h2>\n<ul>\n<li><strong data-start=\"1740\" data-end=\"1763\">Hasta 45.000 trenes:<\/strong> Disfrute sin interrupciones durante mucho tiempo<\/li>\n<li><strong data-start=\"1810\" data-end=\"1827\">4 niveles de refrigeraci\u00f3n:<\/strong> Del suave frescor a las intensas notas heladas<\/li>\n<li><strong data-start=\"1875\" data-end=\"1910\">3 niveles de potencia y caudal de aire:<\/strong> Confort de tracci\u00f3n personalizable<\/li>\n<li><strong data-start=\"1950\" data-end=\"1968\">Pantalla inteligente:<\/strong> Muestra el nivel de bater\u00eda y l\u00edquido en todo momento<\/li>\n<li><strong data-start=\"2014\" data-end=\"2031\">Bater\u00eda de 800 mAh:<\/strong> Recargable mediante USB-C<\/li>\n<li><strong data-start=\"2063\" data-end=\"2083\">Bobina de malla doble:<\/strong> Sabor fuerte y constante durante todo el uso<\/li>\n<\/ul>\n<h2 data-section-id=\"13h121n\" data-start=\"2147\" data-end=\"2198\"><strong>Ajustable individualmente para su experiencia de vapor<\/strong><\/h2>\n<p data-start=\"2200\" data-end=\"2281\">En <strong data-start=\"2204\" data-end=\"2245\">Vozol Neon 45000 Fresa Margarita<\/strong> permite la m\u00e1xima flexibilidad:<\/p>\n<ul>\n<li><strong data-start=\"2285\" data-end=\"2302\">4 niveles de refrigeraci\u00f3n:<\/strong> Elija entre un sutil frescor y un intenso sabor helado<\/li>\n<li><strong data-start=\"2367\" data-end=\"2402\">3 niveles de potencia y caudal de aire:<\/strong> Ajuste el comportamiento de la corriente de aire y la densidad del vapor seg\u00fan sea necesario<\/li>\n<li><strong data-start=\"2462\" data-end=\"2489\">Bobina Dual Mesh de 0,65 \u03a9:<\/strong> Sabor fuerte y constante hasta la \u00faltima calada<\/li>\n<li><strong data-start=\"2546\" data-end=\"2564\">Pantalla inteligente:<\/strong> Todos los valores importantes, como el nivel de bater\u00eda y la cantidad de l\u00edquido, siempre a la vista<\/li>\n<\/ul>\n<h2 data-section-id=\"14gjd3c\" data-start=\"2634\" data-end=\"2669\"><strong>Preguntas m\u00e1s frecuentes (FAQ)<\/strong><\/h2>\n<p data-start=\"2671\" data-end=\"2828\"><strong data-start=\"2671\" data-end=\"2707\">P: \u00bfC\u00f3mo funciona la refrigeraci\u00f3n?<\/strong><br data-start=\"2707\" data-end=\"2710\" \/>R: Se pueden seleccionar cuatro niveles de refrigeraci\u00f3n mediante un sencillo interruptor sin que ello afecte al sabor.<\/p>\n<p data-start=\"2830\" data-end=\"2947\"><strong data-start=\"2830\" data-end=\"2867\">P: \u00bfEs recargable el aparato?<\/strong><br data-start=\"2867\" data-end=\"2870\" \/>R: S\u00ed, la bater\u00eda de 800 mAh se puede cargar r\u00e1pida y f\u00e1cilmente a trav\u00e9s de USB-C.<\/p>\n<p data-start=\"2949\" data-end=\"3111\"><strong data-start=\"2949\" data-end=\"2987\">P: \u00bfQu\u00e9 ventajas tiene la bobina de doble malla?<\/strong><br data-start=\"2987\" data-end=\"2990\" \/>R: Garantiza un vapor uniforme, un sabor intenso y evita las notas quemadas, incluso durante largas sesiones.<\/p>\n<h3 data-section-id=\"1bifpfk\" data-start=\"3113\" data-end=\"3145\"><strong>Descubra m\u00e1s productos<\/strong><\/h3>\n<p data-start=\"3147\" data-end=\"3569\">Eche un vistazo a <strong data-start=\"3164\" data-end=\"3237\"><a class=\"decorated-link\" href=\"https:\/\/www.kurzvape.de\/es\/\" target=\"_new\" rel=\"noopener\" data-start=\"3166\" data-end=\"3235\">nuestra p\u00e1gina de inicio con los mejores productos<\/a><\/strong> descubra <strong data-start=\"3256\" data-end=\"3349\"><a class=\"decorated-link\" href=\"https:\/\/www.kurzvape.de\/es\/product-category\/vozol-vape\/\" target=\"_new\" rel=\"noopener\" data-start=\"3258\" data-end=\"3347\">toda la colecci\u00f3n VOZOL VAPE<\/a><\/strong> o navegar por <strong data-start=\"3370\" data-end=\"3507\"><a class=\"decorated-link\" href=\"https:\/\/www.kurzvape.de\/es\/product-category\/vozol-vape\/vozol-neon-45000\/\" target=\"_new\" rel=\"noopener\" data-start=\"3372\" data-end=\"3505\">de la exclusiva serie Vozol Neon 45000 para una variedad de sabores<\/a><\/strong>, para disfrutar de experiencias de vapor a\u00fan m\u00e1s afrutadas y frescas.<\/p>","protected":false},"excerpt":{"rendered":"<p>El vapeador desechable Vozol Neon 45000 Strawberry Margarita combina fresas dulces con sabores de margarita. Hasta 45.000 caladas, doble bobina de malla, refrigeraci\u00f3n ajustable y bater\u00eda de 800 mAh garantizan un sabor intenso y duradero sin necesidad de recargar.<\/p>","protected":false},"featured_media":2037,"comment_status":"open","ping_status":"closed","template":"","meta":{"_acf_changed":false},"product_brand":[],"product_cat":[33],"product_tag":[],"class_list":{"0":"post-2036","1":"product","2":"type-product","3":"status-publish","4":"has-post-thumbnail","6":"product_cat-vozol-neon-45000","8":"first","9":"instock","10":"sale","11":"shipping-taxable","12":"purchasable","13":"product-type-variable"},"acf":[],"_links":{"self":[{"href":"https:\/\/www.kurzvape.de\/es\/wp-json\/wp\/v2\/product\/2036","targetHints":{"allow":["GET"]}}],"collection":[{"href":"https:\/\/www.kurzvape.de\/es\/wp-json\/wp\/v2\/product"}],"about":[{"href":"https:\/\/www.kurzvape.de\/es\/wp-json\/wp\/v2\/types\/product"}],"replies":[{"embeddable":true,"href":"https:\/\/www.kurzvape.de\/es\/wp-json\/wp\/v2\/comments?post=2036"}],"wp:featuredmedia":[{"embeddable":true,"href":"https:\/\/www.kurzvape.de\/es\/wp-json\/wp\/v2\/media\/2037"}],"wp:attachment":[{"href":"https:\/\/www.kurzvape.de\/es\/wp-json\/wp\/v2\/media?parent=2036"}],"wp:term":[{"taxonomy":"product_brand","embeddable":true,"href":"https:\/\/www.kurzvape.de\/es\/wp-json\/wp\/v2\/product_brand?post=2036"},{"taxonomy":"product_cat","embeddable":true,"href":"https:\/\/www.kurzvape.de\/es\/wp-json\/wp\/v2\/product_cat?post=2036"},{"taxonomy":"product_tag","embeddable":true,"href":"https:\/\/www.kurzvape.de\/es\/wp-json\/wp\/v2\/product_tag?post=2036"}],"curies":[{"name":"wp","href":"https:\/\/api.w.org\/{rel}","templated":true}]}}