{"id":2039,"date":"2026-03-28T12:12:13","date_gmt":"2026-03-28T04:12:13","guid":{"rendered":"https:\/\/www.kurzvape.de\/?post_type=product&#038;p=2039"},"modified":"2026-03-28T12:12:13","modified_gmt":"2026-03-28T04:12:13","slug":"vozol-neon-45000-vzbull","status":"publish","type":"product","link":"https:\/\/www.kurzvape.de\/es\/product\/vozol-neon-45000-vzbull\/","title":{"rendered":"Vozol Neon 45000 VZBULL"},"content":{"rendered":"<h2 data-section-id=\"ekfvjt\" data-start=\"0\" data-end=\"73\"><strong>Vapeador desechable Vozol Neon 45000 VZBULL - potente, intenso y vigorizante<\/strong><\/h2>\n<p data-start=\"75\" data-end=\"491\">En <strong data-start=\"79\" data-end=\"99\">Sabor VZBULL<\/strong> es sin\u00f3nimo de un sabor inconfundible y en\u00e9rgico, de clara presencia y agradable frescura. El <strong data-start=\"195\" data-end=\"234\">Vapeador desechable Vozol Neon 45000 VZBULL<\/strong> proporciona hasta 45.000 caladas y garantiza una experiencia de sabor intensa y constante. Sin recargas, sin cambios de bobina y con una gran facilidad de uso diario, es ideal para cualquiera que busque un dispositivo sencillo pero potente.<\/p>\n<h2 data-section-id=\"3k51ye\" data-start=\"493\" data-end=\"526\"><strong>Por qu\u00e9 VZBULL es tan especial<\/strong><\/h2>\n<p data-start=\"528\" data-end=\"863\">En el <strong data-start=\"531\" data-end=\"558\">Vozol Neon 45000 VZBULL<\/strong> La tecnolog\u00eda dual mesh garantiza un vapor uniforme y un sabor fuerte y estable desde la primera hasta la \u00faltima calada. La bater\u00eda integrada de 800 mAh ofrece un rendimiento duradero y se puede cargar c\u00f3modamente a trav\u00e9s de USB-C para que el dispositivo permanezca listo para usar de forma fiable incluso durante las sesiones m\u00e1s largas.<\/p>\n<p data-start=\"865\" data-end=\"1233\">Adem\u00e1s, la intensidad del enfriamiento y la potencia de la nicotina pueden ajustarse de forma flexible mediante las funciones ICE y NIC ajustables. Con un total de 26 sabores, tambi\u00e9n hay una amplia selecci\u00f3n para diferentes preferencias. La vaina precargada de 20 ml, la ventana transparente para el l\u00edquido y el dise\u00f1o compacto hacen que el dispositivo sea especialmente pr\u00e1ctico para viajar.<\/p>\n<h2 data-section-id=\"1bnh6lp\" data-start=\"1235\" data-end=\"1268\"><strong>Vozol Neon 45000 - Aspectos destacados<\/strong><\/h2>\n<ul>\n<li><strong data-start=\"1272\" data-end=\"1295\">Hasta 45.000 trenes:<\/strong> Para disfrutar durante mucho tiempo sin interrupciones<\/li>\n<li><strong data-start=\"1346\" data-end=\"1363\">4 niveles de refrigeraci\u00f3n:<\/strong> Desde un sutil frescor hasta intensas notas heladas<\/li>\n<li><strong data-start=\"1412\" data-end=\"1449\">3 niveles de potencia y caudal de aire:<\/strong> Confort de tracci\u00f3n personalizable<\/li>\n<li><strong data-start=\"1489\" data-end=\"1507\">Pantalla inteligente:<\/strong> Muestra el nivel de bater\u00eda y l\u00edquido en tiempo real<\/li>\n<li><strong data-start=\"1552\" data-end=\"1569\">Bater\u00eda de 800 mAh:<\/strong> Recargable mediante USB-C<\/li>\n<li><strong data-start=\"1601\" data-end=\"1621\">Bobina de malla doble:<\/strong> Para un sabor uniforme e intenso<\/li>\n<\/ul>\n<h2 data-section-id=\"zr92pg\" data-start=\"1680\" data-end=\"1724\"><strong>Personalizable para un mayor control<\/strong><\/h2>\n<p data-start=\"1726\" data-end=\"1834\">En <strong data-start=\"1730\" data-end=\"1757\">Vozol Neon 45000 VZBULL<\/strong> est\u00e1 dise\u00f1ado para usuarios que desean personalizar su experiencia de vapeo:<\/p>\n<ul>\n<li><strong data-start=\"1838\" data-end=\"1855\">4 niveles de refrigeraci\u00f3n:<\/strong> Elige entre un frescor sutil y un frescor intenso<\/li>\n<li><strong data-start=\"1918\" data-end=\"1955\">3 niveles de potencia y caudal de aire:<\/strong> Ajuste la resistencia a la extracci\u00f3n y la densidad del vapor<\/li>\n<li><strong data-start=\"2004\" data-end=\"2031\">Bobina Dual Mesh de 0,65 \u03a9:<\/strong> Apoya el desarrollo constante de un sabor fuerte<\/li>\n<li><strong data-start=\"2098\" data-end=\"2116\">Pantalla inteligente:<\/strong> Bater\u00eda y nivel de l\u00edquido siempre a la vista<\/li>\n<\/ul>\n<p><strong><span style=\"font-size: 20.16px;\">Preguntas m\u00e1s frecuentes (FAQ)<\/span><\/strong><\/p>\n<p data-start=\"2116\" data-end=\"2247\"><strong data-start=\"2116\" data-end=\"2156\">P: \u00bfC\u00f3mo se regula la refrigeraci\u00f3n?<\/strong><br data-start=\"2156\" data-end=\"2159\" \/>R: El interruptor permite seleccionar cuatro niveles de refrigeraci\u00f3n sin cambiar el sabor.<\/p>\n<p data-start=\"2249\" data-end=\"2361\"><strong data-start=\"2249\" data-end=\"2286\">P: \u00bfEs recargable el aparato?<\/strong><br data-start=\"2286\" data-end=\"2289\" \/>R: S\u00ed, la bater\u00eda de 800 mAh se puede cargar r\u00e1pida y f\u00e1cilmente a trav\u00e9s de USB-C.<\/p>\n<p data-start=\"2363\" data-end=\"2506\"><strong data-start=\"2363\" data-end=\"2401\">P: \u00bfQu\u00e9 ventajas tiene la bobina de doble malla?<\/strong><br data-start=\"2401\" data-end=\"2404\" \/>R: Garantiza un vapor uniforme, un sabor intenso y reduce el riesgo de notas quemadas.<\/p>\n<h3 data-section-id=\"bpvvy8\" data-start=\"2508\" data-end=\"2538\"><strong>Descubra m\u00e1s productos<\/strong><\/h3>\n<p data-start=\"2540\" data-end=\"2953\">Descubra <strong data-start=\"2554\" data-end=\"2642\"><a class=\"decorated-link\" href=\"https:\/\/www.kurzvape.de\/es\/\" target=\"_new\" rel=\"noopener\" data-start=\"2556\" data-end=\"2640\">la p\u00e1gina central de KurzVape con las \u00faltimas noticias<\/a><\/strong>, hojear <strong data-start=\"2659\" data-end=\"2755\"><a class=\"decorated-link\" href=\"https:\/\/www.kurzvape.de\/es\/product-category\/vozol-vape\/\" target=\"_new\" rel=\"noopener\" data-start=\"2661\" data-end=\"2753\">la selecci\u00f3n completa VOZOL VAPE<\/a><\/strong> o eche un vistazo a <strong data-start=\"2788\" data-end=\"2921\"><a class=\"decorated-link\" href=\"https:\/\/www.kurzvape.de\/es\/product-category\/vozol-vape\/vozol-neon-45000\/\" target=\"_new\" rel=\"noopener\" data-start=\"2790\" data-end=\"2919\">la serie Vozol Neon 45000 con muchas otras variantes<\/a><\/strong>, para encontrar modelos adecuados.<\/p>","protected":false},"excerpt":{"rendered":"<p>El vapeador desechable Vozol Neon 45000 VZBULL ofrece hasta 45.000 caladas con un sabor intenso y constante. La tecnolog\u00eda de doble malla, la refrigeraci\u00f3n ajustable y la potencia de nicotina, as\u00ed como la bater\u00eda USB-C, garantizan una experiencia de vapeo duradera y flexible, ideal para viajar.<\/p>","protected":false},"featured_media":2040,"comment_status":"open","ping_status":"closed","template":"","meta":{"_acf_changed":false},"product_brand":[],"product_cat":[33],"product_tag":[],"class_list":{"0":"post-2039","1":"product","2":"type-product","3":"status-publish","4":"has-post-thumbnail","6":"product_cat-vozol-neon-45000","8":"first","9":"instock","10":"sale","11":"shipping-taxable","12":"purchasable","13":"product-type-variable"},"acf":[],"_links":{"self":[{"href":"https:\/\/www.kurzvape.de\/es\/wp-json\/wp\/v2\/product\/2039","targetHints":{"allow":["GET"]}}],"collection":[{"href":"https:\/\/www.kurzvape.de\/es\/wp-json\/wp\/v2\/product"}],"about":[{"href":"https:\/\/www.kurzvape.de\/es\/wp-json\/wp\/v2\/types\/product"}],"replies":[{"embeddable":true,"href":"https:\/\/www.kurzvape.de\/es\/wp-json\/wp\/v2\/comments?post=2039"}],"wp:featuredmedia":[{"embeddable":true,"href":"https:\/\/www.kurzvape.de\/es\/wp-json\/wp\/v2\/media\/2040"}],"wp:attachment":[{"href":"https:\/\/www.kurzvape.de\/es\/wp-json\/wp\/v2\/media?parent=2039"}],"wp:term":[{"taxonomy":"product_brand","embeddable":true,"href":"https:\/\/www.kurzvape.de\/es\/wp-json\/wp\/v2\/product_brand?post=2039"},{"taxonomy":"product_cat","embeddable":true,"href":"https:\/\/www.kurzvape.de\/es\/wp-json\/wp\/v2\/product_cat?post=2039"},{"taxonomy":"product_tag","embeddable":true,"href":"https:\/\/www.kurzvape.de\/es\/wp-json\/wp\/v2\/product_tag?post=2039"}],"curies":[{"name":"wp","href":"https:\/\/api.w.org\/{rel}","templated":true}]}}