{"id":2058,"date":"2026-03-28T23:10:24","date_gmt":"2026-03-28T15:10:24","guid":{"rendered":"https:\/\/www.kurzvape.de\/?post_type=product&#038;p=2058"},"modified":"2026-03-28T23:10:25","modified_gmt":"2026-03-28T15:10:25","slug":"elf-bar-raya-d3-25000-blackberry-cranberry","status":"publish","type":"product","link":"https:\/\/www.kurzvape.de\/es\/product\/elf-bar-raya-d3-25000-blackberry-cranberry\/","title":{"rendered":"ELF BAR RAYA D3 25000 Ar\u00e1ndano negro"},"content":{"rendered":"<h2><strong>ELF BAR RAYA D3 25000 Blackberry Cranberry Vape Desechable - Afrutado Oscuro, Intenso, Irresistible<\/strong><\/h2>\n<p>En <strong>ELF BAR RAYA D3 25000 Ar\u00e1ndano negro<\/strong> es un vaporizador desechable de primera clase que deleita con una fascinante combinaci\u00f3n de moras maduras y oscuras y la frescura \u00e1cida de los ar\u00e1ndanos. Desarrollado por Elf Bar utilizando la tecnolog\u00eda de fabricaci\u00f3n m\u00e1s avanzada, este dispositivo ofrece una experiencia de vaporizaci\u00f3n potente y llena de sabor: intensa, afrutada y al m\u00e1s alto nivel.<\/p>\n<h2><strong>Dise\u00f1o pionero y tecnolog\u00eda punta en un solo dispositivo<\/strong><\/h2>\n<p>Con una capacidad de 25.000 caladas y un preciso sistema de regulaci\u00f3n de aire y presi\u00f3n, el vaporizador desechable Elf Bar Raya D3 redefine por completo el est\u00e1ndar en el sector de los desechables. El dispositivo recargable impresiona con una pantalla digital lateral claramente estructurada y un llamativo anillo exterior azul monocromo: una simbiosis exitosa de dise\u00f1o contempor\u00e1neo y funcionalidad sofisticada.<\/p>\n<h2><strong>Tres niveles de potencia para cada situaci\u00f3n<\/strong><\/h2>\n<p>En <strong>ELF BAR RAYA D3 25000 Ar\u00e1ndano negro<\/strong> puede adaptarse de forma \u00f3ptima a las necesidades individuales gracias a sus tres modos de funcionamiento de libre elecci\u00f3n: Lite, Smooth y Turbo. Tanto si se trata de un placer comedido en el d\u00eda a d\u00eda como de potentes nubes de vapor para momentos especiales: Con s\u00f3lo pulsar un bot\u00f3n, puede cambiar sin esfuerzo entre los niveles de potencia y decidir por s\u00ed mismo la intensidad que desea para su experiencia de vapor.<\/p>\n<h2><strong>Equipamiento de primera para vapeadores exigentes<\/strong><\/h2>\n<p>En <strong>ELF BAR RAYA D3 25000 Ar\u00e1ndano negro<\/strong> est\u00e1 equipado con un generoso dep\u00f3sito de e-l\u00edquido de 23 ml, que se complementa con un sistema de triple bobina de malla para una vaporizaci\u00f3n especialmente uniforme y un desarrollo \u00f3ptimo del sabor. Una potente bater\u00eda de 850 mAh con carga r\u00e1pida USB-C, una pantalla digital de alta resoluci\u00f3n, un sistema de flujo de aire ajustable individualmente y una selecci\u00f3n de 15 sabores exclusivos completan este sofisticado paquete global.<\/p>\n<h2><strong>Datos t\u00e9cnicos de la BARRA ELF RAYA D3 25000 de un vistazo<\/strong><\/h2>\n<ul>\n<li><strong>25.000 trenes:<\/strong> M\u00e1xima vida \u00fatil para un disfrute ininterrumpido.<\/li>\n<li><strong>23 ml de e-l\u00edquido preinstalado:<\/strong> Suministro generoso para disfrutar del vapor durante mucho tiempo.<\/li>\n<li><strong>5 % Contenido de nicotina:<\/strong> Fuerza equilibrada para un tir\u00f3n satisfactorio.<\/li>\n<li><strong>Bater\u00eda recargable de 850 mAh:<\/strong> Siempre listo para usar gracias a la carga r\u00e1pida USB-C.<\/li>\n<li><strong>Bobina de malla triple:<\/strong> Desarrollo \u00f3ptimo del sabor y densidad uniforme del vapor.<\/li>\n<li><strong>Flujo de aire ajustable y control de potencia:<\/strong> Experiencia en tren personalizable a su gusto.<\/li>\n<li><strong>Pantalla HD:<\/strong> Visualizaci\u00f3n en tiempo real del nivel de carga de la bater\u00eda y del nivel de e-l\u00edquido.<\/li>\n<\/ul>\n<h2><strong>Preguntas frecuentes sobre ELF BAR RAYA D3 25000 Ar\u00e1ndano negro<\/strong><\/h2>\n<p><strong>\u00bfC\u00f3mo cambio el modo de vapor?<\/strong><\/p>\n<p>Pulse el bot\u00f3n situado en el lateral del aparato para cambiar entre Lite (12 W), Smooth (17 W) y Turbo (30 W). El modo activo se muestra claramente en la pantalla.<\/p>\n<p><strong>\u00bfC\u00f3mo reconozco cu\u00e1ndo se est\u00e1 acabando el l\u00edquido?<\/strong><\/p>\n<p>El sabor se percibe notablemente m\u00e1s d\u00e9bil o ligeramente quemado. La pantalla digital integrada tambi\u00e9n muestra el nivel de e-l\u00edquido restante en tiempo real en todo momento.<\/p>\n<p><strong>\u00bfEl ELF BAR RAYA D3 25000 Blackberry Cranberry tambi\u00e9n es adecuado para principiantes?<\/strong><\/p>\n<p>Por supuesto. El dispositivo no requiere ni recarga ni cambio de bobina. Basta con desembalarlo, seleccionar el modo deseado y empezar a vapear de inmediato. El modo Lite ofrece un inicio especialmente suave y sin complicaciones.<\/p>\n<p><strong>\u00bfCu\u00e1nto dura una carga de bater\u00eda?<\/strong><\/p>\n<p>En el modo Lite, se pueden dar entre 800 y 1.000 caladas con una carga completa. En modo Turbo, la capacidad se reduce a unas 400-500 caladas por carga.<\/p>\n<h3><strong>Descubra ahora y haga su pedido directamente<\/strong><\/h3>\n<p>Descubrir en <strong><a href=\"https:\/\/www.kurzvape.de\/es\/\">kurzvape.de - Su tienda especializada en vapear<\/a><\/strong> una cuidada selecci\u00f3n de productos de vapor de alta calidad de marcas l\u00edderes. Todos los modelos actuales, sabores y novedades de Elf Bar se pueden encontrar agrupados en el <strong><a href=\"https:\/\/www.kurzvape.de\/es\/product-category\/elf-bar-vape\/\">El mundo del producto Elf Bar Vape<\/a><\/strong> - claramente clasificados y siempre actualizados. Todos los sabores disponibles en esta gama de alto rendimiento se pueden encontrar de un vistazo en la secci\u00f3n <strong><a href=\"https:\/\/www.kurzvape.de\/es\/product-category\/elf-bar-vape\/elf-bar-raya-d3-25000\/\">Visi\u00f3n general completa de la serie Raya D3 25000<\/a><\/strong>.<\/p>","protected":false},"excerpt":{"rendered":"<p>El ELF BAR RAYA D3 25000 Blackberry Cranberry es un cigarrillo electr\u00f3nico desechable de alta calidad que combina moras maduras con ar\u00e1ndanos \u00e1cidos. Con 25.000 caladas, tres modos de potencia y carga r\u00e1pida USB-C, ofrece una experiencia de vapeo intensa y sabrosa al m\u00e1s alto nivel.<\/p>","protected":false},"featured_media":2059,"comment_status":"open","ping_status":"closed","template":"","meta":{"_acf_changed":false},"product_brand":[],"product_cat":[34],"product_tag":[],"class_list":{"0":"post-2058","1":"product","2":"type-product","3":"status-publish","4":"has-post-thumbnail","6":"product_cat-elf-bar-raya-d3-25000","8":"first","9":"instock","10":"sale","11":"shipping-taxable","12":"purchasable","13":"product-type-variable"},"acf":[],"_links":{"self":[{"href":"https:\/\/www.kurzvape.de\/es\/wp-json\/wp\/v2\/product\/2058","targetHints":{"allow":["GET"]}}],"collection":[{"href":"https:\/\/www.kurzvape.de\/es\/wp-json\/wp\/v2\/product"}],"about":[{"href":"https:\/\/www.kurzvape.de\/es\/wp-json\/wp\/v2\/types\/product"}],"replies":[{"embeddable":true,"href":"https:\/\/www.kurzvape.de\/es\/wp-json\/wp\/v2\/comments?post=2058"}],"wp:featuredmedia":[{"embeddable":true,"href":"https:\/\/www.kurzvape.de\/es\/wp-json\/wp\/v2\/media\/2059"}],"wp:attachment":[{"href":"https:\/\/www.kurzvape.de\/es\/wp-json\/wp\/v2\/media?parent=2058"}],"wp:term":[{"taxonomy":"product_brand","embeddable":true,"href":"https:\/\/www.kurzvape.de\/es\/wp-json\/wp\/v2\/product_brand?post=2058"},{"taxonomy":"product_cat","embeddable":true,"href":"https:\/\/www.kurzvape.de\/es\/wp-json\/wp\/v2\/product_cat?post=2058"},{"taxonomy":"product_tag","embeddable":true,"href":"https:\/\/www.kurzvape.de\/es\/wp-json\/wp\/v2\/product_tag?post=2058"}],"curies":[{"name":"wp","href":"https:\/\/api.w.org\/{rel}","templated":true}]}}