{"id":2070,"date":"2026-03-28T23:29:26","date_gmt":"2026-03-28T15:29:26","guid":{"rendered":"https:\/\/www.kurzvape.de\/?post_type=product&#038;p=2070"},"modified":"2026-03-28T23:29:26","modified_gmt":"2026-03-28T15:29:26","slug":"elf-bar-raya-d3-25000-blueberry-raspberry","status":"publish","type":"product","link":"https:\/\/www.kurzvape.de\/es\/product\/elf-bar-raya-d3-25000-blueberry-raspberry\/","title":{"rendered":"ELF BAR RAYA D3 25000 Ar\u00e1ndano Frambuesa"},"content":{"rendered":"<h2><strong>ELF BAR RAYA D3 25000 Blueberry Raspberry Vape Desechable - Baya, Afrutado, Seductor<\/strong><\/h2>\n<p>En <strong>ELF BAR RAYA D3 25000 Ar\u00e1ndano Frambuesa<\/strong> es un vaporizador desechable de primera clase que crea una experiencia de sabor incomparable con una armoniosa combinaci\u00f3n de ar\u00e1ndanos aterciopelados y la viva acidez frutal de las frambuesas maduras. Creado por Elf Bar utilizando la tecnolog\u00eda de fabricaci\u00f3n m\u00e1s avanzada, este dispositivo proporciona una experiencia de vapor con mucho cuerpo y rica en bayas: afrutada, equilibrada y al m\u00e1s alto nivel.<\/p>\n<h2><strong>Dise\u00f1o visionario y tecnolog\u00eda al m\u00e1s alto nivel<\/strong><\/h2>\n<p>Con una capacidad de 25.000 caladas y un mecanismo de regulaci\u00f3n de aire y presi\u00f3n inteligentemente dise\u00f1ado, el vaporizador desechable Elf Bar Raya D3 eleva el list\u00f3n en el segmento de los desechables a un nuevo nivel. El dispositivo recargable impresiona con una pantalla digital lateral de alto contraste y un llamativo anillo exterior azul monocromo: un aspecto general armonioso que combina h\u00e1bilmente la sofisticaci\u00f3n t\u00e9cnica y la est\u00e9tica contempor\u00e1nea.<\/p>\n<h2><strong>Tres modos de potencia para un control total<\/strong><\/h2>\n<p>En <strong>ELF BAR RAYA D3 25000 Ar\u00e1ndano Frambuesa<\/strong> se adapta con precisi\u00f3n a cada situaci\u00f3n y a las preferencias personales gracias a sus tres modos de funcionamiento de libre elecci\u00f3n: Lite, Smooth y Turbo. Tanto si quieres disfrutar de un vapor ligero y discreto como si prefieres una potente producci\u00f3n de nubes para momentos intensos, puedes cambiar sin esfuerzo entre los niveles de potencia con solo pulsar un bot\u00f3n y mantener siempre el control total sobre tu experiencia de vapor.<\/p>\n<h2><strong>Componentes de alta calidad para disfrutar al m\u00e1ximo<\/strong><\/h2>\n<p>En <strong>ELF BAR RAYA D3 25000 Ar\u00e1ndano Frambuesa<\/strong> cuenta con un generoso dep\u00f3sito de e-l\u00edquido de 23 ml, que se complementa con un sistema de triple bobina de malla para una vaporizaci\u00f3n especialmente homog\u00e9nea y un desarrollo del sabor preciso y lleno de matices. Una potente bater\u00eda de 850 mAh con funci\u00f3n de carga r\u00e1pida USB-C, una pantalla digital de alta resoluci\u00f3n, un sistema de flujo de aire infinitamente ajustable y una selecci\u00f3n de 15 exquisitos sabores completan este impresionante paquete global en todos los aspectos.<\/p>\n<h2><strong>Datos t\u00e9cnicos de la BARRA ELF RAYA D3 25000 de un vistazo<\/strong><\/h2>\n<ul>\n<li><strong>25.000 trenes:<\/strong> M\u00e1xima vida \u00fatil para un disfrute ininterrumpido.<\/li>\n<li><strong>23 ml de e-l\u00edquido preinstalado:<\/strong> Suministro generoso para disfrutar del vapor durante mucho tiempo.<\/li>\n<li><strong>5 % Contenido de nicotina:<\/strong> Fuerza equilibrada para un tir\u00f3n satisfactorio.<\/li>\n<li><strong>Bater\u00eda recargable de 850 mAh:<\/strong> Siempre listo para usar gracias a la carga r\u00e1pida USB-C.<\/li>\n<li><strong>Bobina de malla triple:<\/strong> Desarrollo \u00f3ptimo del sabor y densidad uniforme del vapor.<\/li>\n<li><strong>Flujo de aire ajustable y control de potencia:<\/strong> Experiencia en tren personalizable a su gusto.<\/li>\n<li><strong>Pantalla HD:<\/strong> Visualizaci\u00f3n en tiempo real del nivel de carga de la bater\u00eda y del nivel de e-l\u00edquido.<\/li>\n<\/ul>\n<h2><strong>Preguntas frecuentes sobre ELF BAR RAYA D3 25000 Ar\u00e1ndano Frambuesa<\/strong><\/h2>\n<p><strong>\u00bfC\u00f3mo cambio el modo de vapor?<\/strong><\/p>\n<p>Pulse el bot\u00f3n situado en el lateral del aparato para cambiar entre Lite (12 W), Smooth (17 W) y Turbo (30 W). El modo de funcionamiento seleccionado se muestra de forma inmediata y clara en la pantalla integrada.<\/p>\n<p><strong>\u00bfC\u00f3mo reconozco cu\u00e1ndo se est\u00e1 acabando el l\u00edquido?<\/strong><\/p>\n<p>El sabor pierde notablemente intensidad o adquiere un car\u00e1cter ligeramente quemado. Adem\u00e1s, la pantalla digital muestra de forma fiable el suministro de e-l\u00edquido restante en tiempo real en todo momento.<\/p>\n<p><strong>\u00bfLa BARRA ELF RAYA D3 25000 Frambuesa Ar\u00e1ndano tambi\u00e9n es adecuada para principiantes?<\/strong><\/p>\n<p>Por supuesto. El dispositivo funciona completamente sin recargar ni cambiar bobinas. Simplemente desemb\u00e1lelo, seleccione el modo deseado y empiece a vapear inmediatamente. El modo Lite es ideal como introducci\u00f3n suave y sin complicaciones.<\/p>\n<p><strong>\u00bfCu\u00e1nto dura una carga de bater\u00eda?<\/strong><\/p>\n<p>En modo Lite, una carga completa proporciona unas 800-1.000 caladas. En modo Turbo, la autonom\u00eda se reduce a unas 400-500 caladas por carga.<\/p>\n<h3><strong>Descubra ahora y haga su pedido directamente<\/strong><\/h3>\n<p>Productos de vapor de alta calidad de fabricantes de renombre y una cuidada selecci\u00f3n de marcas le esperan en <strong><a href=\"https:\/\/www.kurzvape.de\/es\/\">kurzvape.de - Comprar vapes y m\u00e1s en l\u00ednea<\/a><\/strong>. Para obtener una visi\u00f3n completa de todos los aparatos, series y sabores de Elf Bar disponibles en la actualidad, visite la p\u00e1gina <strong><a href=\"https:\/\/www.kurzvape.de\/es\/product-category\/elf-bar-vape\/\">El mundo de la marca Elf Bar Vape<\/a><\/strong> - claramente estructurada y continuamente actualizada. Quien busque espec\u00edficamente esta serie de alto rendimiento encontrar\u00e1 todas las versiones disponibles resumidas de forma compacta en el <strong><a href=\"https:\/\/www.kurzvape.de\/es\/product-category\/elf-bar-vape\/elf-bar-raya-d3-25000\/\">Vista de la serie Raya D3 25000<\/a><\/strong>.<\/p>","protected":false},"excerpt":{"rendered":"<p>El ELF BAR RAYA D3 25000 Blueberry Raspberry es un e-cigarrillo desechable de primera clase con ar\u00e1ndanos aterciopelados y un vibrante sabor a frambuesa. Con 25.000 caladas, tres modos de potencia y carga r\u00e1pida USB-C, ofrece una experiencia de bayas con cuerpo al m\u00e1s alto nivel.<\/p>","protected":false},"featured_media":2071,"comment_status":"open","ping_status":"closed","template":"","meta":{"_acf_changed":false},"product_brand":[],"product_cat":[34],"product_tag":[],"class_list":{"0":"post-2070","1":"product","2":"type-product","3":"status-publish","4":"has-post-thumbnail","6":"product_cat-elf-bar-raya-d3-25000","8":"first","9":"instock","10":"sale","11":"shipping-taxable","12":"purchasable","13":"product-type-variable"},"acf":[],"_links":{"self":[{"href":"https:\/\/www.kurzvape.de\/es\/wp-json\/wp\/v2\/product\/2070","targetHints":{"allow":["GET"]}}],"collection":[{"href":"https:\/\/www.kurzvape.de\/es\/wp-json\/wp\/v2\/product"}],"about":[{"href":"https:\/\/www.kurzvape.de\/es\/wp-json\/wp\/v2\/types\/product"}],"replies":[{"embeddable":true,"href":"https:\/\/www.kurzvape.de\/es\/wp-json\/wp\/v2\/comments?post=2070"}],"wp:featuredmedia":[{"embeddable":true,"href":"https:\/\/www.kurzvape.de\/es\/wp-json\/wp\/v2\/media\/2071"}],"wp:attachment":[{"href":"https:\/\/www.kurzvape.de\/es\/wp-json\/wp\/v2\/media?parent=2070"}],"wp:term":[{"taxonomy":"product_brand","embeddable":true,"href":"https:\/\/www.kurzvape.de\/es\/wp-json\/wp\/v2\/product_brand?post=2070"},{"taxonomy":"product_cat","embeddable":true,"href":"https:\/\/www.kurzvape.de\/es\/wp-json\/wp\/v2\/product_cat?post=2070"},{"taxonomy":"product_tag","embeddable":true,"href":"https:\/\/www.kurzvape.de\/es\/wp-json\/wp\/v2\/product_tag?post=2070"}],"curies":[{"name":"wp","href":"https:\/\/api.w.org\/{rel}","templated":true}]}}