{"id":2075,"date":"2026-03-28T23:34:35","date_gmt":"2026-03-28T15:34:35","guid":{"rendered":"https:\/\/www.kurzvape.de\/?post_type=product&#038;p=2075"},"modified":"2026-03-28T23:34:35","modified_gmt":"2026-03-28T15:34:35","slug":"elf-bar-raya-d3-25000-double-apple","status":"publish","type":"product","link":"https:\/\/www.kurzvape.de\/es\/product\/elf-bar-raya-d3-25000-double-apple\/","title":{"rendered":"ELF BAR RAYA D3 25000 Doble Manzana"},"content":{"rendered":"<h2><strong>ELF BAR RAYA D3 25000 Doble Manzana Vape Desechable - Afrutado, Saboroso, Irresistible<\/strong><\/h2>\n<p>En <strong>ELF BAR RAYA D3 25000 Doble Manzana<\/strong> es un vaporizador desechable de alta calidad que ofrece una experiencia de doble sabor afrutado \u00fanica en su clase, con una extraordinaria combinaci\u00f3n de manzanas verdes frescas y crujientes y manzanas rojas maduras y dulces. Desarrollado y fabricado por Elf Bar utilizando la tecnolog\u00eda m\u00e1s avanzada, este dispositivo impresiona con una experiencia de vapor con cuerpo y naturalmente afrutada - equilibrada, arom\u00e1ticamente intensa y al m\u00e1s alto nivel.<\/p>\n<h2><strong>Dise\u00f1o elegante y excelencia tecnol\u00f3gica<\/strong><\/h2>\n<p>El vaporizador desechable Elf Bar Raya D3 establece est\u00e1ndares completamente nuevos en el campo de los vaporizadores desechables con una impresionante capacidad de 25.000 caladas y un sistema de regulaci\u00f3n de aire y presi\u00f3n calibrado con precisi\u00f3n. El dispositivo recargable brilla con una n\u00edtida pantalla digital lateral y un inconfundible anillo exterior azul monocromo: un concepto t\u00e9cnica y visualmente sofisticado que no tiene rival en su categor\u00eda.<\/p>\n<h2><strong>Tres modos de funcionamiento para una experiencia personalizada<\/strong><\/h2>\n<p>En <strong>ELF BAR RAYA D3 25000 Doble Manzana<\/strong> ofrece tres modos de funcionamiento seleccionables individualmente - Lite, Smooth y Turbo - que le dan la libertad de personalizar su experiencia de vapeo para adaptarse a sus preferencias. Ya sea un disfrute sutil para los momentos relajados del d\u00eda a d\u00eda o un intenso desarrollo del vapor para las ocasiones especiales: Puede cambiar f\u00e1cilmente entre los niveles de potencia con s\u00f3lo pulsar un bot\u00f3n y mantener siempre el control total sobre su experiencia de vapeo personal.<\/p>\n<h2><strong>Equipamiento superior para disfrutar de la manzana en estado puro<\/strong><\/h2>\n<p>En <strong>ELF BAR RAYA D3 25000 Doble Manzana<\/strong> cuenta con un generoso dep\u00f3sito de e-l\u00edquido de 23 ml, que se complementa con un preciso sistema de triple bobina de malla para una vaporizaci\u00f3n uniforme y sin fisuras y un desarrollo del sabor lleno de matices. Una potente bater\u00eda de 850 mAh con tecnolog\u00eda de carga r\u00e1pida USB-C, una pantalla digital de alta resoluci\u00f3n, un sistema de flujo de aire finamente ajustable y una selecci\u00f3n de 15 sabores seleccionados a mano completan a la perfecci\u00f3n este paquete global t\u00e9cnicamente sofisticado y lleno de sabor.<\/p>\n<h2><strong>Datos t\u00e9cnicos de la BARRA ELF RAYA D3 25000 de un vistazo<\/strong><\/h2>\n<ul>\n<li><strong>25.000 trenes:<\/strong> M\u00e1xima vida \u00fatil para un disfrute ininterrumpido.<\/li>\n<li><strong>23 ml de e-l\u00edquido preinstalado:<\/strong> Suministro generoso para disfrutar del vapor durante mucho tiempo.<\/li>\n<li><strong>5 % Contenido de nicotina:<\/strong> Fuerza equilibrada para un tir\u00f3n satisfactorio.<\/li>\n<li><strong>Bater\u00eda recargable de 850 mAh:<\/strong> Siempre listo para usar gracias a la carga r\u00e1pida USB-C.<\/li>\n<li><strong>Bobina de malla triple:<\/strong> Desarrollo \u00f3ptimo del sabor y densidad uniforme del vapor.<\/li>\n<li><strong>Flujo de aire ajustable y control de potencia:<\/strong> Experiencia en tren personalizable a su gusto.<\/li>\n<li><strong>Pantalla HD:<\/strong> Visualizaci\u00f3n en tiempo real del nivel de carga de la bater\u00eda y del nivel de e-l\u00edquido.<\/li>\n<\/ul>\n<h2><strong>Preguntas frecuentes sobre el ELF BAR RAYA D3 25000 Doble Manzana<\/strong><\/h2>\n<p><strong>\u00bfC\u00f3mo cambio el modo de vapor?<\/strong><\/p>\n<p>Pulse el bot\u00f3n situado en el lateral del aparato para cambiar entre Lite (12 W), Smooth (17 W) y Turbo (30 W). El modo de funcionamiento activo se muestra de forma inmediata y clara en la pantalla integrada.<\/p>\n<p><strong>\u00bfC\u00f3mo reconozco cu\u00e1ndo se est\u00e1 acabando el l\u00edquido?<\/strong><\/p>\n<p>El sabor a manzana disminuye notablemente o aparece ligeramente quemado. La pantalla digital integrada tambi\u00e9n muestra el nivel de e-l\u00edquido restante con precisi\u00f3n y en tiempo real.<\/p>\n<p><strong>\u00bfLa ELF BAR RAYA D3 25000 Doble Manzana tambi\u00e9n es adecuada para principiantes?<\/strong><\/p>\n<p>S\u00ed, sin restricciones. El dispositivo no requiere ni recarga ni cambio de bobina. Basta con desembalarlo, seleccionar el modo adecuado y empezar a vapear de inmediato. El modo Lite en particular ofrece una agradable introducci\u00f3n suave y de bajo umbral al mundo del vapeo.<\/p>\n<p><strong>\u00bfCu\u00e1nto dura una carga de bater\u00eda?<\/strong><\/p>\n<p>En modo Lite, se pueden realizar entre 800 y 1.000 caladas con una carga completa. En modo Turbo, la autonom\u00eda se reduce a unas 400-500 caladas por carga.<\/p>\n<h3><strong>Descubra ahora y haga su pedido directamente<\/strong><\/h3>\n<p>Puede encontrar una amplia selecci\u00f3n de productos de vapeo de primera clase de marcas l\u00edderes, as\u00ed como asesoramiento experto en <strong><a href=\"https:\/\/www.kurzvape.de\/es\/\">kurzvape.de - Su tienda especializada en vapes desechables<\/a><\/strong>. Todos los productos, series y sabores de Elf Bar est\u00e1n claramente ordenados y actualizados en el <strong><a href=\"https:\/\/www.kurzvape.de\/es\/product-category\/elf-bar-vape\/\">Resumen de la oferta de Elf Bar Vape<\/a><\/strong> para obtener una visi\u00f3n general r\u00e1pida y espec\u00edfica. Encontrar\u00e1 una lista compacta de todas las versiones y variantes disponibles de esta serie de alto rendimiento en la secci\u00f3n <strong><a href=\"https:\/\/www.kurzvape.de\/es\/product-category\/elf-bar-vape\/elf-bar-raya-d3-25000\/\">Raya D3 25000 Selecci\u00f3n total<\/a><\/strong>.<\/p>","protected":false},"excerpt":{"rendered":"<p>El ELF BAR RAYA D3 25000 Doble Manzana es un e-cigarrillo desechable de primera clase con crujientes y frescas manzanas verdes y dulces manzanas rojas maduras. Con 25.000 caladas, tres modos de potencia y carga r\u00e1pida USB-C, ofrece una experiencia de manzana completa al m\u00e1s alto nivel.<\/p>","protected":false},"featured_media":2076,"comment_status":"open","ping_status":"closed","template":"","meta":{"_acf_changed":false},"product_brand":[],"product_cat":[34],"product_tag":[],"class_list":{"0":"post-2075","1":"product","2":"type-product","3":"status-publish","4":"has-post-thumbnail","6":"product_cat-elf-bar-raya-d3-25000","8":"first","9":"instock","10":"sale","11":"shipping-taxable","12":"purchasable","13":"product-type-variable"},"acf":[],"_links":{"self":[{"href":"https:\/\/www.kurzvape.de\/es\/wp-json\/wp\/v2\/product\/2075","targetHints":{"allow":["GET"]}}],"collection":[{"href":"https:\/\/www.kurzvape.de\/es\/wp-json\/wp\/v2\/product"}],"about":[{"href":"https:\/\/www.kurzvape.de\/es\/wp-json\/wp\/v2\/types\/product"}],"replies":[{"embeddable":true,"href":"https:\/\/www.kurzvape.de\/es\/wp-json\/wp\/v2\/comments?post=2075"}],"wp:featuredmedia":[{"embeddable":true,"href":"https:\/\/www.kurzvape.de\/es\/wp-json\/wp\/v2\/media\/2076"}],"wp:attachment":[{"href":"https:\/\/www.kurzvape.de\/es\/wp-json\/wp\/v2\/media?parent=2075"}],"wp:term":[{"taxonomy":"product_brand","embeddable":true,"href":"https:\/\/www.kurzvape.de\/es\/wp-json\/wp\/v2\/product_brand?post=2075"},{"taxonomy":"product_cat","embeddable":true,"href":"https:\/\/www.kurzvape.de\/es\/wp-json\/wp\/v2\/product_cat?post=2075"},{"taxonomy":"product_tag","embeddable":true,"href":"https:\/\/www.kurzvape.de\/es\/wp-json\/wp\/v2\/product_tag?post=2075"}],"curies":[{"name":"wp","href":"https:\/\/api.w.org\/{rel}","templated":true}]}}