{"id":2080,"date":"2026-03-28T23:39:22","date_gmt":"2026-03-28T15:39:22","guid":{"rendered":"https:\/\/www.kurzvape.de\/?post_type=product&#038;p=2080"},"modified":"2026-03-28T23:39:23","modified_gmt":"2026-03-28T15:39:23","slug":"elf-bar-raya-d3-25000-grape-cherry","status":"publish","type":"product","link":"https:\/\/www.kurzvape.de\/es\/product\/elf-bar-raya-d3-25000-grape-cherry\/","title":{"rendered":"ELF BAR RAYA D3 25000 Uva Cereza"},"content":{"rendered":"<h2><strong>ELF BAR RAYA D3 25000 Grape Cherry Vape Desechable - Jugoso, Afrutado Oscuro, Seductor<\/strong><\/h2>\n<p>En <strong>ELF BAR RAYA D3 25000 Uva Cereza<\/strong> es un vaporizador desechable de primera clase que ofrece una experiencia de sabor extraordinaria con una seductora simbiosis de uvas jugosas y maduras y el dulzor caracter\u00edstico de las cerezas rojas oscuras. Dise\u00f1ado y fabricado por Elf Bar utilizando la \u00faltima tecnolog\u00eda de precisi\u00f3n, este dispositivo proporciona una experiencia de vapor profunda, rica en fruta oscura - intensa, armoniosamente equilibrada y a un nivel premium sin concesiones.<\/p>\n<h2><strong>Dise\u00f1o elegante y superioridad tecnol\u00f3gica<\/strong><\/h2>\n<p>Con una capacidad total de 25.000 caladas y un sistema de control de aire y presi\u00f3n inteligentemente coordinado, el vaporizador desechable Elf Bar Raya D3 redefine por completo los l\u00edmites de lo posible en el segmento de los desechables. El dispositivo recargable deja una impresi\u00f3n duradera con una pantalla digital lateral brillantemente legible y un llamativo anillo exterior azul monocromo - una combinaci\u00f3n consistentemente bien pensada de estilo atemporal y precisi\u00f3n t\u00e9cnica que establece nuevos est\u00e1ndares en esta clase de producto.<\/p>\n<h2><strong>Tres niveles de prestaciones para una total libertad de dise\u00f1o<\/strong><\/h2>\n<p>En <strong>ELF BAR RAYA D3 25000 Uva Cereza<\/strong> abre un amplio abanico de opciones individuales de vapeo con tres modos de funcionamiento libremente configurables: Lite, Smooth y Turbo. Tanto si desea un disfrute diario comedido o un desarrollo de vapor potente y turbio para ocasiones especiales: Basta con pulsar un bot\u00f3n para navegar sin esfuerzo entre los niveles y personalizar la experiencia seg\u00fan sus preferencias.<\/p>\n<h2><strong>Tecnolog\u00eda de primera clase para un intenso sabor a fruta<\/strong><\/h2>\n<p>En <strong>ELF BAR RAYA D3 25000 Uva Cereza<\/strong> est\u00e1 equipado con un generoso dep\u00f3sito de e-l\u00edquido de 23 ml que, junto con un sistema de bobina de triple malla, garantiza una vaporizaci\u00f3n excepcionalmente uniforme y un desarrollo de sabor polifac\u00e9tico y lleno de matices. Una robusta bater\u00eda de 850 mAh con moderna tecnolog\u00eda de carga r\u00e1pida USB-C, una pantalla digital de alta resoluci\u00f3n, un sistema de flujo de aire ajustable con precisi\u00f3n y una selecci\u00f3n de 15 sabores cuidadosamente seleccionados completan este impresionante paquete global en t\u00e9rminos tanto de tecnolog\u00eda como de sabor.<\/p>\n<h2><strong>Datos t\u00e9cnicos de la BARRA ELF RAYA D3 25000 de un vistazo<\/strong><\/h2>\n<ul>\n<li><strong>25.000 trenes:<\/strong> M\u00e1xima vida \u00fatil para un disfrute ininterrumpido.<\/li>\n<li><strong>23 ml de e-l\u00edquido preinstalado:<\/strong> Suministro generoso para disfrutar del vapor durante mucho tiempo.<\/li>\n<li><strong>5 % Contenido de nicotina:<\/strong> Fuerza equilibrada para un tir\u00f3n satisfactorio.<\/li>\n<li><strong>Bater\u00eda recargable de 850 mAh:<\/strong> Siempre listo para usar gracias a la carga r\u00e1pida USB-C.<\/li>\n<li><strong>Bobina de malla triple:<\/strong> Desarrollo \u00f3ptimo del sabor y densidad uniforme del vapor.<\/li>\n<li><strong>Flujo de aire ajustable y control de potencia:<\/strong> Experiencia en tren personalizable a su gusto.<\/li>\n<li><strong>Pantalla HD:<\/strong> Visualizaci\u00f3n en tiempo real del nivel de carga de la bater\u00eda y del nivel de e-l\u00edquido.<\/li>\n<\/ul>\n<h2><strong>Preguntas frecuentes sobre ELF BAR RAYA D3 25000 Grape Cherry<\/strong><\/h2>\n<p><strong>\u00bfC\u00f3mo cambio el modo de vapor?<\/strong><\/p>\n<p>Pulse el bot\u00f3n lateral para cambiar entre Lite (12 W), Smooth (17 W) y Turbo (30 W). El modo actualmente activo se muestra de forma inmediata y precisa en la pantalla integrada.<\/p>\n<p><strong>\u00bfC\u00f3mo reconozco cu\u00e1ndo se est\u00e1 acabando el l\u00edquido?<\/strong><\/p>\n<p>El sabor a uva-cereza pierde cada vez m\u00e1s intensidad o deja una impresi\u00f3n ligeramente quemada. Al mismo tiempo, la pantalla digital proporciona informaci\u00f3n continua y fiable sobre el suministro de e-l\u00edquido restante.<\/p>\n<p><strong>\u00bfLa ELF BAR RAYA D3 25000 Grape Cherry tambi\u00e9n es adecuada para principiantes?<\/strong><\/p>\n<p>Por supuesto. El dispositivo funciona completamente sin necesidad de rellenar o cambiar las bobinas. Simplemente desemb\u00e1lelo, configure su modo favorito y empiece a vapear de inmediato. El modo Lite, en particular, ofrece una introducci\u00f3n suave, sencilla y agradable al mundo del vapeo.<\/p>\n<p><strong>\u00bfCu\u00e1nto dura una carga de bater\u00eda?<\/strong><\/p>\n<p>En el modo Lite, se pueden conseguir unas 800-1.000 caladas con una bater\u00eda totalmente cargada. En el modo Turbo, la capacidad se reduce a unas 400-500 caladas por carga.<\/p>\n<h3><strong>Descubra ahora y haga su pedido directamente<\/strong><\/h3>\n<p>Descubrir en <strong><a href=\"https:\/\/www.kurzvape.de\/es\/\">kurzvape.de - Compre vapes desechables de alta calidad c\u00f3modamente en l\u00ednea<\/a><\/strong> una gama cuidadosamente recopilada de productos de vapor de alta calidad de fabricantes de marcas l\u00edderes. Si desea ver toda la cartera de Elf Bar con todos los modelos, sabores y nuevos lanzamientos actuales de un vistazo, el <strong><a href=\"https:\/\/www.kurzvape.de\/es\/product-category\/elf-bar-vape\/\">El mundo tem\u00e1tico de Elf Bar Vape<\/a><\/strong> en buenas manos. Todas las variantes y sabores de esta popular gama de alto rendimiento est\u00e1n agrupados y claramente ordenados en el <strong><a href=\"https:\/\/www.kurzvape.de\/es\/product-category\/elf-bar-vape\/elf-bar-raya-d3-25000\/\">Raya D3 25000 Visi\u00f3n general completa<\/a><\/strong> recuperable.<\/p>","protected":false},"excerpt":{"rendered":"<p>El ELF BAR RAYA D3 25000 Grape Cherry es un e-cigarrillo desechable de primera clase con jugosas uvas y dulces cerezas de color rojo oscuro. Con 25.000 caladas, tres modos de potencia y carga r\u00e1pida USB-C, ofrece un intenso sabor a fruta al m\u00e1s alto nivel.<\/p>","protected":false},"featured_media":2081,"comment_status":"open","ping_status":"closed","template":"","meta":{"_acf_changed":false},"product_brand":[],"product_cat":[34],"product_tag":[],"class_list":{"0":"post-2080","1":"product","2":"type-product","3":"status-publish","4":"has-post-thumbnail","6":"product_cat-elf-bar-raya-d3-25000","8":"first","9":"instock","10":"sale","11":"shipping-taxable","12":"purchasable","13":"product-type-variable"},"acf":[],"_links":{"self":[{"href":"https:\/\/www.kurzvape.de\/es\/wp-json\/wp\/v2\/product\/2080","targetHints":{"allow":["GET"]}}],"collection":[{"href":"https:\/\/www.kurzvape.de\/es\/wp-json\/wp\/v2\/product"}],"about":[{"href":"https:\/\/www.kurzvape.de\/es\/wp-json\/wp\/v2\/types\/product"}],"replies":[{"embeddable":true,"href":"https:\/\/www.kurzvape.de\/es\/wp-json\/wp\/v2\/comments?post=2080"}],"wp:featuredmedia":[{"embeddable":true,"href":"https:\/\/www.kurzvape.de\/es\/wp-json\/wp\/v2\/media\/2081"}],"wp:attachment":[{"href":"https:\/\/www.kurzvape.de\/es\/wp-json\/wp\/v2\/media?parent=2080"}],"wp:term":[{"taxonomy":"product_brand","embeddable":true,"href":"https:\/\/www.kurzvape.de\/es\/wp-json\/wp\/v2\/product_brand?post=2080"},{"taxonomy":"product_cat","embeddable":true,"href":"https:\/\/www.kurzvape.de\/es\/wp-json\/wp\/v2\/product_cat?post=2080"},{"taxonomy":"product_tag","embeddable":true,"href":"https:\/\/www.kurzvape.de\/es\/wp-json\/wp\/v2\/product_tag?post=2080"}],"curies":[{"name":"wp","href":"https:\/\/api.w.org\/{rel}","templated":true}]}}