{"id":2088,"date":"2026-03-29T11:18:33","date_gmt":"2026-03-29T03:18:33","guid":{"rendered":"https:\/\/www.kurzvape.de\/?post_type=product&#038;p=2088"},"modified":"2026-03-29T11:18:34","modified_gmt":"2026-03-29T03:18:34","slug":"elf-bar-raya-d3-25000-grape-mint","status":"publish","type":"product","link":"https:\/\/www.kurzvape.de\/es\/product\/elf-bar-raya-d3-25000-grape-mint\/","title":{"rendered":"ELF BAR RAYA D3 25000 Uva Menta"},"content":{"rendered":"<h2><strong>ELF BAR RAYA D3 25000 Grape Mint Vape Desechable - Afrutado, Menta Fresca, Irresistible<\/strong><\/h2>\n<p>En <strong>ELF BAR RAYA D3 25000 Uva Menta<\/strong> es un vaporizador desechable de alta calidad que ofrece una experiencia de vapeo excepcionalmente armoniosa con una sofisticada combinaci\u00f3n de uvas dulces y con cuerpo y una vigorizante nota arom\u00e1tica de menta. Desarrollado por Elf Bar utilizando la tecnolog\u00eda de producci\u00f3n m\u00e1s avanzada, este dispositivo combina la plenitud afrutada con una frescura mentolada suavemente refrescante: equilibrado, elegantemente armonizado y de la m\u00e1s alta calidad.<\/p>\n<h2><strong>Dise\u00f1o con car\u00e1cter y sofisticaci\u00f3n tecnol\u00f3gica<\/strong><\/h2>\n<p>El vaporizador desechable Elf Bar Raya D3 establece un nuevo marco de referencia en el segmento de los vaporizadores desechables con una impresionante capacidad de 25.000 caladas y un sistema de regulaci\u00f3n de aire y presi\u00f3n dise\u00f1ado con precisi\u00f3n. El dispositivo recargable impresiona con una pantalla digital lateral de gran nitidez y un caracter\u00edstico anillo exterior azul monocromo: un producto bien pensado en todos los aspectos que combina la superioridad t\u00e9cnica y el dise\u00f1o contempor\u00e1neo de una manera notable.<\/p>\n<h2><strong>Tres modos de funcionamiento para disfrutar del vapor de forma personalizada<\/strong><\/h2>\n<p>En <strong>ELF BAR RAYA D3 25000 Uva Menta<\/strong> con tres modos de funcionamiento seleccionables individualmente - Lite, Smooth y Turbo - ofrece la flexibilidad de personalizar completamente la experiencia de vapeo seg\u00fan sus propias necesidades. Ya sea para un disfrute diario discreto y relajado o para un potente desarrollo del vapor en momentos especiales: basta con pulsar un bot\u00f3n para cambiar suavemente entre los niveles de potencia y controlar con precisi\u00f3n su experiencia de vapeo personal.<\/p>\n<h2><strong>T\u00e9cnicamente maduro para disfrutar de pura uva de menta<\/strong><\/h2>\n<p>En <strong>ELF BAR RAYA D3 25000 Uva Menta<\/strong> est\u00e1 equipado con un generoso dep\u00f3sito de e-l\u00edquido de 23 ml, que se complementa con un sistema de bobina de malla triple de alta calidad para una vaporizaci\u00f3n uniforme y sin fisuras y un desarrollo diferenciado del sabor. Una potente bater\u00eda de 850 mAh con tecnolog\u00eda de carga r\u00e1pida USB-C, una pantalla digital de alta resoluci\u00f3n, un sistema de flujo de aire finamente ajustable y una selecci\u00f3n de 15 sabores cuidadosamente seleccionados completan este conjunto t\u00e9cnico y de buen gusto.<\/p>\n<h2><strong>Datos t\u00e9cnicos de la BARRA ELF RAYA D3 25000 de un vistazo<\/strong><\/h2>\n<ul>\n<li><strong>25.000 trenes:<\/strong> M\u00e1xima vida \u00fatil para un disfrute ininterrumpido.<\/li>\n<li><strong>23 ml de e-l\u00edquido preinstalado:<\/strong> Suministro generoso para disfrutar del vapor durante mucho tiempo.<\/li>\n<li><strong>5 % Contenido de nicotina:<\/strong> Fuerza equilibrada para un tir\u00f3n satisfactorio.<\/li>\n<li><strong>Bater\u00eda recargable de 850 mAh:<\/strong> Siempre listo para usar gracias a la carga r\u00e1pida USB-C.<\/li>\n<li><strong>Bobina de malla triple:<\/strong> Desarrollo \u00f3ptimo del sabor y densidad uniforme del vapor.<\/li>\n<li><strong>Flujo de aire ajustable y control de potencia:<\/strong> Experiencia en tren personalizable a su gusto.<\/li>\n<li><strong>Pantalla HD:<\/strong> Visualizaci\u00f3n en tiempo real del nivel de carga de la bater\u00eda y del nivel de e-l\u00edquido.<\/li>\n<\/ul>\n<h2><strong>Preguntas frecuentes sobre ELF BAR RAYA D3 25000 Uva Menta<\/strong><\/h2>\n<p><strong>\u00bfC\u00f3mo cambio el modo de vapor?<\/strong><\/p>\n<p>Pulse el bot\u00f3n situado en el lateral del aparato para cambiar entre Lite (12 W), Smooth (17 W) y Turbo (30 W). El modo de funcionamiento activo se muestra de forma inmediata y clara en la pantalla integrada.<\/p>\n<p><strong>\u00bfC\u00f3mo reconozco cu\u00e1ndo se est\u00e1 acabando el l\u00edquido?<\/strong><\/p>\n<p>El sabor a menta y uva pierde notablemente su frescura y vivacidad o parece cada vez m\u00e1s quemado. La pantalla digital integrada tambi\u00e9n muestra el nivel actual de e-l\u00edquido de forma fiable y en tiempo real en todo momento.<\/p>\n<p><strong>\u00bfLa ELF BAR RAYA D3 25000 Grape Mint tambi\u00e9n es adecuada para principiantes?<\/strong><\/p>\n<p>S\u00ed, sin restricciones. El dispositivo no requiere ni recarga ni cambio de bobina. Basta con desembalarlo, seleccionar el modo adecuado y empezar a vapear de inmediato. El modo Lite ofrece una introducci\u00f3n especialmente suave, de bajo umbral y agradable al mundo del vapeo.<\/p>\n<p><strong>\u00bfCu\u00e1nto dura una carga de bater\u00eda?<\/strong><\/p>\n<p>En modo Lite, una carga completa de la bater\u00eda proporciona unas 800-1.000 caladas. En modo Turbo, la autonom\u00eda se reduce a unas 400-500 caladas por carga.<\/p>\n<h3><strong>Descubra ahora y haga su pedido directamente<\/strong><\/h3>\n<p>Navegue por la amplia gama de productos de vapor de primera clase en <strong><a href=\"https:\/\/www.kurzvape.de\/es\/\">kurzvape.de - Pida vapes de calidad f\u00e1cilmente en l\u00ednea<\/a><\/strong> y encuentre exactamente el producto que se adapta a sus gustos personales. Todos los modelos, series y variantes de sabor actuales de Elf Bar est\u00e1n ordenados de forma clara y siempre actualizados en el <strong><a href=\"https:\/\/www.kurzvape.de\/es\/product-category\/elf-bar-vape\/\">Elf Bar Vape colecci\u00f3n completa<\/a><\/strong> resumido. Todas las versiones y sabores disponibles de esta gama est\u00e1n claramente estructurados y son f\u00e1ciles de encontrar en el <strong><a href=\"https:\/\/www.kurzvape.de\/es\/product-category\/elf-bar-vape\/elf-bar-raya-d3-25000\/\">Selecci\u00f3n de la serie Raya D3 25000<\/a><\/strong>.<\/p>","protected":false},"excerpt":{"rendered":"<p>El ELF BAR RAYA D3 25000 Grape Mint es un e-cigarrillo desechable de primera clase con un sabor a uva dulce y con cuerpo y una vigorizante nota de menta. Con 25.000 caladas, tres modos de alimentaci\u00f3n y carga r\u00e1pida USB-C, ofrece una experiencia de vapeo armoniosa al m\u00e1s alto nivel.<\/p>","protected":false},"featured_media":2089,"comment_status":"open","ping_status":"closed","template":"","meta":{"_acf_changed":false},"product_brand":[],"product_cat":[34],"product_tag":[],"class_list":{"0":"post-2088","1":"product","2":"type-product","3":"status-publish","4":"has-post-thumbnail","6":"product_cat-elf-bar-raya-d3-25000","8":"first","9":"instock","10":"sale","11":"shipping-taxable","12":"purchasable","13":"product-type-variable"},"acf":[],"_links":{"self":[{"href":"https:\/\/www.kurzvape.de\/es\/wp-json\/wp\/v2\/product\/2088","targetHints":{"allow":["GET"]}}],"collection":[{"href":"https:\/\/www.kurzvape.de\/es\/wp-json\/wp\/v2\/product"}],"about":[{"href":"https:\/\/www.kurzvape.de\/es\/wp-json\/wp\/v2\/types\/product"}],"replies":[{"embeddable":true,"href":"https:\/\/www.kurzvape.de\/es\/wp-json\/wp\/v2\/comments?post=2088"}],"wp:featuredmedia":[{"embeddable":true,"href":"https:\/\/www.kurzvape.de\/es\/wp-json\/wp\/v2\/media\/2089"}],"wp:attachment":[{"href":"https:\/\/www.kurzvape.de\/es\/wp-json\/wp\/v2\/media?parent=2088"}],"wp:term":[{"taxonomy":"product_brand","embeddable":true,"href":"https:\/\/www.kurzvape.de\/es\/wp-json\/wp\/v2\/product_brand?post=2088"},{"taxonomy":"product_cat","embeddable":true,"href":"https:\/\/www.kurzvape.de\/es\/wp-json\/wp\/v2\/product_cat?post=2088"},{"taxonomy":"product_tag","embeddable":true,"href":"https:\/\/www.kurzvape.de\/es\/wp-json\/wp\/v2\/product_tag?post=2088"}],"curies":[{"name":"wp","href":"https:\/\/api.w.org\/{rel}","templated":true}]}}