{"id":2092,"date":"2026-03-29T11:27:29","date_gmt":"2026-03-29T03:27:29","guid":{"rendered":"https:\/\/www.kurzvape.de\/?post_type=product&#038;p=2092"},"modified":"2026-03-29T11:27:29","modified_gmt":"2026-03-29T03:27:29","slug":"elf-bar-raya-d3-25000-kiwi-passion-fruit-guava","status":"publish","type":"product","link":"https:\/\/www.kurzvape.de\/es\/product\/elf-bar-raya-d3-25000-kiwi-passion-fruit-guava\/","title":{"rendered":"ELF BAR RAYA D3 25000 Kiwi Fruta de la Pasi\u00f3n Guayaba"},"content":{"rendered":"<h2><strong>ELF BAR RAYA D3 25000 Kiwi Fruta de la Pasi\u00f3n Guayaba Vape Desechable - Tropical, Ex\u00f3tico, Seductor<\/strong><\/h2>\n<p>En <strong>ELF BAR RAYA D3 25000 Kiwi Fruta de la Pasi\u00f3n Guayaba<\/strong> es un vaporizador desechable de primera clase que ofrece una experiencia de sabor realmente excepcional con una ex\u00f3tica combinaci\u00f3n triple de kiwi \u00e1cido, fruta de la pasi\u00f3n apasionadamente dulce y la nota cremosa y tropical de la guayaba madura. Desarrollado y fabricado por Elf Bar utilizando la \u00faltima tecnolog\u00eda de precisi\u00f3n, este dispositivo transporta la sensaci\u00f3n de un para\u00edso tropical directamente a cada calada: afrutado, con m\u00faltiples capas, ex\u00f3ticamente intenso y a un nivel premium sin concesiones.<\/p>\n<h2><strong>Dise\u00f1o expresivo y excelencia tecnol\u00f3gica<\/strong><\/h2>\n<p>Con una capacidad total de 25.000 caladas y un sistema de regulaci\u00f3n de aire y presi\u00f3n inteligentemente dise\u00f1ado, el vaporizador desechable Elf Bar Raya D3 establece est\u00e1ndares completamente nuevos en el segmento de los vaporizadores desechables. El dispositivo recargable deja una impresi\u00f3n duradera con una pantalla digital lateral brillantemente legible y un llamativo anillo exterior azul monocromo - un producto consistentemente bien pensado que combina de forma impresionante el atractivo est\u00e9tico y la superioridad tecnol\u00f3gica.<\/p>\n<h2><strong>Tres modos de rendimiento para una experiencia totalmente personalizada<\/strong><\/h2>\n<p>En <strong>ELF BAR RAYA D3 25000 Kiwi Fruta de la Pasi\u00f3n Guayaba<\/strong> con sus tres modos de funcionamiento libremente seleccionables -Lite, Smooth y Turbo- abre una amplia gama de opciones para personalizar la experiencia de vapeo exactamente como usted la desea. Ya se trate de un placer diario suave y discreto o de un desarrollo de vapor potente y rico en aromas para momentos especiales: basta con pulsar un bot\u00f3n para cambiar sin problemas entre los niveles y disfrutar de la experiencia del sabor tropical en toda su intensidad.<\/p>\n<h2><strong>Tecnolog\u00eda de alta calidad para disfrutar al m\u00e1ximo del tr\u00f3pico<\/strong><\/h2>\n<p>En <strong>ELF BAR RAYA D3 25000 Kiwi Fruta de la Pasi\u00f3n Guayaba<\/strong> impresiona con un generoso dep\u00f3sito de e-l\u00edquido de 23 ml, que se complementa con un preciso sistema de bobina de triple malla para una vaporizaci\u00f3n excepcionalmente uniforme y un desarrollo de sabor matizado y de m\u00faltiples capas. Una robusta bater\u00eda de 850 mAh con tecnolog\u00eda de carga r\u00e1pida USB-C, una pantalla digital de alta resoluci\u00f3n, un sistema de flujo de aire de ajuste continuo y una selecci\u00f3n de 15 sabores seleccionados a mano completan este paquete global completamente convincente tanto en t\u00e9rminos de tecnolog\u00eda como de sabor.<\/p>\n<h2><strong>Datos t\u00e9cnicos de la BARRA ELF RAYA D3 25000 de un vistazo<\/strong><\/h2>\n<ul>\n<li><strong>25.000 trenes:<\/strong> M\u00e1xima vida \u00fatil para un disfrute ininterrumpido.<\/li>\n<li><strong>23 ml de e-l\u00edquido preinstalado:<\/strong> Suministro generoso para disfrutar del vapor durante mucho tiempo.<\/li>\n<li><strong>5 % Contenido de nicotina:<\/strong> Fuerza equilibrada para un tir\u00f3n satisfactorio.<\/li>\n<li><strong>Bater\u00eda recargable de 850 mAh:<\/strong> Siempre listo para usar gracias a la carga r\u00e1pida USB-C.<\/li>\n<li><strong>Bobina de malla triple:<\/strong> Desarrollo \u00f3ptimo del sabor y densidad uniforme del vapor.<\/li>\n<li><strong>Flujo de aire ajustable y control de potencia:<\/strong> Experiencia en tren personalizable a su gusto.<\/li>\n<li><strong>Pantalla HD:<\/strong> Visualizaci\u00f3n en tiempo real del nivel de carga de la bater\u00eda y del nivel de e-l\u00edquido.<\/li>\n<\/ul>\n<h2><strong>Preguntas frecuentes sobre ELF BAR RAYA D3 25000 Kiwi Fruta de la Pasi\u00f3n Guayaba<\/strong><\/h2>\n<p><strong>\u00bfC\u00f3mo cambio el modo de vapor?<\/strong><\/p>\n<p>Pulse el bot\u00f3n situado en el lateral del aparato para cambiar entre Lite (12 W), Smooth (17 W) y Turbo (30 W). El modo activo se muestra de forma inmediata y precisa en la pantalla integrada.<\/p>\n<p><strong>\u00bfC\u00f3mo reconozco cu\u00e1ndo se est\u00e1 acabando el l\u00edquido?<\/strong><\/p>\n<p>El sabor tropical de kiwi, fruta de la pasi\u00f3n y guayaba pierde gradualmente su intensidad y vivacidad o deja una impresi\u00f3n ligeramente quemada. La pantalla digital tambi\u00e9n le informa de forma continua y fiable sobre el suministro de e-l\u00edquido restante.<\/p>\n<p><strong>\u00bfLa BARRA ELF RAYA D3 25000 Kiwi Fruta de la Pasi\u00f3n Guayaba tambi\u00e9n es adecuada para principiantes?<\/strong><\/p>\n<p>Por supuesto. El dispositivo funciona completamente sin recargar ni cambiar bobinas. Simplemente desemb\u00e1lelo, configure su modo preferido y sum\u00e9rjase de inmediato en la experiencia del sabor tropical. El modo Lite ofrece un inicio especialmente suave y sin complicaciones.<\/p>\n<p><strong>\u00bfCu\u00e1nto dura una carga de bater\u00eda?<\/strong><\/p>\n<p>En modo Lite, se pueden conseguir unas 800-1.000 caladas con una bater\u00eda totalmente cargada. En el modo Turbo, la capacidad se reduce a unas 400-500 caladas por carga.<\/p>\n<h3><strong>Descubra ahora y haga su pedido directamente<\/strong><\/h3>\n<p>Sum\u00e9rjase en el mundo de los productos de vapor de primera clase y descubra el <strong><a href=\"https:\/\/www.kurzvape.de\/es\/\">kurzvape.de - Productos para vapear con estilo y calidad<\/a><\/strong> una cuidada selecci\u00f3n de marcas de renombre y sabores populares. Si desea explorar la gama completa de Elf Bar con todos los modelos actuales, series y nuevos lanzamientos de un vistazo, la secci\u00f3n <strong><a href=\"https:\/\/www.kurzvape.de\/es\/product-category\/elf-bar-vape\/\">P\u00e1gina de la marca Elf Bar Vape<\/a><\/strong> siempre actualizada, claramente organizada y de f\u00e1cil navegaci\u00f3n. Todas las variantes y sabores disponibles de esta popular gama de alto rendimiento se enumeran de forma clara y centralizada en la p\u00e1gina web. <strong><a href=\"https:\/\/www.kurzvape.de\/es\/product-category\/elf-bar-vape\/elf-bar-raya-d3-25000\/\">Visi\u00f3n general de Raya D3 25000 Variant<\/a><\/strong> resumido.<\/p>","protected":false},"excerpt":{"rendered":"<p>El ELF BAR RAYA D3 25000 Kiwi Fruta de la Pasi\u00f3n Guayaba es un e-cigarrillo desechable de primera clase con sabroso kiwi, dulce fruta de la pasi\u00f3n y cremosa guayaba. Con 25.000 caladas, tres modos de potencia y carga r\u00e1pida USB-C, ofrece una experiencia de vapor tropical \u00fanica.<\/p>","protected":false},"featured_media":2094,"comment_status":"open","ping_status":"closed","template":"","meta":{"_acf_changed":false},"product_brand":[],"product_cat":[34],"product_tag":[],"class_list":{"0":"post-2092","1":"product","2":"type-product","3":"status-publish","4":"has-post-thumbnail","6":"product_cat-elf-bar-raya-d3-25000","8":"first","9":"instock","10":"sale","11":"shipping-taxable","12":"purchasable","13":"product-type-variable"},"acf":[],"_links":{"self":[{"href":"https:\/\/www.kurzvape.de\/es\/wp-json\/wp\/v2\/product\/2092","targetHints":{"allow":["GET"]}}],"collection":[{"href":"https:\/\/www.kurzvape.de\/es\/wp-json\/wp\/v2\/product"}],"about":[{"href":"https:\/\/www.kurzvape.de\/es\/wp-json\/wp\/v2\/types\/product"}],"replies":[{"embeddable":true,"href":"https:\/\/www.kurzvape.de\/es\/wp-json\/wp\/v2\/comments?post=2092"}],"wp:featuredmedia":[{"embeddable":true,"href":"https:\/\/www.kurzvape.de\/es\/wp-json\/wp\/v2\/media\/2094"}],"wp:attachment":[{"href":"https:\/\/www.kurzvape.de\/es\/wp-json\/wp\/v2\/media?parent=2092"}],"wp:term":[{"taxonomy":"product_brand","embeddable":true,"href":"https:\/\/www.kurzvape.de\/es\/wp-json\/wp\/v2\/product_brand?post=2092"},{"taxonomy":"product_cat","embeddable":true,"href":"https:\/\/www.kurzvape.de\/es\/wp-json\/wp\/v2\/product_cat?post=2092"},{"taxonomy":"product_tag","embeddable":true,"href":"https:\/\/www.kurzvape.de\/es\/wp-json\/wp\/v2\/product_tag?post=2092"}],"curies":[{"name":"wp","href":"https:\/\/api.w.org\/{rel}","templated":true}]}}