{"id":2096,"date":"2026-03-29T11:34:13","date_gmt":"2026-03-29T03:34:13","guid":{"rendered":"https:\/\/www.kurzvape.de\/?post_type=product&#038;p=2096"},"modified":"2026-03-29T11:34:13","modified_gmt":"2026-03-29T03:34:13","slug":"elf-bar-raya-d3-25000-lemon-lime-ice","status":"publish","type":"product","link":"https:\/\/www.kurzvape.de\/es\/product\/elf-bar-raya-d3-25000-lemon-lime-ice\/","title":{"rendered":"ELF BAR RAYA D3 25000 Lim\u00f3n Lima Helado"},"content":{"rendered":"<h2><strong>ELF BAR RAYA D3 25000 Lemon Lime Ice Vape Desechable - C\u00edtrico Fresco, Helado, Vigorizante<\/strong><\/h2>\n<p>En <strong>ELF BAR RAYA D3 25000 Lim\u00f3n Lima Helado<\/strong> es un vaporizador desechable de alta calidad que crea una experiencia de vapeo refrescante y vibrante con una sabrosa combinaci\u00f3n de lim\u00f3n \u00e1cido, lima fresca y un vigorizante acabado mentolado. Realizado por Elf Bar con la tecnolog\u00eda de fabricaci\u00f3n m\u00e1s avanzada, este dispositivo combina la frescura cl\u00e1sica de los c\u00edtricos con un frescor helado: hormigueante, intenso y al m\u00e1s alto nivel.<\/p>\n<h2><strong>Dise\u00f1o claro y precisi\u00f3n tecnol\u00f3gica<\/strong><\/h2>\n<p>Con una capacidad total de 25.000 caladas y un sistema de control de aire y presi\u00f3n cuidadosamente dise\u00f1ado, el vaporizador desechable Elf Bar Raya D3 eleva el est\u00e1ndar de calidad en el segmento de los desechables a un nuevo nivel. El dispositivo recargable impresiona con una pantalla digital lateral brillantemente legible y un distintivo anillo exterior azul monocromo - una exitosa combinaci\u00f3n de dise\u00f1o claro y contempor\u00e1neo y sofisticaci\u00f3n t\u00e9cnica que no tiene rival en esta categor\u00eda de producto.<\/p>\n<h2><strong>Tres modos de funcionamiento para una m\u00e1xima flexibilidad<\/strong><\/h2>\n<p>En <strong>ELF BAR RAYA D3 25000 Lim\u00f3n Lima Helado<\/strong> se adapta con precisi\u00f3n a cada situaci\u00f3n y gusto personal gracias a sus tres modos de funcionamiento configurables individualmente: Lite, Smooth y Turbo. Ya sea un placer de vapor ligero y refrescante para el uso diario o un potente desarrollo de vapor para momentos intensos: Con s\u00f3lo pulsar un bot\u00f3n, puede navegar sin esfuerzo entre los niveles de potencia y decidir por s\u00ed mismo c\u00f3mo de intensa debe ser la experiencia del c\u00edtrico-hielo.<\/p>\n<h2><strong>Equipamiento de primera clase para disfrutar de c\u00edtricos espumosos<\/strong><\/h2>\n<p>En <strong>ELF BAR RAYA D3 25000 Lim\u00f3n Lima Helado<\/strong> est\u00e1 equipado con un generoso dep\u00f3sito de e-l\u00edquido de 23 ml que, en combinaci\u00f3n con un sistema de bobina de malla triple de alta calidad, garantiza una vaporizaci\u00f3n especialmente uniforme y un desarrollo de sabor fresco y conciso. Una potente bater\u00eda de 850 mAh con funci\u00f3n de carga r\u00e1pida USB-C, una pantalla digital de alta resoluci\u00f3n, un sistema de flujo de aire ajustable individualmente y una selecci\u00f3n de 15 sabores cuidadosamente seleccionados completan a la perfecci\u00f3n este paquete global t\u00e9cnicamente sofisticado y lleno de sabor.<\/p>\n<h2><strong>Datos t\u00e9cnicos de la BARRA ELF RAYA D3 25000 de un vistazo<\/strong><\/h2>\n<ul>\n<li><strong>25.000 trenes:<\/strong> M\u00e1xima vida \u00fatil para un disfrute ininterrumpido.<\/li>\n<li><strong>23 ml de e-l\u00edquido preinstalado:<\/strong> Suministro generoso para disfrutar del vapor durante mucho tiempo.<\/li>\n<li><strong>5 % Contenido de nicotina:<\/strong> Fuerza equilibrada para un tir\u00f3n satisfactorio.<\/li>\n<li><strong>Bater\u00eda recargable de 850 mAh:<\/strong> Siempre listo para usar gracias a la carga r\u00e1pida USB-C.<\/li>\n<li><strong>Bobina de malla triple:<\/strong> Desarrollo \u00f3ptimo del sabor y densidad uniforme del vapor.<\/li>\n<li><strong>Flujo de aire ajustable y control de potencia:<\/strong> Experiencia en tren personalizable a su gusto.<\/li>\n<li><strong>Pantalla HD:<\/strong> Visualizaci\u00f3n en tiempo real del nivel de carga de la bater\u00eda y del nivel de e-l\u00edquido.<\/li>\n<\/ul>\n<h2><strong>Preguntas frecuentes sobre ELF BAR RAYA D3 25000 Lemon Lime Ice<\/strong><\/h2>\n<p><strong>\u00bfC\u00f3mo cambio el modo de vapor?<\/strong><\/p>\n<p>Pulse el bot\u00f3n situado en el lateral del aparato para cambiar entre Lite (12 W), Smooth (17 W) y Turbo (30 W). El modo de funcionamiento seleccionado se muestra de forma inmediata y clara en la pantalla integrada.<\/p>\n<p><strong>\u00bfC\u00f3mo reconozco cu\u00e1ndo se est\u00e1 acabando el l\u00edquido?<\/strong><\/p>\n<p>El sabor a lima-lim\u00f3n-mentol pierde notablemente su frescura y efervescencia o parece cada vez m\u00e1s quemado. La pantalla digital tambi\u00e9n muestra el nivel de e-l\u00edquido restante de forma fiable y en tiempo real en todo momento.<\/p>\n<p><strong>\u00bfEl ELF BAR RAYA D3 25000 Lemon Lime Ice tambi\u00e9n es adecuado para principiantes?<\/strong><\/p>\n<p>Por supuesto. El aparato no requiere ni rellenado ni cambio de bobina. Simplemente desemb\u00e1lelo, seleccione el modo deseado y sum\u00e9rjase inmediatamente en la refrescante experiencia del hielo c\u00edtrico. El modo Lite es ideal para una introducci\u00f3n suave y sin complicaciones.<\/p>\n<p><strong>\u00bfCu\u00e1nto dura una carga de bater\u00eda?<\/strong><\/p>\n<p>En modo Lite, una carga completa permite unas 800-1.000 caladas. En modo Turbo, la autonom\u00eda se reduce a unas 400-500 caladas por carga.<\/p>\n<h3><strong>Descubra ahora y haga su pedido directamente<\/strong><\/h3>\n<p>Descubrir en <strong><a class=\"underline underline underline-offset-2 decoration-1 decoration-current\/40 hover:decoration-current focus:decoration-current\" href=\"https:\/\/www.kurzvape.de\/es\/\">kurzvape.de - su punto de contacto para productos de vapor de primera calidad<\/a><\/strong> una gama cuidadosamente recopilada de productos de vapor de alta calidad de fabricantes de renombre, claramente estructurada y lista para su env\u00edo en cualquier momento. Todos los modelos, sabores y novedades actuales de Elf Bar se encuentran agrupados y ordenados de forma clara en el <strong><a class=\"underline underline underline-offset-2 decoration-1 decoration-current\/40 hover:decoration-current focus:decoration-current\" href=\"https:\/\/www.kurzvape.de\/es\/product-category\/elf-bar-vape\/\">P\u00e1gina tem\u00e1tica de Elf Bar Vape<\/a><\/strong>. Todos los sabores y versiones disponibles de esta popular gama son compactos y f\u00e1ciles de encontrar en el <strong><a class=\"underline underline underline-offset-2 decoration-1 decoration-current\/40 hover:decoration-current focus:decoration-current\" href=\"https:\/\/www.kurzvape.de\/es\/product-category\/elf-bar-vape\/elf-bar-raya-d3-25000\/\">resumen completo del art\u00edculo Raya D3 25000<\/a><\/strong> compilado.<\/p>","protected":false},"excerpt":{"rendered":"<p>El ELF BAR RAYA D3 25000 Lemon Lime Ice es un e-cigarrillo desechable de primera clase con un acabado de lim\u00f3n \u00e1cido, lima fresca y mentol fresco. Con 25.000 caladas, tres modos de potencia y carga r\u00e1pida USB-C, ofrece una experiencia c\u00edtrica vigorizante al m\u00e1s alto nivel.<\/p>","protected":false},"featured_media":2097,"comment_status":"open","ping_status":"closed","template":"","meta":{"_acf_changed":false},"product_brand":[],"product_cat":[34],"product_tag":[],"class_list":{"0":"post-2096","1":"product","2":"type-product","3":"status-publish","4":"has-post-thumbnail","6":"product_cat-elf-bar-raya-d3-25000","8":"first","9":"instock","10":"sale","11":"shipping-taxable","12":"purchasable","13":"product-type-variable"},"acf":[],"_links":{"self":[{"href":"https:\/\/www.kurzvape.de\/es\/wp-json\/wp\/v2\/product\/2096","targetHints":{"allow":["GET"]}}],"collection":[{"href":"https:\/\/www.kurzvape.de\/es\/wp-json\/wp\/v2\/product"}],"about":[{"href":"https:\/\/www.kurzvape.de\/es\/wp-json\/wp\/v2\/types\/product"}],"replies":[{"embeddable":true,"href":"https:\/\/www.kurzvape.de\/es\/wp-json\/wp\/v2\/comments?post=2096"}],"wp:featuredmedia":[{"embeddable":true,"href":"https:\/\/www.kurzvape.de\/es\/wp-json\/wp\/v2\/media\/2097"}],"wp:attachment":[{"href":"https:\/\/www.kurzvape.de\/es\/wp-json\/wp\/v2\/media?parent=2096"}],"wp:term":[{"taxonomy":"product_brand","embeddable":true,"href":"https:\/\/www.kurzvape.de\/es\/wp-json\/wp\/v2\/product_brand?post=2096"},{"taxonomy":"product_cat","embeddable":true,"href":"https:\/\/www.kurzvape.de\/es\/wp-json\/wp\/v2\/product_cat?post=2096"},{"taxonomy":"product_tag","embeddable":true,"href":"https:\/\/www.kurzvape.de\/es\/wp-json\/wp\/v2\/product_tag?post=2096"}],"curies":[{"name":"wp","href":"https:\/\/api.w.org\/{rel}","templated":true}]}}