{"id":2100,"date":"2026-03-29T11:40:45","date_gmt":"2026-03-29T03:40:45","guid":{"rendered":"https:\/\/www.kurzvape.de\/?post_type=product&#038;p=2100"},"modified":"2026-03-29T11:40:45","modified_gmt":"2026-03-29T03:40:45","slug":"elf-bar-raya-d3-25000-peach-berry","status":"publish","type":"product","link":"https:\/\/www.kurzvape.de\/es\/product\/elf-bar-raya-d3-25000-peach-berry\/","title":{"rendered":"ELF BAR RAYA D3 25000 Melocot\u00f3n Baya"},"content":{"rendered":"<h2><strong>ELF BAR RAYA D3 25000 Peach Berry Vape Desechable - Aterciopelado, Berry Fresh, Irresistible<\/strong><\/h2>\n<p>En <strong>ELF BAR RAYA D3 25000 Melocot\u00f3n Baya<\/strong> es un vaporizador desechable de alta calidad que ofrece una experiencia de sabor excepcionalmente armoniosa con una seductora combinaci\u00f3n de melocotones aterciopelados y maduros y la viva acidez frutal de bayas seleccionadas. Desarrollado y fabricado por Elf Bar utilizando la tecnolog\u00eda de producci\u00f3n m\u00e1s avanzada, este dispositivo impresiona con una experiencia de vapor con cuerpo, afrutada y equilibrada: dulce y jugosa, fresca como una baya y a un nivel absolutamente premium.<\/p>\n<h2><strong>Dise\u00f1o contempor\u00e1neo y excelencia tecnol\u00f3gica<\/strong><\/h2>\n<p>Con una capacidad total de 25.000 caladas y un mecanismo de regulaci\u00f3n de aire y presi\u00f3n ajustado con precisi\u00f3n, el vaporizador desechable Elf Bar Raya D3 redefine por completo los est\u00e1ndares de calidad en el segmento de los desechables. El dispositivo recargable impresiona con una pantalla digital lateral de alto contraste y un caracter\u00edstico anillo exterior azul monocromo: un concepto coherente que combina la delicadeza t\u00e9cnica y un aspecto moderno de forma convincente.<\/p>\n<h2><strong>Tres modos de vapor para cada ocasi\u00f3n<\/strong><\/h2>\n<p>En <strong>ELF BAR RAYA D3 25000 Melocot\u00f3n Baya<\/strong> ofrece tres modos de funcionamiento seleccionables individualmente - Lite, Smooth y Turbo - que le dan la libertad de personalizar completamente su experiencia de vapeo de acuerdo con sus propios deseos y la situaci\u00f3n en cuesti\u00f3n. Tanto si prefieres un placer diario comedido o un desarrollo de vapor potente e intensamente afrutado para momentos especiales, puedes cambiar suavemente entre los niveles de potencia con s\u00f3lo pulsar un bot\u00f3n y crear tu propia experiencia de vapeo personal seg\u00fan tus propios est\u00e1ndares.<\/p>\n<h2><strong>Componentes de primera calidad para disfrutar de la fruta con todo su sabor<\/strong><\/h2>\n<p>En <strong>ELF BAR RAYA D3 25000 Melocot\u00f3n Baya<\/strong> cuenta con un generoso dep\u00f3sito de e-l\u00edquido de 23 ml, que se complementa con un sistema de bobina de triple malla de alta calidad para una vaporizaci\u00f3n especialmente uniforme y un desarrollo del sabor diferenciado y lleno de matices. Una potente bater\u00eda de 850 mAh con tecnolog\u00eda de carga r\u00e1pida USB-C, una pantalla digital de alta resoluci\u00f3n, un sistema de flujo de aire finamente ajustable y una selecci\u00f3n de 15 sabores exclusivos completan este paquete global completamente convincente tanto en t\u00e9rminos de tecnolog\u00eda como de sabor.<\/p>\n<h2><strong>Datos t\u00e9cnicos de la BARRA ELF RAYA D3 25000 de un vistazo<\/strong><\/h2>\n<ul>\n<li><strong>25.000 trenes:<\/strong> M\u00e1xima vida \u00fatil para un disfrute ininterrumpido.<\/li>\n<li><strong>23 ml de e-l\u00edquido preinstalado:<\/strong> Suministro generoso para disfrutar del vapor durante mucho tiempo.<\/li>\n<li><strong>5 % Contenido de nicotina:<\/strong> Fuerza equilibrada para un tir\u00f3n satisfactorio.<\/li>\n<li><strong>Bater\u00eda recargable de 850 mAh:<\/strong> Siempre listo para usar gracias a la carga r\u00e1pida USB-C.<\/li>\n<li><strong>Bobina de malla triple:<\/strong> Desarrollo \u00f3ptimo del sabor y densidad uniforme del vapor.<\/li>\n<li><strong>Flujo de aire ajustable y control de potencia:<\/strong> Experiencia en tren personalizable a su gusto.<\/li>\n<li><strong>Pantalla HD:<\/strong> Visualizaci\u00f3n en tiempo real del nivel de carga de la bater\u00eda y del nivel de e-l\u00edquido.<\/li>\n<\/ul>\n<h2><strong>Preguntas frecuentes sobre ELF BAR RAYA D3 25000 Peach Berry<\/strong><\/h2>\n<p><strong>\u00bfC\u00f3mo cambio el modo de vapor?<\/strong><\/p>\n<p>Pulse el bot\u00f3n situado en el lateral del aparato para cambiar entre Lite (12 W), Smooth (17 W) y Turbo (30 W). El modo de funcionamiento activo se muestra de forma inmediata y clara en la pantalla integrada.<\/p>\n<p><strong>\u00bfC\u00f3mo reconozco cu\u00e1ndo se est\u00e1 acabando el l\u00edquido?<\/strong><\/p>\n<p>El sabor a melocot\u00f3n y bayas pierde notablemente intensidad y frescura o deja una impresi\u00f3n ligeramente quemada. La pantalla digital tambi\u00e9n le informa de forma continua y fiable sobre el suministro de e-l\u00edquido restante.<\/p>\n<p><strong>\u00bfLa ELF BAR RAYA D3 25000 Peach Berry tambi\u00e9n es adecuada para principiantes?<\/strong><\/p>\n<p>S\u00ed, sin restricciones. El dispositivo no requiere ni recarga ni cambio de bobina. Simplemente desemb\u00e1lelo, seleccione el modo apropiado y sum\u00e9rjase de inmediato en la experiencia de vapor afrutado. El modo Lite ofrece una introducci\u00f3n agradablemente suave y de bajo umbral.<\/p>\n<p><strong>\u00bfCu\u00e1nto dura una carga de bater\u00eda?<\/strong><\/p>\n<p>En modo Lite, son posibles unas 800-1.000 caladas con una carga completa de la bater\u00eda. En modo Turbo, la autonom\u00eda se reduce a unas 400-500 caladas por carga.<\/p>\n<h3><strong>Descubra ahora y haga su pedido directamente<\/strong><\/h3>\n<p>Encontrar\u00e1 productos de vapeo de alta calidad de marcas l\u00edderes, as\u00ed como una gama bien pensada y siempre actualizada en <strong><a class=\"underline underline underline-offset-2 decoration-1 decoration-current\/40 hover:decoration-current focus:decoration-current\" href=\"https:\/\/www.kurzvape.de\/es\/\">kurzvape.de - su tienda de vapeo de confianza<\/a><\/strong>. Cualquiera que busque espec\u00edficamente productos Elf Bar encontrar\u00e1 todos los modelos, series y sabores disponibles claramente enumerados en el <strong><a class=\"underline underline underline-offset-2 decoration-1 decoration-current\/40 hover:decoration-current focus:decoration-current\" href=\"https:\/\/www.kurzvape.de\/es\/product-category\/elf-bar-vape\/\">P\u00e1gina general de Elf Bar Vape<\/a><\/strong>. Todas las variantes y sabores disponibles de esta gama de alto rendimiento pueden consultarse r\u00e1pida y f\u00e1cilmente en <strong><a class=\"underline underline underline-offset-2 decoration-1 decoration-current\/40 hover:decoration-current focus:decoration-current\" href=\"https:\/\/www.kurzvape.de\/es\/product-category\/elf-bar-vape\/elf-bar-raya-d3-25000\/\">Raya D3 25000: todos los sabores de un vistazo<\/a><\/strong>.<\/p>","protected":false},"excerpt":{"rendered":"<p>El ELF BAR RAYA D3 25000 Peach Berry es un e-cigarrillo desechable de primera clase con melocotones suaves aterciopelados y bayas frescas. Con 25.000 caladas, tres modos de potencia y carga r\u00e1pida USB-C, ofrece una experiencia frutal con cuerpo al m\u00e1s alto nivel.<\/p>","protected":false},"featured_media":2101,"comment_status":"open","ping_status":"closed","template":"","meta":{"_acf_changed":false},"product_brand":[],"product_cat":[34],"product_tag":[],"class_list":{"0":"post-2100","1":"product","2":"type-product","3":"status-publish","4":"has-post-thumbnail","6":"product_cat-elf-bar-raya-d3-25000","8":"first","9":"instock","10":"sale","11":"shipping-taxable","12":"purchasable","13":"product-type-variable"},"acf":[],"_links":{"self":[{"href":"https:\/\/www.kurzvape.de\/es\/wp-json\/wp\/v2\/product\/2100","targetHints":{"allow":["GET"]}}],"collection":[{"href":"https:\/\/www.kurzvape.de\/es\/wp-json\/wp\/v2\/product"}],"about":[{"href":"https:\/\/www.kurzvape.de\/es\/wp-json\/wp\/v2\/types\/product"}],"replies":[{"embeddable":true,"href":"https:\/\/www.kurzvape.de\/es\/wp-json\/wp\/v2\/comments?post=2100"}],"wp:featuredmedia":[{"embeddable":true,"href":"https:\/\/www.kurzvape.de\/es\/wp-json\/wp\/v2\/media\/2101"}],"wp:attachment":[{"href":"https:\/\/www.kurzvape.de\/es\/wp-json\/wp\/v2\/media?parent=2100"}],"wp:term":[{"taxonomy":"product_brand","embeddable":true,"href":"https:\/\/www.kurzvape.de\/es\/wp-json\/wp\/v2\/product_brand?post=2100"},{"taxonomy":"product_cat","embeddable":true,"href":"https:\/\/www.kurzvape.de\/es\/wp-json\/wp\/v2\/product_cat?post=2100"},{"taxonomy":"product_tag","embeddable":true,"href":"https:\/\/www.kurzvape.de\/es\/wp-json\/wp\/v2\/product_tag?post=2100"}],"curies":[{"name":"wp","href":"https:\/\/api.w.org\/{rel}","templated":true}]}}