{"id":2104,"date":"2026-03-29T11:48:50","date_gmt":"2026-03-29T03:48:50","guid":{"rendered":"https:\/\/www.kurzvape.de\/?post_type=product&#038;p=2104"},"modified":"2026-03-29T11:48:51","modified_gmt":"2026-03-29T03:48:51","slug":"elf-bar-raya-d3-25000-watermelon-ice","status":"publish","type":"product","link":"https:\/\/www.kurzvape.de\/es\/product\/elf-bar-raya-d3-25000-watermelon-ice\/","title":{"rendered":"ELF BAR RAYA D3 25000 Sand\u00eda Helada"},"content":{"rendered":"<h2><strong>Vapeador desechable ELF BAR RAYA D3 25000 Watermelon Ice - jugoso, fresco como el hielo, sabor a verano<\/strong><\/h2>\n<p>En <strong>ELF BAR RAYA D3 25000 Sand\u00eda Helada<\/strong> es un vaporizador desechable premium que crea una refrescante experiencia de vaporizaci\u00f3n veraniega con una irresistible combinaci\u00f3n de jugosa sand\u00eda dulce y un agradable acabado mentolado refrescante. Desarrollado y fabricado por Elf Bar utilizando la \u00faltima tecnolog\u00eda de precisi\u00f3n, este dispositivo combina la jugosidad afrutada con el frescor helado - dulce, vigorizante y al m\u00e1s alto nivel.<\/p>\n<h2><strong>Dise\u00f1o moderno y superioridad tecnol\u00f3gica<\/strong><\/h2>\n<p>El vaporizador desechable Elf Bar Raya D3 establece una nueva referencia de calidad en el segmento de los desechables con una impresionante capacidad de 25.000 caladas y un sistema de control de aire y presi\u00f3n inteligentemente coordinado. El dispositivo recargable impresiona con una pantalla digital lateral de gran nitidez y un caracter\u00edstico anillo exterior azul monocrom\u00e1tico: un concepto global armonioso que combina la precisi\u00f3n t\u00e9cnica y la est\u00e9tica contempor\u00e1nea de una forma extraordinaria.<\/p>\n<h2><strong>Tres niveles de potencia para una personalizaci\u00f3n ilimitada<\/strong><\/h2>\n<p>En <strong>ELF BAR RAYA D3 25000 Sand\u00eda Helada<\/strong> permite una experiencia de vapeo totalmente personalizada gracias a sus tres modos de funcionamiento configurables individualmente: Lite, Smooth y Turbo. Ya se trate de una experiencia ligera y refrescante para el d\u00eda a d\u00eda o de un potente desarrollo del vapor para los momentos m\u00e1s intensos del verano, basta con pulsar un bot\u00f3n para cambiar de un nivel a otro y disfrutar de toda la frescura de la sand\u00eda helada.<\/p>\n<h2><strong>Tecnolog\u00eda de primera para disfrutar de las vacaciones de verano<\/strong><\/h2>\n<p>En <strong>ELF BAR RAYA D3 25000 Sand\u00eda Helada<\/strong> est\u00e1 equipado con un generoso tanque de e-l\u00edquido de 23 ml, que se complementa con un sistema de bobina de malla triple de alta calidad para una vaporizaci\u00f3n excepcionalmente uniforme y un desarrollo de sabor vivo y conciso. Una robusta bater\u00eda de 850 mAh con tecnolog\u00eda de carga r\u00e1pida USB-C, una pantalla digital de alta resoluci\u00f3n, un sistema de flujo de aire de ajuste continuo y una selecci\u00f3n de 15 sabores cuidadosamente seleccionados completan este paquete general que convence por su t\u00e9cnica y su buen gusto.<\/p>\n<h2><strong>Datos t\u00e9cnicos de la BARRA ELF RAYA D3 25000 de un vistazo<\/strong><\/h2>\n<ul>\n<li><strong>25.000 trenes:<\/strong> M\u00e1xima vida \u00fatil para un disfrute ininterrumpido.<\/li>\n<li><strong>23 ml de e-l\u00edquido preinstalado:<\/strong> Suministro generoso para disfrutar del vapor durante mucho tiempo.<\/li>\n<li><strong>5 % Contenido de nicotina:<\/strong> Fuerza equilibrada para un tir\u00f3n satisfactorio.<\/li>\n<li><strong>Bater\u00eda recargable de 850 mAh:<\/strong> Siempre listo para usar gracias a la carga r\u00e1pida USB-C.<\/li>\n<li><strong>Bobina de malla triple:<\/strong> Desarrollo \u00f3ptimo del sabor y densidad uniforme del vapor.<\/li>\n<li><strong>Flujo de aire ajustable y control de potencia:<\/strong> Experiencia en tren personalizable a su gusto.<\/li>\n<li><strong>Pantalla HD:<\/strong> Visualizaci\u00f3n en tiempo real del nivel de carga de la bater\u00eda y del nivel de e-l\u00edquido.<\/li>\n<\/ul>\n<h2><strong>Preguntas frecuentes sobre el ELF BAR RAYA D3 25000 Watermelon Ice<\/strong><\/h2>\n<p><strong>\u00bfC\u00f3mo cambio el modo de vapor?<\/strong><\/p>\n<p>Pulse el bot\u00f3n situado en el lateral del aparato para cambiar entre Lite (12 W), Smooth (17 W) y Turbo (30 W). El modo actualmente activo se muestra de forma inmediata y clara en la pantalla integrada.<\/p>\n<p><strong>\u00bfC\u00f3mo reconozco cu\u00e1ndo se est\u00e1 acabando el l\u00edquido?<\/strong><\/p>\n<p>El sabor mentolado de la sand\u00eda pierde notablemente su frescura y jugosidad o parece cada vez m\u00e1s quemado. La pantalla digital tambi\u00e9n le informa de forma continua y precisa sobre el nivel de e-l\u00edquido restante.<\/p>\n<p><strong>\u00bfLa ELF BAR RAYA D3 25000 Watermelon Ice tambi\u00e9n es adecuada para principiantes?<\/strong><\/p>\n<p>Por supuesto. El aparato no necesita rellenarse ni cambiarse la bobina. Simplemente desemb\u00e1lelo, seleccione su modo favorito y sum\u00e9rjase directamente en la refrescante experiencia del hielo de sand\u00eda. El modo Lite ofrece un arranque especialmente suave y sin complicaciones.<\/p>\n<p><strong>\u00bfCu\u00e1nto dura una carga de bater\u00eda?<\/strong><\/p>\n<p>En modo Lite, una carga completa permite unas 800-1.000 caladas. En modo Turbo, la autonom\u00eda se reduce a unas 400-500 caladas por carga.<\/p>\n<h3><strong>Descubra ahora y haga su pedido directamente<\/strong><\/h3>\n<p>Consulte una amplia gama de productos de vapor de primera calidad en <strong><a href=\"https:\/\/www.kurzvape.de\/es\/\">kurzvape.de - vapores frescos para todos los gustos<\/a><\/strong> y encuentre exactamente el producto que se adapta a su estilo personal. En la p\u00e1gina web de Elf Bar encontrar\u00e1 un resumen completo y siempre actualizado de todos los dispositivos y sabores disponibles. <strong><a href=\"https:\/\/www.kurzvape.de\/es\/product-category\/elf-bar-vape\/\">Visi\u00f3n general de la marca Elf Bar Vape<\/a><\/strong>. Si busca espec\u00edficamente esta serie de alto rendimiento, encontrar\u00e1 todas las versiones disponibles agrupadas y claramente organizadas en <strong><a href=\"https:\/\/www.kurzvape.de\/es\/product-category\/elf-bar-vape\/elf-bar-raya-d3-25000\/\">Raya D3 25000 - la vista completa de la serie<\/a><\/strong>.<\/p>","protected":false},"excerpt":{"rendered":"<p>El ELF BAR RAYA D3 25000 Watermelon Ice es un e-cigarrillo desechable de primera clase con un jugoso y dulce sabor a sand\u00eda y un fresco acabado mentolado. Con 25.000 caladas, tres modos de potencia y carga r\u00e1pida USB-C, ofrece una refrescante experiencia veraniega al m\u00e1s alto nivel.<\/p>","protected":false},"featured_media":2105,"comment_status":"open","ping_status":"closed","template":"","meta":{"_acf_changed":false},"product_brand":[],"product_cat":[34],"product_tag":[],"class_list":{"0":"post-2104","1":"product","2":"type-product","3":"status-publish","4":"has-post-thumbnail","6":"product_cat-elf-bar-raya-d3-25000","8":"first","9":"instock","10":"sale","11":"shipping-taxable","12":"purchasable","13":"product-type-variable"},"acf":[],"_links":{"self":[{"href":"https:\/\/www.kurzvape.de\/es\/wp-json\/wp\/v2\/product\/2104","targetHints":{"allow":["GET"]}}],"collection":[{"href":"https:\/\/www.kurzvape.de\/es\/wp-json\/wp\/v2\/product"}],"about":[{"href":"https:\/\/www.kurzvape.de\/es\/wp-json\/wp\/v2\/types\/product"}],"replies":[{"embeddable":true,"href":"https:\/\/www.kurzvape.de\/es\/wp-json\/wp\/v2\/comments?post=2104"}],"wp:featuredmedia":[{"embeddable":true,"href":"https:\/\/www.kurzvape.de\/es\/wp-json\/wp\/v2\/media\/2105"}],"wp:attachment":[{"href":"https:\/\/www.kurzvape.de\/es\/wp-json\/wp\/v2\/media?parent=2104"}],"wp:term":[{"taxonomy":"product_brand","embeddable":true,"href":"https:\/\/www.kurzvape.de\/es\/wp-json\/wp\/v2\/product_brand?post=2104"},{"taxonomy":"product_cat","embeddable":true,"href":"https:\/\/www.kurzvape.de\/es\/wp-json\/wp\/v2\/product_cat?post=2104"},{"taxonomy":"product_tag","embeddable":true,"href":"https:\/\/www.kurzvape.de\/es\/wp-json\/wp\/v2\/product_tag?post=2104"}],"curies":[{"name":"wp","href":"https:\/\/api.w.org\/{rel}","templated":true}]}}