{"id":2116,"date":"2026-03-29T12:18:09","date_gmt":"2026-03-29T04:18:09","guid":{"rendered":"https:\/\/www.kurzvape.de\/?post_type=product&#038;p=2116"},"modified":"2026-03-29T12:18:09","modified_gmt":"2026-03-29T04:18:09","slug":"elf-bar-raya-d3-25000-peach-ice","status":"publish","type":"product","link":"https:\/\/www.kurzvape.de\/es\/product\/elf-bar-raya-d3-25000-peach-ice\/","title":{"rendered":"ELF BAR RAYA D3 25000 Melocot\u00f3n Helado"},"content":{"rendered":"<h2><strong>ELF BAR RAYA D3 25000 Peach Ice Vape Desechable - Aterciopelado, Helado, Irresistible<\/strong><\/h2>\n<p>En <strong>ELF BAR RAYA D3 25000 Melocot\u00f3n Helado<\/strong> es un vaporizador desechable de alta calidad que ofrece una experiencia de vapeo excepcionalmente armoniosa con una seductora combinaci\u00f3n de melocot\u00f3n maduro, aterciopelado y suave, y un final mentolado agradablemente refrescante. Desarrollado y fabricado por Elf Bar utilizando la \u00faltima tecnolog\u00eda de precisi\u00f3n, este dispositivo combina la calidez afrutada con la frescura helada - dulce y jugoso, vigorizante y sin concesiones de primera calidad.<\/p>\n<h2><strong>Dise\u00f1o sofisticado y precisi\u00f3n tecnol\u00f3gica<\/strong><\/h2>\n<p>Con una impresionante capacidad de 25.000 caladas y un sistema de regulaci\u00f3n de aire y presi\u00f3n inteligentemente coordinado, el vaporizador desechable Elf Bar Raya D3 eleva los est\u00e1ndares de calidad en el segmento de los desechables a un nivel completamente nuevo. El dispositivo recargable impresiona con una pantalla digital lateral brillantemente legible y un llamativo anillo exterior azul monocromo - un concepto general t\u00e9cnica y est\u00e9ticamente sofisticado que establece nuevos est\u00e1ndares en su clase de producto.<\/p>\n<h2><strong>Tres modos de funcionamiento para un control perfecto de los vapores<\/strong><\/h2>\n<p>En <strong>ELF BAR RAYA D3 25000 Melocot\u00f3n Helado<\/strong> permite una experiencia de vapeo totalmente personalizada para cada ocasi\u00f3n gracias a sus tres modos de funcionamiento libremente configurables: Lite, Smooth y Turbo. Tanto si quieres un disfrute diario suave y comedido como un desarrollo de vapor potente y turbio para momentos intensos, puedes cambiar sin esfuerzo entre los niveles de potencia con solo pulsar un bot\u00f3n y disfrutar de la experiencia del helado de melocot\u00f3n exactamente como t\u00fa quieras.<\/p>\n<h2><strong>Tecnolog\u00eda de alta calidad para melocotones frescos helados<\/strong><\/h2>\n<p>En <strong>ELF BAR RAYA D3 25000 Melocot\u00f3n Helado<\/strong> est\u00e1 equipado con un generoso dep\u00f3sito de e-l\u00edquido de 23 ml, que se complementa con un preciso sistema de bobina de triple malla para una vaporizaci\u00f3n excepcionalmente uniforme y un desarrollo del sabor matizado y con m\u00faltiples capas. Una robusta bater\u00eda de 850 mAh con tecnolog\u00eda de carga r\u00e1pida USB-C, una pantalla digital de alta resoluci\u00f3n, un sistema de flujo de aire infinitamente ajustable y una selecci\u00f3n de 15 sabores cuidadosamente seleccionados completan este impresionante paquete global en todos los aspectos.<\/p>\n<h2><strong>Datos t\u00e9cnicos de la BARRA ELF RAYA D3 25000 de un vistazo<\/strong><\/h2>\n<ul>\n<li><strong>25.000 trenes:<\/strong> M\u00e1xima vida \u00fatil para un disfrute ininterrumpido.<\/li>\n<li><strong>23 ml de e-l\u00edquido preinstalado:<\/strong> Suministro generoso para disfrutar del vapor durante mucho tiempo.<\/li>\n<li><strong>5 % Contenido de nicotina:<\/strong> Fuerza equilibrada para un tir\u00f3n satisfactorio.<\/li>\n<li><strong>Bater\u00eda recargable de 850 mAh:<\/strong> Siempre listo para usar gracias a la carga r\u00e1pida USB-C.<\/li>\n<li><strong>Bobina de malla triple:<\/strong> Desarrollo \u00f3ptimo del sabor y densidad uniforme del vapor.<\/li>\n<li><strong>Flujo de aire ajustable y control de potencia:<\/strong> Experiencia en tren personalizable a su gusto.<\/li>\n<li><strong>Pantalla HD:<\/strong> Visualizaci\u00f3n en tiempo real del nivel de carga de la bater\u00eda y del nivel de e-l\u00edquido.<\/li>\n<\/ul>\n<h2><strong>Preguntas frecuentes sobre el ELF BAR RAYA D3 25000 Peach Ice<\/strong><\/h2>\n<p><strong>\u00bfC\u00f3mo cambio el modo de vapor?<\/strong><\/p>\n<p>Pulse el bot\u00f3n lateral para cambiar entre Lite (12 W), Smooth (17 W) y Turbo (30 W). El modo activo se muestra directamente en la pantalla.<\/p>\n<p><strong>\u00bfC\u00f3mo reconozco cu\u00e1ndo se est\u00e1 acabando el l\u00edquido?<\/strong><\/p>\n<p>El sabor disminuye notablemente o aparece ligeramente quemado. Adem\u00e1s, la pantalla muestra en todo momento el nivel de e-l\u00edquido restante en tiempo real.<\/p>\n<p><strong>\u00bfLa ELF BAR RAYA D3 25000 Peach Ice tambi\u00e9n es adecuada para principiantes?<\/strong><\/p>\n<p>S\u00ed, absolutamente. Sin rellenar, sin cambiar bobinas - simplemente desempaquetar, seleccionar el modo y empezar. El modo Lite ofrece un arranque especialmente suave.<\/p>\n<p><strong>\u00bfCu\u00e1nto dura una carga de bater\u00eda?<\/strong><\/p>\n<p>En modo Lite, son posibles unas 800-1.000 caladas con una carga completa. En modo Turbo, la autonom\u00eda se reduce a unas 400-500 caladas por carga.<\/p>\n<h3><strong>Descubra ahora y haga su pedido directamente<\/strong><\/h3>\n<p>Descubrir en <strong><a class=\"underline underline underline-offset-2 decoration-1 decoration-current\/40 hover:decoration-current focus:decoration-current\" href=\"https:\/\/www.kurzvape.de\/es\/\">kurzvape.de - Su especialista en vapes desechables<\/a><\/strong> una variada selecci\u00f3n de productos de vaporizaci\u00f3n de primera clase de fabricantes de marcas l\u00edderes, presentados de forma clara y listos para su env\u00edo en cualquier momento. Todos los modelos, sabores y series de productos actuales de Elf Bar se pueden encontrar de forma estructurada y f\u00e1cilmente navegable en la p\u00e1gina web <strong><a class=\"underline underline underline-offset-2 decoration-1 decoration-current\/40 hover:decoration-current focus:decoration-current\" href=\"https:\/\/www.kurzvape.de\/es\/product-category\/elf-bar-vape\/\">Elf Bar Vape marca y p\u00e1gina de producto<\/a><\/strong>. Todas las variantes y sabores de esta popular gama de alto rendimiento est\u00e1n agrupadas y disponibles de un vistazo en <strong><a class=\"underline underline underline-offset-2 decoration-1 decoration-current\/40 hover:decoration-current focus:decoration-current\" href=\"https:\/\/www.kurzvape.de\/es\/product-category\/elf-bar-vape\/elf-bar-raya-d3-25000\/\">Raya D3 25000 - descubre todos los sabores<\/a><\/strong>.<\/p>","protected":false},"excerpt":{"rendered":"<p>El ELF BAR RAYA D3 25000 Peach Ice es un e-cigarrillo desechable de primera clase con melocotones totalmente maduros y suaves como el terciopelo y un fresco acabado mentolado. Con 25.000 caladas, tres modos de potencia y carga r\u00e1pida USB-C, ofrece una experiencia helada al m\u00e1s alto nivel.<\/p>","protected":false},"featured_media":2117,"comment_status":"open","ping_status":"closed","template":"","meta":{"_acf_changed":false},"product_brand":[],"product_cat":[34],"product_tag":[],"class_list":{"0":"post-2116","1":"product","2":"type-product","3":"status-publish","4":"has-post-thumbnail","6":"product_cat-elf-bar-raya-d3-25000","8":"first","9":"instock","10":"sale","11":"shipping-taxable","12":"purchasable","13":"product-type-variable"},"acf":[],"_links":{"self":[{"href":"https:\/\/www.kurzvape.de\/es\/wp-json\/wp\/v2\/product\/2116","targetHints":{"allow":["GET"]}}],"collection":[{"href":"https:\/\/www.kurzvape.de\/es\/wp-json\/wp\/v2\/product"}],"about":[{"href":"https:\/\/www.kurzvape.de\/es\/wp-json\/wp\/v2\/types\/product"}],"replies":[{"embeddable":true,"href":"https:\/\/www.kurzvape.de\/es\/wp-json\/wp\/v2\/comments?post=2116"}],"wp:featuredmedia":[{"embeddable":true,"href":"https:\/\/www.kurzvape.de\/es\/wp-json\/wp\/v2\/media\/2117"}],"wp:attachment":[{"href":"https:\/\/www.kurzvape.de\/es\/wp-json\/wp\/v2\/media?parent=2116"}],"wp:term":[{"taxonomy":"product_brand","embeddable":true,"href":"https:\/\/www.kurzvape.de\/es\/wp-json\/wp\/v2\/product_brand?post=2116"},{"taxonomy":"product_cat","embeddable":true,"href":"https:\/\/www.kurzvape.de\/es\/wp-json\/wp\/v2\/product_cat?post=2116"},{"taxonomy":"product_tag","embeddable":true,"href":"https:\/\/www.kurzvape.de\/es\/wp-json\/wp\/v2\/product_tag?post=2116"}],"curies":[{"name":"wp","href":"https:\/\/api.w.org\/{rel}","templated":true}]}}