{"id":2120,"date":"2026-03-29T12:22:49","date_gmt":"2026-03-29T04:22:49","guid":{"rendered":"https:\/\/www.kurzvape.de\/?post_type=product&#038;p=2120"},"modified":"2026-03-29T12:22:50","modified_gmt":"2026-03-29T04:22:50","slug":"elf-bar-raya-d3-25000-strawberry-raspberry-cherry","status":"publish","type":"product","link":"https:\/\/www.kurzvape.de\/es\/product\/elf-bar-raya-d3-25000-strawberry-raspberry-cherry\/","title":{"rendered":"ELF BAR RAYA D3 25000 Fresa Frambuesa Cereza"},"content":{"rendered":"<h2><strong>ELF BAR RAYA D3 25000 Vape Desechable Fresa Frambuesa Cereza - Berry Rich, Intense, Seductive<\/strong><\/h2>\n<p>En <strong>ELF BAR RAYA D3 25000 Fresa Frambuesa Cereza<\/strong> es un vaporizador desechable de primera clase que ofrece una experiencia de vaporizaci\u00f3n excepcionalmente compleja con una fascinante combinaci\u00f3n triple de fresas arom\u00e1ticas, la viva acidez frutal de las frambuesas maduras y el dulzor caracter\u00edstico de las cerezas rojas oscuras. Creado por Elf Bar utilizando tecnolog\u00eda de producci\u00f3n de vanguardia, este dispositivo combina tres bayas cl\u00e1sicas para crear un placer con cuerpo e intensamente afrutado, armoniosamente equilibrado, rico en bayas y de un nivel absolutamente premium.<\/p>\n<h2><strong>Dise\u00f1o inconfundible y brillantez tecnol\u00f3gica<\/strong><\/h2>\n<p>Con una capacidad total de 25.000 caladas y un sistema de regulaci\u00f3n de aire y presi\u00f3n ajustado con precisi\u00f3n, el vaporizador desechable Elf Bar Raya D3 establece est\u00e1ndares de calidad completamente nuevos en el segmento de los desechables. El dispositivo recargable impresiona con una pantalla digital lateral de alto contraste y un inconfundible anillo exterior azul monocromo: un producto bien pensado en todos los aspectos que combina de forma impresionante la brillantez t\u00e9cnica y el dise\u00f1o contempor\u00e1neo.<\/p>\n<h2><strong>Tres niveles de potencia para disfrutar de cada baya<\/strong><\/h2>\n<p>En <strong>ELF BAR RAYA D3 25000 Fresa Frambuesa Cereza<\/strong> puede adaptarse exactamente a sus necesidades y preferencias personales gracias a sus tres modos de funcionamiento de libre elecci\u00f3n: Lite, Smooth y Turbo. Ya se trate de un disfrute diario ligero y sabroso o de un desarrollo de vapor intenso y potente para momentos especiales: Con s\u00f3lo pulsar un bot\u00f3n, puede navegar sin esfuerzo entre los niveles de potencia y experimentar la combinaci\u00f3n de bayas en toda su profundidad de sabor.<\/p>\n<h2><strong>Equipamiento de primera clase para un intenso sabor a fruta<\/strong><\/h2>\n<p>En <strong>ELF BAR RAYA D3 25000 Fresa Frambuesa Cereza<\/strong> cuenta con un generoso dep\u00f3sito de e-l\u00edquido de 23 ml, que se complementa con un sistema de bobina de malla triple de alta calidad para una vaporizaci\u00f3n especialmente uniforme y un desarrollo del sabor polifac\u00e9tico y lleno de matices. Una potente bater\u00eda de 850 mAh con tecnolog\u00eda de carga r\u00e1pida USB-C, una pantalla digital de alta resoluci\u00f3n, un sistema de flujo de aire ajustable individualmente y una selecci\u00f3n de 15 sabores cuidadosamente seleccionados completan este paquete global completamente convincente tanto en t\u00e9rminos de tecnolog\u00eda como de sabor.<\/p>\n<h2><strong>Datos t\u00e9cnicos de la BARRA ELF RAYA D3 25000 de un vistazo<\/strong><\/h2>\n<ul>\n<li><strong>25.000 trenes:<\/strong> M\u00e1xima vida \u00fatil para un disfrute ininterrumpido.<\/li>\n<li><strong>23 ml de e-l\u00edquido preinstalado:<\/strong> Suministro generoso para disfrutar del vapor durante mucho tiempo.<\/li>\n<li><strong>5 % Contenido de nicotina:<\/strong> Fuerza equilibrada para un tir\u00f3n satisfactorio.<\/li>\n<li><strong>Bater\u00eda recargable de 850 mAh:<\/strong> Siempre listo para usar gracias a la carga r\u00e1pida USB-C.<\/li>\n<li><strong>Bobina de malla triple:<\/strong> Desarrollo \u00f3ptimo del sabor y densidad uniforme del vapor.<\/li>\n<li><strong>Flujo de aire ajustable y control de potencia:<\/strong> Experiencia en tren personalizable a su gusto.<\/li>\n<li><strong>Pantalla HD:<\/strong> Visualizaci\u00f3n en tiempo real del nivel de carga de la bater\u00eda y del nivel de e-l\u00edquido.<\/li>\n<\/ul>\n<h2><strong>Preguntas frecuentes sobre ELF BAR RAYA D3 25000 Fresa Frambuesa Cereza<\/strong><\/h2>\n<p><strong>\u00bfC\u00f3mo cambio el modo de vapor?<\/strong><\/p>\n<p>Pulse el bot\u00f3n lateral para cambiar entre Lite (12 W), Smooth (17 W) y Turbo (30 W). El modo activo se muestra directamente en la pantalla.<\/p>\n<p><strong>\u00bfC\u00f3mo reconozco cu\u00e1ndo se est\u00e1 acabando el l\u00edquido?<\/strong><\/p>\n<p>El sabor disminuye notablemente o aparece ligeramente quemado. Adem\u00e1s, la pantalla muestra en todo momento el nivel de e-l\u00edquido restante en tiempo real.<\/p>\n<p><strong>\u00bfLa BARRA ELF RAYA D3 25000 Fresa Frambuesa Cereza tambi\u00e9n es adecuada para principiantes?<\/strong><\/p>\n<p>S\u00ed, absolutamente. Sin rellenar, sin cambiar bobinas - simplemente desempaquetar, seleccionar el modo y empezar. El modo Lite ofrece un arranque especialmente suave.<\/p>\n<p><strong>\u00bfCu\u00e1nto dura una carga de bater\u00eda?<\/strong><\/p>\n<p>En modo Lite, son posibles unas 800-1.000 caladas con una carga completa. En modo Turbo, la autonom\u00eda se reduce a unas 400-500 caladas por carga.<\/p>\n<h3><strong>Descubra ahora y haga su pedido directamente<\/strong><\/h3>\n<p>Productos de vapor de alta calidad de fabricantes de renombre y una gama variada y constantemente actualizada le esperan en <strong><a href=\"https:\/\/www.kurzvape.de\/es\/\">kurzvape.de - Compre vapes de calidad c\u00f3modamente en l\u00ednea<\/a><\/strong>. Si desea conocer de un vistazo toda la gama de Elf Bar con todos los modelos, series y variantes de sabor, lo encontrar\u00e1 todo claramente resumido en la secci\u00f3n <strong><a href=\"https:\/\/www.kurzvape.de\/es\/product-category\/elf-bar-vape\/\">El mundo tem\u00e1tico de Elf Bar Vape<\/a><\/strong>. Se puede acceder a todas las versiones y sabores disponibles de esta popular gama de alto rendimiento de forma centralizada y navegar f\u00e1cilmente en <strong><a href=\"https:\/\/www.kurzvape.de\/es\/product-category\/elf-bar-vape\/elf-bar-raya-d3-25000\/\">Raya D3 25000: la gama completa de productos<\/a><\/strong>.<\/p>","protected":false},"excerpt":{"rendered":"<p>El ELF BAR RAYA D3 25000 Fresa Frambuesa Cereza es un e-cigarrillo desechable de primera clase con fresas aromatizadas, frambuesas frescas y cerezas dulces. Con 25.000 caladas, tres modos de potencia y carga r\u00e1pida USB-C, ofrece una intensa experiencia de bayas al m\u00e1s alto nivel.<\/p>","protected":false},"featured_media":2122,"comment_status":"open","ping_status":"closed","template":"","meta":{"_acf_changed":false},"product_brand":[],"product_cat":[34],"product_tag":[],"class_list":{"0":"post-2120","1":"product","2":"type-product","3":"status-publish","4":"has-post-thumbnail","6":"product_cat-elf-bar-raya-d3-25000","8":"first","9":"instock","10":"sale","11":"shipping-taxable","12":"purchasable","13":"product-type-variable"},"acf":[],"_links":{"self":[{"href":"https:\/\/www.kurzvape.de\/es\/wp-json\/wp\/v2\/product\/2120","targetHints":{"allow":["GET"]}}],"collection":[{"href":"https:\/\/www.kurzvape.de\/es\/wp-json\/wp\/v2\/product"}],"about":[{"href":"https:\/\/www.kurzvape.de\/es\/wp-json\/wp\/v2\/types\/product"}],"replies":[{"embeddable":true,"href":"https:\/\/www.kurzvape.de\/es\/wp-json\/wp\/v2\/comments?post=2120"}],"wp:featuredmedia":[{"embeddable":true,"href":"https:\/\/www.kurzvape.de\/es\/wp-json\/wp\/v2\/media\/2122"}],"wp:attachment":[{"href":"https:\/\/www.kurzvape.de\/es\/wp-json\/wp\/v2\/media?parent=2120"}],"wp:term":[{"taxonomy":"product_brand","embeddable":true,"href":"https:\/\/www.kurzvape.de\/es\/wp-json\/wp\/v2\/product_brand?post=2120"},{"taxonomy":"product_cat","embeddable":true,"href":"https:\/\/www.kurzvape.de\/es\/wp-json\/wp\/v2\/product_cat?post=2120"},{"taxonomy":"product_tag","embeddable":true,"href":"https:\/\/www.kurzvape.de\/es\/wp-json\/wp\/v2\/product_tag?post=2120"}],"curies":[{"name":"wp","href":"https:\/\/api.w.org\/{rel}","templated":true}]}}