{"id":2133,"date":"2026-03-29T12:37:38","date_gmt":"2026-03-29T04:37:38","guid":{"rendered":"https:\/\/www.kurzvape.de\/?post_type=product&#038;p=2133"},"modified":"2026-03-29T12:37:38","modified_gmt":"2026-03-29T04:37:38","slug":"elf-bar-raya-d3-25000-watermelon-bubble-gum","status":"publish","type":"product","link":"https:\/\/www.kurzvape.de\/es\/product\/elf-bar-raya-d3-25000-watermelon-bubble-gum\/","title":{"rendered":"ELF BAR RAYA D3 25000 Chicle Sand\u00eda"},"content":{"rendered":"<h2><strong>ELF BAR RAYA D3 25000 Watermelon Bubble Gum Vape Desechable - Jugoso, Dulce, Placentero<\/strong><\/h2>\n<p>En <strong>ELF BAR RAYA D3 25000 Chicle Sand\u00eda<\/strong> es un vaporizador desechable de primera clase que crea una experiencia de vapeo incomparablemente placentera con una juguetona combinaci\u00f3n de jugosa y dulce sand\u00eda y el nost\u00e1lgico y dulce aroma del chicle fresco. Desarrollado y fabricado por Elf Bar utilizando la tecnolog\u00eda de producci\u00f3n m\u00e1s avanzada, este dispositivo combina la jugosidad afrutada con una nota juguetona y dulce: animado, despreocupado y a un nivel absolutamente premium.<\/p>\n<h2><strong>Dise\u00f1o divertido y tecnolog\u00eda de primera clase<\/strong><\/h2>\n<p>El vaporizador desechable Elf Bar Raya D3 establece est\u00e1ndares completamente nuevos en el segmento de los desechables con una impresionante capacidad total de 25.000 caladas y un sistema de regulaci\u00f3n de aire y presi\u00f3n calibrado con precisi\u00f3n. El dispositivo recargable impresiona con una pantalla digital lateral de alto contraste y un inconfundible anillo exterior azul monocromo: un producto coherente que combina la superioridad t\u00e9cnica y el dise\u00f1o contempor\u00e1neo de una manera notable.<\/p>\n<h2><strong>Tres modos de potencia para una libertad de vapor ilimitada<\/strong><\/h2>\n<p>En <strong>ELF BAR RAYA D3 25000 Chicle Sand\u00eda<\/strong> con tres modos de funcionamiento seleccionables individualmente -Lite, Smooth y Turbo- ofrece la flexibilidad de personalizar la experiencia de vapeo para adaptarla a sus propias preferencias y a la situaci\u00f3n en cuesti\u00f3n. Ya sea un placer diario ligero, juguet\u00f3n y dulce o un potente desarrollo de vapor para momentos intensos: basta con pulsar un bot\u00f3n para navegar sin problemas entre los niveles de potencia y experimentar la combinaci\u00f3n de sand\u00eda y chicle en toda su intensidad.<\/p>\n<h2><strong>Equipamiento de primera clase para momentos de placer l\u00fadico<\/strong><\/h2>\n<p>En <strong>ELF BAR RAYA D3 25000 Chicle Sand\u00eda<\/strong> cuenta con un generoso dep\u00f3sito de e-l\u00edquido de 23 ml, que se complementa con un sistema de bobina de malla triple de alta calidad para una vaporizaci\u00f3n especialmente uniforme y un desarrollo del sabor vivo y polifac\u00e9tico. Una potente bater\u00eda de 850 mAh con tecnolog\u00eda de carga r\u00e1pida USB-C, una pantalla digital de alta resoluci\u00f3n, un sistema de flujo de aire ajustable individualmente y una selecci\u00f3n de 15 sabores cuidadosamente seleccionados completan este paquete global completamente convincente tanto en t\u00e9rminos de tecnolog\u00eda como de sabor.<\/p>\n<h2><strong>Datos t\u00e9cnicos de la BARRA ELF RAYA D3 25000 de un vistazo<\/strong><\/h2>\n<ul>\n<li><strong>25.000 trenes:<\/strong> M\u00e1xima vida \u00fatil para un disfrute ininterrumpido.<\/li>\n<li><strong>23 ml de e-l\u00edquido preinstalado:<\/strong> Suministro generoso para disfrutar del vapor durante mucho tiempo.<\/li>\n<li><strong>5 % Contenido de nicotina:<\/strong> Fuerza equilibrada para un tir\u00f3n satisfactorio.<\/li>\n<li><strong>Bater\u00eda recargable de 850 mAh:<\/strong> Siempre listo para usar gracias a la carga r\u00e1pida USB-C.<\/li>\n<li><strong>Bobina de malla triple:<\/strong> Desarrollo \u00f3ptimo del sabor y densidad uniforme del vapor.<\/li>\n<li><strong>Flujo de aire ajustable y control de potencia:<\/strong> Experiencia en tren personalizable a su gusto.<\/li>\n<li><strong>Pantalla HD:<\/strong> Visualizaci\u00f3n en tiempo real del nivel de carga de la bater\u00eda y del nivel de e-l\u00edquido.<\/li>\n<\/ul>\n<h2><strong>Preguntas frecuentes sobre ELF BAR RAYA D3 25000 Chicle Sand\u00eda<\/strong><\/h2>\n<p><strong>\u00bfC\u00f3mo cambio el modo de vapor?<\/strong><\/p>\n<p>Pulse el bot\u00f3n lateral para cambiar entre Lite (12 W), Smooth (17 W) y Turbo (30 W). El modo activo se muestra directamente en la pantalla.<\/p>\n<p><strong>\u00bfC\u00f3mo reconozco cu\u00e1ndo se est\u00e1 acabando el l\u00edquido?<\/strong><\/p>\n<p>El sabor disminuye notablemente o aparece ligeramente quemado. Adem\u00e1s, la pantalla muestra en todo momento el nivel de e-l\u00edquido restante en tiempo real.<\/p>\n<p><strong>\u00bfEl ELF BAR RAYA D3 25000 Chicle Sand\u00eda tambi\u00e9n es adecuado para principiantes?<\/strong><\/p>\n<p>S\u00ed, absolutamente. Sin rellenar, sin cambiar bobinas - simplemente desempaquetar, seleccionar el modo y empezar. El modo Lite ofrece un arranque especialmente suave.<\/p>\n<p><strong>\u00bfCu\u00e1nto dura una carga de bater\u00eda?<\/strong><\/p>\n<p>En modo Lite, son posibles unas 800-1.000 caladas con una carga completa. En modo Turbo, la autonom\u00eda se reduce a unas 400-500 caladas por carga.<\/p>\n<h3><strong>Descubra ahora y haga su pedido directamente<\/strong><\/h3>\n<p>Descubrir en <strong><a href=\"https:\/\/www.kurzvape.de\/es\/\">kurzvape.de - Productos para vapear con car\u00e1cter<\/a><\/strong> una gama variada y cuidadosamente recopilada de productos de vapor de alta calidad de fabricantes de renombre, siempre actualizados y r\u00e1pidamente disponibles. Todos los modelos, series y sabores de Elf Bar se pueden encontrar de forma clara y estructurada en el <strong><a href=\"https:\/\/www.kurzvape.de\/es\/product-category\/elf-bar-vape\/\">P\u00e1gina de la categor\u00eda Elf Bar Vape<\/a><\/strong>. Todas las variantes y sabores disponibles de esta gama de alto rendimiento se resumen de forma compacta y f\u00e1cil de encontrar en <strong><a href=\"https:\/\/www.kurzvape.de\/es\/product-category\/elf-bar-vape\/elf-bar-raya-d3-25000\/\">Raya D3 25000 - Su elecci\u00f3n personal de sabor<\/a><\/strong>.<\/p>","protected":false},"excerpt":{"rendered":"<p>El ELF BAR RAYA D3 25000 Watermelon Bubble Gum es un e-cigarrillo desechable de primera clase con un jugoso y dulce sabor a sand\u00eda y a nost\u00e1lgico chicle. Con 25.000 caladas, tres modos de potencia y carga r\u00e1pida USB-C, ofrece una experiencia de vapeo juguetona y afrutada al m\u00e1s alto nivel.<\/p>","protected":false},"featured_media":2134,"comment_status":"open","ping_status":"closed","template":"","meta":{"_acf_changed":false},"product_brand":[],"product_cat":[34],"product_tag":[],"class_list":{"0":"post-2133","1":"product","2":"type-product","3":"status-publish","4":"has-post-thumbnail","6":"product_cat-elf-bar-raya-d3-25000","8":"first","9":"instock","10":"sale","11":"shipping-taxable","12":"purchasable","13":"product-type-variable"},"acf":[],"_links":{"self":[{"href":"https:\/\/www.kurzvape.de\/es\/wp-json\/wp\/v2\/product\/2133","targetHints":{"allow":["GET"]}}],"collection":[{"href":"https:\/\/www.kurzvape.de\/es\/wp-json\/wp\/v2\/product"}],"about":[{"href":"https:\/\/www.kurzvape.de\/es\/wp-json\/wp\/v2\/types\/product"}],"replies":[{"embeddable":true,"href":"https:\/\/www.kurzvape.de\/es\/wp-json\/wp\/v2\/comments?post=2133"}],"wp:featuredmedia":[{"embeddable":true,"href":"https:\/\/www.kurzvape.de\/es\/wp-json\/wp\/v2\/media\/2134"}],"wp:attachment":[{"href":"https:\/\/www.kurzvape.de\/es\/wp-json\/wp\/v2\/media?parent=2133"}],"wp:term":[{"taxonomy":"product_brand","embeddable":true,"href":"https:\/\/www.kurzvape.de\/es\/wp-json\/wp\/v2\/product_brand?post=2133"},{"taxonomy":"product_cat","embeddable":true,"href":"https:\/\/www.kurzvape.de\/es\/wp-json\/wp\/v2\/product_cat?post=2133"},{"taxonomy":"product_tag","embeddable":true,"href":"https:\/\/www.kurzvape.de\/es\/wp-json\/wp\/v2\/product_tag?post=2133"}],"curies":[{"name":"wp","href":"https:\/\/api.w.org\/{rel}","templated":true}]}}