{"id":2217,"date":"2026-04-01T23:35:06","date_gmt":"2026-04-01T15:35:06","guid":{"rendered":"https:\/\/www.kurzvape.de\/?post_type=product&#038;p=2217"},"modified":"2026-04-01T23:35:07","modified_gmt":"2026-04-01T15:35:07","slug":"elf-bar-moon-night-40000-blue-razz-ice","status":"publish","type":"product","link":"https:\/\/www.kurzvape.de\/es\/product\/elf-bar-moon-night-40000-blue-razz-ice\/","title":{"rendered":"ELF BAR Moon Night 40000 Azul Razz Hielo"},"content":{"rendered":"<h2 data-section-id=\"1ju1lsv\" data-start=\"205\" data-end=\"281\"><strong>ELF BAR Moon Night 40000 Azul Razz Hielo <\/strong><strong>Vape desechable <\/strong><strong>- Placer de vapeo intenso y fresco<\/strong><\/h2>\n<p data-start=\"283\" data-end=\"687\">En <strong data-start=\"287\" data-end=\"329\">ELF BAR Moon Night 40000 Azul Razz Hielo<\/strong> ofrece una experiencia de sabor refrescante y afrutado que convierte cada calada en un momento culminante. La frambuesa azul proporciona una intensidad agridulce, mientras que el efecto de hielo fr\u00edo deja una sensaci\u00f3n de frescor en la lengua. El resultado es una experiencia de vapor perfectamente equilibrada y vigorizante que recuerda a una bebida fr\u00eda de verano.<\/p>\n<h2 data-start=\"381\" data-end=\"780\"><strong>Potente, duradero y flexible: para un disfrute duradero<\/strong><\/h2>\n<p data-start=\"381\" data-end=\"780\">Con hasta <strong data-start=\"464\" data-end=\"480\">40.000 trenes<\/strong>, un fuerte <strong data-start=\"498\" data-end=\"514\">Bater\u00eda de 850 mAh<\/strong> y moderna tecnolog\u00eda, el ELF BAR Moon Night 40K establece nuevos est\u00e1ndares en el uso diario. La combinaci\u00f3n de un generoso suministro de l\u00edquido, una potente f\u00f3rmula de sales de nicotina y un inteligente control de la potencia hacen de este modelo una elecci\u00f3n fiable para momentos de sabor intenso.<\/p>\n<p data-start=\"782\" data-end=\"1101\">Gracias a <strong data-start=\"787\" data-end=\"814\">Tres modos ajustables<\/strong> puede ajustar el desarrollo del vapor como desee. El <strong data-start=\"878\" data-end=\"896\">Bobina de malla doble<\/strong> permite una distribuci\u00f3n uniforme del calor y proporciona un sabor claro y fuerte desde la primera hasta la \u00faltima calada. La pantalla curva muestra claramente el n\u00famero de caladas y el estado de la bater\u00eda.<\/p>\n<h2 data-start=\"1282\" data-end=\"1329\"><strong>ELF BAR Moon Night 40000 Azul Razz Hielo Datos t\u00e9cnicos<\/strong><\/h2>\n<ul data-start=\"1331\" data-end=\"1617\">\n<li data-section-id=\"o3dqp4\" data-start=\"1124\" data-end=\"1228\"><strong data-start=\"1126\" data-end=\"1140\">N\u00famero de trenes:<\/strong> Hasta 40.000 caladas (Modo Eco), 30.000 caladas (Modo Normal), 25.000 caladas (Modo Boost)<\/li>\n<li data-section-id=\"1ft0wct\" data-start=\"1229\" data-end=\"1260\"><strong data-start=\"1231\" data-end=\"1252\">Capacidad:<\/strong> 22 ml<\/li>\n<li data-section-id=\"jcdhdf\" data-start=\"1261\" data-end=\"1288\"><strong data-start=\"1263\" data-end=\"1274\">Fuerza:<\/strong> 50 mg (5 %)<\/li>\n<li data-section-id=\"1u65c1d\" data-start=\"1289\" data-end=\"1327\"><strong data-start=\"1291\" data-end=\"1300\">Bater\u00eda:<\/strong> 850 mAh, recargable<\/li>\n<li data-section-id=\"i3mjwn\" data-start=\"1328\" data-end=\"1360\"><strong data-start=\"1330\" data-end=\"1348\">Conexi\u00f3n de carga:<\/strong> USB Tipo-C<\/li>\n<li data-section-id=\"1hmhxbs\" data-start=\"1361\" data-end=\"1394\"><strong data-start=\"1363\" data-end=\"1377\">Tipo de bobina:<\/strong> Bobina de malla doble<\/li>\n<li data-section-id=\"18ddho1\" data-start=\"1395\" data-end=\"1465\"><strong data-start=\"1397\" data-end=\"1409\">Pantalla:<\/strong> Pantalla totalmente curva para el estado del tren y la bater\u00eda<\/li>\n<\/ul>\n<h2 data-start=\"1619\" data-end=\"1682\"><strong>\u00bfPor qu\u00e9 elegir ELF BAR Moon Night 40000 Blue Razz Ice?<\/strong><\/h2>\n<ul data-start=\"1684\" data-end=\"1993\">\n<li data-section-id=\"1pjbywj\" data-start=\"1521\" data-end=\"1575\">Sabor fresco y afrutado con perfil Blue Razz Ice<\/li>\n<li data-section-id=\"lg53la\" data-start=\"1576\" data-end=\"1617\">Hasta 40.000 caladas para largas sesiones de vapeo<\/li>\n<li data-section-id=\"15tasq6\" data-start=\"1618\" data-end=\"1678\">Bater\u00eda recargable de 850 mAh para un rendimiento fiable<\/li>\n<li data-section-id=\"e1vi4v\" data-start=\"1679\" data-end=\"1731\">Tres niveles de potencia para una intensidad individual<\/li>\n<li data-section-id=\"1gm764f\" data-start=\"1732\" data-end=\"1793\">Bobina de malla doble para un sabor intenso y un vapor denso<\/li>\n<li data-section-id=\"wwjm98\" data-start=\"1794\" data-end=\"1839\">Carga r\u00e1pida USB-C para una carga c\u00f3moda<\/li>\n<\/ul>\n<h3 data-section-id=\"6bqhr8\" data-start=\"2000\" data-end=\"2046\"><strong>Descubra lo m\u00e1s destacado de ELF BAR<\/strong><\/h3>\n<p data-start=\"2048\" data-end=\"2695\">Ampl\u00ede su experiencia de vapeo y descubra la variedad de nuestros productos ELF BAR. En nuestra <strong data-start=\"2149\" data-end=\"2208\"><a class=\"decorated-link\" href=\"https:\/\/www.kurzvape.de\/es\/\" target=\"_new\" rel=\"noopener\" data-start=\"2151\" data-end=\"2206\">p\u00e1gina oficial de vape<\/a><\/strong> encontrar\u00e1 la gama completa y las ofertas actuales. Para todos los fans de la marca, merece la pena echar un vistazo al <strong data-start=\"2319\" data-end=\"2408\"><a class=\"decorated-link\" href=\"https:\/\/www.kurzvape.de\/es\/product-category\/elf-bar-vape\/\" target=\"_new\" rel=\"noopener\" data-start=\"2321\" data-end=\"2406\">Categor\u00eda de ELF BAR Vapes<\/a><\/strong>, donde podr\u00e1 comparar f\u00e1cilmente todos los modelos. Especialmente el <strong data-start=\"2475\" data-end=\"2592\"><a class=\"decorated-link\" href=\"https:\/\/www.kurzvape.de\/es\/product-category\/elf-bar-vape\/elf-bar-moon-night-40000\/\" target=\"_new\" rel=\"noopener\" data-start=\"2477\" data-end=\"2590\">ELF BAR Moon Night Serie 40000<\/a><\/strong> muestra todos los sabores disponibles y las ediciones limitadas para experiencias de vapeo intensas.<\/p>","protected":false},"excerpt":{"rendered":"<p>El ELF BAR Moon Night 40000 Blue Razz Ice ofrece hasta 40.000 caladas, 22 ml de l\u00edquido y una bater\u00eda de 850 mAh. La doble bobina de malla proporciona un intenso sabor a Blue Razz con una refrescante nota de hielo. Los tres modos (Eco, Normal y Boost) se adaptan a la intensidad del vapor.<\/p>","protected":false},"featured_media":2218,"comment_status":"open","ping_status":"closed","template":"","meta":{"_acf_changed":false},"product_brand":[],"product_cat":[36],"product_tag":[],"class_list":{"0":"post-2217","1":"product","2":"type-product","3":"status-publish","4":"has-post-thumbnail","6":"product_cat-elf-bar-moon-night-40000","8":"first","9":"instock","10":"sale","11":"shipping-taxable","12":"purchasable","13":"product-type-variable"},"acf":[],"_links":{"self":[{"href":"https:\/\/www.kurzvape.de\/es\/wp-json\/wp\/v2\/product\/2217","targetHints":{"allow":["GET"]}}],"collection":[{"href":"https:\/\/www.kurzvape.de\/es\/wp-json\/wp\/v2\/product"}],"about":[{"href":"https:\/\/www.kurzvape.de\/es\/wp-json\/wp\/v2\/types\/product"}],"replies":[{"embeddable":true,"href":"https:\/\/www.kurzvape.de\/es\/wp-json\/wp\/v2\/comments?post=2217"}],"wp:featuredmedia":[{"embeddable":true,"href":"https:\/\/www.kurzvape.de\/es\/wp-json\/wp\/v2\/media\/2218"}],"wp:attachment":[{"href":"https:\/\/www.kurzvape.de\/es\/wp-json\/wp\/v2\/media?parent=2217"}],"wp:term":[{"taxonomy":"product_brand","embeddable":true,"href":"https:\/\/www.kurzvape.de\/es\/wp-json\/wp\/v2\/product_brand?post=2217"},{"taxonomy":"product_cat","embeddable":true,"href":"https:\/\/www.kurzvape.de\/es\/wp-json\/wp\/v2\/product_cat?post=2217"},{"taxonomy":"product_tag","embeddable":true,"href":"https:\/\/www.kurzvape.de\/es\/wp-json\/wp\/v2\/product_tag?post=2217"}],"curies":[{"name":"wp","href":"https:\/\/api.w.org\/{rel}","templated":true}]}}