{"id":2229,"date":"2026-04-02T20:27:48","date_gmt":"2026-04-02T12:27:48","guid":{"rendered":"https:\/\/www.kurzvape.de\/?post_type=product&#038;p=2229"},"modified":"2026-04-02T20:27:49","modified_gmt":"2026-04-02T12:27:49","slug":"vozol-star-click-50k-cappuccino","status":"publish","type":"product","link":"https:\/\/www.kurzvape.de\/es\/product\/vozol-star-click-50k-cappuccino\/","title":{"rendered":"Vozol Star Click 50K Cappuccino"},"content":{"rendered":"<h2><strong>Vapeador desechable Vozol Star Click 50K Cappuccino - El placer del caf\u00e9 cremoso para los amantes de los sabores finos<\/strong><\/h2>\n<p><strong>Vaporizador Vozol Star Click 50K Cappuccino<\/strong> - Cremoso, con cuerpo y una calidez acogedora que recuerda inmediatamente al primer caf\u00e9 de la ma\u00f1ana. La primera calada le da la bienvenida con un fuerte y arom\u00e1tico sabor a espresso, intenso, ligeramente amargo y agradablemente despierto. A medida que avanza, se despliega una suave y cremosa nota de espuma de leche que confiere al sabor una profundidad suave y equilibrada, redonda, armoniosa y con un final largo y agradablemente c\u00e1lido.<\/p>\n<h2><strong>T\u00e9cnicamente sofisticado, permanentemente potente y f\u00e1cil de manejar<\/strong><\/h2>\n<p>El Vozol Star Click 50K Cappuccino ha sido desarrollado para satisfacer las m\u00e1s altas exigencias - en t\u00e9rminos de sabor, autonom\u00eda e idoneidad para el uso diario en igual medida. Con hasta 50.000 caladas, no hay necesidad de cambiar de dispositivo durante mucho tiempo - una ventaja notable para cualquiera que quiera disfrutar de su experiencia vaping en paz. La bater\u00eda de 1000 mAh instalada de forma permanente suministra energ\u00eda al dispositivo de forma fiable, y la conexi\u00f3n USB-C hace que la recarga sea r\u00e1pida y sin estr\u00e9s, en casa, en una cafeter\u00eda o sobre la marcha.<\/p>\n<p>La pantalla LED claramente estructurada proporciona informaci\u00f3n precisa sobre el estado actual de la bater\u00eda y el modo de funcionamiento seleccionado en todo momento, de forma clara, directa y sin rodeos. Dos niveles de potencia seleccionables y un flujo de aire ajustable individualmente permiten una experiencia de vapeo personalizada. La tecnolog\u00eda de bobina de malla integrada garantiza un calentamiento uniforme y preciso, para un vapor aterciopelado y un sabor que conserva su cremosidad y calidez de caf\u00e9 hasta la \u00faltima calada.<\/p>\n<h2><strong>Caracter\u00edsticas principales del Vozol Star Click 50K Cappuccino<\/strong><\/h2>\n<ul>\n<li><strong>Hasta 50.000 caladas<\/strong> - Vida \u00fatil muy larga, rara vez hay que cambiarla.<\/li>\n<li><strong>5 % Sal de nicotina<\/strong> - Liberaci\u00f3n de nicotina uniforme y agradable.<\/li>\n<li><strong>Bater\u00eda de 1000 mAh<\/strong> - Rendimiento estable para un vapeo m\u00e1s prolongado.<\/li>\n<li><strong>Dos modos de alimentaci\u00f3n<\/strong> - Modo normal o modo de alimentaci\u00f3n seleccionable.<\/li>\n<li><strong>Pantalla LED<\/strong> - Muestra claramente la bater\u00eda y el modo.<\/li>\n<li><strong>Carga USB-C<\/strong> - Carga r\u00e1pida y c\u00f3moda.<\/li>\n<li><strong>Bobina de malla<\/strong> - Vapor consistente y sabor estable.<\/li>\n<li><strong>Caudal de aire regulable<\/strong> - El tren puede personalizarse seg\u00fan las necesidades.<\/li>\n<li><strong>Carcasa ergon\u00f3mica<\/strong> - Se adapta de forma segura y c\u00f3moda a la mano.<\/li>\n<\/ul>\n<h2><strong>\u00bfPor qu\u00e9 merece la pena el Vozol Star Click 50K Cappuccino?<\/strong><\/h2>\n<p><strong>Disfrutar del caf\u00e9 a un nuevo nivel<\/strong> - La combinaci\u00f3n de un espresso fuerte y una suave espuma de leche da como resultado un perfil de vapor que captura el car\u00e1cter de un aut\u00e9ntico cappuccino: c\u00e1lido, cremoso y con un agradable amargor perfectamente equilibrado.<\/p>\n<p><strong>Sabor estable de principio a fin<\/strong> - La tecnolog\u00eda de espiral de malla garantiza una distribuci\u00f3n uniforme del calor para que el cremoso perfil del capuchino mantenga su cuerpo, su calidez y su consistencia durante toda su vida \u00fatil: sin aplanamiento ni p\u00e9rdida de calidad.<\/p>\n<p><strong>Estilo de vapor seg\u00fan sus deseos<\/strong> - Dos modos de funcionamiento hacen que el dispositivo sea flexible de usar - ya sea una calada suave y relajada en el modo normal o una experiencia de vapor m\u00e1s intensa en el modo de potencia, la elecci\u00f3n es suya.<\/p>\n<p><strong>Estado de la bater\u00eda a la vista en todo momento<\/strong> - La pantalla LED le informa en tiempo real de la capacidad restante para que pueda cargar el dispositivo a tiempo, de forma fiable y sin interrupciones inesperadas.<\/p>\n<p><strong>Agradablemente ligero y adecuado para el uso diario<\/strong> - La funda de forma ergon\u00f3mica se adapta c\u00f3modamente a la mano, es lo suficientemente compacta como para caber en un bolsillo del pantal\u00f3n y es extremadamente c\u00f3moda de llevar para el uso diario.<\/p>\n<p><strong>Calidad de confianza<\/strong> - Plazos de entrega r\u00e1pidos, productos originales probados y condiciones justas, tanto para particulares como para empresas.<\/p>\n<h2><strong>\u00bfPara qui\u00e9n es adecuado el Vozol Star Click 50K Cappuccino?<\/strong><\/h2>\n<ul>\n<li><strong>Amantes y conocedores del caf\u00e9:<\/strong> Cualquiera que aprecie el sabor pleno y cremoso de un cappuccino cl\u00e1sico y quiera tener este aroma familiar consigo en todo momento encontrar\u00e1 aqu\u00ed la experiencia de vapor perfecta: aut\u00e9ntica, c\u00e1lida e inconfundible.<\/li>\n<li><strong>Vapers para todo el d\u00eda con preferencia por los sabores c\u00e1lidos:<\/strong> El perfil equilibrado de caf\u00e9 y leche sigue siendo agradable incluso despu\u00e9s de un uso prolongado y no cansa: ideal para quienes buscan un sabor fiable y con car\u00e1cter para todos los d\u00edas que se adapte a cualquier momento del d\u00eda.<\/li>\n<li><strong>Exploradores m\u00e1s all\u00e1 de los cl\u00e1sicos sabores frutales:<\/strong> Si busca variedad y quiere dejar atr\u00e1s los cl\u00e1sicos sabores frutales o mentolados, el cappuccino es una alternativa c\u00e1lida y acogedora con un verdadero valor de reconocimiento.<\/li>\n<\/ul>\n<h3><strong>Disfruta ahora: tu caf\u00e9 m\u00f3vil, siempre contigo<\/strong><\/h3>\n<p>Eche un vistazo a toda nuestra gama de vaping - <strong><a href=\"https:\/\/www.kurzvape.de\/es\/\">kurzvape.de es sin\u00f3nimo de elecci\u00f3n, calidad y precios justos<\/a><\/strong> - con un env\u00edo r\u00e1pido y un servicio de atenci\u00f3n al cliente que realmente ayuda. Si desea ver toda la gama Vozol de un vistazo, la p\u00e1gina <strong><a href=\"https:\/\/www.kurzvape.de\/es\/product-category\/vozol-vape\/\">Gama de la marca Vozol Vape en kurzvape<\/a><\/strong> todos los modelos y sabores claramente ordenados y siempre actualizados. La selecci\u00f3n completa de todas las variantes del superventas est\u00e1 disponible directamente en el <strong><a href=\"https:\/\/www.kurzvape.de\/es\/product-category\/vozol-vape\/vozol-star-click-50k\/\">P\u00e1gina general de la l\u00ednea de productos Star Click 50K<\/a><\/strong> - pueden pedirse inmediatamente y al mejor precio del mercado.<\/p>","protected":false},"excerpt":{"rendered":"<p>El Vozol Star Click 50K Cappuccino combina un fuerte espresso con una suave espuma de leche para crear una experiencia de vapor cremosa, acogedora y c\u00e1lida. Con hasta 50.000 caladas, bobina de malla y dos modos de potencia - con cuerpo, equilibrado e ideal para los amantes del caf\u00e9.<\/p>","protected":false},"featured_media":2230,"comment_status":"open","ping_status":"closed","template":"","meta":{"_acf_changed":false},"product_brand":[],"product_cat":[35],"product_tag":[],"class_list":{"0":"post-2229","1":"product","2":"type-product","3":"status-publish","4":"has-post-thumbnail","6":"product_cat-vozol-star-click-50k","8":"first","9":"instock","10":"sale","11":"shipping-taxable","12":"purchasable","13":"product-type-variable"},"acf":[],"_links":{"self":[{"href":"https:\/\/www.kurzvape.de\/es\/wp-json\/wp\/v2\/product\/2229","targetHints":{"allow":["GET"]}}],"collection":[{"href":"https:\/\/www.kurzvape.de\/es\/wp-json\/wp\/v2\/product"}],"about":[{"href":"https:\/\/www.kurzvape.de\/es\/wp-json\/wp\/v2\/types\/product"}],"replies":[{"embeddable":true,"href":"https:\/\/www.kurzvape.de\/es\/wp-json\/wp\/v2\/comments?post=2229"}],"wp:featuredmedia":[{"embeddable":true,"href":"https:\/\/www.kurzvape.de\/es\/wp-json\/wp\/v2\/media\/2230"}],"wp:attachment":[{"href":"https:\/\/www.kurzvape.de\/es\/wp-json\/wp\/v2\/media?parent=2229"}],"wp:term":[{"taxonomy":"product_brand","embeddable":true,"href":"https:\/\/www.kurzvape.de\/es\/wp-json\/wp\/v2\/product_brand?post=2229"},{"taxonomy":"product_cat","embeddable":true,"href":"https:\/\/www.kurzvape.de\/es\/wp-json\/wp\/v2\/product_cat?post=2229"},{"taxonomy":"product_tag","embeddable":true,"href":"https:\/\/www.kurzvape.de\/es\/wp-json\/wp\/v2\/product_tag?post=2229"}],"curies":[{"name":"wp","href":"https:\/\/api.w.org\/{rel}","templated":true}]}}