{"id":2232,"date":"2026-04-02T20:32:05","date_gmt":"2026-04-02T12:32:05","guid":{"rendered":"https:\/\/www.kurzvape.de\/?post_type=product&#038;p=2232"},"modified":"2026-04-02T20:32:06","modified_gmt":"2026-04-02T12:32:06","slug":"vozol-star-click-50k-blueberry-energy","status":"publish","type":"product","link":"https:\/\/www.kurzvape.de\/es\/product\/vozol-star-click-50k-blueberry-energy\/","title":{"rendered":"Vozol Star Click 50K Blueberry Energy"},"content":{"rendered":"<h2><strong>Vaporizador desechable Vozol Star Click 50K Blueberry Energy - La frescura de las bayas se combina con la energ\u00eda del cosquilleo<\/strong><\/h2>\n<p><strong>Vaporizador Vozol Star Click 50K Blueberry Energy<\/strong> - Vivaz, afrutado y con un vigor electrizante que revitaliza de inmediato. La primera calada te da la bienvenida con un jugoso sabor a ar\u00e1ndanos maduros, dulce, arom\u00e1tico y agradablemente fresco. A medida que avanza, se despliega una hormigueante nota de bebida energ\u00e9tica que confiere al sabor una dimensi\u00f3n viva y \u00e1cida, din\u00e1mica, estimulante y con un final largo y vigorizante.<\/p>\n<h2><strong>Afinado con precisi\u00f3n, lleno de energ\u00eda y listo para cualquier aplicaci\u00f3n<\/strong><\/h2>\n<p>El Vozol Star Click 50K Blueberry Energy es sin\u00f3nimo de una experiencia de vapeo sin compromisos, ni en t\u00e9rminos de sabor, ni de resistencia, ni de manejo. Con hasta 50.000 caladas, no hay necesidad de pensar en volver a pedir durante mucho tiempo - una verdadera ventaja para aquellos que prefieren concentrarse en el momento en lugar de la log\u00edstica. La bater\u00eda integrada de 1000 mAh proporciona una potencia constante y fiable, y el puerto USB-C garantiza una carga r\u00e1pida y sin complicaciones, te lleve donde te lleve el d\u00eda.<\/p>\n<p>La clara pantalla LED proporciona informaci\u00f3n precisa sobre el estado de la bater\u00eda y el modo de funcionamiento en todo momento, de forma clara, directa y sin esfuerzos innecesarios. Dos niveles de potencia seleccionables y un flujo de aire ajustable individualmente permiten una experiencia de vapeo que se adapta con flexibilidad a tu estilo. La tecnolog\u00eda de bobina de malla integrada garantiza un calentamiento uniforme y preciso, para un vapor suave y uniforme y un sabor que conserva su energ\u00eda vibrante y afrutada de calada en calada.<\/p>\n<h2><strong>Caracter\u00edsticas principales de Vozol Star Click 50K Blueberry Energy<\/strong><\/h2>\n<ul>\n<li><strong>Hasta 50.000 caladas<\/strong> - Vida \u00fatil muy larga, rara vez hay que cambiarla.<\/li>\n<li><strong>5 % Sal de nicotina<\/strong> - Liberaci\u00f3n de nicotina uniforme y agradable.<\/li>\n<li><strong>Bater\u00eda de 1000 mAh<\/strong> - Rendimiento estable para un vapeo m\u00e1s prolongado.<\/li>\n<li><strong>Dos modos de alimentaci\u00f3n<\/strong> - Modo normal o modo de alimentaci\u00f3n seleccionable.<\/li>\n<li><strong>Pantalla LED<\/strong> - Muestra claramente la bater\u00eda y el modo.<\/li>\n<li><strong>Carga USB-C<\/strong> - Carga r\u00e1pida y c\u00f3moda.<\/li>\n<li><strong>Bobina de malla<\/strong> - Vapor consistente y sabor estable.<\/li>\n<li><strong>Caudal de aire regulable<\/strong> - El tren puede personalizarse seg\u00fan las necesidades.<\/li>\n<li><strong>Carcasa ergon\u00f3mica<\/strong> - Se adapta de forma segura y c\u00f3moda a la mano.<\/li>\n<\/ul>\n<h2><strong>\u00bfPor qu\u00e9 merece la pena Vozol Star Click 50K Blueberry Energy?<\/strong><\/h2>\n<p><strong>Fruta y energ\u00eda en perfecto equilibrio<\/strong> - La combinaci\u00f3n del jugoso ar\u00e1ndano y la bebida energ\u00e9tica espumosa da como resultado un perfil de sabor afrutado y vigorizante a la vez: vivo, fresco y con un dinamismo del que carecen otros sabores.<\/p>\n<p><strong>Calidad de sabor constante hasta el final<\/strong> - La tecnolog\u00eda de serpent\u00edn de malla garantiza una distribuci\u00f3n uniforme de la temperatura para que el perfil Blueberry Energy se mantenga fresco, con cuerpo y estable durante toda su vida \u00fatil, sin decaimientos ni p\u00e9rdida de vitalidad.<\/p>\n<p><strong>Flexible para cada momento<\/strong> - Tanto si quieres una calada suave en el modo normal como una experiencia de vapeo m\u00e1s potente en el modo de potencia, los dos niveles de potencia hacen que el dispositivo se pueda personalizar en cualquier momento, sin ning\u00fan obst\u00e1culo t\u00e9cnico.<\/p>\n<p><strong>Mantenga siempre una visi\u00f3n de conjunto<\/strong> - La pantalla LED muestra el estado de carga en tiempo real para que puedas cargar a tiempo y el dispositivo est\u00e9 siempre disponible cuando lo necesites, de forma fiable y sin sorpresas desagradables.<\/p>\n<p><strong>Ligero, manejable y listo para viajar<\/strong> - La carcasa de dise\u00f1o ergon\u00f3mico es compacta, f\u00e1cil de agarrar y cabe f\u00e1cilmente en cualquier bolsillo: un compa\u00f1ero fiable para viajar, en la oficina y en cualquier lugar.<\/p>\n<p><strong>Productos originales probados, precios justos<\/strong> - Tramitaci\u00f3n r\u00e1pida de los pedidos, productos aut\u00e9nticos y condiciones transparentes: una obviedad tanto para los clientes particulares como para los grandes compradores.<\/p>\n<h2><strong>\u00bfPara qui\u00e9n es adecuado Vozol Star Click 50K Blueberry Energy?<\/strong><\/h2>\n<ul>\n<li><strong>Aficionados a los ar\u00e1ndanos y a las bebidas energ\u00e9ticas:<\/strong> Si desea combinar la frescura natural de los ar\u00e1ndanos maduros con el cosquilleo de una bebida energ\u00e9tica, Blueberry Energy es la experiencia de vapor ideal: viva, arom\u00e1tica e inconfundible.<\/li>\n<li><strong>Vapers activos y vapers de todo el d\u00eda:<\/strong> El perfil de sabor, din\u00e1mico pero equilibrado, se mantiene fresco y estimulante incluso despu\u00e9s de un uso prolongado, ideal para cualquiera que busque un aroma vigorizante para el d\u00eda a d\u00eda que pueda seguir su ritmo.<\/li>\n<li><strong>Amantes de las combinaciones de sabores inusuales:<\/strong> Cualquiera que quiera dejar atr\u00e1s las variedades cl\u00e1sicas de una sola fruta y experimentar un sabor que sirve a varias dimensiones al mismo tiempo estar\u00e1 encantado con Blueberry Energy.<\/li>\n<\/ul>\n<h3><strong>Acceda ahora - Energ\u00eda Berry, disponible de inmediato<\/strong><\/h3>\n<p>Descubra nuestra gama completa en <strong><a href=\"https:\/\/www.kurzvape.de\/es\/\">kurzvape.de - su especialista en vapes desechables de alta calidad<\/a><\/strong> - con una gama cuidadosamente recopilada, plazos de entrega r\u00e1pidos y precios que realmente impresionan. Puede encontrar toda la gama de productos Vozol con todos los modelos y sabores agrupados en el <strong><a href=\"https:\/\/www.kurzvape.de\/es\/product-category\/vozol-vape\/\">Vozol Vape gama completa en kurzvape<\/a><\/strong> - clara, actual y completa. Se puede acceder directamente a todas las variantes y sabores disponibles del superventas a trav\u00e9s del <strong><a href=\"https:\/\/www.kurzvape.de\/es\/product-category\/vozol-vape\/vozol-star-click-50k\/\">Descripci\u00f3n general de la familia de dispositivos Star Click 50K<\/a><\/strong> disponibles - pueden encargarse de inmediato y en condiciones inmejorables.<\/p>","protected":false},"excerpt":{"rendered":"<p>El Vozol Star Click 50K Blueberry Energy combina el dulce sabor de los ar\u00e1ndanos con un toque \u00e1cido de bebida energ\u00e9tica. Con hasta 50.000 caladas, tecnolog\u00eda de bobina de malla, bater\u00eda de 1.000 mAh y flujo de aire ajustable, ofrece un sabor duradero y una experiencia de vapeo personalizable.<\/p>","protected":false},"featured_media":2233,"comment_status":"open","ping_status":"closed","template":"","meta":{"_acf_changed":false},"product_brand":[],"product_cat":[35],"product_tag":[],"class_list":{"0":"post-2232","1":"product","2":"type-product","3":"status-publish","4":"has-post-thumbnail","6":"product_cat-vozol-star-click-50k","8":"first","9":"instock","10":"sale","11":"shipping-taxable","12":"purchasable","13":"product-type-variable"},"acf":[],"_links":{"self":[{"href":"https:\/\/www.kurzvape.de\/es\/wp-json\/wp\/v2\/product\/2232","targetHints":{"allow":["GET"]}}],"collection":[{"href":"https:\/\/www.kurzvape.de\/es\/wp-json\/wp\/v2\/product"}],"about":[{"href":"https:\/\/www.kurzvape.de\/es\/wp-json\/wp\/v2\/types\/product"}],"replies":[{"embeddable":true,"href":"https:\/\/www.kurzvape.de\/es\/wp-json\/wp\/v2\/comments?post=2232"}],"wp:featuredmedia":[{"embeddable":true,"href":"https:\/\/www.kurzvape.de\/es\/wp-json\/wp\/v2\/media\/2233"}],"wp:attachment":[{"href":"https:\/\/www.kurzvape.de\/es\/wp-json\/wp\/v2\/media?parent=2232"}],"wp:term":[{"taxonomy":"product_brand","embeddable":true,"href":"https:\/\/www.kurzvape.de\/es\/wp-json\/wp\/v2\/product_brand?post=2232"},{"taxonomy":"product_cat","embeddable":true,"href":"https:\/\/www.kurzvape.de\/es\/wp-json\/wp\/v2\/product_cat?post=2232"},{"taxonomy":"product_tag","embeddable":true,"href":"https:\/\/www.kurzvape.de\/es\/wp-json\/wp\/v2\/product_tag?post=2232"}],"curies":[{"name":"wp","href":"https:\/\/api.w.org\/{rel}","templated":true}]}}