{"id":2353,"date":"2026-04-05T23:30:29","date_gmt":"2026-04-05T15:30:29","guid":{"rendered":"https:\/\/www.kurzvape.de\/?post_type=product&#038;p=2353"},"modified":"2026-04-05T23:30:32","modified_gmt":"2026-04-05T15:30:32","slug":"vozol-gear-icesweet-50k-melon-gum","status":"publish","type":"product","link":"https:\/\/www.kurzvape.de\/es\/product\/vozol-gear-icesweet-50k-melon-gum\/","title":{"rendered":"Chicle Vozol Gear Ice&amp;Sweet 50K Mel\u00f3n"},"content":{"rendered":"<h2><strong>Vapeador Desechable Vozol Gear Ice&amp;Sweet 50K Melon Gum<\/strong><\/h2>\n<p>En <strong>Chicle Vozol Gear Ice&amp;Sweet 50K Mel\u00f3n<\/strong> combina el jugoso y refrescante dulzor del mel\u00f3n maduro con el inconfundible car\u00e1cter ligeramente dulce y pegajoso del chicle para crear una experiencia de sabor que excita inmediatamente y te deja con ganas de m\u00e1s. Juguet\u00f3n, afrutado y con un final largo y agradablemente dulce, este dispositivo est\u00e1 dirigido a cualquiera que desee mejorar su experiencia de vapeo con una combinaci\u00f3n creativa y poco convencional de fruta y dulzor.<\/p>\n<h2><strong>Modo dual, triple malla y pantalla inteligente: la dulzura del mel\u00f3n se une al esp\u00edritu innovador<\/strong><\/h2>\n<p>En <strong>Chicle Vozol Gear Ice&amp;Sweet 50K Mel\u00f3n<\/strong> cuenta con un sofisticado sistema de modo dual con dos perfiles de uso claramente definidos: El modo Normal ofrece hasta 50.000 caladas con un rendimiento estable y uniforme, ideal para sesiones relajadas en las que disfrutar durante mucho tiempo del chicle de mel\u00f3n. Si quieres saborear el aroma dulce y afrutado en todo su esplendor, cambia al modo Surge: vapor notablemente m\u00e1s intenso, perfil de sabor m\u00e1s expresivo, con una autonom\u00eda total de unas 35.000 caladas. Cambiar de modo es f\u00e1cil y puede hacerse en cualquier momento.<\/p>\n<p>La S.i.L.C. Tech Triple Mesh Coil integrada garantiza una calidad de vapor de primera clase en todo momento. Tres elementos calefactores coordinados con precisi\u00f3n garantizan una distribuci\u00f3n uniforme y sin fisuras del calor: el resultado es un vapor suave y con cuerpo que reproduce con autenticidad la juguetona combinaci\u00f3n de mel\u00f3n y chicle en todas sus facetas, sin notas quemadas.<\/p>\n<p>El control individual del sabor hace que la experiencia del chicle de mel\u00f3n sea a\u00fan m\u00e1s personal: cuatro niveles de fr\u00edo y dos grados de dulzor pueden combinarse como se desee mediante el panel de control integrado. Ya sea un suave acento de frescor que enfatice las notas de mel\u00f3n o un pronunciado nivel de dulzor que acent\u00fae el car\u00e1cter del chicle: el dispositivo responde con precisi\u00f3n a sus preferencias.<\/p>\n<p>La pantalla curvada 3D Smart Display proporciona informaci\u00f3n fiable en tiempo real sobre el nivel de bater\u00eda y la cantidad de l\u00edquido restante, de forma transparente y precisa en todo momento. Esto significa que siempre tendr\u00e1 una visi\u00f3n completa, incluso durante sesiones prolongadas, y evitar\u00e1 el vapeo en seco no deseado.<\/p>\n<h2><strong>Control del flujo de aire: MTL o RDL - dulzura de la fruta para adaptarse a su estilo<\/strong><\/h2>\n<p>El sistema de flujo de aire ajustable del <strong>Chicle Vozol Gear Ice&amp;Sweet 50K Mel\u00f3n<\/strong> permite dos perfiles de tensi\u00f3n fundamentalmente diferentes:<\/p>\n<ul>\n<li><strong>MTL (boca a pulm\u00f3n):<\/strong> Tiro firme y de alta resistencia: familiar y agradable para cualquiera que quiera pasar de fumar a vapear.<\/li>\n<li><strong>RDL (Restricted Direct-Lung):<\/strong> Flujo de aire m\u00e1s abierto con m\u00e1s volumen de vapor - para todos aquellos que quieren disfrutar del juguet\u00f3n sabor a chicle de mel\u00f3n en nubes densas y completas.<\/li>\n<\/ul>\n<p>Esta versatilidad hace que el dispositivo sea la elecci\u00f3n ideal tanto para principiantes como para vapeadores experimentados.<\/p>\n<h2><strong>Chicle Vozol Gear Ice&amp;Sweet 50K Mel\u00f3n - Datos t\u00e9cnicos<\/strong><\/h2>\n<ul>\n<li><strong>N\u00famero de movimientos (modo normal):<\/strong> Hasta 50.000 trenes<\/li>\n<li><strong>N\u00famero de movimientos (modo sobretensi\u00f3n):<\/strong> Hasta 35.000 trenes<\/li>\n<li><strong>Capacidad de la bater\u00eda:<\/strong> 1.100 mAh<\/li>\n<li><strong>Conexi\u00f3n de carga:<\/strong> USB Tipo-C<\/li>\n<li><strong>Potencia de nicotina:<\/strong> 50 mg (5 % sal de nicotina)<\/li>\n<li><strong>Tecnolog\u00eda de bobinas:<\/strong> Triple malla S.i.L.C. Tech<\/li>\n<li><strong>Flujo de aire:<\/strong> Ajustable (MTL y RDL)<\/li>\n<li><strong>Pantalla:<\/strong> Pantalla inteligente curvada 3D<\/li>\n<li><strong>Niveles de refrigeraci\u00f3n:<\/strong> 4 niveles<\/li>\n<li><strong>Nivel de dulzor:<\/strong> 2 niveles<\/li>\n<\/ul>\n<h2><strong>Preguntas m\u00e1s frecuentes<\/strong><\/h2>\n<p><strong>\u00bfCu\u00e1l es la diferencia entre el modo normal y el modo de sobrecarga en el Melon Gum?<\/strong><\/p>\n<p>El modo normal ofrece hasta 50.000 caladas con un rendimiento constante y uniforme. El modo Surge prioriza la intensidad -m\u00e1s volumen de vapor, m\u00e1s sabor a chicle de mel\u00f3n- con una autonom\u00eda total de unas 35.000 caladas.<\/p>\n<p><strong>\u00bfSe puede rellenar el l\u00edquido?<\/strong><\/p>\n<p>No. El <strong>Chicle Vozol Gear Ice&amp;Sweet 50K Mel\u00f3n<\/strong> es un producto desechable sin opci\u00f3n de recarga. La conexi\u00f3n USB-C solo se utiliza para cargar la bater\u00eda. El dispositivo debe desecharse de forma respetuosa con el medio ambiente una vez que se haya utilizado por completo.<\/p>\n<p><strong>\u00bfC\u00f3mo se puede personalizar el fr\u00edo y el dulzor?<\/strong><\/p>\n<p>Directamente en el aparato a trav\u00e9s del panel de control integrado: se pueden combinar libremente cuatro niveles de refrigeraci\u00f3n y dos niveles de dulzor sin necesidad de una aplicaci\u00f3n o accesorios externos.<\/p>\n<p><strong>\u00bfPara qui\u00e9n est\u00e1 especialmente indicado el Melon Gum?<\/strong><\/p>\n<p>El juguet\u00f3n sabor a mel\u00f3n y chicle y el flexible cambio MTL\/RDL hacen que el dispositivo resulte atractivo para un amplio p\u00fablico, especialmente recomendado para todos aquellos que aprecian las combinaciones creativas de sabores afrutados y dulces con un car\u00e1cter poco convencional.<\/p>\n<h3><strong>Descubra lo m\u00e1s destacado y compre directamente<\/strong><\/h3>\n<p>Si, adem\u00e1s del Melon Gum, desea descubrir otros vaporizadores desechables inusuales con sabores creativos, puede encontrarlos en la secci\u00f3n <strong><a href=\"https:\/\/www.kurzvape.de\/es\/\">Tienda especializada en vapeo KurzVape<\/a><\/strong> una variada y cuidada selecci\u00f3n de productos para todos los gustos. Encontrar\u00e1 un resumen completo de todos los modelos disponibles de esta marca en la secci\u00f3n <strong><a href=\"https:\/\/www.kurzvape.de\/es\/product-category\/vozol-vape\/\">Ver toda la gama de la marca VOZOL<\/a><\/strong> - claramente estructurada y siempre actualizada. Todos los sabores y versiones de esta gama -incluida la Goma de Mel\u00f3n- est\u00e1n disponibles en el <strong><a href=\"https:\/\/www.kurzvape.de\/es\/product-category\/vozol-vape\/vozol-gear-icesweet-50k\/\">Explora el mundo de sabores de Gear Ice&amp;Sweet 50K<\/a><\/strong> y pueden compararse de un vistazo.<\/p>","protected":false},"excerpt":{"rendered":"<p>El Vozol Gear Ice&amp;Sweet 50K Melon Gum es un cigarrillo electr\u00f3nico desechable con un juguet\u00f3n sabor a chicle de mel\u00f3n, hasta 50.000 caladas, triple bobina de malla, 4 niveles de fr\u00edo, 2 niveles de dulzor y flujo de aire ajustable - afrutado, dulce y poco convencional.<\/p>","protected":false},"featured_media":2354,"comment_status":"open","ping_status":"closed","template":"","meta":{"_acf_changed":false},"product_brand":[],"product_cat":[37],"product_tag":[],"class_list":{"0":"post-2353","1":"product","2":"type-product","3":"status-publish","4":"has-post-thumbnail","6":"product_cat-vozol-gear-icesweet-50k","8":"first","9":"instock","10":"sale","11":"shipping-taxable","12":"purchasable","13":"product-type-variable"},"acf":[],"_links":{"self":[{"href":"https:\/\/www.kurzvape.de\/es\/wp-json\/wp\/v2\/product\/2353","targetHints":{"allow":["GET"]}}],"collection":[{"href":"https:\/\/www.kurzvape.de\/es\/wp-json\/wp\/v2\/product"}],"about":[{"href":"https:\/\/www.kurzvape.de\/es\/wp-json\/wp\/v2\/types\/product"}],"replies":[{"embeddable":true,"href":"https:\/\/www.kurzvape.de\/es\/wp-json\/wp\/v2\/comments?post=2353"}],"wp:featuredmedia":[{"embeddable":true,"href":"https:\/\/www.kurzvape.de\/es\/wp-json\/wp\/v2\/media\/2354"}],"wp:attachment":[{"href":"https:\/\/www.kurzvape.de\/es\/wp-json\/wp\/v2\/media?parent=2353"}],"wp:term":[{"taxonomy":"product_brand","embeddable":true,"href":"https:\/\/www.kurzvape.de\/es\/wp-json\/wp\/v2\/product_brand?post=2353"},{"taxonomy":"product_cat","embeddable":true,"href":"https:\/\/www.kurzvape.de\/es\/wp-json\/wp\/v2\/product_cat?post=2353"},{"taxonomy":"product_tag","embeddable":true,"href":"https:\/\/www.kurzvape.de\/es\/wp-json\/wp\/v2\/product_tag?post=2353"}],"curies":[{"name":"wp","href":"https:\/\/api.w.org\/{rel}","templated":true}]}}