{"id":2378,"date":"2026-04-06T10:33:43","date_gmt":"2026-04-06T02:33:43","guid":{"rendered":"https:\/\/www.kurzvape.de\/?post_type=product&#038;p=2378"},"modified":"2026-04-06T10:33:43","modified_gmt":"2026-04-06T02:33:43","slug":"vozol-gear-icesweet-50k-cherry-cola","status":"publish","type":"product","link":"https:\/\/www.kurzvape.de\/es\/product\/vozol-gear-icesweet-50k-cherry-cola\/","title":{"rendered":"Vozol Gear Ice&amp;Sweet 50K Cherry Cola"},"content":{"rendered":"<h2><strong>Vapeador Desechable Vozol Gear Ice&amp;Sweet 50K Cherry Cola<\/strong><\/h2>\n<p>En <strong>Vozol Gear Ice&amp;Sweet 50K Cherry Cola<\/strong> aporta un sabor cl\u00e1sico e intemporal al mundo del vapeo: el dulzor con cuerpo y ligeramente \u00e1cido de las cerezas negras se combina con el inconfundible y chispeante car\u00e1cter de la cola para crear una experiencia de sabor que evoca inmediatamente la nostalgia y el buen humor. Con cuerpo, vivo y con un final largo, arom\u00e1tico y dulce, este dispositivo es la elecci\u00f3n ideal para cualquiera que quiera disfrutar de su experiencia de vapeo con un toque de encanto retro y un inconfundible estilo de bebida.<\/p>\n<h2><strong>Modo dual, triple malla y pantalla inteligente: el encanto retro se une a la tecnolog\u00eda de vanguardia<\/strong><\/h2>\n<p>En <strong>Vozol Gear Ice&amp;Sweet 50K Cherry Cola<\/strong> se basa en un potente sistema de modo dual con dos perfiles de funcionamiento claramente definidos: El modo Normal proporciona hasta 50.000 caladas con un rendimiento constante y fiable, perfecto para sesiones prolongadas de disfrute constante de la cola de cereza. Si quieres experimentar el ic\u00f3nico sabor de la cereza cola en toda su intensidad, cambia al modo Surge: vapor notablemente m\u00e1s intenso, perfil de sabor m\u00e1s expresivo, con una autonom\u00eda total de unas 35.000 caladas. Ambos modos se pueden cambiar sin esfuerzo y en cualquier momento.<\/p>\n<p>La S.i.L.C. Tech Triple Mesh Coil integrada constituye la base t\u00e9cnica para una alta calidad de vapor constante. Tres elementos calefactores coordinados con precisi\u00f3n garantizan una distribuci\u00f3n uniforme y sin fisuras del calor: el resultado es un vapor limpio y con cuerpo que reproduce con autenticidad la caracter\u00edstica combinaci\u00f3n de cereza y cola en todas sus facetas, sin notas quemadas.<\/p>\n<p>El control individual del sabor hace que la experiencia Cherry Cola sea a\u00fan m\u00e1s personal: cuatro niveles de fr\u00edo y dos grados de dulzor pueden combinarse como se desee mediante el panel de control integrado. Tanto si se trata de un sutil acento de frescor que acent\u00faa el car\u00e1cter espumoso de la cola como de un pronunciado nivel de dulzor que resalta las notas de cereza, el aparato responde con precisi\u00f3n a sus preferencias.<\/p>\n<p>La pantalla curvada 3D Smart Display proporciona informaci\u00f3n fiable en tiempo real sobre el estado de la bater\u00eda y la cantidad de l\u00edquido restante, de forma transparente y precisa en todo momento. Esto significa que siempre tendr\u00e1s el control total, incluso durante sesiones largas, y sabr\u00e1s exactamente cu\u00e1ndo es la pr\u00f3xima carga.<\/p>\n<h2><strong>Control del flujo de aire: MTL o RDL - sensaci\u00f3n cherry-cola seg\u00fan tu ritmo<\/strong><\/h2>\n<p>El sistema de flujo de aire ajustable del <strong>Vozol Gear Ice&amp;Sweet 50K Cherry Cola<\/strong> permite dos perfiles de tensi\u00f3n fundamentalmente diferentes:<\/p>\n<ul>\n<li><strong>MTL (boca a pulm\u00f3n):<\/strong> Tirada estrecha y acentuada por la resistencia: familiar y c\u00f3moda para cualquiera que quiera pasar de fumar a vapear.<\/li>\n<li><strong>RDL (Restricted Direct-Lung):<\/strong> Flujo de aire m\u00e1s abierto con m\u00e1s volumen de vapor - para todos aquellos que quieran disfrutar del caracter\u00edstico sabor a cereza cola en nubes densas y completas.<\/li>\n<\/ul>\n<p>Esta flexibilidad hace que el dispositivo sea la elecci\u00f3n ideal tanto para principiantes como para vapeadores experimentados.<\/p>\n<h2><strong>Vozol Gear Ice&amp;Sweet 50K Cherry Cola - Datos t\u00e9cnicos<\/strong><\/h2>\n<ul>\n<li><strong>N\u00famero de movimientos (modo normal):<\/strong> Hasta 50.000 trenes<\/li>\n<li><strong>N\u00famero de movimientos (modo sobretensi\u00f3n):<\/strong> Hasta 35.000 trenes<\/li>\n<li><strong>Capacidad de la bater\u00eda:<\/strong> 1.100 mAh<\/li>\n<li><strong>Conexi\u00f3n de carga:<\/strong> USB Tipo-C<\/li>\n<li><strong>Potencia de nicotina:<\/strong> 50 mg (5 % sal de nicotina)<\/li>\n<li><strong>Tecnolog\u00eda de bobinas:<\/strong> Triple malla S.i.L.C. Tech<\/li>\n<li><strong>Flujo de aire:<\/strong> Ajustable (MTL y RDL)<\/li>\n<li><strong>Pantalla:<\/strong> Pantalla inteligente curvada 3D<\/li>\n<li><strong>Niveles de refrigeraci\u00f3n:<\/strong> 4 niveles<\/li>\n<li><strong>Nivel de dulzor:<\/strong> 2 niveles<\/li>\n<\/ul>\n<h2><strong>Preguntas m\u00e1s frecuentes<\/strong><\/h2>\n<p><strong>\u00bfCu\u00e1l es la diferencia entre el modo normal y el de sobrecarga en la Cherry Cola?<\/strong><\/p>\n<p>El modo normal ofrece hasta 50.000 caladas con un rendimiento constante y uniforme. El modo Surge prioriza la intensidad -m\u00e1s volumen de vapor, mayor sabor a cereza- con una autonom\u00eda total de 35.000 caladas aproximadamente.<\/p>\n<p><strong>\u00bfSe puede rellenar el l\u00edquido?<\/strong><\/p>\n<p>No. El <strong>Vozol Gear Ice&amp;Sweet 50K Cherry Cola<\/strong> es un producto desechable sin opci\u00f3n de recarga. La conexi\u00f3n USB-C solo se utiliza para cargar la bater\u00eda. El dispositivo debe desecharse de forma respetuosa con el medio ambiente una vez que se haya utilizado por completo.<\/p>\n<p><strong>\u00bfC\u00f3mo se puede personalizar el fr\u00edo y el dulzor?<\/strong><\/p>\n<p>Directamente en el aparato a trav\u00e9s del panel de control integrado: se pueden combinar libremente cuatro niveles de refrigeraci\u00f3n y dos niveles de dulzor sin necesidad de una aplicaci\u00f3n o accesorios externos.<\/p>\n<p><strong>\u00bfPara qui\u00e9n es especialmente adecuada Cherry Cola?<\/strong><\/p>\n<p>El caracter\u00edstico sabor a cereza-cola y el cambio flexible MTL\/RDL atraen a un amplio p\u00fablico, especialmente recomendado para cualquiera que busque perfiles de sabor cl\u00e1sicos y nost\u00e1lgicos con un car\u00e1cter de bebida inconfundible en un dispositivo desechable de alta calidad.<\/p>\n<h3><strong>Experimente la sensaci\u00f3n retro y descubra m\u00e1s<\/strong><\/h3>\n<p>Si desea descubrir otros vaporizadores desechables inusuales con perfiles de sabor distintivos adem\u00e1s del Cherry Cola, los encontrar\u00e1 en la secci\u00f3n <strong><a href=\"https:\/\/www.kurzvape.de\/es\/\">Tienda de vapeo en l\u00ednea KurzVape<\/a><\/strong> una selecci\u00f3n de productos variada y cuidadosamente recopilada para todos los gustos y necesidades. Encontrar\u00e1 una visi\u00f3n completa y claramente organizada de todos los modelos disponibles de esta marca en la p\u00e1gina <strong><a href=\"https:\/\/www.kurzvape.de\/es\/product-category\/vozol-vape\/\">Buscar en toda la gama VOZOL<\/a><\/strong> - estructurada y totalmente catalogada. Todos los sabores y versiones disponibles de esta serie -incluida la Cherry Cola- figuran en la secci\u00f3n <strong><a href=\"https:\/\/www.kurzvape.de\/es\/product-category\/vozol-vape\/vozol-gear-icesweet-50k\/\">Ice&amp;Sweet 50K Explore la variedad de sabores<\/a><\/strong> y directamente comparables.<\/p>","protected":false},"excerpt":{"rendered":"<p>El Vozol Gear Ice&amp;Sweet 50K Cherry Cola es un cigarrillo electr\u00f3nico desechable con el cl\u00e1sico sabor a cereza cola, hasta 50.000 caladas, triple bobina de malla, 4 niveles de fr\u00edo, 2 niveles de dulzor y flujo de aire ajustable - nost\u00e1lgico, con cuerpo e irresistible.<\/p>","protected":false},"featured_media":2379,"comment_status":"open","ping_status":"closed","template":"","meta":{"_acf_changed":false},"product_brand":[],"product_cat":[37],"product_tag":[],"class_list":{"0":"post-2378","1":"product","2":"type-product","3":"status-publish","4":"has-post-thumbnail","6":"product_cat-vozol-gear-icesweet-50k","8":"first","9":"instock","10":"sale","11":"shipping-taxable","12":"purchasable","13":"product-type-variable"},"acf":[],"_links":{"self":[{"href":"https:\/\/www.kurzvape.de\/es\/wp-json\/wp\/v2\/product\/2378","targetHints":{"allow":["GET"]}}],"collection":[{"href":"https:\/\/www.kurzvape.de\/es\/wp-json\/wp\/v2\/product"}],"about":[{"href":"https:\/\/www.kurzvape.de\/es\/wp-json\/wp\/v2\/types\/product"}],"replies":[{"embeddable":true,"href":"https:\/\/www.kurzvape.de\/es\/wp-json\/wp\/v2\/comments?post=2378"}],"wp:featuredmedia":[{"embeddable":true,"href":"https:\/\/www.kurzvape.de\/es\/wp-json\/wp\/v2\/media\/2379"}],"wp:attachment":[{"href":"https:\/\/www.kurzvape.de\/es\/wp-json\/wp\/v2\/media?parent=2378"}],"wp:term":[{"taxonomy":"product_brand","embeddable":true,"href":"https:\/\/www.kurzvape.de\/es\/wp-json\/wp\/v2\/product_brand?post=2378"},{"taxonomy":"product_cat","embeddable":true,"href":"https:\/\/www.kurzvape.de\/es\/wp-json\/wp\/v2\/product_cat?post=2378"},{"taxonomy":"product_tag","embeddable":true,"href":"https:\/\/www.kurzvape.de\/es\/wp-json\/wp\/v2\/product_tag?post=2378"}],"curies":[{"name":"wp","href":"https:\/\/api.w.org\/{rel}","templated":true}]}}