{"id":2483,"date":"2026-04-07T23:28:41","date_gmt":"2026-04-07T15:28:41","guid":{"rendered":"https:\/\/www.kurzvape.de\/?post_type=product&#038;p=2483"},"modified":"2026-04-07T23:28:41","modified_gmt":"2026-04-07T15:28:41","slug":"waspe-aiviou-40000-strawberry-watermelon-bubblegum-mixed-fruit","status":"publish","type":"product","link":"https:\/\/www.kurzvape.de\/es\/product\/waspe-aiviou-40000-strawberry-watermelon-bubblegum-mixed-fruit\/","title":{"rendered":"WASPE AIVIOU 40000 Sand\u00eda Fresa Chicle y Fruta Mixta"},"content":{"rendered":"<hr \/>\n<h2><strong>WASPE AIVIOU 40000 Fresa Sand\u00eda Chicle y Fruta Mixta - Vapeador Desechable<\/strong><\/h2>\n<p>El WASPE AIVIOU 40000 Chicle de Fresa y Sand\u00eda &amp; Frutas Mixtas es un aut\u00e9ntico fest\u00edn de sabores para todos aquellos que buscan algo especial. El sabor Sand\u00eda Fresa Chicle combina tres caracteres inconfundibles para crear un conjunto armonioso: La dulzura afrutada de las fresas maduras se une al sabor jugoso y ligero de la sand\u00eda, mientras que una nota juguetona y suave de chicle redondea el tr\u00edo con un final nost\u00e1lgico: fresco, dulce e irresistible. Por otro lado, el lado de mezcla de frutas del dispositivo despliega una colorida variedad: una animada composici\u00f3n de diferentes frutas se alterna armoniosamente y garantiza una experiencia de vapeo variada que nunca se vuelve mon\u00f3tona.<\/p>\n<h2><strong>Equipamiento t\u00e9cnico y concepto de dispositivo<\/strong><\/h2>\n<p>La base t\u00e9cnica del WASPE AIVIOU 40000 Strawberry Watermelon Bubblegum &amp; Mixed Fruit est\u00e1 formada por dos bobinas de malla de funcionamiento independiente, cada una con una resistencia de 0,9 ohmios. Gracias a su estructura plana, el dise\u00f1o de malla garantiza una distribuci\u00f3n uniforme del calor, que vaporiza el e-l\u00edquido de forma suave y completa. Por lo tanto, el sobrecalentamiento puntual es cosa del pasado - en su lugar, el dispositivo proporciona un vapor puro y sabroso de principio a fin. El cambio entre los dos mundos de sabores es intuitivo y sin esfuerzo gracias al dise\u00f1o de doble bobina.<\/p>\n<p>Una bater\u00eda de iones de litio de 850 mAh constituye la base energ\u00e9tica del aparato. Est\u00e1 adaptada con precisi\u00f3n al sistema de calefacci\u00f3n de 0,9 \u03a9, suministra energ\u00eda constante durante toda la vida \u00fatil y encaja perfectamente en la pr\u00e1ctica carcasa gracias a su dise\u00f1o compacto. El dispositivo se carga a trav\u00e9s de una toma USB Type-C, preparada para el futuro, ampliamente utilizada y compatible con la mayor\u00eda de fuentes de alimentaci\u00f3n y bancos de energ\u00eda actuales.<\/p>\n<p>El dep\u00f3sito interno de e-l\u00edquido tiene una capacidad generosa de 36 ml, lo que convierte al WASPE AIVIOU 40000 Strawberry Watermelon Bubblegum &amp; Mixed Fruit en un compa\u00f1ero duradero para el uso diario. La pantalla LED integrada permite al usuario tener una visi\u00f3n general en todo momento: La capacidad de la bater\u00eda y el nivel de llenado se muestran en tiempo real, de forma clara, precisa y sin conjeturas.<\/p>\n<h2><strong>Par\u00e1metros t\u00e9cnicos<\/strong><\/h2>\n<ul>\n<li><strong>Capacidad m\u00e1xima de remolque:<\/strong> Hasta 40.000 trenes (probado en m\u00e1quina)<\/li>\n<li><strong>Volumen del dep\u00f3sito:<\/strong> 36 mililitros (36 ml)<\/li>\n<li><strong>Capacidad de la bater\u00eda:<\/strong> Bater\u00eda recargable de iones de litio de 850 mAh<\/li>\n<li><strong>Sistema de calefacci\u00f3n:<\/strong> Bobinas de doble malla (0,9 \u03a9 + 0,9 \u03a9)<\/li>\n<li><strong>Potencias de nicotina:<\/strong> 0 %, 2 %, 5 % Concentraci\u00f3n de sustancia activa<\/li>\n<li><strong>Pantalla:<\/strong> LED integrado (indicador de bater\u00eda e indicador de nivel de llenado)<\/li>\n<li><strong>Salida de carga:<\/strong> USB Tipo-C<\/li>\n<li><strong>Peso del dispositivo:<\/strong> 120 gramos (peso neto por unidad)<\/li>\n<\/ul>\n<h2><strong>\u00bfPor qu\u00e9 vapear en corto?<\/strong><\/h2>\n<p>En kurzvape, todo gira en torno a la calidad, la elecci\u00f3n y la satisfacci\u00f3n del cliente. La gama combina cl\u00e1sicos probados y nuevos productos innovadores del mundo de los vapeadores desechables, claramente organizados, fiables y a precios justos. Ya sea un vapeador ocasional o un vapeador experimentado: kurzvape ofrece la soluci\u00f3n adecuada para todos y est\u00e1 a su disposici\u00f3n con entrega r\u00e1pida y asesoramiento experto.<\/p>\n<h2><strong>Inf\u00f3rmese ahora y haga su pedido inmediatamente<\/strong><\/h2>\n<p>Navegue por una amplia gama de productos de vapeo cuidadosamente seleccionados y encuentre el que mejor se adapte a sus gustos. <strong><a href=\"https:\/\/www.kurzvape.de\/es\/\">Directamente en la tienda kurzvape - su puerto de escala en l\u00ednea para vapes desechables de primera clase.<\/a><\/strong>. Una exclusiva selecci\u00f3n de dispositivos de uno de los fabricantes de vapeadores m\u00e1s conocidos del mundo le espera en <strong><a href=\"https:\/\/www.kurzvape.de\/es\/product-category\/waspe-vape\/\">el mundo tem\u00e1tico WASPE en kurzvape - calidad que convence<\/a><\/strong>. Todos los sabores y versiones t\u00e9cnicas de este dispositivo de gran capacidad -incluido el WASPE AIVIOU 40000 Strawberry Watermelon Bubblegum &amp; Mixed Fruit- se pueden encontrar agrupados en <strong><a href=\"https:\/\/www.kurzvape.de\/es\/product-category\/waspe-vape\/waspe-aiviou-40000\/\">la gama completa de modelos del WASPE AIVIOU 40000 - compare ahora todos los sabores<\/a><\/strong>.<\/p>","protected":false},"excerpt":{"rendered":"<p>El WASPE AIVIOU 40000 Strawberry Watermelon Bubblegum &amp; Mixed Fruit ofrece una experiencia de vapeo vers\u00e1til. Las bobinas de malla dobles proporcionan un sabor intenso, mientras que 36 ml de l\u00edquido y hasta 40.000 caladas ofrecen un disfrute duradero. Con pantalla LED y recargable por USB-C.<\/p>","protected":false},"featured_media":2486,"comment_status":"open","ping_status":"closed","template":"","meta":{"_acf_changed":false},"product_brand":[],"product_cat":[39],"product_tag":[],"class_list":{"0":"post-2483","1":"product","2":"type-product","3":"status-publish","4":"has-post-thumbnail","6":"product_cat-waspe-aiviou-40000","8":"first","9":"instock","10":"sale","11":"shipping-taxable","12":"purchasable","13":"product-type-variable"},"acf":[],"_links":{"self":[{"href":"https:\/\/www.kurzvape.de\/es\/wp-json\/wp\/v2\/product\/2483","targetHints":{"allow":["GET"]}}],"collection":[{"href":"https:\/\/www.kurzvape.de\/es\/wp-json\/wp\/v2\/product"}],"about":[{"href":"https:\/\/www.kurzvape.de\/es\/wp-json\/wp\/v2\/types\/product"}],"replies":[{"embeddable":true,"href":"https:\/\/www.kurzvape.de\/es\/wp-json\/wp\/v2\/comments?post=2483"}],"wp:featuredmedia":[{"embeddable":true,"href":"https:\/\/www.kurzvape.de\/es\/wp-json\/wp\/v2\/media\/2486"}],"wp:attachment":[{"href":"https:\/\/www.kurzvape.de\/es\/wp-json\/wp\/v2\/media?parent=2483"}],"wp:term":[{"taxonomy":"product_brand","embeddable":true,"href":"https:\/\/www.kurzvape.de\/es\/wp-json\/wp\/v2\/product_brand?post=2483"},{"taxonomy":"product_cat","embeddable":true,"href":"https:\/\/www.kurzvape.de\/es\/wp-json\/wp\/v2\/product_cat?post=2483"},{"taxonomy":"product_tag","embeddable":true,"href":"https:\/\/www.kurzvape.de\/es\/wp-json\/wp\/v2\/product_tag?post=2483"}],"curies":[{"name":"wp","href":"https:\/\/api.w.org\/{rel}","templated":true}]}}