{"id":2492,"date":"2026-04-08T21:03:03","date_gmt":"2026-04-08T13:03:03","guid":{"rendered":"https:\/\/www.kurzvape.de\/?post_type=product&#038;p=2492"},"modified":"2026-04-08T21:03:03","modified_gmt":"2026-04-08T13:03:03","slug":"waspe-aiviou-40000-cherry-cola-ice-strawberry-raspberry-candy","status":"publish","type":"product","link":"https:\/\/www.kurzvape.de\/es\/product\/waspe-aiviou-40000-cherry-cola-ice-strawberry-raspberry-candy\/","title":{"rendered":"WASPE AIVIOU 40000 Helado de cereza y caramelo de fresa y frambuesa"},"content":{"rendered":"<h2><strong>WASPE AIVIOU 40000 Cherry Cola Ice &amp; Strawberry Raspberry Candy - Vapeador desechable<\/strong><\/h2>\n<p>El WASPE AIVIOU 40000 Cherry Cola Ice &amp; Strawberry Raspberry Candy combina dos sabores irresistibles en un \u00fanico y potente dispositivo. El sabor Cherry Cola Ice despliega el car\u00e1cter familiar y con cuerpo de las cerezas maduras, que se transforma en una experiencia inolvidable gracias a las cosquilleantes notas de cola y a un frescor mentolado helado: como una bebida de culto helada en un caluroso d\u00eda de verano que convierte cada calada en algo especial. El sabor Fresa Frambuesa Caramelo, por su parte, deleita con una juguetona combinaci\u00f3n de confiter\u00eda: la jugosa fresa completamente madura se encuentra con la frescura ligeramente \u00e1cida de la frambuesa, redondeada con una nota de caramelo azucarado: afrutado, colorido e irresistiblemente tentador.<\/p>\n<h2><strong>Equipamiento t\u00e9cnico y concepto de dispositivo<\/strong><\/h2>\n<p>En el coraz\u00f3n t\u00e9cnico del dispositivo se encuentran dos resistencias de malla de alta calidad, cada una con una resistencia de 0,9 ohmios. En comparaci\u00f3n con los sistemas de bobina convencionales, los vaporizadores de malla ofrecen una distribuci\u00f3n m\u00e1s uniforme del calor gracias a su superficie de calentamiento significativamente mayor: el e-l\u00edquido se vaporiza de forma suave y precisa, se evita el sobrecalentamiento de forma fiable y el perfil de sabor se mantiene a un nivel constante desde la primera hasta la \u00faltima calada. Gracias a la disposici\u00f3n de doble bobina, tambi\u00e9n es f\u00e1cil cambiar entre los dos sabores. El WASPE AIVIOU 40000 Cherry Cola Ice &amp; Strawberry Raspberry Candy impresiona tanto a nivel t\u00e9cnico como de sabor.<\/p>\n<p>La bater\u00eda de iones de litio de 850 mAh integrada de forma permanente est\u00e1 adaptada con precisi\u00f3n al sistema de 0,9 \u03a9 y garantiza una larga vida \u00fatil en un formato delgado y manejable. El dispositivo se carga r\u00e1pida y f\u00e1cilmente a trav\u00e9s del moderno puerto USB Type-C, compatible con casi todos los cargadores y cables est\u00e1ndar.<\/p>\n<p>El generoso dep\u00f3sito de e-l\u00edquido ofrece una capacidad de 36 ml y abastece as\u00ed al usuario durante un periodo de tiempo excepcionalmente largo. La pantalla LED integrada muestra tanto el estado actual de la bater\u00eda como el nivel de llenado restante en tiempo real: una gu\u00eda pr\u00e1ctica para el uso diario que puede consultarse en cualquier momento.<\/p>\n<h2><strong>WASPE AIVIOU 40000 Cherry Cola Ice &amp; Strawberry Raspberry Candy Par\u00e1metros t\u00e9cnicos<\/strong><\/h2>\n<ul>\n<li class=\"whitespace-normal break-words pl-2\"><strong>Capacidad m\u00e1xima de remolque:<\/strong> Hasta 40.000 trenes (probado en m\u00e1quina)<\/li>\n<li class=\"whitespace-normal break-words pl-2\"><strong>Volumen del dep\u00f3sito:<\/strong> 36 mililitros (36 ml)<\/li>\n<li class=\"whitespace-normal break-words pl-2\"><strong>Capacidad de la bater\u00eda:<\/strong> Bater\u00eda recargable de iones de litio de 850 mAh<\/li>\n<li class=\"whitespace-normal break-words pl-2\"><strong>Sistema de calefacci\u00f3n:<\/strong> Bobinas de doble malla (0,9 \u03a9 + 0,9 \u03a9)<\/li>\n<li class=\"whitespace-normal break-words pl-2\"><strong>Potencias de nicotina:<\/strong> 0 %, 2 %, 5 % Concentraci\u00f3n de sustancia activa<\/li>\n<li class=\"whitespace-normal break-words pl-2\"><strong>Pantalla:<\/strong> LED integrado (indicador de bater\u00eda e indicador de nivel de llenado)<\/li>\n<li class=\"whitespace-normal break-words pl-2\"><strong>Salida de carga:<\/strong> USB Tipo-C<\/li>\n<li class=\"whitespace-normal break-words pl-2\"><strong>Peso del dispositivo:<\/strong> 120 gramos (peso neto por unidad)<\/li>\n<\/ul>\n<h2><strong>\u00bfPor qu\u00e9 vapear en corto?<\/strong><\/h2>\n<p>kurzvape es sin\u00f3nimo de vapeadores desechables cuidadosamente seleccionados de la m\u00e1s alta calidad, con una amplia gama para compradores particulares y para clientes comerciales. Ya sea como un nuevo descubrimiento o como un compa\u00f1ero probado: la calidad, la selecci\u00f3n y la satisfacci\u00f3n del cliente son siempre nuestra m\u00e1xima prioridad.<\/p>\n<h3><strong>M\u00e1s informaci\u00f3n en kurzvape<\/strong><\/h3>\n<p>Si desea m\u00e1s informaci\u00f3n, puede visitar <strong><a class=\"underline underline underline-offset-2 decoration-1 decoration-current\/40 hover:decoration-current focus:decoration-current\" href=\"https:\/\/www.kurzvape.de\/es\/\">eche un vistazo a nuestra p\u00e1gina de inicio<\/a><\/strong>. Todos los productos de la marca son tambi\u00e9n <strong><a class=\"underline underline underline-offset-2 decoration-1 decoration-current\/40 hover:decoration-current focus:decoration-current\" href=\"https:\/\/www.kurzvape.de\/es\/product-category\/waspe-vape\/\">recogidos en la categor\u00eda WASPE Vape<\/a><\/strong>. La descripci\u00f3n completa de esta serie de dispositivos est\u00e1 disponible en <strong><a class=\"underline underline underline-offset-2 decoration-1 decoration-current\/40 hover:decoration-current focus:decoration-current\" href=\"https:\/\/www.kurzvape.de\/es\/product-category\/waspe-vape\/waspe-aiviou-40000\/\">directamente con los modelos AIVIOU 40000<\/a><\/strong>.<\/p>","protected":false},"excerpt":{"rendered":"<p>El WASPE AIVIOU 40000 Cherry Cola Ice &amp; Strawberry Raspberry Candy en un solo dispositivo. Con dep\u00f3sito de 36 ml, bater\u00eda de 850 mAh, doble bobina de malla y hasta 40.000 caladas - incluye pantalla LED y puerto de carga USB-C. Disponible en 0 %, 2 % y 5 % de nicotina.<\/p>","protected":false},"featured_media":2495,"comment_status":"open","ping_status":"closed","template":"","meta":{"_acf_changed":false},"product_brand":[],"product_cat":[39],"product_tag":[],"class_list":{"0":"post-2492","1":"product","2":"type-product","3":"status-publish","4":"has-post-thumbnail","6":"product_cat-waspe-aiviou-40000","8":"first","9":"instock","10":"sale","11":"shipping-taxable","12":"purchasable","13":"product-type-variable"},"acf":[],"_links":{"self":[{"href":"https:\/\/www.kurzvape.de\/es\/wp-json\/wp\/v2\/product\/2492","targetHints":{"allow":["GET"]}}],"collection":[{"href":"https:\/\/www.kurzvape.de\/es\/wp-json\/wp\/v2\/product"}],"about":[{"href":"https:\/\/www.kurzvape.de\/es\/wp-json\/wp\/v2\/types\/product"}],"replies":[{"embeddable":true,"href":"https:\/\/www.kurzvape.de\/es\/wp-json\/wp\/v2\/comments?post=2492"}],"wp:featuredmedia":[{"embeddable":true,"href":"https:\/\/www.kurzvape.de\/es\/wp-json\/wp\/v2\/media\/2495"}],"wp:attachment":[{"href":"https:\/\/www.kurzvape.de\/es\/wp-json\/wp\/v2\/media?parent=2492"}],"wp:term":[{"taxonomy":"product_brand","embeddable":true,"href":"https:\/\/www.kurzvape.de\/es\/wp-json\/wp\/v2\/product_brand?post=2492"},{"taxonomy":"product_cat","embeddable":true,"href":"https:\/\/www.kurzvape.de\/es\/wp-json\/wp\/v2\/product_cat?post=2492"},{"taxonomy":"product_tag","embeddable":true,"href":"https:\/\/www.kurzvape.de\/es\/wp-json\/wp\/v2\/product_tag?post=2492"}],"curies":[{"name":"wp","href":"https:\/\/api.w.org\/{rel}","templated":true}]}}