{"id":2871,"date":"2026-04-14T22:44:15","date_gmt":"2026-04-14T14:44:15","guid":{"rendered":"https:\/\/www.kurzvape.de\/?post_type=product&#038;p=2871"},"modified":"2026-04-14T22:44:15","modified_gmt":"2026-04-14T14:44:15","slug":"waspe-4-in-1-100k-mixed-berries-double-apple-ice-blueberry-raspberry-blueberry-honey","status":"publish","type":"product","link":"https:\/\/www.kurzvape.de\/es\/product\/waspe-4-in-1-100k-mixed-berries-double-apple-ice-blueberry-raspberry-blueberry-honey\/","title":{"rendered":"WASPE 4 en 1 100K Mezcla de frutas del bosque &amp; Doble manzana helada &amp; Frambuesa ar\u00e1ndano &amp; Miel ar\u00e1ndano"},"content":{"rendered":"<h2><strong>WASPE 4 en 1 100K Mixed Berries &amp; Double Apple Ice &amp; Blueberry Raspberry &amp; Blueberry Honey Vape Desechable<\/strong><\/h2>\n<p>Sum\u00e9rgete en el mundo de sabores del WASPE 4 en 1 100K Mixed Berries &amp; Double Apple Ice &amp; Blueberry Raspberry &amp; Blueberry Honey - un dispositivo desechable de primera clase que combina cuatro perfiles de sabor cuidadosamente equilibrados en un \u00fanico dispositivo compacto. Con tecnolog\u00eda de vaporizador de malla de \u00faltima generaci\u00f3n, un sistema inteligente de cambio de sabor y una impresionante capacidad total, este vapeador establece nuevos est\u00e1ndares. Ya sea una r\u00e1faga de bayas afrutadas, frescor de manzana, \u00e1cido ar\u00e1ndano-frambuesa o una suave armon\u00eda de ar\u00e1ndano-miel, este dispositivo ofrece el sabor adecuado para cada estado de \u00e1nimo.<\/p>\n<h2><strong>Un perfil de sabores para todos los gustos<\/strong><\/h2>\n<p><strong>Mezcla de bayas:<\/strong> Una suntuosa interacci\u00f3n de diferentes bayas maduras -frambuesa, mora, grosella y fresa- se combinan para crear una variedad con cuerpo, afrutada y dulce que deleita con cada calada.<\/p>\n<p><strong>Doble manzana helada:<\/strong> Manzana verde y roja se encuentran y se acompa\u00f1an de un toque fresco de mentol - fresco, crujiente y refrescante con un postgusto largo y limpio.<\/p>\n<p><strong>Ar\u00e1ndano Frambuesa:<\/strong> El jugoso ar\u00e1ndano se une a la \u00e1cida frambuesa: una animada combinaci\u00f3n de bayas con un dulzor natural y un final ligeramente \u00e1cido y afrutado.<\/p>\n<p><strong>Miel de ar\u00e1ndano:<\/strong> El ar\u00e1ndano maduro se mezcla con la miel dorada y c\u00e1lida, una fusi\u00f3n de sabores suave y redonda que desarrolla una profundidad \u00fanica con su dulce nota floral.<\/p>\n<h2><strong>WASPE 4 en 1 100K Mezcla de frutas del bosque &amp; Doble manzana helada &amp; Frambuesa con ar\u00e1ndanos &amp; Miel con ar\u00e1ndanos - Datos t\u00e9cnicos<\/strong><\/h2>\n<ul>\n<li>Bater\u00eda: bater\u00eda recargable de iones de litio de 650 mAh<\/li>\n<li>Vaporizador: 1,0 \u03a9 \u00d7 4 bobinas de malla independientes.<\/li>\n<li>Conexi\u00f3n de carga: protocolo de carga r\u00e1pida Type-C<\/li>\n<li>Volumen total: 56 ml (4 c\u00e1maras de 14 ml)<\/li>\n<li>Potencias de nicotina: 0 %, 2 % y 5 % disponibles<\/li>\n<li>Dimensiones: 47 \u00d7 47 \u00d7 118 mm<\/li>\n<li>Peso: 142 gramos<\/li>\n<\/ul>\n<h2><strong>Por qu\u00e9 convence el WASPE 4 en 1 100K<\/strong><\/h2>\n<ul>\n<li>100.000 caladas - Tiempo de funcionamiento insuperable en un solo dispositivo, sin cambios constantes de dispositivo.<\/li>\n<li>Capacidad de 56 ml de e-l\u00edquido - Cuatro c\u00e1maras separadas de 14 ml para cada sabor proporcionan un suministro generoso para sesiones prolongadas.<\/li>\n<li>Sabor preciso en cada calada - Cuatro bobinas independientes de malla de 1,0 ohmios garantizan un aroma intenso y consistente.<\/li>\n<li>Los 4 sabores se pueden combinar de forma flexible: cambie espont\u00e1neamente de sabor seg\u00fan su estado de \u00e1nimo.<\/li>\n<li>Carga r\u00e1pida con Type-C: la potente bater\u00eda de 650 mAh vuelve a estar lista para su uso en un abrir y cerrar de ojos.<\/li>\n<li>Pantalla LED - Muestra el contador de caladas, el estado de la bater\u00eda y el aroma activo en tiempo real.<\/li>\n<li>Adecuado para todos los vapers - Compacto, adecuado para el uso diario y dise\u00f1ado tanto para principiantes como para usuarios experimentados.<\/li>\n<\/ul>\n<h3><strong>Descubra ahora el WASPE 4 en 1 100K Mezcla de Bayas &amp; Doble Manzana Helada &amp; Frambuesa Ar\u00e1ndano &amp; Miel de Ar\u00e1ndano<\/strong><\/h3>\n<p>Si busca un desechable vers\u00e1til que combine profundidad afrutada, frescor y suave dulzor en uno, el WASPE 4 en 1 100K Mezcla de Bayas y Doble Manzana Helada y Frambuesa y Miel de Ar\u00e1ndanos es la elecci\u00f3n ideal. Descubra el <strong><a href=\"https:\/\/www.kurzvape.de\/es\/\">Amplia gama de productos de vapeo en la tienda online de Kurzvape<\/a><\/strong> y encuentre su electrodom\u00e9stico perfecto. Todos los modelos y productos de la marca figuran claramente en la <strong><a href=\"https:\/\/www.kurzvape.de\/es\/product-category\/waspe-vape\/\">Categor\u00eda de la marca WASPE Vape<\/a><\/strong> resumido. Puede descubrir la gama completa de esta serie de alto rendimiento en el <strong><a href=\"https:\/\/www.kurzvape.de\/es\/product-category\/waspe-vape\/waspe-4-in-1-100k\/\">Panorama completo de WASPE 4 en 1 100K<\/a><\/strong>.<\/p>","protected":false},"excerpt":{"rendered":"<p>El e-cigarrillo desechable WASPE 4 en 1 100K Mixed Berries &amp; Double Apple Ice &amp; Blueberry Raspberry &amp; Blueberry Honey - en un solo dispositivo. Con 100.000 caladas, 56 ml de capacidad, cuatro bobinas de malla y carga r\u00e1pida Type-C, ofrece el m\u00e1ximo disfrute y cambios de sabor flexibles a trav\u00e9s de la pantalla LED.<\/p>","protected":false},"featured_media":2874,"comment_status":"open","ping_status":"closed","template":"","meta":{"_acf_changed":false},"product_brand":[],"product_cat":[43],"product_tag":[],"class_list":{"0":"post-2871","1":"product","2":"type-product","3":"status-publish","4":"has-post-thumbnail","6":"product_cat-waspe-4-in-1-100k","8":"first","9":"instock","10":"sale","11":"shipping-taxable","12":"purchasable","13":"product-type-variable"},"acf":[],"_links":{"self":[{"href":"https:\/\/www.kurzvape.de\/es\/wp-json\/wp\/v2\/product\/2871","targetHints":{"allow":["GET"]}}],"collection":[{"href":"https:\/\/www.kurzvape.de\/es\/wp-json\/wp\/v2\/product"}],"about":[{"href":"https:\/\/www.kurzvape.de\/es\/wp-json\/wp\/v2\/types\/product"}],"replies":[{"embeddable":true,"href":"https:\/\/www.kurzvape.de\/es\/wp-json\/wp\/v2\/comments?post=2871"}],"wp:featuredmedia":[{"embeddable":true,"href":"https:\/\/www.kurzvape.de\/es\/wp-json\/wp\/v2\/media\/2874"}],"wp:attachment":[{"href":"https:\/\/www.kurzvape.de\/es\/wp-json\/wp\/v2\/media?parent=2871"}],"wp:term":[{"taxonomy":"product_brand","embeddable":true,"href":"https:\/\/www.kurzvape.de\/es\/wp-json\/wp\/v2\/product_brand?post=2871"},{"taxonomy":"product_cat","embeddable":true,"href":"https:\/\/www.kurzvape.de\/es\/wp-json\/wp\/v2\/product_cat?post=2871"},{"taxonomy":"product_tag","embeddable":true,"href":"https:\/\/www.kurzvape.de\/es\/wp-json\/wp\/v2\/product_tag?post=2871"}],"curies":[{"name":"wp","href":"https:\/\/api.w.org\/{rel}","templated":true}]}}